{"id":16653,"date":"2022-03-28T10:08:41","date_gmt":"2022-03-28T08:08:41","guid":{"rendered":"https:\/\/www.allinclusivehotels.it\/haustierfreundliche-hotels"},"modified":"2022-06-30T15:37:57","modified_gmt":"2022-06-30T13:37:57","slug":"haustierfreundliche-hotels","status":"publish","type":"page","link":"https:\/\/www.allinclusivehotels.it\/de\/haustierfreundliche-hotels","title":{"rendered":"Haustierfreundliche Hotels"},"content":{"rendered":"\n<p>Es w\u00e4re an der Zeit, sich einen Urlaub zu g\u00f6nnen, a<b>ber was machen wir  dann mit unserem vierbeinigen Familienmitglied? <\/b>Mitnehmen! Kein Problem, unter den  All-Inclusive-Hotels sind auch viele, in denen Haustiere willkommen sind, und kein Hindernis, alle Freuden eines komfortablen Urlaubs zu genie\u00dfen.<\/p>\n\n\n\n<!--more-->\n\n\n\n<p>Entscheiden Sie sich f\u00fcr eine Region, f\u00fcr das Meer oder die Berge, und sehen Sie sich die passenden Angebote auf unserer Website an. Sie sind transparent; der Preis und die darin enthaltenen Leistungen sind aufgef\u00fchrt, f\u00fcr einen Urlaub ohne unangenehme \u00dcberraschungen.<\/p>\n\n\n\n<p>Sie haben die Wahl unter zahlreichen <b>3- und 4-Sterne-Hotels,<\/b> die dem Konsortium All-Inclusive-Hotels angeh\u00f6ren. Wenn Sie Ihren Hund, die Katze oder das Streifenh\u00f6rnchen mitbringen wollen, brauchen Sie das nur in Ihrer Anfrage anzugeben. Das Hotel wird Ihne<b>n ein Paketangebot unterbreiten, das speziell f\u00fcr Urlauber mit Haustieren zusammengestellt ist,<\/b> mit der M\u00f6glichkeit, Dienste auch f\u00fcr Ihr Tier auszuw\u00e4hlen.<\/p>\n\n\n\n<p>Vertrauen Sie auf die Kompetenz und Verl\u00e4sslichkeit des <b>Konsortiums All Inclusive Hotels, <\/b>um<b> <\/b>einen verdienten Urlaub zu buchen, der Ihnen und Ihrer Familie, Tiere eingeschlossen, viel Freude und Erholung bringt.<\/p>\n\n\n\n<p>Str\u00e4nde mit Zugang f\u00fcr Hunde, Gesch\u00e4fte f\u00fcr Tierbedarf, Hundefriseur, Tierarzt &#8230;   haustierfreundliche Hotels bieten vieles oder k\u00f6nnen vermittelnd weiterhelfen. Genie\u00dfen Sie die Sch\u00f6nheiten Italiens zusammen mit Ihrem Haustier. Vom herrlichen Meer des S\u00fcdens \u00fcber das Vergn\u00fcgungsangebot der Adria bis zu den wundersch\u00f6nen Gebirgsketten der Alpen; erleben Sie einen genussvollen und erholsamen Urlaub; zu Inklusiv-Preisen, die keinen Vergleich scheuen.<\/p>\n\n\n\n<p>Beginnen Sie jetzt mit der Planung und freuen Sie sich schon auf einen wohltuenden Wellness-Aufenthalt, wein-kulinarische Erlebnisse, Meer und Sonne, faszinierende Landschaften &#8230;  mit unseren All-Inclusive-Angeboten sind Sie sicher vor unerfreulichen \u00dcberraschungen!<\/p>\n","protected":false},"excerpt":{"rendered":"<p>Es w\u00e4re an der Zeit, sich einen Urlaub zu g\u00f6nnen, aber was machen wir dann &hellip;<\/p>\n","protected":false},"author":1,"featured_media":0,"parent":0,"menu_order":0,"comment_status":"closed","ping_status":"closed","template":"page-templates\/scheda_servizio.php","meta":{"_acf_changed":false,"footnotes":""},"class_list":["post-16653","page","type-page","status-publish","hentry"],"acf":[],"yoast_head":"<!-- This site is optimized with the Yoast SEO plugin v27.0 - https:\/\/yoast.com\/product\/yoast-seo-wordpress\/ -->\n<title>All Inclusive haustierfreundliche Hotels und Feriend\u00f6rfer in Italien<\/title>\n<meta name=\"description\" content=\"Suchen Sie All Inclusive Hotels oder Feriend\u00f6rfer in Italien, die kleine Haustiere akzeptieren? Entdecken Sie die gr\u00f6\u00dfte Auswahl!\" \/>\n<meta name=\"robots\" content=\"index, follow, max-snippet:-1, max-image-preview:large, max-video-preview:-1\" \/>\n<link rel=\"canonical\" href=\"https:\/\/www.allinclusivehotels.it\/de\/haustierfreundliche-hotels\" \/>\n<meta property=\"og:locale\" content=\"de_DE\" \/>\n<meta property=\"og:type\" content=\"article\" \/>\n<meta property=\"og:title\" content=\"All Inclusive haustierfreundliche Hotels und Feriend\u00f6rfer in Italien\" \/>\n<meta property=\"og:description\" content=\"Suchen Sie All Inclusive Hotels oder Feriend\u00f6rfer in Italien, die kleine Haustiere akzeptieren? Entdecken Sie die gr\u00f6\u00dfte Auswahl!\" \/>\n<meta property=\"og:url\" content=\"https:\/\/www.allinclusivehotels.it\/de\/haustierfreundliche-hotels\" \/>\n<meta property=\"og:site_name\" content=\"All Inclusive Hotels\" \/>\n<meta property=\"article:modified_time\" content=\"2022-06-30T13:37:57+00:00\" \/>\n<meta name=\"twitter:card\" content=\"summary_large_image\" \/>\n<meta name=\"twitter:label1\" content=\"Gesch\u00e4tzte Lesezeit\" \/>\n\t<meta name=\"twitter:data1\" content=\"2\u00a0Minuten\" \/>\n<script type=\"application\/ld+json\" class=\"yoast-schema-graph\">{\"@context\":\"https:\/\/schema.org\",\"@graph\":[{\"@type\":\"WebPage\",\"@id\":\"https:\/\/www.allinclusivehotels.it\/de\/haustierfreundliche-hotels\",\"url\":\"https:\/\/www.allinclusivehotels.it\/de\/haustierfreundliche-hotels\",\"name\":\"All Inclusive haustierfreundliche Hotels und Feriend\u00f6rfer in Italien\",\"isPartOf\":{\"@id\":\"https:\/\/www.allinclusivehotels.it\/de#website\"},\"datePublished\":\"2022-03-28T08:08:41+00:00\",\"dateModified\":\"2022-06-30T13:37:57+00:00\",\"description\":\"Suchen Sie All Inclusive Hotels oder Feriend\u00f6rfer in Italien, die kleine Haustiere akzeptieren? Entdecken Sie die gr\u00f6\u00dfte Auswahl!\",\"breadcrumb\":{\"@id\":\"https:\/\/www.allinclusivehotels.it\/de\/haustierfreundliche-hotels#breadcrumb\"},\"inLanguage\":\"de\",\"potentialAction\":[{\"@type\":\"ReadAction\",\"target\":[\"https:\/\/www.allinclusivehotels.it\/de\/haustierfreundliche-hotels\"]}]},{\"@type\":\"BreadcrumbList\",\"@id\":\"https:\/\/www.allinclusivehotels.it\/de\/haustierfreundliche-hotels#breadcrumb\",\"itemListElement\":[{\"@type\":\"ListItem\",\"position\":1,\"name\":\"Home\",\"item\":\"https:\/\/www.allinclusivehotels.it\/de\"},{\"@type\":\"ListItem\",\"position\":2,\"name\":\"Haustierfreundliche Hotels\"}]},{\"@type\":\"WebSite\",\"@id\":\"https:\/\/www.allinclusivehotels.it\/de#website\",\"url\":\"https:\/\/www.allinclusivehotels.it\/de\",\"name\":\"All Inclusive Hotels\",\"description\":\"\",\"publisher\":{\"@id\":\"https:\/\/www.allinclusivehotels.it\/de#organization\"},\"potentialAction\":[{\"@type\":\"SearchAction\",\"target\":{\"@type\":\"EntryPoint\",\"urlTemplate\":\"https:\/\/www.allinclusivehotels.it\/de?s={search_term_string}\"},\"query-input\":{\"@type\":\"PropertyValueSpecification\",\"valueRequired\":true,\"valueName\":\"search_term_string\"}}],\"inLanguage\":\"de\"},{\"@type\":\"Organization\",\"@id\":\"https:\/\/www.allinclusivehotels.it\/de#organization\",\"name\":\"All Inclusive Hotels\",\"url\":\"https:\/\/www.allinclusivehotels.it\/de\",\"logo\":{\"@type\":\"ImageObject\",\"inLanguage\":\"de\",\"@id\":\"https:\/\/www.allinclusivehotels.it\/de#\/schema\/logo\/image\/\",\"url\":\"\",\"contentUrl\":\"\",\"caption\":\"All Inclusive Hotels\"},\"image\":{\"@id\":\"https:\/\/www.allinclusivehotels.it\/de#\/schema\/logo\/image\/\"}}]}<\/script>\n<!-- \/ Yoast SEO plugin. -->","yoast_head_json":{"title":"All Inclusive haustierfreundliche Hotels und Feriend\u00f6rfer in Italien","description":"Suchen Sie All Inclusive Hotels oder Feriend\u00f6rfer in Italien, die kleine Haustiere akzeptieren? Entdecken Sie die gr\u00f6\u00dfte Auswahl!","robots":{"index":"index","follow":"follow","max-snippet":"max-snippet:-1","max-image-preview":"max-image-preview:large","max-video-preview":"max-video-preview:-1"},"canonical":"https:\/\/www.allinclusivehotels.it\/de\/haustierfreundliche-hotels","og_locale":"de_DE","og_type":"article","og_title":"All Inclusive haustierfreundliche Hotels und Feriend\u00f6rfer in Italien","og_description":"Suchen Sie All Inclusive Hotels oder Feriend\u00f6rfer in Italien, die kleine Haustiere akzeptieren? Entdecken Sie die gr\u00f6\u00dfte Auswahl!","og_url":"https:\/\/www.allinclusivehotels.it\/de\/haustierfreundliche-hotels","og_site_name":"All Inclusive Hotels","article_modified_time":"2022-06-30T13:37:57+00:00","twitter_card":"summary_large_image","twitter_misc":{"Gesch\u00e4tzte Lesezeit":"2\u00a0Minuten"},"schema":{"@context":"https:\/\/schema.org","@graph":[{"@type":"WebPage","@id":"https:\/\/www.allinclusivehotels.it\/de\/haustierfreundliche-hotels","url":"https:\/\/www.allinclusivehotels.it\/de\/haustierfreundliche-hotels","name":"All Inclusive haustierfreundliche Hotels und Feriend\u00f6rfer in Italien","isPartOf":{"@id":"https:\/\/www.allinclusivehotels.it\/de#website"},"datePublished":"2022-03-28T08:08:41+00:00","dateModified":"2022-06-30T13:37:57+00:00","description":"Suchen Sie All Inclusive Hotels oder Feriend\u00f6rfer in Italien, die kleine Haustiere akzeptieren? Entdecken Sie die gr\u00f6\u00dfte Auswahl!","breadcrumb":{"@id":"https:\/\/www.allinclusivehotels.it\/de\/haustierfreundliche-hotels#breadcrumb"},"inLanguage":"de","potentialAction":[{"@type":"ReadAction","target":["https:\/\/www.allinclusivehotels.it\/de\/haustierfreundliche-hotels"]}]},{"@type":"BreadcrumbList","@id":"https:\/\/www.allinclusivehotels.it\/de\/haustierfreundliche-hotels#breadcrumb","itemListElement":[{"@type":"ListItem","position":1,"name":"Home","item":"https:\/\/www.allinclusivehotels.it\/de"},{"@type":"ListItem","position":2,"name":"Haustierfreundliche Hotels"}]},{"@type":"WebSite","@id":"https:\/\/www.allinclusivehotels.it\/de#website","url":"https:\/\/www.allinclusivehotels.it\/de","name":"All Inclusive Hotels","description":"","publisher":{"@id":"https:\/\/www.allinclusivehotels.it\/de#organization"},"potentialAction":[{"@type":"SearchAction","target":{"@type":"EntryPoint","urlTemplate":"https:\/\/www.allinclusivehotels.it\/de?s={search_term_string}"},"query-input":{"@type":"PropertyValueSpecification","valueRequired":true,"valueName":"search_term_string"}}],"inLanguage":"de"},{"@type":"Organization","@id":"https:\/\/www.allinclusivehotels.it\/de#organization","name":"All Inclusive Hotels","url":"https:\/\/www.allinclusivehotels.it\/de","logo":{"@type":"ImageObject","inLanguage":"de","@id":"https:\/\/www.allinclusivehotels.it\/de#\/schema\/logo\/image\/","url":"","contentUrl":"","caption":"All Inclusive Hotels"},"image":{"@id":"https:\/\/www.allinclusivehotels.it\/de#\/schema\/logo\/image\/"}}]}},"_links":{"self":[{"href":"https:\/\/www.allinclusivehotels.it\/de\/wp-json\/wp\/v2\/pages\/16653","targetHints":{"allow":["GET"]}}],"collection":[{"href":"https:\/\/www.allinclusivehotels.it\/de\/wp-json\/wp\/v2\/pages"}],"about":[{"href":"https:\/\/www.allinclusivehotels.it\/de\/wp-json\/wp\/v2\/types\/page"}],"author":[{"embeddable":true,"href":"https:\/\/www.allinclusivehotels.it\/de\/wp-json\/wp\/v2\/users\/1"}],"replies":[{"embeddable":true,"href":"https:\/\/www.allinclusivehotels.it\/de\/wp-json\/wp\/v2\/comments?post=16653"}],"version-history":[{"count":4,"href":"https:\/\/www.allinclusivehotels.it\/de\/wp-json\/wp\/v2\/pages\/16653\/revisions"}],"predecessor-version":[{"id":21226,"href":"https:\/\/www.allinclusivehotels.it\/de\/wp-json\/wp\/v2\/pages\/16653\/revisions\/21226"}],"wp:attachment":[{"href":"https:\/\/www.allinclusivehotels.it\/de\/wp-json\/wp\/v2\/media?parent=16653"}],"curies":[{"name":"wp","href":"https:\/\/api.w.org\/{rel}","templated":true}]}}