{"id":16651,"date":"2022-03-28T10:08:40","date_gmt":"2022-03-28T08:08:40","guid":{"rendered":"https:\/\/www.allinclusivehotels.it\/hotels-mit-schwimmbad"},"modified":"2022-07-01T10:38:43","modified_gmt":"2022-07-01T08:38:43","slug":"hotels-mit-pool","status":"publish","type":"page","link":"https:\/\/www.allinclusivehotels.it\/de\/hotels-mit-pool","title":{"rendered":"Hotels mit Pool"},"content":{"rendered":"\n<p>Sind Sie an einem Urlaub in Italien \u2013 am Meer oder im Gebirge \u2013 interessiert? Schon seit einiger Zeit operiert eine gro\u00dfe Zahl von Hotels, alle der oberen Mittelklasse angeh\u00f6rend, mit der Formel <b>&#8220;All Inclusive&#8221;<\/b> \u2013 Alles Inbegriffen.<\/p>\n\n\n\n<!--more-->\n\n\n\n<p>Gemeint ist, dass neben den klassischen Hotelleistungen Unterkunft und Verpflegung weitere Dienste, wie Wellnesseinrichtungen, Sport, Unterhaltung, Exkursionen  usw. in einem Leistungspaket zusammengefasst werden, das zu einem attraktiven Gesamtpreis angeboten wird.<\/p>\n\n\n\n<p>Diese All-Inclusive-Pakete sind durchaus nicht alle gleich, sondern k\u00f6nnen an die Interessen und Neigungen des Gastes angepasst, &#8220;personalisiert &#8220;, werden. Nimmt man hinzu, dass sich die All-Inclusive-Hotels in den verschiedensten Regionen befinden und unterschiedliche Charakteristiken haben, ist die Auswahl riesengro\u00df.<\/p>\n\n\n\n<p>Haben Sie Kinder? Die Inclusive-Leistungen umfassen beispielsweise spezifische Animation, Babysitter, besonders ausgestattete Spielzonen, Kinder-Men\u00fcs.<\/p>\n\n\n\n<p>Sind Sie Feinschmecker? Sie finden All-Inclusive-Angebote mit ausgefeilter Wein- und Speisenkarte, Einf\u00fchrung in die lokale K\u00fcche, usw.<\/p>\n\n\n\n<p>Sie brauchen ein <b>Schwimmbad<\/b>, auch wenn Sie am Meer oder im Gebirge sind? Kein Problem, <b>viele der All-Inclusive-Hotels haben eines<\/b>. Die Schwimmb\u00e4der erf\u00fcllen hohe Qualit\u00e4ts-, Sicherheits- und Hygienestandards, ungetr\u00fcbtes Badevergn\u00fcgen ist gew\u00e4hrleistet.<\/p>\n\n\n\n<p>Dank der gro\u00dfen Zahl unterschiedlich  ausgerichteter All-Inclusive-Hotels l\u00e4sst sich die Anwesenheit eines Schwimmbades mit allen anderen Neigungen und Notwendigkeiten kombinieren: Wellness-Hotels haben es sowieso, am Meer ist es bequem f\u00fcr die kleine Entspannung zwischendurch, Familien-Hotels haben ein sch\u00f6nes und sicheres Kinderbecken, Paare m\u00f6chten vielleicht eines, das man in der Nacht bei Sternen- oder Kerzenlicht benutzen kann,  Pool-Parties bieten Spa\u00df und Erfrischung und Sportler entspannen sich nach einem herausfordernden Tag gerne im Wasser.<\/p>\n\n\n\n<p>Die <b>Zahl der All-Inclusive-Angebote mit Schwimmbad ist wirklich riesig<\/b>, wenn Sie eines ausw\u00e4hlen und dabei auch auf Ihre anderen Neigungen \u2013 und die Ihrer Begleiter \u2013 achten, k\u00f6nnen Sie eigentlich nichts falsch machen.<\/p>\n","protected":false},"excerpt":{"rendered":"<p>Sind Sie an einem Urlaub in Italien \u2013 am Meer oder im Gebirge \u2013 interessiert? &hellip;<\/p>\n","protected":false},"author":1,"featured_media":0,"parent":0,"menu_order":0,"comment_status":"closed","ping_status":"closed","template":"page-templates\/scheda_servizio.php","meta":{"_acf_changed":false,"footnotes":""},"class_list":["post-16651","page","type-page","status-publish","hentry"],"acf":[],"yoast_head":"<!-- This site is optimized with the Yoast SEO plugin v27.0 - https:\/\/yoast.com\/product\/yoast-seo-wordpress\/ -->\n<title>Die besten All-Inclusive-Hotels mit Pool am Meer in Italien<\/title>\n<meta name=\"description\" content=\"Suchen Sie All-Inclusive-Hotels mit Pool? Entdecken Sie die gr\u00f6\u00dfte Auswahl an All-Inclusive-Hotels: Sehen Sie sich die Angebote an!\" \/>\n<meta name=\"robots\" content=\"index, follow, max-snippet:-1, max-image-preview:large, max-video-preview:-1\" \/>\n<link rel=\"canonical\" href=\"https:\/\/www.allinclusivehotels.it\/de\/hotels-mit-pool\" \/>\n<meta property=\"og:locale\" content=\"de_DE\" \/>\n<meta property=\"og:type\" content=\"article\" \/>\n<meta property=\"og:title\" content=\"Die besten All-Inclusive-Hotels mit Pool am Meer in Italien\" \/>\n<meta property=\"og:description\" content=\"Suchen Sie All-Inclusive-Hotels mit Pool? Entdecken Sie die gr\u00f6\u00dfte Auswahl an All-Inclusive-Hotels: Sehen Sie sich die Angebote an!\" \/>\n<meta property=\"og:url\" content=\"https:\/\/www.allinclusivehotels.it\/de\/hotels-mit-pool\" \/>\n<meta property=\"og:site_name\" content=\"All Inclusive Hotels\" \/>\n<meta property=\"article:modified_time\" content=\"2022-07-01T08:38:43+00:00\" \/>\n<meta name=\"twitter:card\" content=\"summary_large_image\" \/>\n<meta name=\"twitter:label1\" content=\"Gesch\u00e4tzte Lesezeit\" \/>\n\t<meta name=\"twitter:data1\" content=\"2\u00a0Minuten\" \/>\n<script type=\"application\/ld+json\" class=\"yoast-schema-graph\">{\"@context\":\"https:\/\/schema.org\",\"@graph\":[{\"@type\":\"WebPage\",\"@id\":\"https:\/\/www.allinclusivehotels.it\/de\/hotels-mit-pool\",\"url\":\"https:\/\/www.allinclusivehotels.it\/de\/hotels-mit-pool\",\"name\":\"Die besten All-Inclusive-Hotels mit Pool am Meer in Italien\",\"isPartOf\":{\"@id\":\"https:\/\/www.allinclusivehotels.it\/de#website\"},\"datePublished\":\"2022-03-28T08:08:40+00:00\",\"dateModified\":\"2022-07-01T08:38:43+00:00\",\"description\":\"Suchen Sie All-Inclusive-Hotels mit Pool? Entdecken Sie die gr\u00f6\u00dfte Auswahl an All-Inclusive-Hotels: Sehen Sie sich die Angebote an!\",\"breadcrumb\":{\"@id\":\"https:\/\/www.allinclusivehotels.it\/de\/hotels-mit-pool#breadcrumb\"},\"inLanguage\":\"de\",\"potentialAction\":[{\"@type\":\"ReadAction\",\"target\":[\"https:\/\/www.allinclusivehotels.it\/de\/hotels-mit-pool\"]}]},{\"@type\":\"BreadcrumbList\",\"@id\":\"https:\/\/www.allinclusivehotels.it\/de\/hotels-mit-pool#breadcrumb\",\"itemListElement\":[{\"@type\":\"ListItem\",\"position\":1,\"name\":\"Home\",\"item\":\"https:\/\/www.allinclusivehotels.it\/de\"},{\"@type\":\"ListItem\",\"position\":2,\"name\":\"Hotels mit Pool\"}]},{\"@type\":\"WebSite\",\"@id\":\"https:\/\/www.allinclusivehotels.it\/de#website\",\"url\":\"https:\/\/www.allinclusivehotels.it\/de\",\"name\":\"All Inclusive Hotels\",\"description\":\"\",\"publisher\":{\"@id\":\"https:\/\/www.allinclusivehotels.it\/de#organization\"},\"potentialAction\":[{\"@type\":\"SearchAction\",\"target\":{\"@type\":\"EntryPoint\",\"urlTemplate\":\"https:\/\/www.allinclusivehotels.it\/de?s={search_term_string}\"},\"query-input\":{\"@type\":\"PropertyValueSpecification\",\"valueRequired\":true,\"valueName\":\"search_term_string\"}}],\"inLanguage\":\"de\"},{\"@type\":\"Organization\",\"@id\":\"https:\/\/www.allinclusivehotels.it\/de#organization\",\"name\":\"All Inclusive Hotels\",\"url\":\"https:\/\/www.allinclusivehotels.it\/de\",\"logo\":{\"@type\":\"ImageObject\",\"inLanguage\":\"de\",\"@id\":\"https:\/\/www.allinclusivehotels.it\/de#\/schema\/logo\/image\/\",\"url\":\"\",\"contentUrl\":\"\",\"caption\":\"All Inclusive Hotels\"},\"image\":{\"@id\":\"https:\/\/www.allinclusivehotels.it\/de#\/schema\/logo\/image\/\"}}]}<\/script>\n<!-- \/ Yoast SEO plugin. -->","yoast_head_json":{"title":"Die besten All-Inclusive-Hotels mit Pool am Meer in Italien","description":"Suchen Sie All-Inclusive-Hotels mit Pool? Entdecken Sie die gr\u00f6\u00dfte Auswahl an All-Inclusive-Hotels: Sehen Sie sich die Angebote an!","robots":{"index":"index","follow":"follow","max-snippet":"max-snippet:-1","max-image-preview":"max-image-preview:large","max-video-preview":"max-video-preview:-1"},"canonical":"https:\/\/www.allinclusivehotels.it\/de\/hotels-mit-pool","og_locale":"de_DE","og_type":"article","og_title":"Die besten All-Inclusive-Hotels mit Pool am Meer in Italien","og_description":"Suchen Sie All-Inclusive-Hotels mit Pool? Entdecken Sie die gr\u00f6\u00dfte Auswahl an All-Inclusive-Hotels: Sehen Sie sich die Angebote an!","og_url":"https:\/\/www.allinclusivehotels.it\/de\/hotels-mit-pool","og_site_name":"All Inclusive Hotels","article_modified_time":"2022-07-01T08:38:43+00:00","twitter_card":"summary_large_image","twitter_misc":{"Gesch\u00e4tzte Lesezeit":"2\u00a0Minuten"},"schema":{"@context":"https:\/\/schema.org","@graph":[{"@type":"WebPage","@id":"https:\/\/www.allinclusivehotels.it\/de\/hotels-mit-pool","url":"https:\/\/www.allinclusivehotels.it\/de\/hotels-mit-pool","name":"Die besten All-Inclusive-Hotels mit Pool am Meer in Italien","isPartOf":{"@id":"https:\/\/www.allinclusivehotels.it\/de#website"},"datePublished":"2022-03-28T08:08:40+00:00","dateModified":"2022-07-01T08:38:43+00:00","description":"Suchen Sie All-Inclusive-Hotels mit Pool? Entdecken Sie die gr\u00f6\u00dfte Auswahl an All-Inclusive-Hotels: Sehen Sie sich die Angebote an!","breadcrumb":{"@id":"https:\/\/www.allinclusivehotels.it\/de\/hotels-mit-pool#breadcrumb"},"inLanguage":"de","potentialAction":[{"@type":"ReadAction","target":["https:\/\/www.allinclusivehotels.it\/de\/hotels-mit-pool"]}]},{"@type":"BreadcrumbList","@id":"https:\/\/www.allinclusivehotels.it\/de\/hotels-mit-pool#breadcrumb","itemListElement":[{"@type":"ListItem","position":1,"name":"Home","item":"https:\/\/www.allinclusivehotels.it\/de"},{"@type":"ListItem","position":2,"name":"Hotels mit Pool"}]},{"@type":"WebSite","@id":"https:\/\/www.allinclusivehotels.it\/de#website","url":"https:\/\/www.allinclusivehotels.it\/de","name":"All Inclusive Hotels","description":"","publisher":{"@id":"https:\/\/www.allinclusivehotels.it\/de#organization"},"potentialAction":[{"@type":"SearchAction","target":{"@type":"EntryPoint","urlTemplate":"https:\/\/www.allinclusivehotels.it\/de?s={search_term_string}"},"query-input":{"@type":"PropertyValueSpecification","valueRequired":true,"valueName":"search_term_string"}}],"inLanguage":"de"},{"@type":"Organization","@id":"https:\/\/www.allinclusivehotels.it\/de#organization","name":"All Inclusive Hotels","url":"https:\/\/www.allinclusivehotels.it\/de","logo":{"@type":"ImageObject","inLanguage":"de","@id":"https:\/\/www.allinclusivehotels.it\/de#\/schema\/logo\/image\/","url":"","contentUrl":"","caption":"All Inclusive Hotels"},"image":{"@id":"https:\/\/www.allinclusivehotels.it\/de#\/schema\/logo\/image\/"}}]}},"_links":{"self":[{"href":"https:\/\/www.allinclusivehotels.it\/de\/wp-json\/wp\/v2\/pages\/16651","targetHints":{"allow":["GET"]}}],"collection":[{"href":"https:\/\/www.allinclusivehotels.it\/de\/wp-json\/wp\/v2\/pages"}],"about":[{"href":"https:\/\/www.allinclusivehotels.it\/de\/wp-json\/wp\/v2\/types\/page"}],"author":[{"embeddable":true,"href":"https:\/\/www.allinclusivehotels.it\/de\/wp-json\/wp\/v2\/users\/1"}],"replies":[{"embeddable":true,"href":"https:\/\/www.allinclusivehotels.it\/de\/wp-json\/wp\/v2\/comments?post=16651"}],"version-history":[{"count":6,"href":"https:\/\/www.allinclusivehotels.it\/de\/wp-json\/wp\/v2\/pages\/16651\/revisions"}],"predecessor-version":[{"id":21339,"href":"https:\/\/www.allinclusivehotels.it\/de\/wp-json\/wp\/v2\/pages\/16651\/revisions\/21339"}],"wp:attachment":[{"href":"https:\/\/www.allinclusivehotels.it\/de\/wp-json\/wp\/v2\/media?parent=16651"}],"curies":[{"name":"wp","href":"https:\/\/api.w.org\/{rel}","templated":true}]}}