{"id":16649,"date":"2022-03-28T10:08:38","date_gmt":"2022-03-28T08:08:38","guid":{"rendered":"https:\/\/www.allinclusivehotels.it\/hotel-mit-mini-club"},"modified":"2022-06-30T15:38:59","modified_gmt":"2022-06-30T13:38:59","slug":"hotel-mit-mini-club","status":"publish","type":"page","link":"https:\/\/www.allinclusivehotels.it\/de\/hotel-mit-mini-club","title":{"rendered":"Hotel mit Mini-Club"},"content":{"rendered":"\n<p><b>Mit All Inclusive unbek\u00fcmmertes Urlaubsvergn\u00fcgen f\u00fcr Gro\u00df und Klein! <\/b>Im Urlaub die Erwartungen aller Familienmitglieder zu erf\u00fcllen, ist manchmal nicht leicht. Das Erholungsbed\u00fcrfnis der Erwachsenen kann mit der Energie der Kinder, die Aufmerksamkeit, Spiel und Spa\u00df wollen, zusammensto\u00dfen. Dieses Problem l\u00f6st ein guter Mini-Club.<\/p>\n\n\n\n<!--more-->\n\n\n\n<p>Ein <b>All-Inclusive-Hotel mit Mini-Club <\/b>bietet beste Voraussetzungen daf\u00fcr, dass jedes Familienmitglied die Urlaubsfreuden auch richtig auskosten kann. Der Mini-Club ist nicht einfach ein &#8220;Kinder-Parkplatz&#8221;. Die von kompetenten Betreuer*innen angeleiteteten Spiele und kreativen Aktivit\u00e4ten stimulieren die Phantasie der Kinder, die Freude an Bewegung, am Lernen, an der Kooperation mit anderen. Das Programm ber\u00fccksichtigt verschiedene Alterstufen und verschiedene Neigungen. Gemeinsames Spielen und Freundschaften werden Teil des Urlaubserlebnisses der kleinen G\u00e4ste, in einer sicheren, kindergerechten Umgebung, unter guter Betreuung, aber nie weit weg von Mama und Papa.<\/p>\n\n\n\n<p>Kreatives Werken, Baby-Dance und Bewegungsspiele sind typische Aktivit\u00e4ten. <b>Animation f\u00fcr Kinder<\/b> ist nicht auf den Mini-Club beschr\u00e4nkt, sondern findet oft auch am Strand oder an unterhaltsamen Abenden im Hotel statt, mit Tanz-Einlagen, kleinen Shows oder Theater-Auff\u00fchrungen mit den Kindern als Stars.<\/p>\n\n\n\n<p>Auch f\u00fcr die Erwachsenen gibt es gesellige Vergn\u00fcgungsangebote, an denen sie teilnehmen k\u00f6nnen, oder auch nicht, beispielsweise Sportturniere, Tanzkurse, Unterhaltungsabende.<\/p>\n","protected":false},"excerpt":{"rendered":"<p>Mit All Inclusive unbek\u00fcmmertes Urlaubsvergn\u00fcgen f\u00fcr Gro\u00df und Klein! Im Urlaub die Erwartungen aller Familienmitglieder &hellip;<\/p>\n","protected":false},"author":1,"featured_media":0,"parent":0,"menu_order":0,"comment_status":"closed","ping_status":"closed","template":"page-templates\/scheda_servizio.php","meta":{"_acf_changed":false,"footnotes":""},"class_list":["post-16649","page","type-page","status-publish","hentry"],"acf":[],"yoast_head":"<!-- This site is optimized with the Yoast SEO plugin v27.0 - https:\/\/yoast.com\/product\/yoast-seo-wordpress\/ -->\n<title>All Inclusive Familienhotels mit Miniclub und Babyclub in Italien<\/title>\n<meta name=\"description\" content=\"Suchen Sie ein Hotel oder Feriendorf mit Mini Club f\u00fcr Kinder? Entdecken Sie die besten Hotels in Italien mit vielen All-Inclusive-Paketen!\" \/>\n<meta name=\"robots\" content=\"index, follow, max-snippet:-1, max-image-preview:large, max-video-preview:-1\" \/>\n<link rel=\"canonical\" href=\"https:\/\/www.allinclusivehotels.it\/de\/hotel-mit-mini-club\" \/>\n<meta property=\"og:locale\" content=\"de_DE\" \/>\n<meta property=\"og:type\" content=\"article\" \/>\n<meta property=\"og:title\" content=\"All Inclusive Familienhotels mit Miniclub und Babyclub in Italien\" \/>\n<meta property=\"og:description\" content=\"Suchen Sie ein Hotel oder Feriendorf mit Mini Club f\u00fcr Kinder? Entdecken Sie die besten Hotels in Italien mit vielen All-Inclusive-Paketen!\" \/>\n<meta property=\"og:url\" content=\"https:\/\/www.allinclusivehotels.it\/de\/hotel-mit-mini-club\" \/>\n<meta property=\"og:site_name\" content=\"All Inclusive Hotels\" \/>\n<meta property=\"article:modified_time\" content=\"2022-06-30T13:38:59+00:00\" \/>\n<meta name=\"twitter:card\" content=\"summary_large_image\" \/>\n<meta name=\"twitter:label1\" content=\"Gesch\u00e4tzte Lesezeit\" \/>\n\t<meta name=\"twitter:data1\" content=\"2\u00a0Minuten\" \/>\n<script type=\"application\/ld+json\" class=\"yoast-schema-graph\">{\"@context\":\"https:\/\/schema.org\",\"@graph\":[{\"@type\":\"WebPage\",\"@id\":\"https:\/\/www.allinclusivehotels.it\/de\/hotel-mit-mini-club\",\"url\":\"https:\/\/www.allinclusivehotels.it\/de\/hotel-mit-mini-club\",\"name\":\"All Inclusive Familienhotels mit Miniclub und Babyclub in Italien\",\"isPartOf\":{\"@id\":\"https:\/\/www.allinclusivehotels.it\/de#website\"},\"datePublished\":\"2022-03-28T08:08:38+00:00\",\"dateModified\":\"2022-06-30T13:38:59+00:00\",\"description\":\"Suchen Sie ein Hotel oder Feriendorf mit Mini Club f\u00fcr Kinder? Entdecken Sie die besten Hotels in Italien mit vielen All-Inclusive-Paketen!\",\"breadcrumb\":{\"@id\":\"https:\/\/www.allinclusivehotels.it\/de\/hotel-mit-mini-club#breadcrumb\"},\"inLanguage\":\"de\",\"potentialAction\":[{\"@type\":\"ReadAction\",\"target\":[\"https:\/\/www.allinclusivehotels.it\/de\/hotel-mit-mini-club\"]}]},{\"@type\":\"BreadcrumbList\",\"@id\":\"https:\/\/www.allinclusivehotels.it\/de\/hotel-mit-mini-club#breadcrumb\",\"itemListElement\":[{\"@type\":\"ListItem\",\"position\":1,\"name\":\"Home\",\"item\":\"https:\/\/www.allinclusivehotels.it\/de\"},{\"@type\":\"ListItem\",\"position\":2,\"name\":\"Hotel mit Mini-Club\"}]},{\"@type\":\"WebSite\",\"@id\":\"https:\/\/www.allinclusivehotels.it\/de#website\",\"url\":\"https:\/\/www.allinclusivehotels.it\/de\",\"name\":\"All Inclusive Hotels\",\"description\":\"\",\"publisher\":{\"@id\":\"https:\/\/www.allinclusivehotels.it\/de#organization\"},\"potentialAction\":[{\"@type\":\"SearchAction\",\"target\":{\"@type\":\"EntryPoint\",\"urlTemplate\":\"https:\/\/www.allinclusivehotels.it\/de?s={search_term_string}\"},\"query-input\":{\"@type\":\"PropertyValueSpecification\",\"valueRequired\":true,\"valueName\":\"search_term_string\"}}],\"inLanguage\":\"de\"},{\"@type\":\"Organization\",\"@id\":\"https:\/\/www.allinclusivehotels.it\/de#organization\",\"name\":\"All Inclusive Hotels\",\"url\":\"https:\/\/www.allinclusivehotels.it\/de\",\"logo\":{\"@type\":\"ImageObject\",\"inLanguage\":\"de\",\"@id\":\"https:\/\/www.allinclusivehotels.it\/de#\/schema\/logo\/image\/\",\"url\":\"\",\"contentUrl\":\"\",\"caption\":\"All Inclusive Hotels\"},\"image\":{\"@id\":\"https:\/\/www.allinclusivehotels.it\/de#\/schema\/logo\/image\/\"}}]}<\/script>\n<!-- \/ Yoast SEO plugin. -->","yoast_head_json":{"title":"All Inclusive Familienhotels mit Miniclub und Babyclub in Italien","description":"Suchen Sie ein Hotel oder Feriendorf mit Mini Club f\u00fcr Kinder? Entdecken Sie die besten Hotels in Italien mit vielen All-Inclusive-Paketen!","robots":{"index":"index","follow":"follow","max-snippet":"max-snippet:-1","max-image-preview":"max-image-preview:large","max-video-preview":"max-video-preview:-1"},"canonical":"https:\/\/www.allinclusivehotels.it\/de\/hotel-mit-mini-club","og_locale":"de_DE","og_type":"article","og_title":"All Inclusive Familienhotels mit Miniclub und Babyclub in Italien","og_description":"Suchen Sie ein Hotel oder Feriendorf mit Mini Club f\u00fcr Kinder? Entdecken Sie die besten Hotels in Italien mit vielen All-Inclusive-Paketen!","og_url":"https:\/\/www.allinclusivehotels.it\/de\/hotel-mit-mini-club","og_site_name":"All Inclusive Hotels","article_modified_time":"2022-06-30T13:38:59+00:00","twitter_card":"summary_large_image","twitter_misc":{"Gesch\u00e4tzte Lesezeit":"2\u00a0Minuten"},"schema":{"@context":"https:\/\/schema.org","@graph":[{"@type":"WebPage","@id":"https:\/\/www.allinclusivehotels.it\/de\/hotel-mit-mini-club","url":"https:\/\/www.allinclusivehotels.it\/de\/hotel-mit-mini-club","name":"All Inclusive Familienhotels mit Miniclub und Babyclub in Italien","isPartOf":{"@id":"https:\/\/www.allinclusivehotels.it\/de#website"},"datePublished":"2022-03-28T08:08:38+00:00","dateModified":"2022-06-30T13:38:59+00:00","description":"Suchen Sie ein Hotel oder Feriendorf mit Mini Club f\u00fcr Kinder? Entdecken Sie die besten Hotels in Italien mit vielen All-Inclusive-Paketen!","breadcrumb":{"@id":"https:\/\/www.allinclusivehotels.it\/de\/hotel-mit-mini-club#breadcrumb"},"inLanguage":"de","potentialAction":[{"@type":"ReadAction","target":["https:\/\/www.allinclusivehotels.it\/de\/hotel-mit-mini-club"]}]},{"@type":"BreadcrumbList","@id":"https:\/\/www.allinclusivehotels.it\/de\/hotel-mit-mini-club#breadcrumb","itemListElement":[{"@type":"ListItem","position":1,"name":"Home","item":"https:\/\/www.allinclusivehotels.it\/de"},{"@type":"ListItem","position":2,"name":"Hotel mit Mini-Club"}]},{"@type":"WebSite","@id":"https:\/\/www.allinclusivehotels.it\/de#website","url":"https:\/\/www.allinclusivehotels.it\/de","name":"All Inclusive Hotels","description":"","publisher":{"@id":"https:\/\/www.allinclusivehotels.it\/de#organization"},"potentialAction":[{"@type":"SearchAction","target":{"@type":"EntryPoint","urlTemplate":"https:\/\/www.allinclusivehotels.it\/de?s={search_term_string}"},"query-input":{"@type":"PropertyValueSpecification","valueRequired":true,"valueName":"search_term_string"}}],"inLanguage":"de"},{"@type":"Organization","@id":"https:\/\/www.allinclusivehotels.it\/de#organization","name":"All Inclusive Hotels","url":"https:\/\/www.allinclusivehotels.it\/de","logo":{"@type":"ImageObject","inLanguage":"de","@id":"https:\/\/www.allinclusivehotels.it\/de#\/schema\/logo\/image\/","url":"","contentUrl":"","caption":"All Inclusive Hotels"},"image":{"@id":"https:\/\/www.allinclusivehotels.it\/de#\/schema\/logo\/image\/"}}]}},"_links":{"self":[{"href":"https:\/\/www.allinclusivehotels.it\/de\/wp-json\/wp\/v2\/pages\/16649","targetHints":{"allow":["GET"]}}],"collection":[{"href":"https:\/\/www.allinclusivehotels.it\/de\/wp-json\/wp\/v2\/pages"}],"about":[{"href":"https:\/\/www.allinclusivehotels.it\/de\/wp-json\/wp\/v2\/types\/page"}],"author":[{"embeddable":true,"href":"https:\/\/www.allinclusivehotels.it\/de\/wp-json\/wp\/v2\/users\/1"}],"replies":[{"embeddable":true,"href":"https:\/\/www.allinclusivehotels.it\/de\/wp-json\/wp\/v2\/comments?post=16649"}],"version-history":[{"count":3,"href":"https:\/\/www.allinclusivehotels.it\/de\/wp-json\/wp\/v2\/pages\/16649\/revisions"}],"predecessor-version":[{"id":21227,"href":"https:\/\/www.allinclusivehotels.it\/de\/wp-json\/wp\/v2\/pages\/16649\/revisions\/21227"}],"wp:attachment":[{"href":"https:\/\/www.allinclusivehotels.it\/de\/wp-json\/wp\/v2\/media?parent=16649"}],"curies":[{"name":"wp","href":"https:\/\/api.w.org\/{rel}","templated":true}]}}