{"id":16639,"date":"2022-03-28T10:08:30","date_gmt":"2022-03-28T08:08:30","guid":{"rendered":"https:\/\/www.allinclusivehotels.it\/urlaub-fuer-paare"},"modified":"2022-07-01T11:07:56","modified_gmt":"2022-07-01T09:07:56","slug":"urlaub-fuer-paare","status":"publish","type":"page","link":"https:\/\/www.allinclusivehotels.it\/de\/urlaub-fuer-paare","title":{"rendered":"Urlaub f\u00fcr Paare"},"content":{"rendered":"\n<p><b>Tr\u00e4umen Sie schon eine Weile von einem romantischen Urlaub zu zweit am Meer<\/b>, aber scheuen die Kosten? Jetzt k\u00f6nnte der richtige Moment sein, ein All-Inclusive-Paket zu buchen. <b>Viele Hotels in diversen Regionen Italiens bieten Aufenthalte mit einer vorteilhaften Alles-Inklusive-Preisformel an.<\/b> Es handelt sich um gute, gepflegte 3- und 4-Sterne-H\u00e4user in den beliebtesten Badeorten, mit allen Verkehrsmitteln leicht zu erreichen, und in der Lage, modernen Komfort und maximale Sicherheit zu gew\u00e4hrleisten.<\/p>\n\n\n\n<!--more-->\n\n\n\n<p>Was gibt es Sch\u00f6neres, als <b>eine unbeschwerte, romantische und erlebnisreiche Urlaubsreise zu zweit?<\/b> Das Interesse ist gro\u00df, kein Wunder, dass es auch viele Angebote mit der Zielgruppe &#8220;Paar&#8221; gibt. Wer ein so ausgerichtetes All-Inclusive-Angebot nutzt, kann Geld und Organisationsarbeit sparen.<\/p>\n\n\n\n<p>Aber wie aus den vielen Angeboten das richtige ausw\u00e4hlen? Es kommt darauf an Ihre pers\u00f6nlichen Interessen und Neigungen mit denen Ihrer Partnerin*Ihres Partners in Einklang zu bringen, und dann ein Hotel zu suchen, dessen Lage, Service und Freizeitangebote diesen Erwartungen entsprechen.<\/p>\n\n\n\n<p>Suchen Sie vor allem Erholung und wollen<b> Ihr k\u00f6rperliches und seelisches Befinden verbessern?<\/b> Achten Sie auf Angebote, die Wellness-Einrichtungen und -Behandlungen beinhalten, mit wohltuenden sinnlichen Momenten f\u00fcr beide.<\/p>\n\n\n\n<p><b>Treiben Sie gerne einen bestimmten Sport? <\/b>Sie finden sicher ein Hotel, das sie mit passender Ausr\u00fcstung, Beratung und Dienstleistungen unterst\u00fctzt.<\/p>\n\n\n\n<p><b>Ist ein sch\u00f6nes Schwimmbad f\u00fcr Sie wichtig? <\/b>Bequemes<b> <\/b>Liegen, alles zur Hand: Wasser, Sonne, Schatten, Unterwassermassage, Erfrischungen, Unterhaltung &#8230;<\/p>\n\n\n\n<p>Die Aufz\u00e4hlung lie\u00dfe sich fortsetzen, es gibt wirklich viele <b>All-Inclusive-Angebote mit den verschiensten Schwerpunkten f\u00fcr Urlaub zu zweit.<\/b><\/p>\n\n\n\n<p>Suchen Sie ein passendes Hotel aus, buchen Sie, lehnen Sie sich zur\u00fcck und lassen Sie die Erholung und das Vergn\u00fcgen auf sich zukommen. Um die praktischen Aspekte Ihres Aufenthalts k\u00fcmmern sich die Fachleute des All-Inclusive-Hotels.<\/p>\n","protected":false},"excerpt":{"rendered":"<p>Tr\u00e4umen Sie schon eine Weile von einem romantischen Urlaub zu zweit am Meer, aber scheuen &hellip;<\/p>\n","protected":false},"author":1,"featured_media":0,"parent":0,"menu_order":0,"comment_status":"closed","ping_status":"closed","template":"page-templates\/scheda_target.php","meta":{"_acf_changed":false,"footnotes":""},"class_list":["post-16639","page","type-page","status-publish","hentry"],"acf":[],"yoast_head":"<!-- This site is optimized with the Yoast SEO plugin v27.0 - https:\/\/yoast.com\/product\/yoast-seo-wordpress\/ -->\n<title>All-Inclusive-Urlaub f\u00fcr Paare und romantische Wochenenden in Italien<\/title>\n<meta name=\"description\" content=\"Suchen Sie einen Urlaub f\u00fcr Paare? Entdecken Sie die gr\u00f6\u00dfte Auswahl an All-Inclusive-Hotels in Italien: Sehen Sie sich die Angebote an!\" \/>\n<meta name=\"robots\" content=\"index, follow, max-snippet:-1, max-image-preview:large, max-video-preview:-1\" \/>\n<link rel=\"canonical\" href=\"https:\/\/www.allinclusivehotels.it\/de\/urlaub-fuer-paare\" \/>\n<meta property=\"og:locale\" content=\"de_DE\" \/>\n<meta property=\"og:type\" content=\"article\" \/>\n<meta property=\"og:title\" content=\"All-Inclusive-Urlaub f\u00fcr Paare und romantische Wochenenden in Italien\" \/>\n<meta property=\"og:description\" content=\"Suchen Sie einen Urlaub f\u00fcr Paare? Entdecken Sie die gr\u00f6\u00dfte Auswahl an All-Inclusive-Hotels in Italien: Sehen Sie sich die Angebote an!\" \/>\n<meta property=\"og:url\" content=\"https:\/\/www.allinclusivehotels.it\/de\/urlaub-fuer-paare\" \/>\n<meta property=\"og:site_name\" content=\"All Inclusive Hotels\" \/>\n<meta property=\"article:modified_time\" content=\"2022-07-01T09:07:56+00:00\" \/>\n<meta name=\"twitter:card\" content=\"summary_large_image\" \/>\n<meta name=\"twitter:label1\" content=\"Gesch\u00e4tzte Lesezeit\" \/>\n\t<meta name=\"twitter:data1\" content=\"2\u00a0Minuten\" \/>\n<script type=\"application\/ld+json\" class=\"yoast-schema-graph\">{\"@context\":\"https:\/\/schema.org\",\"@graph\":[{\"@type\":\"WebPage\",\"@id\":\"https:\/\/www.allinclusivehotels.it\/de\/urlaub-fuer-paare\",\"url\":\"https:\/\/www.allinclusivehotels.it\/de\/urlaub-fuer-paare\",\"name\":\"All-Inclusive-Urlaub f\u00fcr Paare und romantische Wochenenden in Italien\",\"isPartOf\":{\"@id\":\"https:\/\/www.allinclusivehotels.it\/de#website\"},\"datePublished\":\"2022-03-28T08:08:30+00:00\",\"dateModified\":\"2022-07-01T09:07:56+00:00\",\"description\":\"Suchen Sie einen Urlaub f\u00fcr Paare? Entdecken Sie die gr\u00f6\u00dfte Auswahl an All-Inclusive-Hotels in Italien: Sehen Sie sich die Angebote an!\",\"breadcrumb\":{\"@id\":\"https:\/\/www.allinclusivehotels.it\/de\/urlaub-fuer-paare#breadcrumb\"},\"inLanguage\":\"de\",\"potentialAction\":[{\"@type\":\"ReadAction\",\"target\":[\"https:\/\/www.allinclusivehotels.it\/de\/urlaub-fuer-paare\"]}]},{\"@type\":\"BreadcrumbList\",\"@id\":\"https:\/\/www.allinclusivehotels.it\/de\/urlaub-fuer-paare#breadcrumb\",\"itemListElement\":[{\"@type\":\"ListItem\",\"position\":1,\"name\":\"Home\",\"item\":\"https:\/\/www.allinclusivehotels.it\/de\"},{\"@type\":\"ListItem\",\"position\":2,\"name\":\"Urlaub f\u00fcr Paare\"}]},{\"@type\":\"WebSite\",\"@id\":\"https:\/\/www.allinclusivehotels.it\/de#website\",\"url\":\"https:\/\/www.allinclusivehotels.it\/de\",\"name\":\"All Inclusive Hotels\",\"description\":\"\",\"publisher\":{\"@id\":\"https:\/\/www.allinclusivehotels.it\/de#organization\"},\"potentialAction\":[{\"@type\":\"SearchAction\",\"target\":{\"@type\":\"EntryPoint\",\"urlTemplate\":\"https:\/\/www.allinclusivehotels.it\/de?s={search_term_string}\"},\"query-input\":{\"@type\":\"PropertyValueSpecification\",\"valueRequired\":true,\"valueName\":\"search_term_string\"}}],\"inLanguage\":\"de\"},{\"@type\":\"Organization\",\"@id\":\"https:\/\/www.allinclusivehotels.it\/de#organization\",\"name\":\"All Inclusive Hotels\",\"url\":\"https:\/\/www.allinclusivehotels.it\/de\",\"logo\":{\"@type\":\"ImageObject\",\"inLanguage\":\"de\",\"@id\":\"https:\/\/www.allinclusivehotels.it\/de#\/schema\/logo\/image\/\",\"url\":\"\",\"contentUrl\":\"\",\"caption\":\"All Inclusive Hotels\"},\"image\":{\"@id\":\"https:\/\/www.allinclusivehotels.it\/de#\/schema\/logo\/image\/\"}}]}<\/script>\n<!-- \/ Yoast SEO plugin. -->","yoast_head_json":{"title":"All-Inclusive-Urlaub f\u00fcr Paare und romantische Wochenenden in Italien","description":"Suchen Sie einen Urlaub f\u00fcr Paare? Entdecken Sie die gr\u00f6\u00dfte Auswahl an All-Inclusive-Hotels in Italien: Sehen Sie sich die Angebote an!","robots":{"index":"index","follow":"follow","max-snippet":"max-snippet:-1","max-image-preview":"max-image-preview:large","max-video-preview":"max-video-preview:-1"},"canonical":"https:\/\/www.allinclusivehotels.it\/de\/urlaub-fuer-paare","og_locale":"de_DE","og_type":"article","og_title":"All-Inclusive-Urlaub f\u00fcr Paare und romantische Wochenenden in Italien","og_description":"Suchen Sie einen Urlaub f\u00fcr Paare? Entdecken Sie die gr\u00f6\u00dfte Auswahl an All-Inclusive-Hotels in Italien: Sehen Sie sich die Angebote an!","og_url":"https:\/\/www.allinclusivehotels.it\/de\/urlaub-fuer-paare","og_site_name":"All Inclusive Hotels","article_modified_time":"2022-07-01T09:07:56+00:00","twitter_card":"summary_large_image","twitter_misc":{"Gesch\u00e4tzte Lesezeit":"2\u00a0Minuten"},"schema":{"@context":"https:\/\/schema.org","@graph":[{"@type":"WebPage","@id":"https:\/\/www.allinclusivehotels.it\/de\/urlaub-fuer-paare","url":"https:\/\/www.allinclusivehotels.it\/de\/urlaub-fuer-paare","name":"All-Inclusive-Urlaub f\u00fcr Paare und romantische Wochenenden in Italien","isPartOf":{"@id":"https:\/\/www.allinclusivehotels.it\/de#website"},"datePublished":"2022-03-28T08:08:30+00:00","dateModified":"2022-07-01T09:07:56+00:00","description":"Suchen Sie einen Urlaub f\u00fcr Paare? Entdecken Sie die gr\u00f6\u00dfte Auswahl an All-Inclusive-Hotels in Italien: Sehen Sie sich die Angebote an!","breadcrumb":{"@id":"https:\/\/www.allinclusivehotels.it\/de\/urlaub-fuer-paare#breadcrumb"},"inLanguage":"de","potentialAction":[{"@type":"ReadAction","target":["https:\/\/www.allinclusivehotels.it\/de\/urlaub-fuer-paare"]}]},{"@type":"BreadcrumbList","@id":"https:\/\/www.allinclusivehotels.it\/de\/urlaub-fuer-paare#breadcrumb","itemListElement":[{"@type":"ListItem","position":1,"name":"Home","item":"https:\/\/www.allinclusivehotels.it\/de"},{"@type":"ListItem","position":2,"name":"Urlaub f\u00fcr Paare"}]},{"@type":"WebSite","@id":"https:\/\/www.allinclusivehotels.it\/de#website","url":"https:\/\/www.allinclusivehotels.it\/de","name":"All Inclusive Hotels","description":"","publisher":{"@id":"https:\/\/www.allinclusivehotels.it\/de#organization"},"potentialAction":[{"@type":"SearchAction","target":{"@type":"EntryPoint","urlTemplate":"https:\/\/www.allinclusivehotels.it\/de?s={search_term_string}"},"query-input":{"@type":"PropertyValueSpecification","valueRequired":true,"valueName":"search_term_string"}}],"inLanguage":"de"},{"@type":"Organization","@id":"https:\/\/www.allinclusivehotels.it\/de#organization","name":"All Inclusive Hotels","url":"https:\/\/www.allinclusivehotels.it\/de","logo":{"@type":"ImageObject","inLanguage":"de","@id":"https:\/\/www.allinclusivehotels.it\/de#\/schema\/logo\/image\/","url":"","contentUrl":"","caption":"All Inclusive Hotels"},"image":{"@id":"https:\/\/www.allinclusivehotels.it\/de#\/schema\/logo\/image\/"}}]}},"_links":{"self":[{"href":"https:\/\/www.allinclusivehotels.it\/de\/wp-json\/wp\/v2\/pages\/16639","targetHints":{"allow":["GET"]}}],"collection":[{"href":"https:\/\/www.allinclusivehotels.it\/de\/wp-json\/wp\/v2\/pages"}],"about":[{"href":"https:\/\/www.allinclusivehotels.it\/de\/wp-json\/wp\/v2\/types\/page"}],"author":[{"embeddable":true,"href":"https:\/\/www.allinclusivehotels.it\/de\/wp-json\/wp\/v2\/users\/1"}],"replies":[{"embeddable":true,"href":"https:\/\/www.allinclusivehotels.it\/de\/wp-json\/wp\/v2\/comments?post=16639"}],"version-history":[{"count":3,"href":"https:\/\/www.allinclusivehotels.it\/de\/wp-json\/wp\/v2\/pages\/16639\/revisions"}],"predecessor-version":[{"id":21347,"href":"https:\/\/www.allinclusivehotels.it\/de\/wp-json\/wp\/v2\/pages\/16639\/revisions\/21347"}],"wp:attachment":[{"href":"https:\/\/www.allinclusivehotels.it\/de\/wp-json\/wp\/v2\/media?parent=16639"}],"curies":[{"name":"wp","href":"https:\/\/api.w.org\/{rel}","templated":true}]}}