{"id":16635,"date":"2022-03-28T10:08:27","date_gmt":"2022-03-28T08:08:27","guid":{"rendered":"https:\/\/www.allinclusivehotels.it\/hotels\/carducci-suite-hotel"},"modified":"2022-06-30T15:45:06","modified_gmt":"2022-06-30T13:45:06","slug":"carducci-suite-hotel","status":"publish","type":"page","link":"https:\/\/www.allinclusivehotels.it\/de\/hotels\/carducci-suite-hotel","title":{"rendered":"Carducci Suite Hotel"},"content":{"rendered":"\n<p>Das Carducci Suite Hotel liegt in <b>Villamarina di Cesenatico, einen Steinwurf vom Strand<\/b>. Von den <b>Panorama-Balkonen<\/b> der Zimmer sehen Sie das Meer.<\/p>\n\n\n\n<!--more-->\n\n\n\n<p>Auf das sanfte Erwachen folgt ein reichhaltiges Fr\u00fchst\u00fcck. <b>Privatstrand &#8211;<\/b>  <b>ein Sonnenschirm und zwei Liegen sind reserviert \u2013 Schwimmbad mit Massaged\u00fcsen<\/b> und<b> Sonnenterrasse <\/b>warten schon.<\/p>\n\n\n\n<p>Zus\u00e4tzliches Wohlbefinden holen Sie sich im<b> Spa<\/b>, mit T\u00fcrkischem Bad, Sauna, Erlebnisduschen mit Farblicht und Aromen, Ruheraum mit Tee und Fr\u00fcchten, und einem Sole-Whirlpool im Freien.<\/p>\n\n\n\n<p>Das <b>Essen<\/b> wird gem\u00e4\u00df der <b>lokalen Tradition <\/b>zubereitet, <b>naturnah und schmackhaft. <\/b>Kindergerechte Men\u00fcs f\u00fcr unsere kleinen G\u00e4ste. Passende Gerichte f\u00fcr G\u00e4ste, <b>die bestimmten Di\u00e4ten folgen<\/b> oder<b> unter Unvertr\u00e4glichkeiten leiden<\/b>. Auf Wunsch packen wir Ihnen einen <b>Pocket-Lunch<\/b> ein, den Sie am Strand genie\u00dfen k\u00f6nnen. Wir m\u00f6chten das Beste aus Tradition und Fortschritt zusammenbringen: den Bezug zur Gegend und zur Natur der traditionellen K\u00fcche und den Erlebniswert der modernen Pr\u00e4sentation mit <b>gro\u00dfem betreuten Buffet und Front-Cooking<\/b>.<\/p>\n","protected":false},"excerpt":{"rendered":"<p>Das Carducci Suite Hotel liegt in Villamarina di Cesenatico, einen Steinwurf vom Strand. Von den &hellip;<\/p>\n","protected":false},"author":1,"featured_media":0,"parent":16476,"menu_order":0,"comment_status":"closed","ping_status":"closed","template":"page-templates\/scheda_hotel.php","meta":{"_acf_changed":false,"footnotes":""},"class_list":["post-16635","page","type-page","status-publish","hentry"],"acf":[],"yoast_head":"<!-- This site is optimized with the Yoast SEO plugin v27.0 - https:\/\/yoast.com\/product\/yoast-seo-wordpress\/ -->\n<title>All-Inclusive-Angebote des Carducci Suite Hotels in Cesenatico<\/title>\n<meta name=\"description\" content=\"Lust auf Urlaub? Entdecken Sie die All-Inclusive-Angebote und All-Inclusive-Pakete des Hotels Carducci Suite in Cesenatico!\" \/>\n<meta name=\"robots\" content=\"index, follow, max-snippet:-1, max-image-preview:large, max-video-preview:-1\" \/>\n<link rel=\"canonical\" href=\"https:\/\/www.allinclusivehotels.it\/de\/hotels\/carducci-suite-hotel\" \/>\n<meta property=\"og:locale\" content=\"de_DE\" \/>\n<meta property=\"og:type\" content=\"article\" \/>\n<meta property=\"og:title\" content=\"All-Inclusive-Angebote des Carducci Suite Hotels in Cesenatico\" \/>\n<meta property=\"og:description\" content=\"Lust auf Urlaub? Entdecken Sie die All-Inclusive-Angebote und All-Inclusive-Pakete des Hotels Carducci Suite in Cesenatico!\" \/>\n<meta property=\"og:url\" content=\"https:\/\/www.allinclusivehotels.it\/de\/hotels\/carducci-suite-hotel\" \/>\n<meta property=\"og:site_name\" content=\"All Inclusive Hotels\" \/>\n<meta property=\"article:modified_time\" content=\"2022-06-30T13:45:06+00:00\" \/>\n<meta name=\"twitter:card\" content=\"summary_large_image\" \/>\n<meta name=\"twitter:label1\" content=\"Gesch\u00e4tzte Lesezeit\" \/>\n\t<meta name=\"twitter:data1\" content=\"1\u00a0Minute\" \/>\n<script type=\"application\/ld+json\" class=\"yoast-schema-graph\">{\"@context\":\"https:\/\/schema.org\",\"@graph\":[{\"@type\":\"WebPage\",\"@id\":\"https:\/\/www.allinclusivehotels.it\/de\/hotels\/carducci-suite-hotel\",\"url\":\"https:\/\/www.allinclusivehotels.it\/de\/hotels\/carducci-suite-hotel\",\"name\":\"All-Inclusive-Angebote des Carducci Suite Hotels in Cesenatico\",\"isPartOf\":{\"@id\":\"https:\/\/www.allinclusivehotels.it\/de#website\"},\"datePublished\":\"2022-03-28T08:08:27+00:00\",\"dateModified\":\"2022-06-30T13:45:06+00:00\",\"description\":\"Lust auf Urlaub? Entdecken Sie die All-Inclusive-Angebote und All-Inclusive-Pakete des Hotels Carducci Suite in Cesenatico!\",\"breadcrumb\":{\"@id\":\"https:\/\/www.allinclusivehotels.it\/de\/hotels\/carducci-suite-hotel#breadcrumb\"},\"inLanguage\":\"de\",\"potentialAction\":[{\"@type\":\"ReadAction\",\"target\":[\"https:\/\/www.allinclusivehotels.it\/de\/hotels\/carducci-suite-hotel\"]}]},{\"@type\":\"BreadcrumbList\",\"@id\":\"https:\/\/www.allinclusivehotels.it\/de\/hotels\/carducci-suite-hotel#breadcrumb\",\"itemListElement\":[{\"@type\":\"ListItem\",\"position\":1,\"name\":\"Home\",\"item\":\"https:\/\/www.allinclusivehotels.it\/de\"},{\"@type\":\"ListItem\",\"position\":2,\"name\":\"Hotels\",\"item\":\"https:\/\/www.allinclusivehotels.it\/de\/hotels\"},{\"@type\":\"ListItem\",\"position\":3,\"name\":\"Carducci Suite Hotel\"}]},{\"@type\":\"WebSite\",\"@id\":\"https:\/\/www.allinclusivehotels.it\/de#website\",\"url\":\"https:\/\/www.allinclusivehotels.it\/de\",\"name\":\"All Inclusive Hotels\",\"description\":\"\",\"publisher\":{\"@id\":\"https:\/\/www.allinclusivehotels.it\/de#organization\"},\"potentialAction\":[{\"@type\":\"SearchAction\",\"target\":{\"@type\":\"EntryPoint\",\"urlTemplate\":\"https:\/\/www.allinclusivehotels.it\/de?s={search_term_string}\"},\"query-input\":{\"@type\":\"PropertyValueSpecification\",\"valueRequired\":true,\"valueName\":\"search_term_string\"}}],\"inLanguage\":\"de\"},{\"@type\":\"Organization\",\"@id\":\"https:\/\/www.allinclusivehotels.it\/de#organization\",\"name\":\"All Inclusive Hotels\",\"url\":\"https:\/\/www.allinclusivehotels.it\/de\",\"logo\":{\"@type\":\"ImageObject\",\"inLanguage\":\"de\",\"@id\":\"https:\/\/www.allinclusivehotels.it\/de#\/schema\/logo\/image\/\",\"url\":\"\",\"contentUrl\":\"\",\"caption\":\"All Inclusive Hotels\"},\"image\":{\"@id\":\"https:\/\/www.allinclusivehotels.it\/de#\/schema\/logo\/image\/\"}}]}<\/script>\n<!-- \/ Yoast SEO plugin. -->","yoast_head_json":{"title":"All-Inclusive-Angebote des Carducci Suite Hotels in Cesenatico","description":"Lust auf Urlaub? Entdecken Sie die All-Inclusive-Angebote und All-Inclusive-Pakete des Hotels Carducci Suite in Cesenatico!","robots":{"index":"index","follow":"follow","max-snippet":"max-snippet:-1","max-image-preview":"max-image-preview:large","max-video-preview":"max-video-preview:-1"},"canonical":"https:\/\/www.allinclusivehotels.it\/de\/hotels\/carducci-suite-hotel","og_locale":"de_DE","og_type":"article","og_title":"All-Inclusive-Angebote des Carducci Suite Hotels in Cesenatico","og_description":"Lust auf Urlaub? Entdecken Sie die All-Inclusive-Angebote und All-Inclusive-Pakete des Hotels Carducci Suite in Cesenatico!","og_url":"https:\/\/www.allinclusivehotels.it\/de\/hotels\/carducci-suite-hotel","og_site_name":"All Inclusive Hotels","article_modified_time":"2022-06-30T13:45:06+00:00","twitter_card":"summary_large_image","twitter_misc":{"Gesch\u00e4tzte Lesezeit":"1\u00a0Minute"},"schema":{"@context":"https:\/\/schema.org","@graph":[{"@type":"WebPage","@id":"https:\/\/www.allinclusivehotels.it\/de\/hotels\/carducci-suite-hotel","url":"https:\/\/www.allinclusivehotels.it\/de\/hotels\/carducci-suite-hotel","name":"All-Inclusive-Angebote des Carducci Suite Hotels in Cesenatico","isPartOf":{"@id":"https:\/\/www.allinclusivehotels.it\/de#website"},"datePublished":"2022-03-28T08:08:27+00:00","dateModified":"2022-06-30T13:45:06+00:00","description":"Lust auf Urlaub? Entdecken Sie die All-Inclusive-Angebote und All-Inclusive-Pakete des Hotels Carducci Suite in Cesenatico!","breadcrumb":{"@id":"https:\/\/www.allinclusivehotels.it\/de\/hotels\/carducci-suite-hotel#breadcrumb"},"inLanguage":"de","potentialAction":[{"@type":"ReadAction","target":["https:\/\/www.allinclusivehotels.it\/de\/hotels\/carducci-suite-hotel"]}]},{"@type":"BreadcrumbList","@id":"https:\/\/www.allinclusivehotels.it\/de\/hotels\/carducci-suite-hotel#breadcrumb","itemListElement":[{"@type":"ListItem","position":1,"name":"Home","item":"https:\/\/www.allinclusivehotels.it\/de"},{"@type":"ListItem","position":2,"name":"Hotels","item":"https:\/\/www.allinclusivehotels.it\/de\/hotels"},{"@type":"ListItem","position":3,"name":"Carducci Suite Hotel"}]},{"@type":"WebSite","@id":"https:\/\/www.allinclusivehotels.it\/de#website","url":"https:\/\/www.allinclusivehotels.it\/de","name":"All Inclusive Hotels","description":"","publisher":{"@id":"https:\/\/www.allinclusivehotels.it\/de#organization"},"potentialAction":[{"@type":"SearchAction","target":{"@type":"EntryPoint","urlTemplate":"https:\/\/www.allinclusivehotels.it\/de?s={search_term_string}"},"query-input":{"@type":"PropertyValueSpecification","valueRequired":true,"valueName":"search_term_string"}}],"inLanguage":"de"},{"@type":"Organization","@id":"https:\/\/www.allinclusivehotels.it\/de#organization","name":"All Inclusive Hotels","url":"https:\/\/www.allinclusivehotels.it\/de","logo":{"@type":"ImageObject","inLanguage":"de","@id":"https:\/\/www.allinclusivehotels.it\/de#\/schema\/logo\/image\/","url":"","contentUrl":"","caption":"All Inclusive Hotels"},"image":{"@id":"https:\/\/www.allinclusivehotels.it\/de#\/schema\/logo\/image\/"}}]}},"_links":{"self":[{"href":"https:\/\/www.allinclusivehotels.it\/de\/wp-json\/wp\/v2\/pages\/16635","targetHints":{"allow":["GET"]}}],"collection":[{"href":"https:\/\/www.allinclusivehotels.it\/de\/wp-json\/wp\/v2\/pages"}],"about":[{"href":"https:\/\/www.allinclusivehotels.it\/de\/wp-json\/wp\/v2\/types\/page"}],"author":[{"embeddable":true,"href":"https:\/\/www.allinclusivehotels.it\/de\/wp-json\/wp\/v2\/users\/1"}],"replies":[{"embeddable":true,"href":"https:\/\/www.allinclusivehotels.it\/de\/wp-json\/wp\/v2\/comments?post=16635"}],"version-history":[{"count":2,"href":"https:\/\/www.allinclusivehotels.it\/de\/wp-json\/wp\/v2\/pages\/16635\/revisions"}],"predecessor-version":[{"id":21232,"href":"https:\/\/www.allinclusivehotels.it\/de\/wp-json\/wp\/v2\/pages\/16635\/revisions\/21232"}],"up":[{"embeddable":true,"href":"https:\/\/www.allinclusivehotels.it\/de\/wp-json\/wp\/v2\/pages\/16476"}],"wp:attachment":[{"href":"https:\/\/www.allinclusivehotels.it\/de\/wp-json\/wp\/v2\/media?parent=16635"}],"curies":[{"name":"wp","href":"https:\/\/api.w.org\/{rel}","templated":true}]}}