{"id":16623,"date":"2022-03-28T10:08:21","date_gmt":"2022-03-28T08:08:21","guid":{"rendered":"https:\/\/www.allinclusivehotels.it\/hotels\/hotel-boracay"},"modified":"2022-07-01T09:18:11","modified_gmt":"2022-07-01T07:18:11","slug":"hotel-boracay","status":"publish","type":"page","link":"https:\/\/www.allinclusivehotels.it\/de\/hotels\/hotel-boracay","title":{"rendered":"Hotel Boracay"},"content":{"rendered":"\n<p>Im Hotel Boracay in Alba Adriatica werden Sie mit einem L\u00e4cheln und einem <b>erfrischenden Willkommenstrunk <\/b>begr\u00fc\u00dft. Beginnen Sie den Tag auf der s<b>ch\u00f6nen Terrasse <\/b>und naschen Sie <b>frische Konditoreiwaren <\/b>aus unserer K\u00fcche, w\u00e4hrend Sie entscheiden, wann Sie zum wenige Meter entfernten <b>Privatstrand <\/b>gehen, wann Sie im <b>Salzwasserschwimmbad<\/b> baden,  und wann Sie im <b>Whirpool auf der Terrasse <\/b>sitzend das Meerpanorama genie\u00dfen wollen.<\/p>\n\n\n\n<!--more-->\n\n\n\n<p>Die <b>Animation<\/b> bereichert Ihr Urlaubsprogramm mit vielen Aktivit\u00e4ten f\u00fcr Erwachsene und Kinder. Die <b>K\u00fcche<\/b> sorgt mit Vielfalt und erstklassigen Zutaten daf\u00fcr, dass kein Bed\u00fcrfnis unbefriedigt bleibt. Sie ist auch vom <b>AIC -Italienischer Z\u00f6liakie Verband \u2013 zertifiziert<\/b>. F\u00fcr die <b>Kinder<\/b> gibt es <b>Mini-Men\u00fcs<\/b> und <b>flexible Essenszeiten.<\/b><\/p>\n\n\n\n<p>&#8220;Geschmackvolle&#8221; <b>Themen-Abende <\/b>machen Sie mit den kulinarischen Spezialit\u00e4ten der Abruzzen bekannt.<\/p>\n","protected":false},"excerpt":{"rendered":"<p>Im Hotel Boracay in Alba Adriatica werden Sie mit einem L\u00e4cheln und einem erfrischenden Willkommenstrunk &hellip;<\/p>\n","protected":false},"author":1,"featured_media":0,"parent":16476,"menu_order":0,"comment_status":"closed","ping_status":"closed","template":"page-templates\/scheda_hotel.php","meta":{"_acf_changed":false,"footnotes":""},"class_list":["post-16623","page","type-page","status-publish","hentry"],"acf":[],"yoast_head":"<!-- This site is optimized with the Yoast SEO plugin v27.0 - https:\/\/yoast.com\/product\/yoast-seo-wordpress\/ -->\n<title>Hotel Boracay - All Inclusive Hotels<\/title>\n<meta name=\"robots\" content=\"index, follow, max-snippet:-1, max-image-preview:large, max-video-preview:-1\" \/>\n<link rel=\"canonical\" href=\"https:\/\/www.allinclusivehotels.it\/de\/hotels\/hotel-boracay\" \/>\n<meta property=\"og:locale\" content=\"de_DE\" \/>\n<meta property=\"og:type\" content=\"article\" \/>\n<meta property=\"og:title\" content=\"Hotel Boracay - All Inclusive Hotels\" \/>\n<meta property=\"og:description\" content=\"Im Hotel Boracay in Alba Adriatica werden Sie mit einem L\u00e4cheln und einem erfrischenden Willkommenstrunk &hellip;\" \/>\n<meta property=\"og:url\" content=\"https:\/\/www.allinclusivehotels.it\/de\/hotels\/hotel-boracay\" \/>\n<meta property=\"og:site_name\" content=\"All Inclusive Hotels\" \/>\n<meta property=\"article:modified_time\" content=\"2022-07-01T07:18:11+00:00\" \/>\n<meta name=\"twitter:card\" content=\"summary_large_image\" \/>\n<meta name=\"twitter:label1\" content=\"Gesch\u00e4tzte Lesezeit\" \/>\n\t<meta name=\"twitter:data1\" content=\"1\u00a0Minute\" \/>\n<script type=\"application\/ld+json\" class=\"yoast-schema-graph\">{\"@context\":\"https:\/\/schema.org\",\"@graph\":[{\"@type\":\"WebPage\",\"@id\":\"https:\/\/www.allinclusivehotels.it\/de\/hotels\/hotel-boracay\",\"url\":\"https:\/\/www.allinclusivehotels.it\/de\/hotels\/hotel-boracay\",\"name\":\"Hotel Boracay - All Inclusive Hotels\",\"isPartOf\":{\"@id\":\"https:\/\/www.allinclusivehotels.it\/de#website\"},\"datePublished\":\"2022-03-28T08:08:21+00:00\",\"dateModified\":\"2022-07-01T07:18:11+00:00\",\"breadcrumb\":{\"@id\":\"https:\/\/www.allinclusivehotels.it\/de\/hotels\/hotel-boracay#breadcrumb\"},\"inLanguage\":\"de\",\"potentialAction\":[{\"@type\":\"ReadAction\",\"target\":[\"https:\/\/www.allinclusivehotels.it\/de\/hotels\/hotel-boracay\"]}]},{\"@type\":\"BreadcrumbList\",\"@id\":\"https:\/\/www.allinclusivehotels.it\/de\/hotels\/hotel-boracay#breadcrumb\",\"itemListElement\":[{\"@type\":\"ListItem\",\"position\":1,\"name\":\"Home\",\"item\":\"https:\/\/www.allinclusivehotels.it\/de\"},{\"@type\":\"ListItem\",\"position\":2,\"name\":\"Hotels\",\"item\":\"https:\/\/www.allinclusivehotels.it\/de\/hotels\"},{\"@type\":\"ListItem\",\"position\":3,\"name\":\"Hotel Boracay\"}]},{\"@type\":\"WebSite\",\"@id\":\"https:\/\/www.allinclusivehotels.it\/de#website\",\"url\":\"https:\/\/www.allinclusivehotels.it\/de\",\"name\":\"All Inclusive Hotels\",\"description\":\"\",\"publisher\":{\"@id\":\"https:\/\/www.allinclusivehotels.it\/de#organization\"},\"potentialAction\":[{\"@type\":\"SearchAction\",\"target\":{\"@type\":\"EntryPoint\",\"urlTemplate\":\"https:\/\/www.allinclusivehotels.it\/de?s={search_term_string}\"},\"query-input\":{\"@type\":\"PropertyValueSpecification\",\"valueRequired\":true,\"valueName\":\"search_term_string\"}}],\"inLanguage\":\"de\"},{\"@type\":\"Organization\",\"@id\":\"https:\/\/www.allinclusivehotels.it\/de#organization\",\"name\":\"All Inclusive Hotels\",\"url\":\"https:\/\/www.allinclusivehotels.it\/de\",\"logo\":{\"@type\":\"ImageObject\",\"inLanguage\":\"de\",\"@id\":\"https:\/\/www.allinclusivehotels.it\/de#\/schema\/logo\/image\/\",\"url\":\"\",\"contentUrl\":\"\",\"caption\":\"All Inclusive Hotels\"},\"image\":{\"@id\":\"https:\/\/www.allinclusivehotels.it\/de#\/schema\/logo\/image\/\"}}]}<\/script>\n<!-- \/ Yoast SEO plugin. -->","yoast_head_json":{"title":"Hotel Boracay - All Inclusive Hotels","robots":{"index":"index","follow":"follow","max-snippet":"max-snippet:-1","max-image-preview":"max-image-preview:large","max-video-preview":"max-video-preview:-1"},"canonical":"https:\/\/www.allinclusivehotels.it\/de\/hotels\/hotel-boracay","og_locale":"de_DE","og_type":"article","og_title":"Hotel Boracay - All Inclusive Hotels","og_description":"Im Hotel Boracay in Alba Adriatica werden Sie mit einem L\u00e4cheln und einem erfrischenden Willkommenstrunk &hellip;","og_url":"https:\/\/www.allinclusivehotels.it\/de\/hotels\/hotel-boracay","og_site_name":"All Inclusive Hotels","article_modified_time":"2022-07-01T07:18:11+00:00","twitter_card":"summary_large_image","twitter_misc":{"Gesch\u00e4tzte Lesezeit":"1\u00a0Minute"},"schema":{"@context":"https:\/\/schema.org","@graph":[{"@type":"WebPage","@id":"https:\/\/www.allinclusivehotels.it\/de\/hotels\/hotel-boracay","url":"https:\/\/www.allinclusivehotels.it\/de\/hotels\/hotel-boracay","name":"Hotel Boracay - All Inclusive Hotels","isPartOf":{"@id":"https:\/\/www.allinclusivehotels.it\/de#website"},"datePublished":"2022-03-28T08:08:21+00:00","dateModified":"2022-07-01T07:18:11+00:00","breadcrumb":{"@id":"https:\/\/www.allinclusivehotels.it\/de\/hotels\/hotel-boracay#breadcrumb"},"inLanguage":"de","potentialAction":[{"@type":"ReadAction","target":["https:\/\/www.allinclusivehotels.it\/de\/hotels\/hotel-boracay"]}]},{"@type":"BreadcrumbList","@id":"https:\/\/www.allinclusivehotels.it\/de\/hotels\/hotel-boracay#breadcrumb","itemListElement":[{"@type":"ListItem","position":1,"name":"Home","item":"https:\/\/www.allinclusivehotels.it\/de"},{"@type":"ListItem","position":2,"name":"Hotels","item":"https:\/\/www.allinclusivehotels.it\/de\/hotels"},{"@type":"ListItem","position":3,"name":"Hotel Boracay"}]},{"@type":"WebSite","@id":"https:\/\/www.allinclusivehotels.it\/de#website","url":"https:\/\/www.allinclusivehotels.it\/de","name":"All Inclusive Hotels","description":"","publisher":{"@id":"https:\/\/www.allinclusivehotels.it\/de#organization"},"potentialAction":[{"@type":"SearchAction","target":{"@type":"EntryPoint","urlTemplate":"https:\/\/www.allinclusivehotels.it\/de?s={search_term_string}"},"query-input":{"@type":"PropertyValueSpecification","valueRequired":true,"valueName":"search_term_string"}}],"inLanguage":"de"},{"@type":"Organization","@id":"https:\/\/www.allinclusivehotels.it\/de#organization","name":"All Inclusive Hotels","url":"https:\/\/www.allinclusivehotels.it\/de","logo":{"@type":"ImageObject","inLanguage":"de","@id":"https:\/\/www.allinclusivehotels.it\/de#\/schema\/logo\/image\/","url":"","contentUrl":"","caption":"All Inclusive Hotels"},"image":{"@id":"https:\/\/www.allinclusivehotels.it\/de#\/schema\/logo\/image\/"}}]}},"_links":{"self":[{"href":"https:\/\/www.allinclusivehotels.it\/de\/wp-json\/wp\/v2\/pages\/16623","targetHints":{"allow":["GET"]}}],"collection":[{"href":"https:\/\/www.allinclusivehotels.it\/de\/wp-json\/wp\/v2\/pages"}],"about":[{"href":"https:\/\/www.allinclusivehotels.it\/de\/wp-json\/wp\/v2\/types\/page"}],"author":[{"embeddable":true,"href":"https:\/\/www.allinclusivehotels.it\/de\/wp-json\/wp\/v2\/users\/1"}],"replies":[{"embeddable":true,"href":"https:\/\/www.allinclusivehotels.it\/de\/wp-json\/wp\/v2\/comments?post=16623"}],"version-history":[{"count":2,"href":"https:\/\/www.allinclusivehotels.it\/de\/wp-json\/wp\/v2\/pages\/16623\/revisions"}],"predecessor-version":[{"id":21270,"href":"https:\/\/www.allinclusivehotels.it\/de\/wp-json\/wp\/v2\/pages\/16623\/revisions\/21270"}],"up":[{"embeddable":true,"href":"https:\/\/www.allinclusivehotels.it\/de\/wp-json\/wp\/v2\/pages\/16476"}],"wp:attachment":[{"href":"https:\/\/www.allinclusivehotels.it\/de\/wp-json\/wp\/v2\/media?parent=16623"}],"curies":[{"name":"wp","href":"https:\/\/api.w.org\/{rel}","templated":true}]}}