{"id":16563,"date":"2022-03-28T10:06:15","date_gmt":"2022-03-28T08:06:15","guid":{"rendered":"https:\/\/www.allinclusivehotels.it\/hotels\/club-family-hotel-riccione"},"modified":"2023-03-30T10:35:14","modified_gmt":"2023-03-30T08:35:14","slug":"club-family-hotel-riccione","status":"publish","type":"page","link":"https:\/\/www.allinclusivehotels.it\/de\/hotels\/club-family-hotel-riccione","title":{"rendered":"Club Family Hotel Riccione"},"content":{"rendered":"\n<p>Das <b>Club Family Hotel Riccione <\/b>vereint die Vorz\u00fcge eines  Hotels und das Freizeitangebot eines Feriendorfes in seinem Leistungspaket <b>Formula Club Family All Inclusive \u00ae Open Bar. <\/b>Zwischen dem gepflegten 3-Sterne-Hotel und dem Strand liegt keine Stra\u00dfe! Ein <b>Sonnenschirm und zwei Liegen<\/b> sind f\u00fcr Sie reserviert. Wenn Sie m\u00f6chten, k\u00f6nnen Sie dort auch zu Mittag essen, dank unserem <b>Pocket-Lunch-Service. <\/b>Ein <b>Schwimmbad <\/b>ist auch da, Wassertemperatur 28 \u00b0 C, mit <b>Rutschbahnen f\u00fcr die Kinder<\/b>.<\/p>\n\n\n\n<!--more-->\n\n\n\n<p>Kinder stehen bei uns im Mittelpunkt, daf\u00fcr sorgt ein <b>Team von kompetenten Animateur*innen an 7 Tagen in der Woche<\/b>. <b>Mini-, Junior- und Teen-Club<\/b> bieten an die jeweilige Altersstufe angepasste Aktivit\u00e4ten. Gr\u00f6\u00dferen steht die beliebte Spielekonsole <b>PlayStation 5 <\/b>zur Verf\u00fcgung! Jeden Tag von 15:00 bis 18:00 Uhr gibt es eine <b>Super-Brotzeit<\/b> mit Hamburgern, belegter Piadina, Cr\u00eapes, Brioches und gesunden frisch gepressten S\u00e4ften!<\/p>\n\n\n\n<p>Vergessen Sie nicht: bei uns ist der <b>Aufenthalt f\u00fcr 2 Kinder bis 18 Jahre gratis \u2013<\/b> echt g\u00fcnstiger Urlaub! Den ganzen Sommer \u00fcber, bei einem Mindestaufenthalt <strong>von 6 N\u00e4chten, schenkt das Hotel Ihrer ganzen Familie Eintrittskarten f\u00fcr den Freizeitpark Mirabilandia<\/strong>.<\/p>\n","protected":false},"excerpt":{"rendered":"<p>Das Club Family Hotel Riccione vereint die Vorz\u00fcge eines Hotels und das Freizeitangebot eines Feriendorfes &hellip;<\/p>\n","protected":false},"author":1,"featured_media":0,"parent":16476,"menu_order":0,"comment_status":"closed","ping_status":"closed","template":"page-templates\/scheda_hotel.php","meta":{"_acf_changed":false,"footnotes":""},"class_list":["post-16563","page","type-page","status-publish","hentry"],"acf":[],"yoast_head":"<!-- This site is optimized with the Yoast SEO plugin v27.0 - https:\/\/yoast.com\/product\/yoast-seo-wordpress\/ -->\n<title>Club Family Hotel Riccione - All Inclusive Hotels<\/title>\n<meta name=\"robots\" content=\"index, follow, max-snippet:-1, max-image-preview:large, max-video-preview:-1\" \/>\n<link rel=\"canonical\" href=\"https:\/\/www.allinclusivehotels.it\/de\/hotels\/club-family-hotel-riccione\" \/>\n<meta property=\"og:locale\" content=\"de_DE\" \/>\n<meta property=\"og:type\" content=\"article\" \/>\n<meta property=\"og:title\" content=\"Club Family Hotel Riccione - All Inclusive Hotels\" \/>\n<meta property=\"og:description\" content=\"Das Club Family Hotel Riccione vereint die Vorz\u00fcge eines Hotels und das Freizeitangebot eines Feriendorfes &hellip;\" \/>\n<meta property=\"og:url\" content=\"https:\/\/www.allinclusivehotels.it\/de\/hotels\/club-family-hotel-riccione\" \/>\n<meta property=\"og:site_name\" content=\"All Inclusive Hotels\" \/>\n<meta property=\"article:modified_time\" content=\"2023-03-30T08:35:14+00:00\" \/>\n<meta name=\"twitter:card\" content=\"summary_large_image\" \/>\n<meta name=\"twitter:label1\" content=\"Gesch\u00e4tzte Lesezeit\" \/>\n\t<meta name=\"twitter:data1\" content=\"1\u00a0Minute\" \/>\n<script type=\"application\/ld+json\" class=\"yoast-schema-graph\">{\"@context\":\"https:\/\/schema.org\",\"@graph\":[{\"@type\":\"WebPage\",\"@id\":\"https:\/\/www.allinclusivehotels.it\/de\/hotels\/club-family-hotel-riccione\",\"url\":\"https:\/\/www.allinclusivehotels.it\/de\/hotels\/club-family-hotel-riccione\",\"name\":\"Club Family Hotel Riccione - All Inclusive Hotels\",\"isPartOf\":{\"@id\":\"https:\/\/www.allinclusivehotels.it\/de#website\"},\"datePublished\":\"2022-03-28T08:06:15+00:00\",\"dateModified\":\"2023-03-30T08:35:14+00:00\",\"breadcrumb\":{\"@id\":\"https:\/\/www.allinclusivehotels.it\/de\/hotels\/club-family-hotel-riccione#breadcrumb\"},\"inLanguage\":\"de\",\"potentialAction\":[{\"@type\":\"ReadAction\",\"target\":[\"https:\/\/www.allinclusivehotels.it\/de\/hotels\/club-family-hotel-riccione\"]}]},{\"@type\":\"BreadcrumbList\",\"@id\":\"https:\/\/www.allinclusivehotels.it\/de\/hotels\/club-family-hotel-riccione#breadcrumb\",\"itemListElement\":[{\"@type\":\"ListItem\",\"position\":1,\"name\":\"Home\",\"item\":\"https:\/\/www.allinclusivehotels.it\/de\"},{\"@type\":\"ListItem\",\"position\":2,\"name\":\"Hotels\",\"item\":\"https:\/\/www.allinclusivehotels.it\/de\/hotels\"},{\"@type\":\"ListItem\",\"position\":3,\"name\":\"Club Family Hotel Riccione\"}]},{\"@type\":\"WebSite\",\"@id\":\"https:\/\/www.allinclusivehotels.it\/de#website\",\"url\":\"https:\/\/www.allinclusivehotels.it\/de\",\"name\":\"All Inclusive Hotels\",\"description\":\"\",\"publisher\":{\"@id\":\"https:\/\/www.allinclusivehotels.it\/de#organization\"},\"potentialAction\":[{\"@type\":\"SearchAction\",\"target\":{\"@type\":\"EntryPoint\",\"urlTemplate\":\"https:\/\/www.allinclusivehotels.it\/de?s={search_term_string}\"},\"query-input\":{\"@type\":\"PropertyValueSpecification\",\"valueRequired\":true,\"valueName\":\"search_term_string\"}}],\"inLanguage\":\"de\"},{\"@type\":\"Organization\",\"@id\":\"https:\/\/www.allinclusivehotels.it\/de#organization\",\"name\":\"All Inclusive Hotels\",\"url\":\"https:\/\/www.allinclusivehotels.it\/de\",\"logo\":{\"@type\":\"ImageObject\",\"inLanguage\":\"de\",\"@id\":\"https:\/\/www.allinclusivehotels.it\/de#\/schema\/logo\/image\/\",\"url\":\"\",\"contentUrl\":\"\",\"caption\":\"All Inclusive Hotels\"},\"image\":{\"@id\":\"https:\/\/www.allinclusivehotels.it\/de#\/schema\/logo\/image\/\"}}]}<\/script>\n<!-- \/ Yoast SEO plugin. -->","yoast_head_json":{"title":"Club Family Hotel Riccione - All Inclusive Hotels","robots":{"index":"index","follow":"follow","max-snippet":"max-snippet:-1","max-image-preview":"max-image-preview:large","max-video-preview":"max-video-preview:-1"},"canonical":"https:\/\/www.allinclusivehotels.it\/de\/hotels\/club-family-hotel-riccione","og_locale":"de_DE","og_type":"article","og_title":"Club Family Hotel Riccione - All Inclusive Hotels","og_description":"Das Club Family Hotel Riccione vereint die Vorz\u00fcge eines Hotels und das Freizeitangebot eines Feriendorfes &hellip;","og_url":"https:\/\/www.allinclusivehotels.it\/de\/hotels\/club-family-hotel-riccione","og_site_name":"All Inclusive Hotels","article_modified_time":"2023-03-30T08:35:14+00:00","twitter_card":"summary_large_image","twitter_misc":{"Gesch\u00e4tzte Lesezeit":"1\u00a0Minute"},"schema":{"@context":"https:\/\/schema.org","@graph":[{"@type":"WebPage","@id":"https:\/\/www.allinclusivehotels.it\/de\/hotels\/club-family-hotel-riccione","url":"https:\/\/www.allinclusivehotels.it\/de\/hotels\/club-family-hotel-riccione","name":"Club Family Hotel Riccione - All Inclusive Hotels","isPartOf":{"@id":"https:\/\/www.allinclusivehotels.it\/de#website"},"datePublished":"2022-03-28T08:06:15+00:00","dateModified":"2023-03-30T08:35:14+00:00","breadcrumb":{"@id":"https:\/\/www.allinclusivehotels.it\/de\/hotels\/club-family-hotel-riccione#breadcrumb"},"inLanguage":"de","potentialAction":[{"@type":"ReadAction","target":["https:\/\/www.allinclusivehotels.it\/de\/hotels\/club-family-hotel-riccione"]}]},{"@type":"BreadcrumbList","@id":"https:\/\/www.allinclusivehotels.it\/de\/hotels\/club-family-hotel-riccione#breadcrumb","itemListElement":[{"@type":"ListItem","position":1,"name":"Home","item":"https:\/\/www.allinclusivehotels.it\/de"},{"@type":"ListItem","position":2,"name":"Hotels","item":"https:\/\/www.allinclusivehotels.it\/de\/hotels"},{"@type":"ListItem","position":3,"name":"Club Family Hotel Riccione"}]},{"@type":"WebSite","@id":"https:\/\/www.allinclusivehotels.it\/de#website","url":"https:\/\/www.allinclusivehotels.it\/de","name":"All Inclusive Hotels","description":"","publisher":{"@id":"https:\/\/www.allinclusivehotels.it\/de#organization"},"potentialAction":[{"@type":"SearchAction","target":{"@type":"EntryPoint","urlTemplate":"https:\/\/www.allinclusivehotels.it\/de?s={search_term_string}"},"query-input":{"@type":"PropertyValueSpecification","valueRequired":true,"valueName":"search_term_string"}}],"inLanguage":"de"},{"@type":"Organization","@id":"https:\/\/www.allinclusivehotels.it\/de#organization","name":"All Inclusive Hotels","url":"https:\/\/www.allinclusivehotels.it\/de","logo":{"@type":"ImageObject","inLanguage":"de","@id":"https:\/\/www.allinclusivehotels.it\/de#\/schema\/logo\/image\/","url":"","contentUrl":"","caption":"All Inclusive Hotels"},"image":{"@id":"https:\/\/www.allinclusivehotels.it\/de#\/schema\/logo\/image\/"}}]}},"_links":{"self":[{"href":"https:\/\/www.allinclusivehotels.it\/de\/wp-json\/wp\/v2\/pages\/16563","targetHints":{"allow":["GET"]}}],"collection":[{"href":"https:\/\/www.allinclusivehotels.it\/de\/wp-json\/wp\/v2\/pages"}],"about":[{"href":"https:\/\/www.allinclusivehotels.it\/de\/wp-json\/wp\/v2\/types\/page"}],"author":[{"embeddable":true,"href":"https:\/\/www.allinclusivehotels.it\/de\/wp-json\/wp\/v2\/users\/1"}],"replies":[{"embeddable":true,"href":"https:\/\/www.allinclusivehotels.it\/de\/wp-json\/wp\/v2\/comments?post=16563"}],"version-history":[{"count":6,"href":"https:\/\/www.allinclusivehotels.it\/de\/wp-json\/wp\/v2\/pages\/16563\/revisions"}],"predecessor-version":[{"id":28368,"href":"https:\/\/www.allinclusivehotels.it\/de\/wp-json\/wp\/v2\/pages\/16563\/revisions\/28368"}],"up":[{"embeddable":true,"href":"https:\/\/www.allinclusivehotels.it\/de\/wp-json\/wp\/v2\/pages\/16476"}],"wp:attachment":[{"href":"https:\/\/www.allinclusivehotels.it\/de\/wp-json\/wp\/v2\/media?parent=16563"}],"curies":[{"name":"wp","href":"https:\/\/api.w.org\/{rel}","templated":true}]}}