{"id":16555,"date":"2022-03-28T10:06:11","date_gmt":"2022-03-28T08:06:11","guid":{"rendered":"https:\/\/www.allinclusivehotels.it\/hotels\/color-metropolitan-family-hotel"},"modified":"2026-02-24T16:53:25","modified_gmt":"2026-02-24T15:53:25","slug":"color-metropolitan-family-hotel","status":"publish","type":"page","link":"https:\/\/www.allinclusivehotels.it\/de\/hotels\/color-metropolitan-family-hotel","title":{"rendered":"Color Metropolitan Family Hotel"},"content":{"rendered":"\n<p>Das Metropolitan ist ein modernes, helles Hotel mit gro\u00dfen R\u00e4umen und liegt in einer ruhigen Zone von Cesenatico, <b>300 m vom Meer<\/b>, an dem <b>ein Sonnenschirm und zwei Liegen<\/b> f\u00fcr Sie reserviert sind.<\/p>\n\n\n\n<!--more-->\n\n\n\n<p>Am Hotel finden Sie <b>zwei Schwimmb\u00e4der<\/b>, eines f\u00fcr Erwachsene, <strong>auf 24\u00b0C beheizt<\/strong>, <b>zur H\u00e4lfte \u00fcberdacht,<\/b> mit sch\u00f6ner <b>Wassermassage-Zone<\/b>, und eines f\u00fcr kleinere <b>Kinder<\/b>, <b>nur 20 cm tief<\/b>, mit lustigen <b>Wasserspielen<\/b>.<\/p>\n\n\n\n<p>Die wichtigsten G\u00e4ste hier sind jedoch die Kinder : Der exklusive <strong>Babycare-Service<\/strong> wurde speziell f\u00fcr die Kleinsten von <strong>0 bis 3 Jahren<\/strong> entwickelt, mit altersgerechten <strong>Sets<\/strong>, <strong>Babysitter-Service<\/strong> und <strong>einem eigenen<\/strong> Raum. Und die Animation? Einfach gro\u00dfartig! <strong>7 Tage die Woche,<\/strong> sowohl am <strong>Strand<\/strong> als auch im <strong>Hotel<\/strong>, mit Aktivit\u00e4ten und Unterhaltung f\u00fcr Gro\u00df und Klein.<\/p>\n\n\n\n<p><strong>Schaumpartys,<\/strong> Turniere, Baby Dance, die <strong>Color Explosion<\/strong> und viele Abendshows \u2014 Langeweile kommt hier garantiert nicht auf, f\u00fcr G\u00e4ste jeden Alters!<\/p>\n","protected":false},"excerpt":{"rendered":"<p>Das Metropolitan ist ein modernes, helles Hotel mit gro\u00dfen R\u00e4umen und liegt in einer ruhigen &hellip;<\/p>\n","protected":false},"author":1,"featured_media":0,"parent":16476,"menu_order":0,"comment_status":"closed","ping_status":"closed","template":"page-templates\/scheda_hotel.php","meta":{"_acf_changed":false,"footnotes":""},"class_list":["post-16555","page","type-page","status-publish","hentry"],"acf":[],"yoast_head":"<!-- This site is optimized with the Yoast SEO plugin v27.0 - https:\/\/yoast.com\/product\/yoast-seo-wordpress\/ -->\n<title>Color Metropolitan Family Hotel - All Inclusive Hotels<\/title>\n<meta name=\"robots\" content=\"index, follow, max-snippet:-1, max-image-preview:large, max-video-preview:-1\" \/>\n<link rel=\"canonical\" href=\"https:\/\/www.allinclusivehotels.it\/de\/hotels\/color-metropolitan-family-hotel\" \/>\n<meta property=\"og:locale\" content=\"de_DE\" \/>\n<meta property=\"og:type\" content=\"article\" \/>\n<meta property=\"og:title\" content=\"Color Metropolitan Family Hotel - All Inclusive Hotels\" \/>\n<meta property=\"og:description\" content=\"Das Metropolitan ist ein modernes, helles Hotel mit gro\u00dfen R\u00e4umen und liegt in einer ruhigen &hellip;\" \/>\n<meta property=\"og:url\" content=\"https:\/\/www.allinclusivehotels.it\/de\/hotels\/color-metropolitan-family-hotel\" \/>\n<meta property=\"og:site_name\" content=\"All Inclusive Hotels\" \/>\n<meta property=\"article:modified_time\" content=\"2026-02-24T15:53:25+00:00\" \/>\n<meta name=\"twitter:card\" content=\"summary_large_image\" \/>\n<meta name=\"twitter:label1\" content=\"Gesch\u00e4tzte Lesezeit\" \/>\n\t<meta name=\"twitter:data1\" content=\"1\u00a0Minute\" \/>\n<script type=\"application\/ld+json\" class=\"yoast-schema-graph\">{\"@context\":\"https:\/\/schema.org\",\"@graph\":[{\"@type\":\"WebPage\",\"@id\":\"https:\/\/www.allinclusivehotels.it\/de\/hotels\/color-metropolitan-family-hotel\",\"url\":\"https:\/\/www.allinclusivehotels.it\/de\/hotels\/color-metropolitan-family-hotel\",\"name\":\"Color Metropolitan Family Hotel - All Inclusive Hotels\",\"isPartOf\":{\"@id\":\"https:\/\/www.allinclusivehotels.it\/de#website\"},\"datePublished\":\"2022-03-28T08:06:11+00:00\",\"dateModified\":\"2026-02-24T15:53:25+00:00\",\"breadcrumb\":{\"@id\":\"https:\/\/www.allinclusivehotels.it\/de\/hotels\/color-metropolitan-family-hotel#breadcrumb\"},\"inLanguage\":\"de\",\"potentialAction\":[{\"@type\":\"ReadAction\",\"target\":[\"https:\/\/www.allinclusivehotels.it\/de\/hotels\/color-metropolitan-family-hotel\"]}]},{\"@type\":\"BreadcrumbList\",\"@id\":\"https:\/\/www.allinclusivehotels.it\/de\/hotels\/color-metropolitan-family-hotel#breadcrumb\",\"itemListElement\":[{\"@type\":\"ListItem\",\"position\":1,\"name\":\"Home\",\"item\":\"https:\/\/www.allinclusivehotels.it\/de\"},{\"@type\":\"ListItem\",\"position\":2,\"name\":\"Hotels\",\"item\":\"https:\/\/www.allinclusivehotels.it\/de\/hotels\"},{\"@type\":\"ListItem\",\"position\":3,\"name\":\"Color Metropolitan Family Hotel\"}]},{\"@type\":\"WebSite\",\"@id\":\"https:\/\/www.allinclusivehotels.it\/de#website\",\"url\":\"https:\/\/www.allinclusivehotels.it\/de\",\"name\":\"All Inclusive Hotels\",\"description\":\"\",\"publisher\":{\"@id\":\"https:\/\/www.allinclusivehotels.it\/de#organization\"},\"potentialAction\":[{\"@type\":\"SearchAction\",\"target\":{\"@type\":\"EntryPoint\",\"urlTemplate\":\"https:\/\/www.allinclusivehotels.it\/de?s={search_term_string}\"},\"query-input\":{\"@type\":\"PropertyValueSpecification\",\"valueRequired\":true,\"valueName\":\"search_term_string\"}}],\"inLanguage\":\"de\"},{\"@type\":\"Organization\",\"@id\":\"https:\/\/www.allinclusivehotels.it\/de#organization\",\"name\":\"All Inclusive Hotels\",\"url\":\"https:\/\/www.allinclusivehotels.it\/de\",\"logo\":{\"@type\":\"ImageObject\",\"inLanguage\":\"de\",\"@id\":\"https:\/\/www.allinclusivehotels.it\/de#\/schema\/logo\/image\/\",\"url\":\"\",\"contentUrl\":\"\",\"caption\":\"All Inclusive Hotels\"},\"image\":{\"@id\":\"https:\/\/www.allinclusivehotels.it\/de#\/schema\/logo\/image\/\"}}]}<\/script>\n<!-- \/ Yoast SEO plugin. -->","yoast_head_json":{"title":"Color Metropolitan Family Hotel - All Inclusive Hotels","robots":{"index":"index","follow":"follow","max-snippet":"max-snippet:-1","max-image-preview":"max-image-preview:large","max-video-preview":"max-video-preview:-1"},"canonical":"https:\/\/www.allinclusivehotels.it\/de\/hotels\/color-metropolitan-family-hotel","og_locale":"de_DE","og_type":"article","og_title":"Color Metropolitan Family Hotel - All Inclusive Hotels","og_description":"Das Metropolitan ist ein modernes, helles Hotel mit gro\u00dfen R\u00e4umen und liegt in einer ruhigen &hellip;","og_url":"https:\/\/www.allinclusivehotels.it\/de\/hotels\/color-metropolitan-family-hotel","og_site_name":"All Inclusive Hotels","article_modified_time":"2026-02-24T15:53:25+00:00","twitter_card":"summary_large_image","twitter_misc":{"Gesch\u00e4tzte Lesezeit":"1\u00a0Minute"},"schema":{"@context":"https:\/\/schema.org","@graph":[{"@type":"WebPage","@id":"https:\/\/www.allinclusivehotels.it\/de\/hotels\/color-metropolitan-family-hotel","url":"https:\/\/www.allinclusivehotels.it\/de\/hotels\/color-metropolitan-family-hotel","name":"Color Metropolitan Family Hotel - All Inclusive Hotels","isPartOf":{"@id":"https:\/\/www.allinclusivehotels.it\/de#website"},"datePublished":"2022-03-28T08:06:11+00:00","dateModified":"2026-02-24T15:53:25+00:00","breadcrumb":{"@id":"https:\/\/www.allinclusivehotels.it\/de\/hotels\/color-metropolitan-family-hotel#breadcrumb"},"inLanguage":"de","potentialAction":[{"@type":"ReadAction","target":["https:\/\/www.allinclusivehotels.it\/de\/hotels\/color-metropolitan-family-hotel"]}]},{"@type":"BreadcrumbList","@id":"https:\/\/www.allinclusivehotels.it\/de\/hotels\/color-metropolitan-family-hotel#breadcrumb","itemListElement":[{"@type":"ListItem","position":1,"name":"Home","item":"https:\/\/www.allinclusivehotels.it\/de"},{"@type":"ListItem","position":2,"name":"Hotels","item":"https:\/\/www.allinclusivehotels.it\/de\/hotels"},{"@type":"ListItem","position":3,"name":"Color Metropolitan Family Hotel"}]},{"@type":"WebSite","@id":"https:\/\/www.allinclusivehotels.it\/de#website","url":"https:\/\/www.allinclusivehotels.it\/de","name":"All Inclusive Hotels","description":"","publisher":{"@id":"https:\/\/www.allinclusivehotels.it\/de#organization"},"potentialAction":[{"@type":"SearchAction","target":{"@type":"EntryPoint","urlTemplate":"https:\/\/www.allinclusivehotels.it\/de?s={search_term_string}"},"query-input":{"@type":"PropertyValueSpecification","valueRequired":true,"valueName":"search_term_string"}}],"inLanguage":"de"},{"@type":"Organization","@id":"https:\/\/www.allinclusivehotels.it\/de#organization","name":"All Inclusive Hotels","url":"https:\/\/www.allinclusivehotels.it\/de","logo":{"@type":"ImageObject","inLanguage":"de","@id":"https:\/\/www.allinclusivehotels.it\/de#\/schema\/logo\/image\/","url":"","contentUrl":"","caption":"All Inclusive Hotels"},"image":{"@id":"https:\/\/www.allinclusivehotels.it\/de#\/schema\/logo\/image\/"}}]}},"_links":{"self":[{"href":"https:\/\/www.allinclusivehotels.it\/de\/wp-json\/wp\/v2\/pages\/16555","targetHints":{"allow":["GET"]}}],"collection":[{"href":"https:\/\/www.allinclusivehotels.it\/de\/wp-json\/wp\/v2\/pages"}],"about":[{"href":"https:\/\/www.allinclusivehotels.it\/de\/wp-json\/wp\/v2\/types\/page"}],"author":[{"embeddable":true,"href":"https:\/\/www.allinclusivehotels.it\/de\/wp-json\/wp\/v2\/users\/1"}],"replies":[{"embeddable":true,"href":"https:\/\/www.allinclusivehotels.it\/de\/wp-json\/wp\/v2\/comments?post=16555"}],"version-history":[{"count":6,"href":"https:\/\/www.allinclusivehotels.it\/de\/wp-json\/wp\/v2\/pages\/16555\/revisions"}],"predecessor-version":[{"id":51291,"href":"https:\/\/www.allinclusivehotels.it\/de\/wp-json\/wp\/v2\/pages\/16555\/revisions\/51291"}],"up":[{"embeddable":true,"href":"https:\/\/www.allinclusivehotels.it\/de\/wp-json\/wp\/v2\/pages\/16476"}],"wp:attachment":[{"href":"https:\/\/www.allinclusivehotels.it\/de\/wp-json\/wp\/v2\/media?parent=16555"}],"curies":[{"name":"wp","href":"https:\/\/api.w.org\/{rel}","templated":true}]}}