{"id":16545,"date":"2022-03-28T10:06:08","date_gmt":"2022-03-28T08:06:08","guid":{"rendered":"https:\/\/www.allinclusivehotels.it\/hotels\/sympathy-hotel"},"modified":"2022-07-01T10:36:59","modified_gmt":"2022-07-01T08:36:59","slug":"sympathy-hotel","status":"publish","type":"page","link":"https:\/\/www.allinclusivehotels.it\/de\/hotels\/sympathy-hotel","title":{"rendered":"Sympathy Hotel"},"content":{"rendered":"\n<p>Das<b> Hotel Sympathy<\/b> liegt im ruhigen Fischerst\u00e4dtchen Martinsicuro, eine ideale Umgebung f\u00fcr erholsamen und vergn\u00fcglichen Urlaub. 20 m sind es zum <b>Privatstrand<\/b> mit feinem Sand und sauberem Meer, 2021 mit der <b>&#8220;Blauen Flagge&#8221;<\/b> ausgezeichnet. Dort stehen Ihnen ein Sonnenschirm und 2 Liegen zur Verf\u00fcgung. F\u00fcr die Kinder gibt es t\u00e4glich <b>8 Stunden Animation<\/b>, ein <b>Baby-Restaurant<\/b>,<b> <\/b>wo ein Ern\u00e4hrungsspezialist Breikost und Kindergerichte entwirft, und die <b>Animateur*innen <\/b>die Mahlzeiten begleiten.<b> <\/b>Kinderausr\u00fcstung im Zimmer und Speisesaal.<\/p>\n\n\n\n<!--more-->\n\n\n\n<p>Die K\u00f6che verw\u00f6hnen Sie mit <b>ausgezeichneter regionale K\u00fcche auf der Basis erstklassiger lokaler Produkte<\/b>, auch bio: Fleisch und Gem\u00fcse von lokalen Landwirten, Oliven\u00f6l aus der \u00d6lm\u00fchle, hausgemachte S\u00fc\u00dfspeisen. Dazu in den Abruzzen angebaute Weine \u2013 Montepulciano, Cerasuolo und Trebbiano. Besondere Highlights: <b>Abruzzesischer Abend <\/b>mit K\u00e4sespezialit\u00e4ten, Schinken, Polenta (Maisgries) mit Fleischso\u00dfe und W\u00fcrsten, Fleisch-Spie\u00dfchen und Mandelkeksen,<b> Gourmet-Abend<\/b> und <b>Pizza-Abend<\/b><\/p>\n","protected":false},"excerpt":{"rendered":"<p>Das Hotel Sympathy liegt im ruhigen Fischerst\u00e4dtchen Martinsicuro, eine ideale Umgebung f\u00fcr erholsamen und vergn\u00fcglichen &hellip;<\/p>\n","protected":false},"author":1,"featured_media":0,"parent":16476,"menu_order":0,"comment_status":"closed","ping_status":"closed","template":"page-templates\/scheda_hotel.php","meta":{"_acf_changed":false,"footnotes":""},"class_list":["post-16545","page","type-page","status-publish","hentry"],"acf":[],"yoast_head":"<!-- This site is optimized with the Yoast SEO plugin v27.6 - https:\/\/yoast.com\/product\/yoast-seo-wordpress\/ -->\n<title>Sympathy Hotel - All Inclusive Hotels<\/title>\n<meta name=\"robots\" content=\"index, follow, max-snippet:-1, max-image-preview:large, max-video-preview:-1\" \/>\n<link rel=\"canonical\" href=\"https:\/\/www.allinclusivehotels.it\/de\/hotels\/sympathy-hotel\" \/>\n<meta property=\"og:locale\" content=\"de_DE\" \/>\n<meta property=\"og:type\" content=\"article\" \/>\n<meta property=\"og:title\" content=\"Sympathy Hotel - All Inclusive Hotels\" \/>\n<meta property=\"og:description\" content=\"Das Hotel Sympathy liegt im ruhigen Fischerst\u00e4dtchen Martinsicuro, eine ideale Umgebung f\u00fcr erholsamen und vergn\u00fcglichen &hellip;\" \/>\n<meta property=\"og:url\" content=\"https:\/\/www.allinclusivehotels.it\/de\/hotels\/sympathy-hotel\" \/>\n<meta property=\"og:site_name\" content=\"All Inclusive Hotels\" \/>\n<meta property=\"article:modified_time\" content=\"2022-07-01T08:36:59+00:00\" \/>\n<meta name=\"twitter:card\" content=\"summary_large_image\" \/>\n<meta name=\"twitter:label1\" content=\"Gesch\u00e4tzte Lesezeit\" \/>\n\t<meta name=\"twitter:data1\" content=\"1\u00a0Minute\" \/>\n<script type=\"application\/ld+json\" class=\"yoast-schema-graph\">{\"@context\":\"https:\\\/\\\/schema.org\",\"@graph\":[{\"@type\":\"WebPage\",\"@id\":\"https:\\\/\\\/www.allinclusivehotels.it\\\/de\\\/hotels\\\/sympathy-hotel\",\"url\":\"https:\\\/\\\/www.allinclusivehotels.it\\\/de\\\/hotels\\\/sympathy-hotel\",\"name\":\"Sympathy Hotel - All Inclusive Hotels\",\"isPartOf\":{\"@id\":\"https:\\\/\\\/www.allinclusivehotels.it\\\/de#website\"},\"datePublished\":\"2022-03-28T08:06:08+00:00\",\"dateModified\":\"2022-07-01T08:36:59+00:00\",\"breadcrumb\":{\"@id\":\"https:\\\/\\\/www.allinclusivehotels.it\\\/de\\\/hotels\\\/sympathy-hotel#breadcrumb\"},\"inLanguage\":\"de\",\"potentialAction\":[{\"@type\":\"ReadAction\",\"target\":[\"https:\\\/\\\/www.allinclusivehotels.it\\\/de\\\/hotels\\\/sympathy-hotel\"]}]},{\"@type\":\"BreadcrumbList\",\"@id\":\"https:\\\/\\\/www.allinclusivehotels.it\\\/de\\\/hotels\\\/sympathy-hotel#breadcrumb\",\"itemListElement\":[{\"@type\":\"ListItem\",\"position\":1,\"name\":\"Home\",\"item\":\"https:\\\/\\\/www.allinclusivehotels.it\\\/de\"},{\"@type\":\"ListItem\",\"position\":2,\"name\":\"Hotels\",\"item\":\"https:\\\/\\\/www.allinclusivehotels.it\\\/de\\\/hotels\"},{\"@type\":\"ListItem\",\"position\":3,\"name\":\"Sympathy Hotel\"}]},{\"@type\":\"WebSite\",\"@id\":\"https:\\\/\\\/www.allinclusivehotels.it\\\/de#website\",\"url\":\"https:\\\/\\\/www.allinclusivehotels.it\\\/de\",\"name\":\"All Inclusive Hotels\",\"description\":\"\",\"publisher\":{\"@id\":\"https:\\\/\\\/www.allinclusivehotels.it\\\/de#organization\"},\"potentialAction\":[{\"@type\":\"SearchAction\",\"target\":{\"@type\":\"EntryPoint\",\"urlTemplate\":\"https:\\\/\\\/www.allinclusivehotels.it\\\/de?s={search_term_string}\"},\"query-input\":{\"@type\":\"PropertyValueSpecification\",\"valueRequired\":true,\"valueName\":\"search_term_string\"}}],\"inLanguage\":\"de\"},{\"@type\":\"Organization\",\"@id\":\"https:\\\/\\\/www.allinclusivehotels.it\\\/de#organization\",\"name\":\"All Inclusive Hotels\",\"url\":\"https:\\\/\\\/www.allinclusivehotels.it\\\/de\",\"logo\":{\"@type\":\"ImageObject\",\"inLanguage\":\"de\",\"@id\":\"https:\\\/\\\/www.allinclusivehotels.it\\\/de#\\\/schema\\\/logo\\\/image\\\/\",\"url\":\"\",\"contentUrl\":\"\",\"caption\":\"All Inclusive Hotels\"},\"image\":{\"@id\":\"https:\\\/\\\/www.allinclusivehotels.it\\\/de#\\\/schema\\\/logo\\\/image\\\/\"}}]}<\/script>\n<!-- \/ Yoast SEO plugin. -->","yoast_head_json":{"title":"Sympathy Hotel - All Inclusive Hotels","robots":{"index":"index","follow":"follow","max-snippet":"max-snippet:-1","max-image-preview":"max-image-preview:large","max-video-preview":"max-video-preview:-1"},"canonical":"https:\/\/www.allinclusivehotels.it\/de\/hotels\/sympathy-hotel","og_locale":"de_DE","og_type":"article","og_title":"Sympathy Hotel - All Inclusive Hotels","og_description":"Das Hotel Sympathy liegt im ruhigen Fischerst\u00e4dtchen Martinsicuro, eine ideale Umgebung f\u00fcr erholsamen und vergn\u00fcglichen &hellip;","og_url":"https:\/\/www.allinclusivehotels.it\/de\/hotels\/sympathy-hotel","og_site_name":"All Inclusive Hotels","article_modified_time":"2022-07-01T08:36:59+00:00","twitter_card":"summary_large_image","twitter_misc":{"Gesch\u00e4tzte Lesezeit":"1\u00a0Minute"},"schema":{"@context":"https:\/\/schema.org","@graph":[{"@type":"WebPage","@id":"https:\/\/www.allinclusivehotels.it\/de\/hotels\/sympathy-hotel","url":"https:\/\/www.allinclusivehotels.it\/de\/hotels\/sympathy-hotel","name":"Sympathy Hotel - All Inclusive Hotels","isPartOf":{"@id":"https:\/\/www.allinclusivehotels.it\/de#website"},"datePublished":"2022-03-28T08:06:08+00:00","dateModified":"2022-07-01T08:36:59+00:00","breadcrumb":{"@id":"https:\/\/www.allinclusivehotels.it\/de\/hotels\/sympathy-hotel#breadcrumb"},"inLanguage":"de","potentialAction":[{"@type":"ReadAction","target":["https:\/\/www.allinclusivehotels.it\/de\/hotels\/sympathy-hotel"]}]},{"@type":"BreadcrumbList","@id":"https:\/\/www.allinclusivehotels.it\/de\/hotels\/sympathy-hotel#breadcrumb","itemListElement":[{"@type":"ListItem","position":1,"name":"Home","item":"https:\/\/www.allinclusivehotels.it\/de"},{"@type":"ListItem","position":2,"name":"Hotels","item":"https:\/\/www.allinclusivehotels.it\/de\/hotels"},{"@type":"ListItem","position":3,"name":"Sympathy Hotel"}]},{"@type":"WebSite","@id":"https:\/\/www.allinclusivehotels.it\/de#website","url":"https:\/\/www.allinclusivehotels.it\/de","name":"All Inclusive Hotels","description":"","publisher":{"@id":"https:\/\/www.allinclusivehotels.it\/de#organization"},"potentialAction":[{"@type":"SearchAction","target":{"@type":"EntryPoint","urlTemplate":"https:\/\/www.allinclusivehotels.it\/de?s={search_term_string}"},"query-input":{"@type":"PropertyValueSpecification","valueRequired":true,"valueName":"search_term_string"}}],"inLanguage":"de"},{"@type":"Organization","@id":"https:\/\/www.allinclusivehotels.it\/de#organization","name":"All Inclusive Hotels","url":"https:\/\/www.allinclusivehotels.it\/de","logo":{"@type":"ImageObject","inLanguage":"de","@id":"https:\/\/www.allinclusivehotels.it\/de#\/schema\/logo\/image\/","url":"","contentUrl":"","caption":"All Inclusive Hotels"},"image":{"@id":"https:\/\/www.allinclusivehotels.it\/de#\/schema\/logo\/image\/"}}]}},"_links":{"self":[{"href":"https:\/\/www.allinclusivehotels.it\/de\/wp-json\/wp\/v2\/pages\/16545","targetHints":{"allow":["GET"]}}],"collection":[{"href":"https:\/\/www.allinclusivehotels.it\/de\/wp-json\/wp\/v2\/pages"}],"about":[{"href":"https:\/\/www.allinclusivehotels.it\/de\/wp-json\/wp\/v2\/types\/page"}],"author":[{"embeddable":true,"href":"https:\/\/www.allinclusivehotels.it\/de\/wp-json\/wp\/v2\/users\/1"}],"replies":[{"embeddable":true,"href":"https:\/\/www.allinclusivehotels.it\/de\/wp-json\/wp\/v2\/comments?post=16545"}],"version-history":[{"count":2,"href":"https:\/\/www.allinclusivehotels.it\/de\/wp-json\/wp\/v2\/pages\/16545\/revisions"}],"predecessor-version":[{"id":21337,"href":"https:\/\/www.allinclusivehotels.it\/de\/wp-json\/wp\/v2\/pages\/16545\/revisions\/21337"}],"up":[{"embeddable":true,"href":"https:\/\/www.allinclusivehotels.it\/de\/wp-json\/wp\/v2\/pages\/16476"}],"wp:attachment":[{"href":"https:\/\/www.allinclusivehotels.it\/de\/wp-json\/wp\/v2\/media?parent=16545"}],"curies":[{"name":"wp","href":"https:\/\/api.w.org\/{rel}","templated":true}]}}