{"id":16543,"date":"2022-03-28T10:06:07","date_gmt":"2022-03-28T08:06:07","guid":{"rendered":"https:\/\/www.allinclusivehotels.it\/feriendoerfer\/villaggio-uliveto"},"modified":"2024-05-20T09:33:42","modified_gmt":"2024-05-20T07:33:42","slug":"villaggio-uliveto","status":"publish","type":"page","link":"https:\/\/www.allinclusivehotels.it\/de\/feriendoerfer\/villaggio-uliveto","title":{"rendered":"Villaggio Uliveto"},"content":{"rendered":"\n<p>Das Feriendorf <b>Villaggio Uliveto<\/b> liegt auf einem H\u00fcgel \u00fcber dem Meer.  Seine h\u00fcbschen H\u00e4uschen und das Hauptgeb\u00e4ude mit den Gemeinschaftseinrichtungen liegen innerhalb eines 50.000 m\u00b2 gro\u00dfen Gel\u00e4ndes mit hundertj\u00e4hrigen Oliven- und Johannisbrotb\u00e4umen, Wiesen und G\u00e4rten. Ein kurzer Spaziergang oder der Zubringerbus bringt Sie zum <b>Privatstrand, <\/b>wo ein Sonnenschirm , 2 Liegen und feiner, sanft ins Meer abfallender Sand auf Sie warten.<\/p>\n\n\n\n<!--more-->\n\n\n\n<p>Die Anlage bietet ein gro\u00dfes <b>Schwimmbad,<\/b> viele Einrichtungen f\u00fcr Sport, Spiel und Wellness,<b> Unterhaltung<\/b> f\u00fcr Kinder und Erwachsene und spezifische Dienste f\u00fcr Familien: Animation  am Strand und im Hotel, Spielzonen, Babyflaschen-Service, Kinderausr\u00fcstung im Zimmer und im Saal. Ausgezeichnete <b>K\u00fcche mit Spezialit\u00e4ten des Gargano<\/b>, <b>Themenabende<\/b> und <b>Verkostungen.<\/b><\/p>\n","protected":false},"excerpt":{"rendered":"<p>Das Feriendorf Villaggio Uliveto liegt auf einem H\u00fcgel \u00fcber dem Meer. Seine h\u00fcbschen H\u00e4uschen und &hellip;<\/p>\n","protected":false},"author":1,"featured_media":0,"parent":16464,"menu_order":0,"comment_status":"closed","ping_status":"closed","template":"page-templates\/scheda_hotel.php","meta":{"_acf_changed":false,"footnotes":""},"class_list":["post-16543","page","type-page","status-publish","hentry"],"acf":[],"yoast_head":"<!-- This site is optimized with the Yoast SEO plugin v27.0 - https:\/\/yoast.com\/product\/yoast-seo-wordpress\/ -->\n<title>All Inclusive Angebote Hotel Villaggio Uliveto Rodi Garganico<\/title>\n<meta name=\"description\" content=\"Suchen Sie Urlaub? Entdecken Sie die All-Inclusive-Angebote und All-Inclusive-Pakete des Hotels Villaggio Uliveto in Rodi Garganico!\" \/>\n<meta name=\"robots\" content=\"index, follow, max-snippet:-1, max-image-preview:large, max-video-preview:-1\" \/>\n<link rel=\"canonical\" href=\"https:\/\/www.allinclusivehotels.it\/de\/feriendoerfer\/villaggio-uliveto\" \/>\n<meta property=\"og:locale\" content=\"de_DE\" \/>\n<meta property=\"og:type\" content=\"article\" \/>\n<meta property=\"og:title\" content=\"All Inclusive Angebote Hotel Villaggio Uliveto Rodi Garganico\" \/>\n<meta property=\"og:description\" content=\"Suchen Sie Urlaub? Entdecken Sie die All-Inclusive-Angebote und All-Inclusive-Pakete des Hotels Villaggio Uliveto in Rodi Garganico!\" \/>\n<meta property=\"og:url\" content=\"https:\/\/www.allinclusivehotels.it\/de\/feriendoerfer\/villaggio-uliveto\" \/>\n<meta property=\"og:site_name\" content=\"All Inclusive Hotels\" \/>\n<meta property=\"article:modified_time\" content=\"2024-05-20T07:33:42+00:00\" \/>\n<meta name=\"twitter:card\" content=\"summary_large_image\" \/>\n<meta name=\"twitter:label1\" content=\"Gesch\u00e4tzte Lesezeit\" \/>\n\t<meta name=\"twitter:data1\" content=\"1\u00a0Minute\" \/>\n<script type=\"application\/ld+json\" class=\"yoast-schema-graph\">{\"@context\":\"https:\/\/schema.org\",\"@graph\":[{\"@type\":\"WebPage\",\"@id\":\"https:\/\/www.allinclusivehotels.it\/de\/feriendoerfer\/villaggio-uliveto\",\"url\":\"https:\/\/www.allinclusivehotels.it\/de\/feriendoerfer\/villaggio-uliveto\",\"name\":\"All Inclusive Angebote Hotel Villaggio Uliveto Rodi Garganico\",\"isPartOf\":{\"@id\":\"https:\/\/www.allinclusivehotels.it\/de#website\"},\"datePublished\":\"2022-03-28T08:06:07+00:00\",\"dateModified\":\"2024-05-20T07:33:42+00:00\",\"description\":\"Suchen Sie Urlaub? Entdecken Sie die All-Inclusive-Angebote und All-Inclusive-Pakete des Hotels Villaggio Uliveto in Rodi Garganico!\",\"breadcrumb\":{\"@id\":\"https:\/\/www.allinclusivehotels.it\/de\/feriendoerfer\/villaggio-uliveto#breadcrumb\"},\"inLanguage\":\"de\",\"potentialAction\":[{\"@type\":\"ReadAction\",\"target\":[\"https:\/\/www.allinclusivehotels.it\/de\/feriendoerfer\/villaggio-uliveto\"]}]},{\"@type\":\"BreadcrumbList\",\"@id\":\"https:\/\/www.allinclusivehotels.it\/de\/feriendoerfer\/villaggio-uliveto#breadcrumb\",\"itemListElement\":[{\"@type\":\"ListItem\",\"position\":1,\"name\":\"Home\",\"item\":\"https:\/\/www.allinclusivehotels.it\/de\"},{\"@type\":\"ListItem\",\"position\":2,\"name\":\"Feriend\u00f6rfer\",\"item\":\"https:\/\/www.allinclusivehotels.it\/de\/feriendoerfer\"},{\"@type\":\"ListItem\",\"position\":3,\"name\":\"Villaggio Uliveto\"}]},{\"@type\":\"WebSite\",\"@id\":\"https:\/\/www.allinclusivehotels.it\/de#website\",\"url\":\"https:\/\/www.allinclusivehotels.it\/de\",\"name\":\"All Inclusive Hotels\",\"description\":\"\",\"publisher\":{\"@id\":\"https:\/\/www.allinclusivehotels.it\/de#organization\"},\"potentialAction\":[{\"@type\":\"SearchAction\",\"target\":{\"@type\":\"EntryPoint\",\"urlTemplate\":\"https:\/\/www.allinclusivehotels.it\/de?s={search_term_string}\"},\"query-input\":{\"@type\":\"PropertyValueSpecification\",\"valueRequired\":true,\"valueName\":\"search_term_string\"}}],\"inLanguage\":\"de\"},{\"@type\":\"Organization\",\"@id\":\"https:\/\/www.allinclusivehotels.it\/de#organization\",\"name\":\"All Inclusive Hotels\",\"url\":\"https:\/\/www.allinclusivehotels.it\/de\",\"logo\":{\"@type\":\"ImageObject\",\"inLanguage\":\"de\",\"@id\":\"https:\/\/www.allinclusivehotels.it\/de#\/schema\/logo\/image\/\",\"url\":\"\",\"contentUrl\":\"\",\"caption\":\"All Inclusive Hotels\"},\"image\":{\"@id\":\"https:\/\/www.allinclusivehotels.it\/de#\/schema\/logo\/image\/\"}}]}<\/script>\n<!-- \/ Yoast SEO plugin. -->","yoast_head_json":{"title":"All Inclusive Angebote Hotel Villaggio Uliveto Rodi Garganico","description":"Suchen Sie Urlaub? Entdecken Sie die All-Inclusive-Angebote und All-Inclusive-Pakete des Hotels Villaggio Uliveto in Rodi Garganico!","robots":{"index":"index","follow":"follow","max-snippet":"max-snippet:-1","max-image-preview":"max-image-preview:large","max-video-preview":"max-video-preview:-1"},"canonical":"https:\/\/www.allinclusivehotels.it\/de\/feriendoerfer\/villaggio-uliveto","og_locale":"de_DE","og_type":"article","og_title":"All Inclusive Angebote Hotel Villaggio Uliveto Rodi Garganico","og_description":"Suchen Sie Urlaub? Entdecken Sie die All-Inclusive-Angebote und All-Inclusive-Pakete des Hotels Villaggio Uliveto in Rodi Garganico!","og_url":"https:\/\/www.allinclusivehotels.it\/de\/feriendoerfer\/villaggio-uliveto","og_site_name":"All Inclusive Hotels","article_modified_time":"2024-05-20T07:33:42+00:00","twitter_card":"summary_large_image","twitter_misc":{"Gesch\u00e4tzte Lesezeit":"1\u00a0Minute"},"schema":{"@context":"https:\/\/schema.org","@graph":[{"@type":"WebPage","@id":"https:\/\/www.allinclusivehotels.it\/de\/feriendoerfer\/villaggio-uliveto","url":"https:\/\/www.allinclusivehotels.it\/de\/feriendoerfer\/villaggio-uliveto","name":"All Inclusive Angebote Hotel Villaggio Uliveto Rodi Garganico","isPartOf":{"@id":"https:\/\/www.allinclusivehotels.it\/de#website"},"datePublished":"2022-03-28T08:06:07+00:00","dateModified":"2024-05-20T07:33:42+00:00","description":"Suchen Sie Urlaub? Entdecken Sie die All-Inclusive-Angebote und All-Inclusive-Pakete des Hotels Villaggio Uliveto in Rodi Garganico!","breadcrumb":{"@id":"https:\/\/www.allinclusivehotels.it\/de\/feriendoerfer\/villaggio-uliveto#breadcrumb"},"inLanguage":"de","potentialAction":[{"@type":"ReadAction","target":["https:\/\/www.allinclusivehotels.it\/de\/feriendoerfer\/villaggio-uliveto"]}]},{"@type":"BreadcrumbList","@id":"https:\/\/www.allinclusivehotels.it\/de\/feriendoerfer\/villaggio-uliveto#breadcrumb","itemListElement":[{"@type":"ListItem","position":1,"name":"Home","item":"https:\/\/www.allinclusivehotels.it\/de"},{"@type":"ListItem","position":2,"name":"Feriend\u00f6rfer","item":"https:\/\/www.allinclusivehotels.it\/de\/feriendoerfer"},{"@type":"ListItem","position":3,"name":"Villaggio Uliveto"}]},{"@type":"WebSite","@id":"https:\/\/www.allinclusivehotels.it\/de#website","url":"https:\/\/www.allinclusivehotels.it\/de","name":"All Inclusive Hotels","description":"","publisher":{"@id":"https:\/\/www.allinclusivehotels.it\/de#organization"},"potentialAction":[{"@type":"SearchAction","target":{"@type":"EntryPoint","urlTemplate":"https:\/\/www.allinclusivehotels.it\/de?s={search_term_string}"},"query-input":{"@type":"PropertyValueSpecification","valueRequired":true,"valueName":"search_term_string"}}],"inLanguage":"de"},{"@type":"Organization","@id":"https:\/\/www.allinclusivehotels.it\/de#organization","name":"All Inclusive Hotels","url":"https:\/\/www.allinclusivehotels.it\/de","logo":{"@type":"ImageObject","inLanguage":"de","@id":"https:\/\/www.allinclusivehotels.it\/de#\/schema\/logo\/image\/","url":"","contentUrl":"","caption":"All Inclusive Hotels"},"image":{"@id":"https:\/\/www.allinclusivehotels.it\/de#\/schema\/logo\/image\/"}}]}},"_links":{"self":[{"href":"https:\/\/www.allinclusivehotels.it\/de\/wp-json\/wp\/v2\/pages\/16543","targetHints":{"allow":["GET"]}}],"collection":[{"href":"https:\/\/www.allinclusivehotels.it\/de\/wp-json\/wp\/v2\/pages"}],"about":[{"href":"https:\/\/www.allinclusivehotels.it\/de\/wp-json\/wp\/v2\/types\/page"}],"author":[{"embeddable":true,"href":"https:\/\/www.allinclusivehotels.it\/de\/wp-json\/wp\/v2\/users\/1"}],"replies":[{"embeddable":true,"href":"https:\/\/www.allinclusivehotels.it\/de\/wp-json\/wp\/v2\/comments?post=16543"}],"version-history":[{"count":3,"href":"https:\/\/www.allinclusivehotels.it\/de\/wp-json\/wp\/v2\/pages\/16543\/revisions"}],"predecessor-version":[{"id":37484,"href":"https:\/\/www.allinclusivehotels.it\/de\/wp-json\/wp\/v2\/pages\/16543\/revisions\/37484"}],"up":[{"embeddable":true,"href":"https:\/\/www.allinclusivehotels.it\/de\/wp-json\/wp\/v2\/pages\/16464"}],"wp:attachment":[{"href":"https:\/\/www.allinclusivehotels.it\/de\/wp-json\/wp\/v2\/media?parent=16543"}],"curies":[{"name":"wp","href":"https:\/\/api.w.org\/{rel}","templated":true}]}}