{"id":16539,"date":"2022-03-28T10:06:06","date_gmt":"2022-03-28T08:06:06","guid":{"rendered":"https:\/\/www.allinclusivehotels.it\/feriendoerfer\/hotel-europa-beach-village"},"modified":"2022-06-30T15:29:31","modified_gmt":"2022-06-30T13:29:31","slug":"hotel-europa-beach-village","status":"publish","type":"page","link":"https:\/\/www.allinclusivehotels.it\/de\/feriendoerfer\/hotel-europa-beach-village","title":{"rendered":"Hotel Europa Beach Village"},"content":{"rendered":"\n<p>Das <b>Hotel Europa Beach Village <\/b>liegt im exklusivsten und ruhigsten Teil von <b>Giulianova. <\/b>Am anliegenden <b>Privatstrand <\/b>mit feinem goldenen Sand und kristallklarem Meer stehen <b>ein Sonnenschirm und 2 Liegest\u00fchle<\/b> f\u00fcr Sie bereit. W\u00e4hrend sich Ihre Kinder auf der &#8220;<b>Isola dei Pirati&#8221; <\/b>vergn\u00fcgen, mit dem Baby-Club, Mini-Club oder Junior-Club, k\u00f6nnen Sie sich am Meer entspannen oder im <b>Karibik-Schwimmbad<\/b> <b>mit Unterwassermassage<\/b>. Wenn Ihnen nach Aktivit\u00e4t zumute ist, k\u00f6nnen Sie an Turnieren, Aerobik, Schwimmkursen, Schnorcheln oder Bootsausfl\u00fcgen teilnehmen. Im Zimmer und im \u00f6ffentlichen Bereich finden Sie <b>Kinderausr\u00fcstung <\/b>vor.<\/p>\n\n\n\n<!--more-->\n\n\n\n<p>Das Restaurant des Europa Beach Village ist in <b>italienischen Kulinarik-F\u00fchrern verzeichnet<\/b>, wegen seiner gekonnt<b> \u00fcberarbeiteten regionalen K\u00fcche<\/b>. Im <b>Weinkeller<\/b> finden sich die besten italienischen und internationalen Etiketten. F\u00fcr die kleinen G\u00e4ste flexible Essenszeiten, Mini-Geschirr und -Besteck, Hochst\u00fchle, Flaschenw\u00e4rmer, nat\u00fcrliche Kindergerichte. Nach dem Abendessen  Auff\u00fchrungen, Tanz, Pianobar und Cabaret im herrlichen <b>Amphitheater am Meer.<\/b><\/p>\n","protected":false},"excerpt":{"rendered":"<p>Das Hotel Europa Beach Village liegt im exklusivsten und ruhigsten Teil von Giulianova. Am anliegenden &hellip;<\/p>\n","protected":false},"author":1,"featured_media":0,"parent":16464,"menu_order":0,"comment_status":"closed","ping_status":"closed","template":"page-templates\/scheda_hotel.php","meta":{"_acf_changed":false,"footnotes":""},"class_list":["post-16539","page","type-page","status-publish","hentry"],"acf":[],"yoast_head":"<!-- This site is optimized with the Yoast SEO plugin v27.0 - https:\/\/yoast.com\/product\/yoast-seo-wordpress\/ -->\n<title>All Inclusive Angebote Hotel Europa Beach Village in Giulianova<\/title>\n<meta name=\"description\" content=\"Suchen Sie Urlaub? Entdecken Sie die All-Inclusive-Angebote und All-Inclusive-Pakete des Hotels Europa Beach Village in Giulianova!\" \/>\n<meta name=\"robots\" content=\"index, follow, max-snippet:-1, max-image-preview:large, max-video-preview:-1\" \/>\n<link rel=\"canonical\" href=\"https:\/\/www.allinclusivehotels.it\/de\/feriendoerfer\/hotel-europa-beach-village\" \/>\n<meta property=\"og:locale\" content=\"de_DE\" \/>\n<meta property=\"og:type\" content=\"article\" \/>\n<meta property=\"og:title\" content=\"All Inclusive Angebote Hotel Europa Beach Village in Giulianova\" \/>\n<meta property=\"og:description\" content=\"Suchen Sie Urlaub? Entdecken Sie die All-Inclusive-Angebote und All-Inclusive-Pakete des Hotels Europa Beach Village in Giulianova!\" \/>\n<meta property=\"og:url\" content=\"https:\/\/www.allinclusivehotels.it\/de\/feriendoerfer\/hotel-europa-beach-village\" \/>\n<meta property=\"og:site_name\" content=\"All Inclusive Hotels\" \/>\n<meta property=\"article:modified_time\" content=\"2022-06-30T13:29:31+00:00\" \/>\n<meta name=\"twitter:card\" content=\"summary_large_image\" \/>\n<meta name=\"twitter:label1\" content=\"Gesch\u00e4tzte Lesezeit\" \/>\n\t<meta name=\"twitter:data1\" content=\"1\u00a0Minute\" \/>\n<script type=\"application\/ld+json\" class=\"yoast-schema-graph\">{\"@context\":\"https:\/\/schema.org\",\"@graph\":[{\"@type\":\"WebPage\",\"@id\":\"https:\/\/www.allinclusivehotels.it\/de\/feriendoerfer\/hotel-europa-beach-village\",\"url\":\"https:\/\/www.allinclusivehotels.it\/de\/feriendoerfer\/hotel-europa-beach-village\",\"name\":\"All Inclusive Angebote Hotel Europa Beach Village in Giulianova\",\"isPartOf\":{\"@id\":\"https:\/\/www.allinclusivehotels.it\/de#website\"},\"datePublished\":\"2022-03-28T08:06:06+00:00\",\"dateModified\":\"2022-06-30T13:29:31+00:00\",\"description\":\"Suchen Sie Urlaub? Entdecken Sie die All-Inclusive-Angebote und All-Inclusive-Pakete des Hotels Europa Beach Village in Giulianova!\",\"breadcrumb\":{\"@id\":\"https:\/\/www.allinclusivehotels.it\/de\/feriendoerfer\/hotel-europa-beach-village#breadcrumb\"},\"inLanguage\":\"de\",\"potentialAction\":[{\"@type\":\"ReadAction\",\"target\":[\"https:\/\/www.allinclusivehotels.it\/de\/feriendoerfer\/hotel-europa-beach-village\"]}]},{\"@type\":\"BreadcrumbList\",\"@id\":\"https:\/\/www.allinclusivehotels.it\/de\/feriendoerfer\/hotel-europa-beach-village#breadcrumb\",\"itemListElement\":[{\"@type\":\"ListItem\",\"position\":1,\"name\":\"Home\",\"item\":\"https:\/\/www.allinclusivehotels.it\/de\"},{\"@type\":\"ListItem\",\"position\":2,\"name\":\"Feriend\u00f6rfer\",\"item\":\"https:\/\/www.allinclusivehotels.it\/de\/feriendoerfer\"},{\"@type\":\"ListItem\",\"position\":3,\"name\":\"Hotel Europa Beach Village\"}]},{\"@type\":\"WebSite\",\"@id\":\"https:\/\/www.allinclusivehotels.it\/de#website\",\"url\":\"https:\/\/www.allinclusivehotels.it\/de\",\"name\":\"All Inclusive Hotels\",\"description\":\"\",\"publisher\":{\"@id\":\"https:\/\/www.allinclusivehotels.it\/de#organization\"},\"potentialAction\":[{\"@type\":\"SearchAction\",\"target\":{\"@type\":\"EntryPoint\",\"urlTemplate\":\"https:\/\/www.allinclusivehotels.it\/de?s={search_term_string}\"},\"query-input\":{\"@type\":\"PropertyValueSpecification\",\"valueRequired\":true,\"valueName\":\"search_term_string\"}}],\"inLanguage\":\"de\"},{\"@type\":\"Organization\",\"@id\":\"https:\/\/www.allinclusivehotels.it\/de#organization\",\"name\":\"All Inclusive Hotels\",\"url\":\"https:\/\/www.allinclusivehotels.it\/de\",\"logo\":{\"@type\":\"ImageObject\",\"inLanguage\":\"de\",\"@id\":\"https:\/\/www.allinclusivehotels.it\/de#\/schema\/logo\/image\/\",\"url\":\"\",\"contentUrl\":\"\",\"caption\":\"All Inclusive Hotels\"},\"image\":{\"@id\":\"https:\/\/www.allinclusivehotels.it\/de#\/schema\/logo\/image\/\"}}]}<\/script>\n<!-- \/ Yoast SEO plugin. -->","yoast_head_json":{"title":"All Inclusive Angebote Hotel Europa Beach Village in Giulianova","description":"Suchen Sie Urlaub? Entdecken Sie die All-Inclusive-Angebote und All-Inclusive-Pakete des Hotels Europa Beach Village in Giulianova!","robots":{"index":"index","follow":"follow","max-snippet":"max-snippet:-1","max-image-preview":"max-image-preview:large","max-video-preview":"max-video-preview:-1"},"canonical":"https:\/\/www.allinclusivehotels.it\/de\/feriendoerfer\/hotel-europa-beach-village","og_locale":"de_DE","og_type":"article","og_title":"All Inclusive Angebote Hotel Europa Beach Village in Giulianova","og_description":"Suchen Sie Urlaub? Entdecken Sie die All-Inclusive-Angebote und All-Inclusive-Pakete des Hotels Europa Beach Village in Giulianova!","og_url":"https:\/\/www.allinclusivehotels.it\/de\/feriendoerfer\/hotel-europa-beach-village","og_site_name":"All Inclusive Hotels","article_modified_time":"2022-06-30T13:29:31+00:00","twitter_card":"summary_large_image","twitter_misc":{"Gesch\u00e4tzte Lesezeit":"1\u00a0Minute"},"schema":{"@context":"https:\/\/schema.org","@graph":[{"@type":"WebPage","@id":"https:\/\/www.allinclusivehotels.it\/de\/feriendoerfer\/hotel-europa-beach-village","url":"https:\/\/www.allinclusivehotels.it\/de\/feriendoerfer\/hotel-europa-beach-village","name":"All Inclusive Angebote Hotel Europa Beach Village in Giulianova","isPartOf":{"@id":"https:\/\/www.allinclusivehotels.it\/de#website"},"datePublished":"2022-03-28T08:06:06+00:00","dateModified":"2022-06-30T13:29:31+00:00","description":"Suchen Sie Urlaub? Entdecken Sie die All-Inclusive-Angebote und All-Inclusive-Pakete des Hotels Europa Beach Village in Giulianova!","breadcrumb":{"@id":"https:\/\/www.allinclusivehotels.it\/de\/feriendoerfer\/hotel-europa-beach-village#breadcrumb"},"inLanguage":"de","potentialAction":[{"@type":"ReadAction","target":["https:\/\/www.allinclusivehotels.it\/de\/feriendoerfer\/hotel-europa-beach-village"]}]},{"@type":"BreadcrumbList","@id":"https:\/\/www.allinclusivehotels.it\/de\/feriendoerfer\/hotel-europa-beach-village#breadcrumb","itemListElement":[{"@type":"ListItem","position":1,"name":"Home","item":"https:\/\/www.allinclusivehotels.it\/de"},{"@type":"ListItem","position":2,"name":"Feriend\u00f6rfer","item":"https:\/\/www.allinclusivehotels.it\/de\/feriendoerfer"},{"@type":"ListItem","position":3,"name":"Hotel Europa Beach Village"}]},{"@type":"WebSite","@id":"https:\/\/www.allinclusivehotels.it\/de#website","url":"https:\/\/www.allinclusivehotels.it\/de","name":"All Inclusive Hotels","description":"","publisher":{"@id":"https:\/\/www.allinclusivehotels.it\/de#organization"},"potentialAction":[{"@type":"SearchAction","target":{"@type":"EntryPoint","urlTemplate":"https:\/\/www.allinclusivehotels.it\/de?s={search_term_string}"},"query-input":{"@type":"PropertyValueSpecification","valueRequired":true,"valueName":"search_term_string"}}],"inLanguage":"de"},{"@type":"Organization","@id":"https:\/\/www.allinclusivehotels.it\/de#organization","name":"All Inclusive Hotels","url":"https:\/\/www.allinclusivehotels.it\/de","logo":{"@type":"ImageObject","inLanguage":"de","@id":"https:\/\/www.allinclusivehotels.it\/de#\/schema\/logo\/image\/","url":"","contentUrl":"","caption":"All Inclusive Hotels"},"image":{"@id":"https:\/\/www.allinclusivehotels.it\/de#\/schema\/logo\/image\/"}}]}},"_links":{"self":[{"href":"https:\/\/www.allinclusivehotels.it\/de\/wp-json\/wp\/v2\/pages\/16539","targetHints":{"allow":["GET"]}}],"collection":[{"href":"https:\/\/www.allinclusivehotels.it\/de\/wp-json\/wp\/v2\/pages"}],"about":[{"href":"https:\/\/www.allinclusivehotels.it\/de\/wp-json\/wp\/v2\/types\/page"}],"author":[{"embeddable":true,"href":"https:\/\/www.allinclusivehotels.it\/de\/wp-json\/wp\/v2\/users\/1"}],"replies":[{"embeddable":true,"href":"https:\/\/www.allinclusivehotels.it\/de\/wp-json\/wp\/v2\/comments?post=16539"}],"version-history":[{"count":3,"href":"https:\/\/www.allinclusivehotels.it\/de\/wp-json\/wp\/v2\/pages\/16539\/revisions"}],"predecessor-version":[{"id":21223,"href":"https:\/\/www.allinclusivehotels.it\/de\/wp-json\/wp\/v2\/pages\/16539\/revisions\/21223"}],"up":[{"embeddable":true,"href":"https:\/\/www.allinclusivehotels.it\/de\/wp-json\/wp\/v2\/pages\/16464"}],"wp:attachment":[{"href":"https:\/\/www.allinclusivehotels.it\/de\/wp-json\/wp\/v2\/media?parent=16539"}],"curies":[{"name":"wp","href":"https:\/\/api.w.org\/{rel}","templated":true}]}}