{"id":16519,"date":"2022-03-28T10:05:59","date_gmt":"2022-03-28T08:05:59","guid":{"rendered":"https:\/\/www.allinclusivehotels.it\/hotels\/club-family-hotel-milano-marittima"},"modified":"2023-03-30T10:30:23","modified_gmt":"2023-03-30T08:30:23","slug":"club-family-hotel-milano-marittima","status":"publish","type":"page","link":"https:\/\/www.allinclusivehotels.it\/de\/hotels\/club-family-hotel-milano-marittima","title":{"rendered":"Club Family Hotel Milano Marittima"},"content":{"rendered":"\n<p>Das Club Family Hotel in Milano Marittima ist Ihr Feriendorf f\u00fcr Vergn\u00fcgen hoch 2: <b>zwei Hotelgeb\u00e4ude gegen\u00fcber dem Meer, 2 Schwimmb\u00e4der, 2 Restaurants mit Front-Cooking und Buffet-Service und 2 riesige Spielzonen, im Inneren und im Freien. <\/b>Und wenn wir &#8220;gegen\u00fcber dem Meer&#8221; sagen, meinen wir das auch so; Sie brauchen nicht einmal eine Stra\u00dfe zu \u00fcberqueren, um an den Strand zu kommen, an dem ein <b>Sonnenschirm und 2 Liegen<\/b> f\u00fcr Sie reserviert sind. Ein gr\u00fcner Garten umgibt die Anlage.<\/p>\n\n\n\n<!--more-->\n\n\n\n<p>Unsere Aufmerksamkeiten f\u00fcr Kinder kennen keine Grenzen: <b>nach Altersgruppen differenzierte Animation an 7 Tagen in der Woche<\/b>, <b>Nachmittagsimbiss,<\/b> <b>kostenloser Kinderarzt-Service<\/b>, <b>&#8220;Baby Parking&#8221;-Kindergarten<\/b> ab 4 Jahre, qualifizierter <b>Babysitterdienst <\/b>(8 Monate bis 4 Jahre) Montag bis Freitag 16:00-19:00 Uhr, <b>Babyk\u00fcche<\/b> f\u00fcr Brei und Flasche rund um die Uhr ge\u00f6ffnet und vieles mehr mit der Formel  <b>All Inclusive &amp; Open Bar &amp; Spiaggia<\/b>.<\/p>\n\n\n\n<p>Es ist hier wie in einem Vergn\u00fcgungspark: in der gro\u00dfen Gartenanlage gibt es den <b>150 m\u00b2 gro\u00dfen Splash Park mit Wasserrutschen und viel Gespritze<\/b>, und den <b>Gommoland Park mit gigantischen H\u00fcpfburgen.<\/b><\/p>\n\n\n\n<p>Den ganzen Sommer \u00fcber, bei einem Mindestaufenthalt <strong>von 6 N\u00e4chten, schenkt das Hotel Ihrer ganzen Familie Eintrittskarten f\u00fcr den Freizeitpark Mirabilandia<\/strong>.<\/p>\n","protected":false},"excerpt":{"rendered":"<p>Das Club Family Hotel in Milano Marittima ist Ihr Feriendorf f\u00fcr Vergn\u00fcgen hoch 2: zwei &hellip;<\/p>\n","protected":false},"author":1,"featured_media":0,"parent":16476,"menu_order":0,"comment_status":"closed","ping_status":"closed","template":"page-templates\/scheda_hotel.php","meta":{"_acf_changed":false,"footnotes":""},"class_list":["post-16519","page","type-page","status-publish","hentry"],"acf":[],"yoast_head":"<!-- This site is optimized with the Yoast SEO plugin v27.0 - https:\/\/yoast.com\/product\/yoast-seo-wordpress\/ -->\n<title>Club Family Hotel Milano Marittima - All Inclusive Hotels<\/title>\n<meta name=\"robots\" content=\"index, follow, max-snippet:-1, max-image-preview:large, max-video-preview:-1\" \/>\n<link rel=\"canonical\" href=\"https:\/\/www.allinclusivehotels.it\/de\/hotels\/club-family-hotel-milano-marittima\" \/>\n<meta property=\"og:locale\" content=\"de_DE\" \/>\n<meta property=\"og:type\" content=\"article\" \/>\n<meta property=\"og:title\" content=\"Club Family Hotel Milano Marittima - All Inclusive Hotels\" \/>\n<meta property=\"og:description\" content=\"Das Club Family Hotel in Milano Marittima ist Ihr Feriendorf f\u00fcr Vergn\u00fcgen hoch 2: zwei &hellip;\" \/>\n<meta property=\"og:url\" content=\"https:\/\/www.allinclusivehotels.it\/de\/hotels\/club-family-hotel-milano-marittima\" \/>\n<meta property=\"og:site_name\" content=\"All Inclusive Hotels\" \/>\n<meta property=\"article:modified_time\" content=\"2023-03-30T08:30:23+00:00\" \/>\n<meta name=\"twitter:card\" content=\"summary_large_image\" \/>\n<meta name=\"twitter:label1\" content=\"Gesch\u00e4tzte Lesezeit\" \/>\n\t<meta name=\"twitter:data1\" content=\"2\u00a0Minuten\" \/>\n<script type=\"application\/ld+json\" class=\"yoast-schema-graph\">{\"@context\":\"https:\/\/schema.org\",\"@graph\":[{\"@type\":\"WebPage\",\"@id\":\"https:\/\/www.allinclusivehotels.it\/de\/hotels\/club-family-hotel-milano-marittima\",\"url\":\"https:\/\/www.allinclusivehotels.it\/de\/hotels\/club-family-hotel-milano-marittima\",\"name\":\"Club Family Hotel Milano Marittima - All Inclusive Hotels\",\"isPartOf\":{\"@id\":\"https:\/\/www.allinclusivehotels.it\/de#website\"},\"datePublished\":\"2022-03-28T08:05:59+00:00\",\"dateModified\":\"2023-03-30T08:30:23+00:00\",\"breadcrumb\":{\"@id\":\"https:\/\/www.allinclusivehotels.it\/de\/hotels\/club-family-hotel-milano-marittima#breadcrumb\"},\"inLanguage\":\"de\",\"potentialAction\":[{\"@type\":\"ReadAction\",\"target\":[\"https:\/\/www.allinclusivehotels.it\/de\/hotels\/club-family-hotel-milano-marittima\"]}]},{\"@type\":\"BreadcrumbList\",\"@id\":\"https:\/\/www.allinclusivehotels.it\/de\/hotels\/club-family-hotel-milano-marittima#breadcrumb\",\"itemListElement\":[{\"@type\":\"ListItem\",\"position\":1,\"name\":\"Home\",\"item\":\"https:\/\/www.allinclusivehotels.it\/de\"},{\"@type\":\"ListItem\",\"position\":2,\"name\":\"Hotels\",\"item\":\"https:\/\/www.allinclusivehotels.it\/de\/hotels\"},{\"@type\":\"ListItem\",\"position\":3,\"name\":\"Club Family Hotel Milano Marittima\"}]},{\"@type\":\"WebSite\",\"@id\":\"https:\/\/www.allinclusivehotels.it\/de#website\",\"url\":\"https:\/\/www.allinclusivehotels.it\/de\",\"name\":\"All Inclusive Hotels\",\"description\":\"\",\"publisher\":{\"@id\":\"https:\/\/www.allinclusivehotels.it\/de#organization\"},\"potentialAction\":[{\"@type\":\"SearchAction\",\"target\":{\"@type\":\"EntryPoint\",\"urlTemplate\":\"https:\/\/www.allinclusivehotels.it\/de?s={search_term_string}\"},\"query-input\":{\"@type\":\"PropertyValueSpecification\",\"valueRequired\":true,\"valueName\":\"search_term_string\"}}],\"inLanguage\":\"de\"},{\"@type\":\"Organization\",\"@id\":\"https:\/\/www.allinclusivehotels.it\/de#organization\",\"name\":\"All Inclusive Hotels\",\"url\":\"https:\/\/www.allinclusivehotels.it\/de\",\"logo\":{\"@type\":\"ImageObject\",\"inLanguage\":\"de\",\"@id\":\"https:\/\/www.allinclusivehotels.it\/de#\/schema\/logo\/image\/\",\"url\":\"\",\"contentUrl\":\"\",\"caption\":\"All Inclusive Hotels\"},\"image\":{\"@id\":\"https:\/\/www.allinclusivehotels.it\/de#\/schema\/logo\/image\/\"}}]}<\/script>\n<!-- \/ Yoast SEO plugin. -->","yoast_head_json":{"title":"Club Family Hotel Milano Marittima - All Inclusive Hotels","robots":{"index":"index","follow":"follow","max-snippet":"max-snippet:-1","max-image-preview":"max-image-preview:large","max-video-preview":"max-video-preview:-1"},"canonical":"https:\/\/www.allinclusivehotels.it\/de\/hotels\/club-family-hotel-milano-marittima","og_locale":"de_DE","og_type":"article","og_title":"Club Family Hotel Milano Marittima - All Inclusive Hotels","og_description":"Das Club Family Hotel in Milano Marittima ist Ihr Feriendorf f\u00fcr Vergn\u00fcgen hoch 2: zwei &hellip;","og_url":"https:\/\/www.allinclusivehotels.it\/de\/hotels\/club-family-hotel-milano-marittima","og_site_name":"All Inclusive Hotels","article_modified_time":"2023-03-30T08:30:23+00:00","twitter_card":"summary_large_image","twitter_misc":{"Gesch\u00e4tzte Lesezeit":"2\u00a0Minuten"},"schema":{"@context":"https:\/\/schema.org","@graph":[{"@type":"WebPage","@id":"https:\/\/www.allinclusivehotels.it\/de\/hotels\/club-family-hotel-milano-marittima","url":"https:\/\/www.allinclusivehotels.it\/de\/hotels\/club-family-hotel-milano-marittima","name":"Club Family Hotel Milano Marittima - All Inclusive Hotels","isPartOf":{"@id":"https:\/\/www.allinclusivehotels.it\/de#website"},"datePublished":"2022-03-28T08:05:59+00:00","dateModified":"2023-03-30T08:30:23+00:00","breadcrumb":{"@id":"https:\/\/www.allinclusivehotels.it\/de\/hotels\/club-family-hotel-milano-marittima#breadcrumb"},"inLanguage":"de","potentialAction":[{"@type":"ReadAction","target":["https:\/\/www.allinclusivehotels.it\/de\/hotels\/club-family-hotel-milano-marittima"]}]},{"@type":"BreadcrumbList","@id":"https:\/\/www.allinclusivehotels.it\/de\/hotels\/club-family-hotel-milano-marittima#breadcrumb","itemListElement":[{"@type":"ListItem","position":1,"name":"Home","item":"https:\/\/www.allinclusivehotels.it\/de"},{"@type":"ListItem","position":2,"name":"Hotels","item":"https:\/\/www.allinclusivehotels.it\/de\/hotels"},{"@type":"ListItem","position":3,"name":"Club Family Hotel Milano Marittima"}]},{"@type":"WebSite","@id":"https:\/\/www.allinclusivehotels.it\/de#website","url":"https:\/\/www.allinclusivehotels.it\/de","name":"All Inclusive Hotels","description":"","publisher":{"@id":"https:\/\/www.allinclusivehotels.it\/de#organization"},"potentialAction":[{"@type":"SearchAction","target":{"@type":"EntryPoint","urlTemplate":"https:\/\/www.allinclusivehotels.it\/de?s={search_term_string}"},"query-input":{"@type":"PropertyValueSpecification","valueRequired":true,"valueName":"search_term_string"}}],"inLanguage":"de"},{"@type":"Organization","@id":"https:\/\/www.allinclusivehotels.it\/de#organization","name":"All Inclusive Hotels","url":"https:\/\/www.allinclusivehotels.it\/de","logo":{"@type":"ImageObject","inLanguage":"de","@id":"https:\/\/www.allinclusivehotels.it\/de#\/schema\/logo\/image\/","url":"","contentUrl":"","caption":"All Inclusive Hotels"},"image":{"@id":"https:\/\/www.allinclusivehotels.it\/de#\/schema\/logo\/image\/"}}]}},"_links":{"self":[{"href":"https:\/\/www.allinclusivehotels.it\/de\/wp-json\/wp\/v2\/pages\/16519","targetHints":{"allow":["GET"]}}],"collection":[{"href":"https:\/\/www.allinclusivehotels.it\/de\/wp-json\/wp\/v2\/pages"}],"about":[{"href":"https:\/\/www.allinclusivehotels.it\/de\/wp-json\/wp\/v2\/types\/page"}],"author":[{"embeddable":true,"href":"https:\/\/www.allinclusivehotels.it\/de\/wp-json\/wp\/v2\/users\/1"}],"replies":[{"embeddable":true,"href":"https:\/\/www.allinclusivehotels.it\/de\/wp-json\/wp\/v2\/comments?post=16519"}],"version-history":[{"count":6,"href":"https:\/\/www.allinclusivehotels.it\/de\/wp-json\/wp\/v2\/pages\/16519\/revisions"}],"predecessor-version":[{"id":28364,"href":"https:\/\/www.allinclusivehotels.it\/de\/wp-json\/wp\/v2\/pages\/16519\/revisions\/28364"}],"up":[{"embeddable":true,"href":"https:\/\/www.allinclusivehotels.it\/de\/wp-json\/wp\/v2\/pages\/16476"}],"wp:attachment":[{"href":"https:\/\/www.allinclusivehotels.it\/de\/wp-json\/wp\/v2\/media?parent=16519"}],"curies":[{"name":"wp","href":"https:\/\/api.w.org\/{rel}","templated":true}]}}