{"id":16505,"date":"2022-03-28T10:05:55","date_gmt":"2022-03-28T08:05:55","guid":{"rendered":"https:\/\/www.allinclusivehotels.it\/hotels\/emhotel-europa-monetti"},"modified":"2023-02-14T11:43:28","modified_gmt":"2023-02-14T10:43:28","slug":"emhotel-europa-monetti","status":"publish","type":"page","link":"https:\/\/www.allinclusivehotels.it\/de\/hotels\/emhotel-europa-monetti","title":{"rendered":"EM|Hotel Europa Monetti"},"content":{"rendered":"\n<p>Das <b>EM|Hotel Europa Monetti <\/b>liegt im Zentrum von <b>Cattolica, <\/b>an der Fu\u00dfg\u00e4ngerzone; seine G\u00e4ste<\/p>\n\n\n\n<p>genie\u00dfen das st\u00e4dtische Flair, die vielen Lokale und Gesch\u00e4fte. Zum <b>Privatstrand Zona 44<\/b> sind es 143 Schritte \u2013 gez\u00e4hlt! &#8211; Die Gestaltung des 3.000 m\u00b2 gro\u00dfe Areals ist ganz auf Entspannung und Vergn\u00fcgen ausgerichtet. Sie haben dort einen Sonnenschirm und zwei Liegen, die Kinder viel Spa\u00df mit der Animation, die auch im Hotel weitergeht, 7 Tage in der Woche. <b>Schwimmbad <\/b>und <b>Wellness-Center<\/b> sind auch da.<\/p>\n\n\n\n<!--more-->\n\n\n\n<p>Das <b>EM|Hotel Europa Monetti <\/b>praktiziert wahres <b>All Inclusive <\/b>mit <b>au\u00dfergew\u00f6hnlichen Leistungen<\/b> wie Spa-Nutzung, Tauchkurse, Bootsausflug mit Aperitif, Gourmet-Essen am Pool, t\u00e4glich aufgef\u00fcllte Minibar, Garage, Zimmer-Aufr\u00e4umen am Nachmittag.<\/p>\n\n\n\n<p>Das <b>Restaurant Biancosale<\/b> bietet leichte bek\u00f6mmliche K\u00fcche aus <b>nat\u00fcrlichen, kurz gegarten Zutaten<\/b>, mit traditionellen und kreativen Gerichten. Mittags gibt es ein vielseitiges <b>Buffet mit Show-Cooking,<\/b> abends <b>Men\u00fc \u00e0 la carte.<\/b> <b>Glutenfreie<\/b>, <b>vegetarische<\/b> und <b>vegane<\/b> Gerichte fehlen nicht.<\/p>\n","protected":false},"excerpt":{"rendered":"<p>Das EM|Hotel Europa Monetti liegt im Zentrum von Cattolica, an der Fu\u00dfg\u00e4ngerzone; seine G\u00e4ste genie\u00dfen &hellip;<\/p>\n","protected":false},"author":1,"featured_media":0,"parent":16476,"menu_order":0,"comment_status":"closed","ping_status":"closed","template":"page-templates\/scheda_hotel.php","meta":{"_acf_changed":false,"footnotes":""},"class_list":["post-16505","page","type-page","status-publish","hentry"],"acf":[],"yoast_head":"<!-- This site is optimized with the Yoast SEO plugin v27.0 - https:\/\/yoast.com\/product\/yoast-seo-wordpress\/ -->\n<title>EM|Hotel Europa Monetti - All Inclusive Hotels<\/title>\n<meta name=\"robots\" content=\"index, follow, max-snippet:-1, max-image-preview:large, max-video-preview:-1\" \/>\n<link rel=\"canonical\" href=\"https:\/\/www.allinclusivehotels.it\/de\/hotels\/emhotel-europa-monetti\" \/>\n<meta property=\"og:locale\" content=\"de_DE\" \/>\n<meta property=\"og:type\" content=\"article\" \/>\n<meta property=\"og:title\" content=\"EM|Hotel Europa Monetti - All Inclusive Hotels\" \/>\n<meta property=\"og:description\" content=\"Das EM|Hotel Europa Monetti liegt im Zentrum von Cattolica, an der Fu\u00dfg\u00e4ngerzone; seine G\u00e4ste genie\u00dfen &hellip;\" \/>\n<meta property=\"og:url\" content=\"https:\/\/www.allinclusivehotels.it\/de\/hotels\/emhotel-europa-monetti\" \/>\n<meta property=\"og:site_name\" content=\"All Inclusive Hotels\" \/>\n<meta property=\"article:modified_time\" content=\"2023-02-14T10:43:28+00:00\" \/>\n<meta name=\"twitter:card\" content=\"summary_large_image\" \/>\n<meta name=\"twitter:label1\" content=\"Gesch\u00e4tzte Lesezeit\" \/>\n\t<meta name=\"twitter:data1\" content=\"1\u00a0Minute\" \/>\n<script type=\"application\/ld+json\" class=\"yoast-schema-graph\">{\"@context\":\"https:\/\/schema.org\",\"@graph\":[{\"@type\":\"WebPage\",\"@id\":\"https:\/\/www.allinclusivehotels.it\/de\/hotels\/emhotel-europa-monetti\",\"url\":\"https:\/\/www.allinclusivehotels.it\/de\/hotels\/emhotel-europa-monetti\",\"name\":\"EM|Hotel Europa Monetti - All Inclusive Hotels\",\"isPartOf\":{\"@id\":\"https:\/\/www.allinclusivehotels.it\/de#website\"},\"datePublished\":\"2022-03-28T08:05:55+00:00\",\"dateModified\":\"2023-02-14T10:43:28+00:00\",\"breadcrumb\":{\"@id\":\"https:\/\/www.allinclusivehotels.it\/de\/hotels\/emhotel-europa-monetti#breadcrumb\"},\"inLanguage\":\"de\",\"potentialAction\":[{\"@type\":\"ReadAction\",\"target\":[\"https:\/\/www.allinclusivehotels.it\/de\/hotels\/emhotel-europa-monetti\"]}]},{\"@type\":\"BreadcrumbList\",\"@id\":\"https:\/\/www.allinclusivehotels.it\/de\/hotels\/emhotel-europa-monetti#breadcrumb\",\"itemListElement\":[{\"@type\":\"ListItem\",\"position\":1,\"name\":\"Home\",\"item\":\"https:\/\/www.allinclusivehotels.it\/de\"},{\"@type\":\"ListItem\",\"position\":2,\"name\":\"Hotels\",\"item\":\"https:\/\/www.allinclusivehotels.it\/de\/hotels\"},{\"@type\":\"ListItem\",\"position\":3,\"name\":\"EM|Hotel Europa Monetti\"}]},{\"@type\":\"WebSite\",\"@id\":\"https:\/\/www.allinclusivehotels.it\/de#website\",\"url\":\"https:\/\/www.allinclusivehotels.it\/de\",\"name\":\"All Inclusive Hotels\",\"description\":\"\",\"publisher\":{\"@id\":\"https:\/\/www.allinclusivehotels.it\/de#organization\"},\"potentialAction\":[{\"@type\":\"SearchAction\",\"target\":{\"@type\":\"EntryPoint\",\"urlTemplate\":\"https:\/\/www.allinclusivehotels.it\/de?s={search_term_string}\"},\"query-input\":{\"@type\":\"PropertyValueSpecification\",\"valueRequired\":true,\"valueName\":\"search_term_string\"}}],\"inLanguage\":\"de\"},{\"@type\":\"Organization\",\"@id\":\"https:\/\/www.allinclusivehotels.it\/de#organization\",\"name\":\"All Inclusive Hotels\",\"url\":\"https:\/\/www.allinclusivehotels.it\/de\",\"logo\":{\"@type\":\"ImageObject\",\"inLanguage\":\"de\",\"@id\":\"https:\/\/www.allinclusivehotels.it\/de#\/schema\/logo\/image\/\",\"url\":\"\",\"contentUrl\":\"\",\"caption\":\"All Inclusive Hotels\"},\"image\":{\"@id\":\"https:\/\/www.allinclusivehotels.it\/de#\/schema\/logo\/image\/\"}}]}<\/script>\n<!-- \/ Yoast SEO plugin. -->","yoast_head_json":{"title":"EM|Hotel Europa Monetti - All Inclusive Hotels","robots":{"index":"index","follow":"follow","max-snippet":"max-snippet:-1","max-image-preview":"max-image-preview:large","max-video-preview":"max-video-preview:-1"},"canonical":"https:\/\/www.allinclusivehotels.it\/de\/hotels\/emhotel-europa-monetti","og_locale":"de_DE","og_type":"article","og_title":"EM|Hotel Europa Monetti - All Inclusive Hotels","og_description":"Das EM|Hotel Europa Monetti liegt im Zentrum von Cattolica, an der Fu\u00dfg\u00e4ngerzone; seine G\u00e4ste genie\u00dfen &hellip;","og_url":"https:\/\/www.allinclusivehotels.it\/de\/hotels\/emhotel-europa-monetti","og_site_name":"All Inclusive Hotels","article_modified_time":"2023-02-14T10:43:28+00:00","twitter_card":"summary_large_image","twitter_misc":{"Gesch\u00e4tzte Lesezeit":"1\u00a0Minute"},"schema":{"@context":"https:\/\/schema.org","@graph":[{"@type":"WebPage","@id":"https:\/\/www.allinclusivehotels.it\/de\/hotels\/emhotel-europa-monetti","url":"https:\/\/www.allinclusivehotels.it\/de\/hotels\/emhotel-europa-monetti","name":"EM|Hotel Europa Monetti - All Inclusive Hotels","isPartOf":{"@id":"https:\/\/www.allinclusivehotels.it\/de#website"},"datePublished":"2022-03-28T08:05:55+00:00","dateModified":"2023-02-14T10:43:28+00:00","breadcrumb":{"@id":"https:\/\/www.allinclusivehotels.it\/de\/hotels\/emhotel-europa-monetti#breadcrumb"},"inLanguage":"de","potentialAction":[{"@type":"ReadAction","target":["https:\/\/www.allinclusivehotels.it\/de\/hotels\/emhotel-europa-monetti"]}]},{"@type":"BreadcrumbList","@id":"https:\/\/www.allinclusivehotels.it\/de\/hotels\/emhotel-europa-monetti#breadcrumb","itemListElement":[{"@type":"ListItem","position":1,"name":"Home","item":"https:\/\/www.allinclusivehotels.it\/de"},{"@type":"ListItem","position":2,"name":"Hotels","item":"https:\/\/www.allinclusivehotels.it\/de\/hotels"},{"@type":"ListItem","position":3,"name":"EM|Hotel Europa Monetti"}]},{"@type":"WebSite","@id":"https:\/\/www.allinclusivehotels.it\/de#website","url":"https:\/\/www.allinclusivehotels.it\/de","name":"All Inclusive Hotels","description":"","publisher":{"@id":"https:\/\/www.allinclusivehotels.it\/de#organization"},"potentialAction":[{"@type":"SearchAction","target":{"@type":"EntryPoint","urlTemplate":"https:\/\/www.allinclusivehotels.it\/de?s={search_term_string}"},"query-input":{"@type":"PropertyValueSpecification","valueRequired":true,"valueName":"search_term_string"}}],"inLanguage":"de"},{"@type":"Organization","@id":"https:\/\/www.allinclusivehotels.it\/de#organization","name":"All Inclusive Hotels","url":"https:\/\/www.allinclusivehotels.it\/de","logo":{"@type":"ImageObject","inLanguage":"de","@id":"https:\/\/www.allinclusivehotels.it\/de#\/schema\/logo\/image\/","url":"","contentUrl":"","caption":"All Inclusive Hotels"},"image":{"@id":"https:\/\/www.allinclusivehotels.it\/de#\/schema\/logo\/image\/"}}]}},"_links":{"self":[{"href":"https:\/\/www.allinclusivehotels.it\/de\/wp-json\/wp\/v2\/pages\/16505","targetHints":{"allow":["GET"]}}],"collection":[{"href":"https:\/\/www.allinclusivehotels.it\/de\/wp-json\/wp\/v2\/pages"}],"about":[{"href":"https:\/\/www.allinclusivehotels.it\/de\/wp-json\/wp\/v2\/types\/page"}],"author":[{"embeddable":true,"href":"https:\/\/www.allinclusivehotels.it\/de\/wp-json\/wp\/v2\/users\/1"}],"replies":[{"embeddable":true,"href":"https:\/\/www.allinclusivehotels.it\/de\/wp-json\/wp\/v2\/comments?post=16505"}],"version-history":[{"count":3,"href":"https:\/\/www.allinclusivehotels.it\/de\/wp-json\/wp\/v2\/pages\/16505\/revisions"}],"predecessor-version":[{"id":25451,"href":"https:\/\/www.allinclusivehotels.it\/de\/wp-json\/wp\/v2\/pages\/16505\/revisions\/25451"}],"up":[{"embeddable":true,"href":"https:\/\/www.allinclusivehotels.it\/de\/wp-json\/wp\/v2\/pages\/16476"}],"wp:attachment":[{"href":"https:\/\/www.allinclusivehotels.it\/de\/wp-json\/wp\/v2\/media?parent=16505"}],"curies":[{"name":"wp","href":"https:\/\/api.w.org\/{rel}","templated":true}]}}