{"id":16499,"date":"2022-03-28T10:05:54","date_gmt":"2022-03-28T08:05:54","guid":{"rendered":"https:\/\/www.allinclusivehotels.it\/hotels\/hotel-esplanade"},"modified":"2022-07-01T09:41:34","modified_gmt":"2022-07-01T07:41:34","slug":"hotel-esplanade","status":"publish","type":"page","link":"https:\/\/www.allinclusivehotels.it\/de\/hotels\/hotel-esplanade","title":{"rendered":"Hotel Esplanade"},"content":{"rendered":"\n<p>Das <b>Hotel Esplanade <\/b>liegt am belebten <b>Strandboulevard von Cesenatico,<\/b> nicht weit vom historischen Hafenkanal, wenige Meter vom <b>Partner-Strandbad, <\/b>wo Ihnen ein <b>Sonnenschirm, 2 Liegen, Strandlaken<\/b> und Animation f\u00fcr Kinder zur Verf\u00fcgung stehen. Einen ganz exklusiven Entspannungsort finden Sie auf dem <b>&#8220;Rooftop&#8221;<\/b>,  eine <b>Terrasse auf der 7. Etage<\/b> mit umwerfender Aussicht, welche Sie im <b>Whirlpool <\/b>genie\u00dfen k\u00f6nnen, oder w\u00e4hrend Sie zu einem Drink Musik h\u00f6ren. Das Rooftop ist auch die Location w\u00f6chentlicher Events, wie <b>Sonnenaufgang mit hei\u00dfen Krapfen<\/b> oder <b>Degustationsabend <\/b>mit weingastronomischen Spezialit\u00e4ten.<\/p>\n\n\n\n<!--more-->\n\n\n\n<p>Die <b>K\u00fcche<\/b> des Hotel Esplanade zeichnet sich durch <b>moderne \u00dcberarbeitung der kulinarischen Tradition aus<\/b>, mit sorgf\u00e4ltig ausgesuchten frischen Zutaten, \u00fcberwiegend aus lokaler Produktion.<\/p>\n\n\n\n<p>Zu jeder Mahlzeit macht Sie der K\u00fcchenchef mit einem typischen romagnolischen Gericht bekannt und verr\u00e4t auch das Rezept. Stets stehen <b>4 Vor- und 3 Hauptgerichte zur Auswahl<\/b>, sowie ein Buffet mit Gem\u00fcse und S\u00fc\u00dfspeisen aus der <b>internen<\/b> <b>Konditorei<\/b>, dazu Getr\u00e4nke ohne Beschr\u00e4nkung: Wasser, Weine &#8211;  Sangiovese, Trebbiano, Pignoletto frizzante \u2013 Pepsi und Fanta. Sie k\u00f6nnen auch <b>am Strand mittagessen<\/b>, dazu w\u00e4hlen Sie unter <b>20 Speisen<\/b> aus \u2013 Vor- und Hauptgerichte, Salate, Sandwiches \u2013 und bekommen eine praktische K\u00fchltasche zum Mitnehmen. Wir haben auch viele Gerichte f\u00fcr von Z\u00f6liakie und anderen Unvertr\u00e4glichkeiten Betroffene.<\/p>\n\n\n\n<p><b>F\u00fcr Kinder<\/b> (und Eltern): Betreuung w\u00e4hrend der Mahlzeiten, Baby-Dance, Spielzonen, Brotzeit, Brei-Ecke und Kindermen\u00fc.<\/p>\n","protected":false},"excerpt":{"rendered":"<p>Das Hotel Esplanade liegt am belebten Strandboulevard von Cesenatico, nicht weit vom historischen Hafenkanal, wenige &hellip;<\/p>\n","protected":false},"author":1,"featured_media":0,"parent":16476,"menu_order":0,"comment_status":"closed","ping_status":"closed","template":"page-templates\/scheda_hotel.php","meta":{"_acf_changed":false,"footnotes":""},"class_list":["post-16499","page","type-page","status-publish","hentry"],"acf":[],"yoast_head":"<!-- This site is optimized with the Yoast SEO plugin v27.0 - https:\/\/yoast.com\/product\/yoast-seo-wordpress\/ -->\n<title>Hotel Esplanade - All Inclusive Hotels<\/title>\n<meta name=\"robots\" content=\"index, follow, max-snippet:-1, max-image-preview:large, max-video-preview:-1\" \/>\n<link rel=\"canonical\" href=\"https:\/\/www.allinclusivehotels.it\/de\/hotels\/hotel-esplanade\" \/>\n<meta property=\"og:locale\" content=\"de_DE\" \/>\n<meta property=\"og:type\" content=\"article\" \/>\n<meta property=\"og:title\" content=\"Hotel Esplanade - All Inclusive Hotels\" \/>\n<meta property=\"og:description\" content=\"Das Hotel Esplanade liegt am belebten Strandboulevard von Cesenatico, nicht weit vom historischen Hafenkanal, wenige &hellip;\" \/>\n<meta property=\"og:url\" content=\"https:\/\/www.allinclusivehotels.it\/de\/hotels\/hotel-esplanade\" \/>\n<meta property=\"og:site_name\" content=\"All Inclusive Hotels\" \/>\n<meta property=\"article:modified_time\" content=\"2022-07-01T07:41:34+00:00\" \/>\n<meta name=\"twitter:card\" content=\"summary_large_image\" \/>\n<meta name=\"twitter:label1\" content=\"Gesch\u00e4tzte Lesezeit\" \/>\n\t<meta name=\"twitter:data1\" content=\"2\u00a0Minuten\" \/>\n<script type=\"application\/ld+json\" class=\"yoast-schema-graph\">{\"@context\":\"https:\/\/schema.org\",\"@graph\":[{\"@type\":\"WebPage\",\"@id\":\"https:\/\/www.allinclusivehotels.it\/de\/hotels\/hotel-esplanade\",\"url\":\"https:\/\/www.allinclusivehotels.it\/de\/hotels\/hotel-esplanade\",\"name\":\"Hotel Esplanade - All Inclusive Hotels\",\"isPartOf\":{\"@id\":\"https:\/\/www.allinclusivehotels.it\/de#website\"},\"datePublished\":\"2022-03-28T08:05:54+00:00\",\"dateModified\":\"2022-07-01T07:41:34+00:00\",\"breadcrumb\":{\"@id\":\"https:\/\/www.allinclusivehotels.it\/de\/hotels\/hotel-esplanade#breadcrumb\"},\"inLanguage\":\"de\",\"potentialAction\":[{\"@type\":\"ReadAction\",\"target\":[\"https:\/\/www.allinclusivehotels.it\/de\/hotels\/hotel-esplanade\"]}]},{\"@type\":\"BreadcrumbList\",\"@id\":\"https:\/\/www.allinclusivehotels.it\/de\/hotels\/hotel-esplanade#breadcrumb\",\"itemListElement\":[{\"@type\":\"ListItem\",\"position\":1,\"name\":\"Home\",\"item\":\"https:\/\/www.allinclusivehotels.it\/de\"},{\"@type\":\"ListItem\",\"position\":2,\"name\":\"Hotels\",\"item\":\"https:\/\/www.allinclusivehotels.it\/de\/hotels\"},{\"@type\":\"ListItem\",\"position\":3,\"name\":\"Hotel Esplanade\"}]},{\"@type\":\"WebSite\",\"@id\":\"https:\/\/www.allinclusivehotels.it\/de#website\",\"url\":\"https:\/\/www.allinclusivehotels.it\/de\",\"name\":\"All Inclusive Hotels\",\"description\":\"\",\"publisher\":{\"@id\":\"https:\/\/www.allinclusivehotels.it\/de#organization\"},\"potentialAction\":[{\"@type\":\"SearchAction\",\"target\":{\"@type\":\"EntryPoint\",\"urlTemplate\":\"https:\/\/www.allinclusivehotels.it\/de?s={search_term_string}\"},\"query-input\":{\"@type\":\"PropertyValueSpecification\",\"valueRequired\":true,\"valueName\":\"search_term_string\"}}],\"inLanguage\":\"de\"},{\"@type\":\"Organization\",\"@id\":\"https:\/\/www.allinclusivehotels.it\/de#organization\",\"name\":\"All Inclusive Hotels\",\"url\":\"https:\/\/www.allinclusivehotels.it\/de\",\"logo\":{\"@type\":\"ImageObject\",\"inLanguage\":\"de\",\"@id\":\"https:\/\/www.allinclusivehotels.it\/de#\/schema\/logo\/image\/\",\"url\":\"\",\"contentUrl\":\"\",\"caption\":\"All Inclusive Hotels\"},\"image\":{\"@id\":\"https:\/\/www.allinclusivehotels.it\/de#\/schema\/logo\/image\/\"}}]}<\/script>\n<!-- \/ Yoast SEO plugin. -->","yoast_head_json":{"title":"Hotel Esplanade - All Inclusive Hotels","robots":{"index":"index","follow":"follow","max-snippet":"max-snippet:-1","max-image-preview":"max-image-preview:large","max-video-preview":"max-video-preview:-1"},"canonical":"https:\/\/www.allinclusivehotels.it\/de\/hotels\/hotel-esplanade","og_locale":"de_DE","og_type":"article","og_title":"Hotel Esplanade - All Inclusive Hotels","og_description":"Das Hotel Esplanade liegt am belebten Strandboulevard von Cesenatico, nicht weit vom historischen Hafenkanal, wenige &hellip;","og_url":"https:\/\/www.allinclusivehotels.it\/de\/hotels\/hotel-esplanade","og_site_name":"All Inclusive Hotels","article_modified_time":"2022-07-01T07:41:34+00:00","twitter_card":"summary_large_image","twitter_misc":{"Gesch\u00e4tzte Lesezeit":"2\u00a0Minuten"},"schema":{"@context":"https:\/\/schema.org","@graph":[{"@type":"WebPage","@id":"https:\/\/www.allinclusivehotels.it\/de\/hotels\/hotel-esplanade","url":"https:\/\/www.allinclusivehotels.it\/de\/hotels\/hotel-esplanade","name":"Hotel Esplanade - All Inclusive Hotels","isPartOf":{"@id":"https:\/\/www.allinclusivehotels.it\/de#website"},"datePublished":"2022-03-28T08:05:54+00:00","dateModified":"2022-07-01T07:41:34+00:00","breadcrumb":{"@id":"https:\/\/www.allinclusivehotels.it\/de\/hotels\/hotel-esplanade#breadcrumb"},"inLanguage":"de","potentialAction":[{"@type":"ReadAction","target":["https:\/\/www.allinclusivehotels.it\/de\/hotels\/hotel-esplanade"]}]},{"@type":"BreadcrumbList","@id":"https:\/\/www.allinclusivehotels.it\/de\/hotels\/hotel-esplanade#breadcrumb","itemListElement":[{"@type":"ListItem","position":1,"name":"Home","item":"https:\/\/www.allinclusivehotels.it\/de"},{"@type":"ListItem","position":2,"name":"Hotels","item":"https:\/\/www.allinclusivehotels.it\/de\/hotels"},{"@type":"ListItem","position":3,"name":"Hotel Esplanade"}]},{"@type":"WebSite","@id":"https:\/\/www.allinclusivehotels.it\/de#website","url":"https:\/\/www.allinclusivehotels.it\/de","name":"All Inclusive Hotels","description":"","publisher":{"@id":"https:\/\/www.allinclusivehotels.it\/de#organization"},"potentialAction":[{"@type":"SearchAction","target":{"@type":"EntryPoint","urlTemplate":"https:\/\/www.allinclusivehotels.it\/de?s={search_term_string}"},"query-input":{"@type":"PropertyValueSpecification","valueRequired":true,"valueName":"search_term_string"}}],"inLanguage":"de"},{"@type":"Organization","@id":"https:\/\/www.allinclusivehotels.it\/de#organization","name":"All Inclusive Hotels","url":"https:\/\/www.allinclusivehotels.it\/de","logo":{"@type":"ImageObject","inLanguage":"de","@id":"https:\/\/www.allinclusivehotels.it\/de#\/schema\/logo\/image\/","url":"","contentUrl":"","caption":"All Inclusive Hotels"},"image":{"@id":"https:\/\/www.allinclusivehotels.it\/de#\/schema\/logo\/image\/"}}]}},"_links":{"self":[{"href":"https:\/\/www.allinclusivehotels.it\/de\/wp-json\/wp\/v2\/pages\/16499","targetHints":{"allow":["GET"]}}],"collection":[{"href":"https:\/\/www.allinclusivehotels.it\/de\/wp-json\/wp\/v2\/pages"}],"about":[{"href":"https:\/\/www.allinclusivehotels.it\/de\/wp-json\/wp\/v2\/types\/page"}],"author":[{"embeddable":true,"href":"https:\/\/www.allinclusivehotels.it\/de\/wp-json\/wp\/v2\/users\/1"}],"replies":[{"embeddable":true,"href":"https:\/\/www.allinclusivehotels.it\/de\/wp-json\/wp\/v2\/comments?post=16499"}],"version-history":[{"count":2,"href":"https:\/\/www.allinclusivehotels.it\/de\/wp-json\/wp\/v2\/pages\/16499\/revisions"}],"predecessor-version":[{"id":21286,"href":"https:\/\/www.allinclusivehotels.it\/de\/wp-json\/wp\/v2\/pages\/16499\/revisions\/21286"}],"up":[{"embeddable":true,"href":"https:\/\/www.allinclusivehotels.it\/de\/wp-json\/wp\/v2\/pages\/16476"}],"wp:attachment":[{"href":"https:\/\/www.allinclusivehotels.it\/de\/wp-json\/wp\/v2\/media?parent=16499"}],"curies":[{"name":"wp","href":"https:\/\/api.w.org\/{rel}","templated":true}]}}