{"id":16476,"date":"2022-03-28T10:05:48","date_gmt":"2022-03-28T08:05:48","guid":{"rendered":"https:\/\/www.allinclusivehotels.it\/hotels"},"modified":"2023-03-08T10:14:13","modified_gmt":"2023-03-08T09:14:13","slug":"hotels","status":"publish","type":"page","link":"https:\/\/www.allinclusivehotels.it\/de\/hotels","title":{"rendered":"Hotels"},"content":{"rendered":"\n<p>Wir haben f\u00fcr Sie die besten A<b>ll-Inclusive-Hotels Italiens<\/b> zusammengestellt, in denen alle \u2013 aber wirklich alle \u2013 Leistungen im Preis enthalten sind. Hier beginnt Ihr <b>sorgenfreier Urlaub<\/b> mit <b>null teuren \u00dcberraschungen<\/b>: in den All-Inclusive-Hotels k\u00f6nnen Sie Ihre Brieftasche im Zimmer vergessen!<\/p>\n","protected":false},"excerpt":{"rendered":"<p>Wir haben f\u00fcr Sie die besten All-Inclusive-Hotels Italiens zusammengestellt, in denen alle \u2013 aber wirklich &hellip;<\/p>\n","protected":false},"author":1,"featured_media":0,"parent":0,"menu_order":0,"comment_status":"closed","ping_status":"closed","template":"page-templates\/lista_hotel.php","meta":{"_acf_changed":false,"footnotes":""},"class_list":["post-16476","page","type-page","status-publish","hentry"],"acf":[],"yoast_head":"<!-- This site is optimized with the Yoast SEO plugin v27.0 - https:\/\/yoast.com\/product\/yoast-seo-wordpress\/ -->\n<title>Die besten All-Inclusive-Hotels f\u00fcr All-Inclusive-Urlaub in Italien<\/title>\n<meta name=\"description\" content=\"Suchen Sie einen All-Inclusive-Urlaub in Italien? Entdecken Sie die gr\u00f6\u00dfte Auswahl an All-Inclusive-Hotels in den sch\u00f6nsten Reiseziele\" \/>\n<meta name=\"robots\" content=\"index, follow, max-snippet:-1, max-image-preview:large, max-video-preview:-1\" \/>\n<link rel=\"canonical\" href=\"https:\/\/www.allinclusivehotels.it\/de\/hotels\" \/>\n<meta property=\"og:locale\" content=\"de_DE\" \/>\n<meta property=\"og:type\" content=\"article\" \/>\n<meta property=\"og:title\" content=\"Die besten All-Inclusive-Hotels f\u00fcr All-Inclusive-Urlaub in Italien\" \/>\n<meta property=\"og:description\" content=\"Suchen Sie einen All-Inclusive-Urlaub in Italien? Entdecken Sie die gr\u00f6\u00dfte Auswahl an All-Inclusive-Hotels in den sch\u00f6nsten Reiseziele\" \/>\n<meta property=\"og:url\" content=\"https:\/\/www.allinclusivehotels.it\/de\/hotels\" \/>\n<meta property=\"og:site_name\" content=\"All Inclusive Hotels\" \/>\n<meta property=\"article:modified_time\" content=\"2023-03-08T09:14:13+00:00\" \/>\n<meta name=\"twitter:card\" content=\"summary_large_image\" \/>\n<meta name=\"twitter:label1\" content=\"Gesch\u00e4tzte Lesezeit\" \/>\n\t<meta name=\"twitter:data1\" content=\"1\u00a0Minute\" \/>\n<script type=\"application\/ld+json\" class=\"yoast-schema-graph\">{\"@context\":\"https:\/\/schema.org\",\"@graph\":[{\"@type\":\"WebPage\",\"@id\":\"https:\/\/www.allinclusivehotels.it\/de\/hotels\",\"url\":\"https:\/\/www.allinclusivehotels.it\/de\/hotels\",\"name\":\"Die besten All-Inclusive-Hotels f\u00fcr All-Inclusive-Urlaub in Italien\",\"isPartOf\":{\"@id\":\"https:\/\/www.allinclusivehotels.it\/de#website\"},\"datePublished\":\"2022-03-28T08:05:48+00:00\",\"dateModified\":\"2023-03-08T09:14:13+00:00\",\"description\":\"Suchen Sie einen All-Inclusive-Urlaub in Italien? Entdecken Sie die gr\u00f6\u00dfte Auswahl an All-Inclusive-Hotels in den sch\u00f6nsten Reiseziele\",\"breadcrumb\":{\"@id\":\"https:\/\/www.allinclusivehotels.it\/de\/hotels#breadcrumb\"},\"inLanguage\":\"de\",\"potentialAction\":[{\"@type\":\"ReadAction\",\"target\":[\"https:\/\/www.allinclusivehotels.it\/de\/hotels\"]}]},{\"@type\":\"BreadcrumbList\",\"@id\":\"https:\/\/www.allinclusivehotels.it\/de\/hotels#breadcrumb\",\"itemListElement\":[{\"@type\":\"ListItem\",\"position\":1,\"name\":\"Home\",\"item\":\"https:\/\/www.allinclusivehotels.it\/de\"},{\"@type\":\"ListItem\",\"position\":2,\"name\":\"Hotels\"}]},{\"@type\":\"WebSite\",\"@id\":\"https:\/\/www.allinclusivehotels.it\/de#website\",\"url\":\"https:\/\/www.allinclusivehotels.it\/de\",\"name\":\"All Inclusive Hotels\",\"description\":\"\",\"publisher\":{\"@id\":\"https:\/\/www.allinclusivehotels.it\/de#organization\"},\"potentialAction\":[{\"@type\":\"SearchAction\",\"target\":{\"@type\":\"EntryPoint\",\"urlTemplate\":\"https:\/\/www.allinclusivehotels.it\/de?s={search_term_string}\"},\"query-input\":{\"@type\":\"PropertyValueSpecification\",\"valueRequired\":true,\"valueName\":\"search_term_string\"}}],\"inLanguage\":\"de\"},{\"@type\":\"Organization\",\"@id\":\"https:\/\/www.allinclusivehotels.it\/de#organization\",\"name\":\"All Inclusive Hotels\",\"url\":\"https:\/\/www.allinclusivehotels.it\/de\",\"logo\":{\"@type\":\"ImageObject\",\"inLanguage\":\"de\",\"@id\":\"https:\/\/www.allinclusivehotels.it\/de#\/schema\/logo\/image\/\",\"url\":\"\",\"contentUrl\":\"\",\"caption\":\"All Inclusive Hotels\"},\"image\":{\"@id\":\"https:\/\/www.allinclusivehotels.it\/de#\/schema\/logo\/image\/\"}}]}<\/script>\n<!-- \/ Yoast SEO plugin. -->","yoast_head_json":{"title":"Die besten All-Inclusive-Hotels f\u00fcr All-Inclusive-Urlaub in Italien","description":"Suchen Sie einen All-Inclusive-Urlaub in Italien? Entdecken Sie die gr\u00f6\u00dfte Auswahl an All-Inclusive-Hotels in den sch\u00f6nsten Reiseziele","robots":{"index":"index","follow":"follow","max-snippet":"max-snippet:-1","max-image-preview":"max-image-preview:large","max-video-preview":"max-video-preview:-1"},"canonical":"https:\/\/www.allinclusivehotels.it\/de\/hotels","og_locale":"de_DE","og_type":"article","og_title":"Die besten All-Inclusive-Hotels f\u00fcr All-Inclusive-Urlaub in Italien","og_description":"Suchen Sie einen All-Inclusive-Urlaub in Italien? Entdecken Sie die gr\u00f6\u00dfte Auswahl an All-Inclusive-Hotels in den sch\u00f6nsten Reiseziele","og_url":"https:\/\/www.allinclusivehotels.it\/de\/hotels","og_site_name":"All Inclusive Hotels","article_modified_time":"2023-03-08T09:14:13+00:00","twitter_card":"summary_large_image","twitter_misc":{"Gesch\u00e4tzte Lesezeit":"1\u00a0Minute"},"schema":{"@context":"https:\/\/schema.org","@graph":[{"@type":"WebPage","@id":"https:\/\/www.allinclusivehotels.it\/de\/hotels","url":"https:\/\/www.allinclusivehotels.it\/de\/hotels","name":"Die besten All-Inclusive-Hotels f\u00fcr All-Inclusive-Urlaub in Italien","isPartOf":{"@id":"https:\/\/www.allinclusivehotels.it\/de#website"},"datePublished":"2022-03-28T08:05:48+00:00","dateModified":"2023-03-08T09:14:13+00:00","description":"Suchen Sie einen All-Inclusive-Urlaub in Italien? Entdecken Sie die gr\u00f6\u00dfte Auswahl an All-Inclusive-Hotels in den sch\u00f6nsten Reiseziele","breadcrumb":{"@id":"https:\/\/www.allinclusivehotels.it\/de\/hotels#breadcrumb"},"inLanguage":"de","potentialAction":[{"@type":"ReadAction","target":["https:\/\/www.allinclusivehotels.it\/de\/hotels"]}]},{"@type":"BreadcrumbList","@id":"https:\/\/www.allinclusivehotels.it\/de\/hotels#breadcrumb","itemListElement":[{"@type":"ListItem","position":1,"name":"Home","item":"https:\/\/www.allinclusivehotels.it\/de"},{"@type":"ListItem","position":2,"name":"Hotels"}]},{"@type":"WebSite","@id":"https:\/\/www.allinclusivehotels.it\/de#website","url":"https:\/\/www.allinclusivehotels.it\/de","name":"All Inclusive Hotels","description":"","publisher":{"@id":"https:\/\/www.allinclusivehotels.it\/de#organization"},"potentialAction":[{"@type":"SearchAction","target":{"@type":"EntryPoint","urlTemplate":"https:\/\/www.allinclusivehotels.it\/de?s={search_term_string}"},"query-input":{"@type":"PropertyValueSpecification","valueRequired":true,"valueName":"search_term_string"}}],"inLanguage":"de"},{"@type":"Organization","@id":"https:\/\/www.allinclusivehotels.it\/de#organization","name":"All Inclusive Hotels","url":"https:\/\/www.allinclusivehotels.it\/de","logo":{"@type":"ImageObject","inLanguage":"de","@id":"https:\/\/www.allinclusivehotels.it\/de#\/schema\/logo\/image\/","url":"","contentUrl":"","caption":"All Inclusive Hotels"},"image":{"@id":"https:\/\/www.allinclusivehotels.it\/de#\/schema\/logo\/image\/"}}]}},"_links":{"self":[{"href":"https:\/\/www.allinclusivehotels.it\/de\/wp-json\/wp\/v2\/pages\/16476","targetHints":{"allow":["GET"]}}],"collection":[{"href":"https:\/\/www.allinclusivehotels.it\/de\/wp-json\/wp\/v2\/pages"}],"about":[{"href":"https:\/\/www.allinclusivehotels.it\/de\/wp-json\/wp\/v2\/types\/page"}],"author":[{"embeddable":true,"href":"https:\/\/www.allinclusivehotels.it\/de\/wp-json\/wp\/v2\/users\/1"}],"replies":[{"embeddable":true,"href":"https:\/\/www.allinclusivehotels.it\/de\/wp-json\/wp\/v2\/comments?post=16476"}],"version-history":[{"count":1,"href":"https:\/\/www.allinclusivehotels.it\/de\/wp-json\/wp\/v2\/pages\/16476\/revisions"}],"predecessor-version":[{"id":16477,"href":"https:\/\/www.allinclusivehotels.it\/de\/wp-json\/wp\/v2\/pages\/16476\/revisions\/16477"}],"wp:attachment":[{"href":"https:\/\/www.allinclusivehotels.it\/de\/wp-json\/wp\/v2\/media?parent=16476"}],"curies":[{"name":"wp","href":"https:\/\/api.w.org\/{rel}","templated":true}]}}