{"id":16470,"date":"2022-03-28T10:05:46","date_gmt":"2022-03-28T08:05:46","guid":{"rendered":"https:\/\/www.allinclusivehotels.it\/feriendoerfer\/toskana"},"modified":"2022-06-30T15:34:44","modified_gmt":"2022-06-30T13:34:44","slug":"toskana","status":"publish","type":"page","link":"https:\/\/www.allinclusivehotels.it\/de\/feriendoerfer\/toskana","title":{"rendered":"Toskana"},"content":{"rendered":"\n<p>Kunst und Kultur haben den gr\u00f6\u00dften Anteil am Ruhm der Toskana. Aber auch das Meer ist verlockend, es gibt nicht nur voll ausger\u00fcste Badestr\u00e4nde, sondern auch naturnahe, von gr\u00fcnem  Pinienwald ges\u00e4umte K\u00fcstenbereiche. Das h\u00fcgelige Landesinnere mit Rebkulturen, Zypressen-Alleen und malerischen Ortschaften ist eine Legende. Die <b>All-Inclusive-Feriend\u00f6rfer <\/b>der Toskana er\u00f6ffnen Ihnen alle Seiten dieser Region!<\/p>\n","protected":false},"excerpt":{"rendered":"<p>Kunst und Kultur haben den gr\u00f6\u00dften Anteil am Ruhm der Toskana. Aber auch das Meer &hellip;<\/p>\n","protected":false},"author":1,"featured_media":0,"parent":16464,"menu_order":0,"comment_status":"closed","ping_status":"closed","template":"page-templates\/destinazione_villaggi.php","meta":{"_acf_changed":false,"footnotes":""},"class_list":["post-16470","page","type-page","status-publish","hentry"],"acf":[],"yoast_head":"<!-- This site is optimized with the Yoast SEO plugin v27.0 - https:\/\/yoast.com\/product\/yoast-seo-wordpress\/ -->\n<title>Die besten All-Inclusive-Feriend\u00f6rfer am Meer in der Toskana<\/title>\n<meta name=\"description\" content=\"Suchen Sie All-Inclusive-Feriend\u00f6rfer in der Toskana? Entdecken Sie die Besten und sehen Sie sich die Angebote an!\" \/>\n<meta name=\"robots\" content=\"index, follow, max-snippet:-1, max-image-preview:large, max-video-preview:-1\" \/>\n<link rel=\"canonical\" href=\"https:\/\/www.allinclusivehotels.it\/de\/feriendoerfer\/toskana\" \/>\n<meta property=\"og:locale\" content=\"de_DE\" \/>\n<meta property=\"og:type\" content=\"article\" \/>\n<meta property=\"og:title\" content=\"Die besten All-Inclusive-Feriend\u00f6rfer am Meer in der Toskana\" \/>\n<meta property=\"og:description\" content=\"Suchen Sie All-Inclusive-Feriend\u00f6rfer in der Toskana? Entdecken Sie die Besten und sehen Sie sich die Angebote an!\" \/>\n<meta property=\"og:url\" content=\"https:\/\/www.allinclusivehotels.it\/de\/feriendoerfer\/toskana\" \/>\n<meta property=\"og:site_name\" content=\"All Inclusive Hotels\" \/>\n<meta property=\"article:modified_time\" content=\"2022-06-30T13:34:44+00:00\" \/>\n<meta name=\"twitter:card\" content=\"summary_large_image\" \/>\n<meta name=\"twitter:label1\" content=\"Gesch\u00e4tzte Lesezeit\" \/>\n\t<meta name=\"twitter:data1\" content=\"1\u00a0Minute\" \/>\n<script type=\"application\/ld+json\" class=\"yoast-schema-graph\">{\"@context\":\"https:\/\/schema.org\",\"@graph\":[{\"@type\":\"WebPage\",\"@id\":\"https:\/\/www.allinclusivehotels.it\/de\/feriendoerfer\/toskana\",\"url\":\"https:\/\/www.allinclusivehotels.it\/de\/feriendoerfer\/toskana\",\"name\":\"Die besten All-Inclusive-Feriend\u00f6rfer am Meer in der Toskana\",\"isPartOf\":{\"@id\":\"https:\/\/www.allinclusivehotels.it\/de#website\"},\"datePublished\":\"2022-03-28T08:05:46+00:00\",\"dateModified\":\"2022-06-30T13:34:44+00:00\",\"description\":\"Suchen Sie All-Inclusive-Feriend\u00f6rfer in der Toskana? Entdecken Sie die Besten und sehen Sie sich die Angebote an!\",\"breadcrumb\":{\"@id\":\"https:\/\/www.allinclusivehotels.it\/de\/feriendoerfer\/toskana#breadcrumb\"},\"inLanguage\":\"de\",\"potentialAction\":[{\"@type\":\"ReadAction\",\"target\":[\"https:\/\/www.allinclusivehotels.it\/de\/feriendoerfer\/toskana\"]}]},{\"@type\":\"BreadcrumbList\",\"@id\":\"https:\/\/www.allinclusivehotels.it\/de\/feriendoerfer\/toskana#breadcrumb\",\"itemListElement\":[{\"@type\":\"ListItem\",\"position\":1,\"name\":\"Home\",\"item\":\"https:\/\/www.allinclusivehotels.it\/de\"},{\"@type\":\"ListItem\",\"position\":2,\"name\":\"Feriend\u00f6rfer\",\"item\":\"https:\/\/www.allinclusivehotels.it\/de\/feriendoerfer\"},{\"@type\":\"ListItem\",\"position\":3,\"name\":\"Toskana\"}]},{\"@type\":\"WebSite\",\"@id\":\"https:\/\/www.allinclusivehotels.it\/de#website\",\"url\":\"https:\/\/www.allinclusivehotels.it\/de\",\"name\":\"All Inclusive Hotels\",\"description\":\"\",\"publisher\":{\"@id\":\"https:\/\/www.allinclusivehotels.it\/de#organization\"},\"potentialAction\":[{\"@type\":\"SearchAction\",\"target\":{\"@type\":\"EntryPoint\",\"urlTemplate\":\"https:\/\/www.allinclusivehotels.it\/de?s={search_term_string}\"},\"query-input\":{\"@type\":\"PropertyValueSpecification\",\"valueRequired\":true,\"valueName\":\"search_term_string\"}}],\"inLanguage\":\"de\"},{\"@type\":\"Organization\",\"@id\":\"https:\/\/www.allinclusivehotels.it\/de#organization\",\"name\":\"All Inclusive Hotels\",\"url\":\"https:\/\/www.allinclusivehotels.it\/de\",\"logo\":{\"@type\":\"ImageObject\",\"inLanguage\":\"de\",\"@id\":\"https:\/\/www.allinclusivehotels.it\/de#\/schema\/logo\/image\/\",\"url\":\"\",\"contentUrl\":\"\",\"caption\":\"All Inclusive Hotels\"},\"image\":{\"@id\":\"https:\/\/www.allinclusivehotels.it\/de#\/schema\/logo\/image\/\"}}]}<\/script>\n<!-- \/ Yoast SEO plugin. -->","yoast_head_json":{"title":"Die besten All-Inclusive-Feriend\u00f6rfer am Meer in der Toskana","description":"Suchen Sie All-Inclusive-Feriend\u00f6rfer in der Toskana? Entdecken Sie die Besten und sehen Sie sich die Angebote an!","robots":{"index":"index","follow":"follow","max-snippet":"max-snippet:-1","max-image-preview":"max-image-preview:large","max-video-preview":"max-video-preview:-1"},"canonical":"https:\/\/www.allinclusivehotels.it\/de\/feriendoerfer\/toskana","og_locale":"de_DE","og_type":"article","og_title":"Die besten All-Inclusive-Feriend\u00f6rfer am Meer in der Toskana","og_description":"Suchen Sie All-Inclusive-Feriend\u00f6rfer in der Toskana? Entdecken Sie die Besten und sehen Sie sich die Angebote an!","og_url":"https:\/\/www.allinclusivehotels.it\/de\/feriendoerfer\/toskana","og_site_name":"All Inclusive Hotels","article_modified_time":"2022-06-30T13:34:44+00:00","twitter_card":"summary_large_image","twitter_misc":{"Gesch\u00e4tzte Lesezeit":"1\u00a0Minute"},"schema":{"@context":"https:\/\/schema.org","@graph":[{"@type":"WebPage","@id":"https:\/\/www.allinclusivehotels.it\/de\/feriendoerfer\/toskana","url":"https:\/\/www.allinclusivehotels.it\/de\/feriendoerfer\/toskana","name":"Die besten All-Inclusive-Feriend\u00f6rfer am Meer in der Toskana","isPartOf":{"@id":"https:\/\/www.allinclusivehotels.it\/de#website"},"datePublished":"2022-03-28T08:05:46+00:00","dateModified":"2022-06-30T13:34:44+00:00","description":"Suchen Sie All-Inclusive-Feriend\u00f6rfer in der Toskana? Entdecken Sie die Besten und sehen Sie sich die Angebote an!","breadcrumb":{"@id":"https:\/\/www.allinclusivehotels.it\/de\/feriendoerfer\/toskana#breadcrumb"},"inLanguage":"de","potentialAction":[{"@type":"ReadAction","target":["https:\/\/www.allinclusivehotels.it\/de\/feriendoerfer\/toskana"]}]},{"@type":"BreadcrumbList","@id":"https:\/\/www.allinclusivehotels.it\/de\/feriendoerfer\/toskana#breadcrumb","itemListElement":[{"@type":"ListItem","position":1,"name":"Home","item":"https:\/\/www.allinclusivehotels.it\/de"},{"@type":"ListItem","position":2,"name":"Feriend\u00f6rfer","item":"https:\/\/www.allinclusivehotels.it\/de\/feriendoerfer"},{"@type":"ListItem","position":3,"name":"Toskana"}]},{"@type":"WebSite","@id":"https:\/\/www.allinclusivehotels.it\/de#website","url":"https:\/\/www.allinclusivehotels.it\/de","name":"All Inclusive Hotels","description":"","publisher":{"@id":"https:\/\/www.allinclusivehotels.it\/de#organization"},"potentialAction":[{"@type":"SearchAction","target":{"@type":"EntryPoint","urlTemplate":"https:\/\/www.allinclusivehotels.it\/de?s={search_term_string}"},"query-input":{"@type":"PropertyValueSpecification","valueRequired":true,"valueName":"search_term_string"}}],"inLanguage":"de"},{"@type":"Organization","@id":"https:\/\/www.allinclusivehotels.it\/de#organization","name":"All Inclusive Hotels","url":"https:\/\/www.allinclusivehotels.it\/de","logo":{"@type":"ImageObject","inLanguage":"de","@id":"https:\/\/www.allinclusivehotels.it\/de#\/schema\/logo\/image\/","url":"","contentUrl":"","caption":"All Inclusive Hotels"},"image":{"@id":"https:\/\/www.allinclusivehotels.it\/de#\/schema\/logo\/image\/"}}]}},"_links":{"self":[{"href":"https:\/\/www.allinclusivehotels.it\/de\/wp-json\/wp\/v2\/pages\/16470","targetHints":{"allow":["GET"]}}],"collection":[{"href":"https:\/\/www.allinclusivehotels.it\/de\/wp-json\/wp\/v2\/pages"}],"about":[{"href":"https:\/\/www.allinclusivehotels.it\/de\/wp-json\/wp\/v2\/types\/page"}],"author":[{"embeddable":true,"href":"https:\/\/www.allinclusivehotels.it\/de\/wp-json\/wp\/v2\/users\/1"}],"replies":[{"embeddable":true,"href":"https:\/\/www.allinclusivehotels.it\/de\/wp-json\/wp\/v2\/comments?post=16470"}],"version-history":[{"count":1,"href":"https:\/\/www.allinclusivehotels.it\/de\/wp-json\/wp\/v2\/pages\/16470\/revisions"}],"predecessor-version":[{"id":16471,"href":"https:\/\/www.allinclusivehotels.it\/de\/wp-json\/wp\/v2\/pages\/16470\/revisions\/16471"}],"up":[{"embeddable":true,"href":"https:\/\/www.allinclusivehotels.it\/de\/wp-json\/wp\/v2\/pages\/16464"}],"wp:attachment":[{"href":"https:\/\/www.allinclusivehotels.it\/de\/wp-json\/wp\/v2\/media?parent=16470"}],"curies":[{"name":"wp","href":"https:\/\/api.w.org\/{rel}","templated":true}]}}