{"id":16468,"date":"2022-03-28T10:05:46","date_gmt":"2022-03-28T08:05:46","guid":{"rendered":"https:\/\/www.allinclusivehotels.it\/feriendoerfer\/apulien"},"modified":"2022-06-30T15:28:36","modified_gmt":"2022-06-30T13:28:36","slug":"apulien","status":"publish","type":"page","link":"https:\/\/www.allinclusivehotels.it\/de\/feriendoerfer\/apulien","title":{"rendered":"Apulien"},"content":{"rendered":"\n<h2 class=\"wp-block-heading\">Meer, Zeugnisse der Geschichte, Tafelfreuden<\/h2>\n\n\n\n<p>Ein Urlaub in Apulien f\u00fchrt Sie an herrliche Str\u00e4nde, zu beeindruckenden Zeugnissen der Vergangenheit, zu kulinarischen Entdeckungen. Die <b>All-Inclusive-Feriend\u00f6rfer <\/b>sind der Schl\u00fcssel zu dieser Schatzkammer und Orte warmherziger,  aufmerksamer Gastlichkeit.<\/p>\n\n\n\n<!--more-->\n\n\n\n<p>Eine der starken Seiten Apuliens ist zweifellos die <b>regionale<\/b> <b>Kochkunst<\/b>. In allen <b>All-Inclusive-Feriend\u00f6rfern <\/b>Apuliens beinhaltet das Speisenangebot leckere Spezialit\u00e4ten der K\u00fcste und des Festlands auf der Basis hervorragender<b> lokaler Produkte:<\/b> Brot und handgemachte Teigwaren wie die bekannten <b>Orecchiette;<\/b> Fisch und Krustentiere; <b>Burrata-K\u00e4se<\/b>; Artischocken, Cardy, Zichorien, Pilze, Spargel. Top-Produkte der fruchtbaren sonnigen Region sind auch <b>natives Oliven\u00f6l<\/b> und <b>namhafte Weine.<\/b><\/p>\n\n\n\n<p>Die Verwendung lokaler Produkte in den <b>All-Inclusive-Feriend\u00f6rfern Apuliens <\/b>garantiert exzellenten Geschmack und nat\u00fcrliche Bek\u00f6mmlichkeit, auch der Kindergerichte.<\/p>\n\n\n\n<h2 class=\"wp-block-heading\">Entdeckungen im Landesinneren<\/h2>\n\n\n\n<p>In den <b>All-Inclusive-Feriend\u00f6rfern Apuliens<\/b> erhalten Sie alle Informationen, um die sch\u00f6nsten und interessantesten Orte im Landesinneren zu  besuchen. Stille Landschaften mit Olivenb\u00e4umen, Trockenmauern,  alten Gutsh\u00f6fen, D\u00f6rfern wie aus einer anderen Zeit; und mittelalterliche St\u00e4dtchen wie <b>Carpino,<\/b> oder auch <b>San Giovanni Rotondo<\/b>, ein Wallfahrtsort der zahlreichen Verehrer des als wundert\u00e4tig geltenden &#8220;Padre Pio&#8221; (1887-1968).<\/p>\n\n\n\n<h2 class=\"wp-block-heading\">Radfahren in Apulien<\/h2>\n\n\n\n<p>F\u00fcr <b>Radtouren<\/b>, <b>Mountainbike<\/b> und auch <b>Rennrad<\/b> sind in Apulien interessante, landschaftlich sch\u00f6ne Routen ausgewiesen, insbesondere im Gargano-Gebiet. Die <b>All-Inclusive-Feriend\u00f6rfer<\/b> tragen mit <b>Infomaterial und Beratung<\/b> zu gelungenen Touren bei.<\/p>\n","protected":false},"excerpt":{"rendered":"<p>Meer, Zeugnisse der Geschichte, Tafelfreuden Ein Urlaub in Apulien f\u00fchrt Sie an herrliche Str\u00e4nde, zu &hellip;<\/p>\n","protected":false},"author":1,"featured_media":0,"parent":16464,"menu_order":0,"comment_status":"closed","ping_status":"closed","template":"page-templates\/destinazione_villaggi.php","meta":{"_acf_changed":false,"footnotes":""},"class_list":["post-16468","page","type-page","status-publish","hentry"],"acf":[],"yoast_head":"<!-- This site is optimized with the Yoast SEO plugin v27.0 - https:\/\/yoast.com\/product\/yoast-seo-wordpress\/ -->\n<title>Die besten All-Inclusive-Feriend\u00f6rfer am Meer in Apulien<\/title>\n<meta name=\"description\" content=\"Suchen Sie All-Inclusive-Feriend\u00f6rfer in Apulien? Entdecken Sie die Besten und sehen Sie sich die Angebote an!\" \/>\n<meta name=\"robots\" content=\"index, follow, max-snippet:-1, max-image-preview:large, max-video-preview:-1\" \/>\n<link rel=\"canonical\" href=\"https:\/\/www.allinclusivehotels.it\/de\/feriendoerfer\/apulien\" \/>\n<meta property=\"og:locale\" content=\"de_DE\" \/>\n<meta property=\"og:type\" content=\"article\" \/>\n<meta property=\"og:title\" content=\"Die besten All-Inclusive-Feriend\u00f6rfer am Meer in Apulien\" \/>\n<meta property=\"og:description\" content=\"Suchen Sie All-Inclusive-Feriend\u00f6rfer in Apulien? Entdecken Sie die Besten und sehen Sie sich die Angebote an!\" \/>\n<meta property=\"og:url\" content=\"https:\/\/www.allinclusivehotels.it\/de\/feriendoerfer\/apulien\" \/>\n<meta property=\"og:site_name\" content=\"All Inclusive Hotels\" \/>\n<meta property=\"article:modified_time\" content=\"2022-06-30T13:28:36+00:00\" \/>\n<meta name=\"twitter:card\" content=\"summary_large_image\" \/>\n<meta name=\"twitter:label1\" content=\"Gesch\u00e4tzte Lesezeit\" \/>\n\t<meta name=\"twitter:data1\" content=\"2\u00a0Minuten\" \/>\n<script type=\"application\/ld+json\" class=\"yoast-schema-graph\">{\"@context\":\"https:\/\/schema.org\",\"@graph\":[{\"@type\":\"WebPage\",\"@id\":\"https:\/\/www.allinclusivehotels.it\/de\/feriendoerfer\/apulien\",\"url\":\"https:\/\/www.allinclusivehotels.it\/de\/feriendoerfer\/apulien\",\"name\":\"Die besten All-Inclusive-Feriend\u00f6rfer am Meer in Apulien\",\"isPartOf\":{\"@id\":\"https:\/\/www.allinclusivehotels.it\/de#website\"},\"datePublished\":\"2022-03-28T08:05:46+00:00\",\"dateModified\":\"2022-06-30T13:28:36+00:00\",\"description\":\"Suchen Sie All-Inclusive-Feriend\u00f6rfer in Apulien? Entdecken Sie die Besten und sehen Sie sich die Angebote an!\",\"breadcrumb\":{\"@id\":\"https:\/\/www.allinclusivehotels.it\/de\/feriendoerfer\/apulien#breadcrumb\"},\"inLanguage\":\"de\",\"potentialAction\":[{\"@type\":\"ReadAction\",\"target\":[\"https:\/\/www.allinclusivehotels.it\/de\/feriendoerfer\/apulien\"]}]},{\"@type\":\"BreadcrumbList\",\"@id\":\"https:\/\/www.allinclusivehotels.it\/de\/feriendoerfer\/apulien#breadcrumb\",\"itemListElement\":[{\"@type\":\"ListItem\",\"position\":1,\"name\":\"Home\",\"item\":\"https:\/\/www.allinclusivehotels.it\/de\"},{\"@type\":\"ListItem\",\"position\":2,\"name\":\"Feriend\u00f6rfer\",\"item\":\"https:\/\/www.allinclusivehotels.it\/de\/feriendoerfer\"},{\"@type\":\"ListItem\",\"position\":3,\"name\":\"Apulien\"}]},{\"@type\":\"WebSite\",\"@id\":\"https:\/\/www.allinclusivehotels.it\/de#website\",\"url\":\"https:\/\/www.allinclusivehotels.it\/de\",\"name\":\"All Inclusive Hotels\",\"description\":\"\",\"publisher\":{\"@id\":\"https:\/\/www.allinclusivehotels.it\/de#organization\"},\"potentialAction\":[{\"@type\":\"SearchAction\",\"target\":{\"@type\":\"EntryPoint\",\"urlTemplate\":\"https:\/\/www.allinclusivehotels.it\/de?s={search_term_string}\"},\"query-input\":{\"@type\":\"PropertyValueSpecification\",\"valueRequired\":true,\"valueName\":\"search_term_string\"}}],\"inLanguage\":\"de\"},{\"@type\":\"Organization\",\"@id\":\"https:\/\/www.allinclusivehotels.it\/de#organization\",\"name\":\"All Inclusive Hotels\",\"url\":\"https:\/\/www.allinclusivehotels.it\/de\",\"logo\":{\"@type\":\"ImageObject\",\"inLanguage\":\"de\",\"@id\":\"https:\/\/www.allinclusivehotels.it\/de#\/schema\/logo\/image\/\",\"url\":\"\",\"contentUrl\":\"\",\"caption\":\"All Inclusive Hotels\"},\"image\":{\"@id\":\"https:\/\/www.allinclusivehotels.it\/de#\/schema\/logo\/image\/\"}}]}<\/script>\n<!-- \/ Yoast SEO plugin. -->","yoast_head_json":{"title":"Die besten All-Inclusive-Feriend\u00f6rfer am Meer in Apulien","description":"Suchen Sie All-Inclusive-Feriend\u00f6rfer in Apulien? Entdecken Sie die Besten und sehen Sie sich die Angebote an!","robots":{"index":"index","follow":"follow","max-snippet":"max-snippet:-1","max-image-preview":"max-image-preview:large","max-video-preview":"max-video-preview:-1"},"canonical":"https:\/\/www.allinclusivehotels.it\/de\/feriendoerfer\/apulien","og_locale":"de_DE","og_type":"article","og_title":"Die besten All-Inclusive-Feriend\u00f6rfer am Meer in Apulien","og_description":"Suchen Sie All-Inclusive-Feriend\u00f6rfer in Apulien? Entdecken Sie die Besten und sehen Sie sich die Angebote an!","og_url":"https:\/\/www.allinclusivehotels.it\/de\/feriendoerfer\/apulien","og_site_name":"All Inclusive Hotels","article_modified_time":"2022-06-30T13:28:36+00:00","twitter_card":"summary_large_image","twitter_misc":{"Gesch\u00e4tzte Lesezeit":"2\u00a0Minuten"},"schema":{"@context":"https:\/\/schema.org","@graph":[{"@type":"WebPage","@id":"https:\/\/www.allinclusivehotels.it\/de\/feriendoerfer\/apulien","url":"https:\/\/www.allinclusivehotels.it\/de\/feriendoerfer\/apulien","name":"Die besten All-Inclusive-Feriend\u00f6rfer am Meer in Apulien","isPartOf":{"@id":"https:\/\/www.allinclusivehotels.it\/de#website"},"datePublished":"2022-03-28T08:05:46+00:00","dateModified":"2022-06-30T13:28:36+00:00","description":"Suchen Sie All-Inclusive-Feriend\u00f6rfer in Apulien? Entdecken Sie die Besten und sehen Sie sich die Angebote an!","breadcrumb":{"@id":"https:\/\/www.allinclusivehotels.it\/de\/feriendoerfer\/apulien#breadcrumb"},"inLanguage":"de","potentialAction":[{"@type":"ReadAction","target":["https:\/\/www.allinclusivehotels.it\/de\/feriendoerfer\/apulien"]}]},{"@type":"BreadcrumbList","@id":"https:\/\/www.allinclusivehotels.it\/de\/feriendoerfer\/apulien#breadcrumb","itemListElement":[{"@type":"ListItem","position":1,"name":"Home","item":"https:\/\/www.allinclusivehotels.it\/de"},{"@type":"ListItem","position":2,"name":"Feriend\u00f6rfer","item":"https:\/\/www.allinclusivehotels.it\/de\/feriendoerfer"},{"@type":"ListItem","position":3,"name":"Apulien"}]},{"@type":"WebSite","@id":"https:\/\/www.allinclusivehotels.it\/de#website","url":"https:\/\/www.allinclusivehotels.it\/de","name":"All Inclusive Hotels","description":"","publisher":{"@id":"https:\/\/www.allinclusivehotels.it\/de#organization"},"potentialAction":[{"@type":"SearchAction","target":{"@type":"EntryPoint","urlTemplate":"https:\/\/www.allinclusivehotels.it\/de?s={search_term_string}"},"query-input":{"@type":"PropertyValueSpecification","valueRequired":true,"valueName":"search_term_string"}}],"inLanguage":"de"},{"@type":"Organization","@id":"https:\/\/www.allinclusivehotels.it\/de#organization","name":"All Inclusive Hotels","url":"https:\/\/www.allinclusivehotels.it\/de","logo":{"@type":"ImageObject","inLanguage":"de","@id":"https:\/\/www.allinclusivehotels.it\/de#\/schema\/logo\/image\/","url":"","contentUrl":"","caption":"All Inclusive Hotels"},"image":{"@id":"https:\/\/www.allinclusivehotels.it\/de#\/schema\/logo\/image\/"}}]}},"_links":{"self":[{"href":"https:\/\/www.allinclusivehotels.it\/de\/wp-json\/wp\/v2\/pages\/16468","targetHints":{"allow":["GET"]}}],"collection":[{"href":"https:\/\/www.allinclusivehotels.it\/de\/wp-json\/wp\/v2\/pages"}],"about":[{"href":"https:\/\/www.allinclusivehotels.it\/de\/wp-json\/wp\/v2\/types\/page"}],"author":[{"embeddable":true,"href":"https:\/\/www.allinclusivehotels.it\/de\/wp-json\/wp\/v2\/users\/1"}],"replies":[{"embeddable":true,"href":"https:\/\/www.allinclusivehotels.it\/de\/wp-json\/wp\/v2\/comments?post=16468"}],"version-history":[{"count":3,"href":"https:\/\/www.allinclusivehotels.it\/de\/wp-json\/wp\/v2\/pages\/16468\/revisions"}],"predecessor-version":[{"id":21222,"href":"https:\/\/www.allinclusivehotels.it\/de\/wp-json\/wp\/v2\/pages\/16468\/revisions\/21222"}],"up":[{"embeddable":true,"href":"https:\/\/www.allinclusivehotels.it\/de\/wp-json\/wp\/v2\/pages\/16464"}],"wp:attachment":[{"href":"https:\/\/www.allinclusivehotels.it\/de\/wp-json\/wp\/v2\/media?parent=16468"}],"curies":[{"name":"wp","href":"https:\/\/api.w.org\/{rel}","templated":true}]}}