{"id":16462,"date":"2022-03-28T10:05:45","date_gmt":"2022-03-28T08:05:45","guid":{"rendered":"https:\/\/www.allinclusivehotels.it\/urlaubsziele\/lido-di-savio"},"modified":"2022-07-01T11:28:02","modified_gmt":"2022-07-01T09:28:02","slug":"lido-di-savio","status":"publish","type":"page","link":"https:\/\/www.allinclusivehotels.it\/de\/urlaubsziele\/lido-di-savio","title":{"rendered":"Lido di Savio"},"content":{"rendered":"\n<p><b>Lido di Savio<\/b> ist ein netter Badeort an der Adriak\u00fcste der Romagna, wenige km von Cervia und Ravenna.<\/p>\n\n\n\n<p>Lebhaft, aber nicht chaotisch, gem\u00fctlich, aber nicht einsam, unterhaltsam, aber mit Raum f\u00fcr Ruhe und Natur \u2013 genau richtig, um der Routine des Alltags zu entfliehen, allein oder in Begleitung. Wenn Sie es nicht schon getan haben,  probieren Sie doch mal einen<b> All-Inclusive-Aufenthalt<\/b> aus, wie er von guten Hotels angeboten wird &#8211; ein Paket von Leistungen, das an die Bed\u00fcrfnisse und W\u00fcnsche unterschiedlicher Kategorien von Urlaubern angepasst wird, zu einem vorteilhaften Pauschalpreis.<\/p>\n\n\n\n<!--more-->\n\n\n\n<p>Das <b>All-Inclusive-Konzept<\/b> verbreitet sich zusehens, auch unter italienischen Hotels. Die Vorteile f\u00fcr den Gast: er zahlt am Ende weniger,  als wenn er jede Leistung einzeln bestellen w\u00fcrde, und braucht nicht die ganze Zeit zu rechnen. Zudem k\u00f6nnen die Pakete weitgehend <b>personalisiert <\/b>werden. So gibt es spezifische  Angebote f\u00fcr Singles, f\u00fcr Paare, f\u00fcr Familien mit Kindern, f\u00fcr sportliche Urlauber, f\u00fcr Gourmets,Wellness-Fans und andere.<\/p>\n\n\n\n<p>Die <b>Hotels in Lido di Savio<\/b> die sich dem <b>All-Inclusive-Verbund <\/b>angeschlossen haben, verf\u00fcgen \u00fcber moderne Einrichtungen und kompetente freundliche Mitarbeiter, die Ihre Erwartungen nicht entt\u00e4uschen werden. Einige bieten gro\u00dfe, vielseitig ausgestattete Spielbereiche f\u00fcr Kinder und sogar Babysitter-Service. Zimmerausstattung, Speisenangebot und Service-Organisation sind nat\u00fcrlich auch auf Kinder eingestellt.<\/p>\n\n\n\n<p>Nicht nur wegen der Hotels ist Lido di Savio eine gute Wahl, wenn man einen Urlaub mit Kindern plant. Auch der bequeme ungef\u00e4hrliche Sandstrand und die <b>N\u00e4he zu vielen Freizeitparks<\/b> machen den Ort f\u00fcr Familien attraktiv: die Attraktionen f\u00fcr Gro\u00df  und Klein des Vergn\u00fcgungsparks Mirabilandia bei Ravenna, der Wasserpark Atlantica in Cesenatico, Italia in Miniatura und M\u00e4rchenpark Fiabilandia in Rimini, Oltremare in Riccione mit Delfin- und Raubvogelshows, und andere.<\/p>\n\n\n\n<p>Ein <b>All-Inclusive-Urlaub in Lido di Savio<\/b> bedeutet viel Freude f\u00fcr die ganze Familie und rei\u00dft kein gro\u00dfes Loch in die Kasse<\/p>\n","protected":false},"excerpt":{"rendered":"<p>Lido di Savio ist ein netter Badeort an der Adriak\u00fcste der Romagna, wenige km von &hellip;<\/p>\n","protected":false},"author":1,"featured_media":0,"parent":16402,"menu_order":0,"comment_status":"closed","ping_status":"closed","template":"page-templates\/destinazione.php","meta":{"_acf_changed":false,"footnotes":""},"class_list":["post-16462","page","type-page","status-publish","hentry"],"acf":[],"yoast_head":"<!-- This site is optimized with the Yoast SEO plugin v27.0 - https:\/\/yoast.com\/product\/yoast-seo-wordpress\/ -->\n<title>Lido di Savio - All Inclusive Hotels<\/title>\n<meta name=\"robots\" content=\"index, follow, max-snippet:-1, max-image-preview:large, max-video-preview:-1\" \/>\n<link rel=\"canonical\" href=\"https:\/\/www.allinclusivehotels.it\/de\/urlaubsziele\/lido-di-savio\" \/>\n<meta property=\"og:locale\" content=\"de_DE\" \/>\n<meta property=\"og:type\" content=\"article\" \/>\n<meta property=\"og:title\" content=\"Lido di Savio - All Inclusive Hotels\" \/>\n<meta property=\"og:description\" content=\"Lido di Savio ist ein netter Badeort an der Adriak\u00fcste der Romagna, wenige km von &hellip;\" \/>\n<meta property=\"og:url\" content=\"https:\/\/www.allinclusivehotels.it\/de\/urlaubsziele\/lido-di-savio\" \/>\n<meta property=\"og:site_name\" content=\"All Inclusive Hotels\" \/>\n<meta property=\"article:modified_time\" content=\"2022-07-01T09:28:02+00:00\" \/>\n<meta name=\"twitter:card\" content=\"summary_large_image\" \/>\n<meta name=\"twitter:label1\" content=\"Gesch\u00e4tzte Lesezeit\" \/>\n\t<meta name=\"twitter:data1\" content=\"2\u00a0Minuten\" \/>\n<script type=\"application\/ld+json\" class=\"yoast-schema-graph\">{\"@context\":\"https:\/\/schema.org\",\"@graph\":[{\"@type\":\"WebPage\",\"@id\":\"https:\/\/www.allinclusivehotels.it\/de\/urlaubsziele\/lido-di-savio\",\"url\":\"https:\/\/www.allinclusivehotels.it\/de\/urlaubsziele\/lido-di-savio\",\"name\":\"Lido di Savio - All Inclusive Hotels\",\"isPartOf\":{\"@id\":\"https:\/\/www.allinclusivehotels.it\/de#website\"},\"datePublished\":\"2022-03-28T08:05:45+00:00\",\"dateModified\":\"2022-07-01T09:28:02+00:00\",\"breadcrumb\":{\"@id\":\"https:\/\/www.allinclusivehotels.it\/de\/urlaubsziele\/lido-di-savio#breadcrumb\"},\"inLanguage\":\"de\",\"potentialAction\":[{\"@type\":\"ReadAction\",\"target\":[\"https:\/\/www.allinclusivehotels.it\/de\/urlaubsziele\/lido-di-savio\"]}]},{\"@type\":\"BreadcrumbList\",\"@id\":\"https:\/\/www.allinclusivehotels.it\/de\/urlaubsziele\/lido-di-savio#breadcrumb\",\"itemListElement\":[{\"@type\":\"ListItem\",\"position\":1,\"name\":\"Home\",\"item\":\"https:\/\/www.allinclusivehotels.it\/de\"},{\"@type\":\"ListItem\",\"position\":2,\"name\":\"Urlaubsziele\",\"item\":\"https:\/\/www.allinclusivehotels.it\/de\/urlaubsziele\"},{\"@type\":\"ListItem\",\"position\":3,\"name\":\"Lido di Savio\"}]},{\"@type\":\"WebSite\",\"@id\":\"https:\/\/www.allinclusivehotels.it\/de#website\",\"url\":\"https:\/\/www.allinclusivehotels.it\/de\",\"name\":\"All Inclusive Hotels\",\"description\":\"\",\"publisher\":{\"@id\":\"https:\/\/www.allinclusivehotels.it\/de#organization\"},\"potentialAction\":[{\"@type\":\"SearchAction\",\"target\":{\"@type\":\"EntryPoint\",\"urlTemplate\":\"https:\/\/www.allinclusivehotels.it\/de?s={search_term_string}\"},\"query-input\":{\"@type\":\"PropertyValueSpecification\",\"valueRequired\":true,\"valueName\":\"search_term_string\"}}],\"inLanguage\":\"de\"},{\"@type\":\"Organization\",\"@id\":\"https:\/\/www.allinclusivehotels.it\/de#organization\",\"name\":\"All Inclusive Hotels\",\"url\":\"https:\/\/www.allinclusivehotels.it\/de\",\"logo\":{\"@type\":\"ImageObject\",\"inLanguage\":\"de\",\"@id\":\"https:\/\/www.allinclusivehotels.it\/de#\/schema\/logo\/image\/\",\"url\":\"\",\"contentUrl\":\"\",\"caption\":\"All Inclusive Hotels\"},\"image\":{\"@id\":\"https:\/\/www.allinclusivehotels.it\/de#\/schema\/logo\/image\/\"}}]}<\/script>\n<!-- \/ Yoast SEO plugin. -->","yoast_head_json":{"title":"Lido di Savio - All Inclusive Hotels","robots":{"index":"index","follow":"follow","max-snippet":"max-snippet:-1","max-image-preview":"max-image-preview:large","max-video-preview":"max-video-preview:-1"},"canonical":"https:\/\/www.allinclusivehotels.it\/de\/urlaubsziele\/lido-di-savio","og_locale":"de_DE","og_type":"article","og_title":"Lido di Savio - All Inclusive Hotels","og_description":"Lido di Savio ist ein netter Badeort an der Adriak\u00fcste der Romagna, wenige km von &hellip;","og_url":"https:\/\/www.allinclusivehotels.it\/de\/urlaubsziele\/lido-di-savio","og_site_name":"All Inclusive Hotels","article_modified_time":"2022-07-01T09:28:02+00:00","twitter_card":"summary_large_image","twitter_misc":{"Gesch\u00e4tzte Lesezeit":"2\u00a0Minuten"},"schema":{"@context":"https:\/\/schema.org","@graph":[{"@type":"WebPage","@id":"https:\/\/www.allinclusivehotels.it\/de\/urlaubsziele\/lido-di-savio","url":"https:\/\/www.allinclusivehotels.it\/de\/urlaubsziele\/lido-di-savio","name":"Lido di Savio - All Inclusive Hotels","isPartOf":{"@id":"https:\/\/www.allinclusivehotels.it\/de#website"},"datePublished":"2022-03-28T08:05:45+00:00","dateModified":"2022-07-01T09:28:02+00:00","breadcrumb":{"@id":"https:\/\/www.allinclusivehotels.it\/de\/urlaubsziele\/lido-di-savio#breadcrumb"},"inLanguage":"de","potentialAction":[{"@type":"ReadAction","target":["https:\/\/www.allinclusivehotels.it\/de\/urlaubsziele\/lido-di-savio"]}]},{"@type":"BreadcrumbList","@id":"https:\/\/www.allinclusivehotels.it\/de\/urlaubsziele\/lido-di-savio#breadcrumb","itemListElement":[{"@type":"ListItem","position":1,"name":"Home","item":"https:\/\/www.allinclusivehotels.it\/de"},{"@type":"ListItem","position":2,"name":"Urlaubsziele","item":"https:\/\/www.allinclusivehotels.it\/de\/urlaubsziele"},{"@type":"ListItem","position":3,"name":"Lido di Savio"}]},{"@type":"WebSite","@id":"https:\/\/www.allinclusivehotels.it\/de#website","url":"https:\/\/www.allinclusivehotels.it\/de","name":"All Inclusive Hotels","description":"","publisher":{"@id":"https:\/\/www.allinclusivehotels.it\/de#organization"},"potentialAction":[{"@type":"SearchAction","target":{"@type":"EntryPoint","urlTemplate":"https:\/\/www.allinclusivehotels.it\/de?s={search_term_string}"},"query-input":{"@type":"PropertyValueSpecification","valueRequired":true,"valueName":"search_term_string"}}],"inLanguage":"de"},{"@type":"Organization","@id":"https:\/\/www.allinclusivehotels.it\/de#organization","name":"All Inclusive Hotels","url":"https:\/\/www.allinclusivehotels.it\/de","logo":{"@type":"ImageObject","inLanguage":"de","@id":"https:\/\/www.allinclusivehotels.it\/de#\/schema\/logo\/image\/","url":"","contentUrl":"","caption":"All Inclusive Hotels"},"image":{"@id":"https:\/\/www.allinclusivehotels.it\/de#\/schema\/logo\/image\/"}}]}},"_links":{"self":[{"href":"https:\/\/www.allinclusivehotels.it\/de\/wp-json\/wp\/v2\/pages\/16462","targetHints":{"allow":["GET"]}}],"collection":[{"href":"https:\/\/www.allinclusivehotels.it\/de\/wp-json\/wp\/v2\/pages"}],"about":[{"href":"https:\/\/www.allinclusivehotels.it\/de\/wp-json\/wp\/v2\/types\/page"}],"author":[{"embeddable":true,"href":"https:\/\/www.allinclusivehotels.it\/de\/wp-json\/wp\/v2\/users\/1"}],"replies":[{"embeddable":true,"href":"https:\/\/www.allinclusivehotels.it\/de\/wp-json\/wp\/v2\/comments?post=16462"}],"version-history":[{"count":2,"href":"https:\/\/www.allinclusivehotels.it\/de\/wp-json\/wp\/v2\/pages\/16462\/revisions"}],"predecessor-version":[{"id":21368,"href":"https:\/\/www.allinclusivehotels.it\/de\/wp-json\/wp\/v2\/pages\/16462\/revisions\/21368"}],"up":[{"embeddable":true,"href":"https:\/\/www.allinclusivehotels.it\/de\/wp-json\/wp\/v2\/pages\/16402"}],"wp:attachment":[{"href":"https:\/\/www.allinclusivehotels.it\/de\/wp-json\/wp\/v2\/media?parent=16462"}],"curies":[{"name":"wp","href":"https:\/\/api.w.org\/{rel}","templated":true}]}}