{"id":16458,"date":"2022-03-28T10:05:44","date_gmt":"2022-03-28T08:05:44","guid":{"rendered":"https:\/\/www.allinclusivehotels.it\/urlaubsziele\/marken"},"modified":"2022-07-01T11:30:39","modified_gmt":"2022-07-01T09:30:39","slug":"marken","status":"publish","type":"page","link":"https:\/\/www.allinclusivehotels.it\/de\/urlaubsziele\/marken","title":{"rendered":"Marken"},"content":{"rendered":"\n<h2 class=\"wp-block-heading\">Eine Palette von Landschaften<\/h2>\n\n\n\n<p>Der Name der <b>Marken <\/b>steht im Plural, und das entspricht auch den nat\u00fcrlichen Gegebenheiten \u2013 eine bunte Palette. Da ist die <b>&#8220;Mark&#8221;<\/b> <b>der K\u00fcste<\/b>, mit der europ\u00e4ischen <b>Blauen Flagge<\/b> ausgezeichnetes Meerwasser, lange Sandstr\u00e4nde, unterbrochen von felsigen Kaps, wie in den <b>Naturpark<\/b>s des <b>Monte San Bartolo<\/b> und des <b>Monte Conero. <\/b>Landeinw\u00e4rts liegt<b> <\/b>die fruchtbare  <b>h\u00fcgelige &#8220;Mark&#8221; <\/b>mit gro\u00dfen Feldern, Olivenplantagen, vielen charakteristischen St\u00e4dtchen auf H\u00fcgelkuppen und einer Reihe bedeutender Kunstst\u00e4dte wie Urbino, Fermo, Macerata, Ascoli Piceno, Osimo, Offida &#8230; Schlie\u00dflich die <b>waldige, gebirgige &#8220;Mark&#8221; <\/b>mit dem<b> Nationalpark Monti Sibillini<\/b> und dem regionalen Naturpark, der die beindruckenden Tropfsteinh\u00f6hlen von <b>Frasassi<\/b> und den &#8220;Canyon&#8221; <b>Gola della Rossa<\/b> umschlie\u00dft.<\/p>\n\n\n\n<!--more-->\n\n\n\n<h2 class=\"wp-block-heading\">Die &#8220;Mark&#8221; der K\u00fcste<\/h2>\n\n\n\n<p>Die All-Inclusive Hotels in der Region Marken sind l\u00e4ngs der K\u00fcste verteilt. Diese beginnt in  <b>Gabicce Mare, <\/b>an der Grenze zu der n\u00f6rdlich anschlie\u00dfenden Romagna, und wird bald steil am Kap des <b>Monte San Bartolo  (Naturpark),<\/b> mit romantischen Buchten und malerischen \u00d6rtchen. Ab Pesaro ist sie wieder flach, und die Sonnenschirmreihen an den nicht sehr breiten Str\u00e4nden ziehen sich durch bis <b>Fano.<\/b><\/p>\n\n\n\n<h2 class=\"wp-block-heading\">Senigallia und Riviera del Conero<\/h2>\n\n\n\n<p>Richtung S\u00fcden wird der Strand breiter, dort liegt <b>Senigallia<\/b>, bekannt f\u00fcr seinen <b>&#8220;Samtstrand&#8221;<\/b> \u2013 ganz feiner, immer warmer Sand. S\u00fcdlich von <b>Ancona <\/b>erhebt sich der bewaldete Berg Monte Conero und bildet eine<b>  <\/b>  Steilk\u00fcste mit romantischen Buchten, die <b>Riviera del Conero. <\/b>In oder bei den Orten<b> Portonovo, Sirolo, Numana<\/b> und <b>Marcelli<\/b> liegen diese sch\u00f6nen Str\u00e4nde.<\/p>\n\n\n\n<p>Die <b>All-Inclusive-Hotels der Marken<\/b> empfehlen einen Ausflug zur <b>Spiaggia delle due Sorelle <\/b> &#8211; Strand der zwei Schwestern, so genannt wegen zweier Klippen, die aus dem Meer ragen. Er ist nur \u00fcber das Meer zu erreichen, vom Hafen in Numana fahren t\u00e4glich Boote hin. Zu einem anderen sch\u00f6nen Strand, <b>Spiaggia di Mezzavalle<\/b>, kommt man auf einem steilen Fu\u00dfweg in etwa 20 Minuten.<\/p>\n\n\n\n<h2 class=\"wp-block-heading\">Die Picenische Palmenriviera<\/h2>\n\n\n\n<p>Sie ist der s\u00fcdlichste Teil der zur Region Marken geh\u00f6renden K\u00fcste, benannt nach einem Volk, das vor den R\u00f6mern hier lebte. Ihr Zentrum ist <b>San Benedetto del Tronto.<\/b> Am langen und breiten Sandstrand f\u00fchrt eine palmenges\u00e4umte Promenade entlang, wo es alles gibt, was Urlauber w\u00fcnschen k\u00f6nnen.<\/p>\n\n\n\n<p>Die Services der <b>All-Inclusive-Hotels <\/b>werden Ihren Urlaub in den <b>Marken <\/b>perfekt machen.<\/p>\n","protected":false},"excerpt":{"rendered":"<p>Eine Palette von Landschaften Der Name der Marken steht im Plural, und das entspricht auch &hellip;<\/p>\n","protected":false},"author":1,"featured_media":0,"parent":16402,"menu_order":0,"comment_status":"closed","ping_status":"closed","template":"page-templates\/destinazione.php","meta":{"_acf_changed":false,"footnotes":""},"class_list":["post-16458","page","type-page","status-publish","hentry"],"acf":[],"yoast_head":"<!-- This site is optimized with the Yoast SEO plugin v27.0 - https:\/\/yoast.com\/product\/yoast-seo-wordpress\/ -->\n<title>All Inclusive Urlaub in den Marken | Die besten All Inclusive Hotels<\/title>\n<meta name=\"description\" content=\"Suchen Sie einen All Inclusive Urlaub in den Marken? Entdecken Sie die gr\u00f6\u00dfte Auswahl an All-Inclusive-Hotels in Italien!\" \/>\n<meta name=\"robots\" content=\"index, follow, max-snippet:-1, max-image-preview:large, max-video-preview:-1\" \/>\n<link rel=\"canonical\" href=\"https:\/\/www.allinclusivehotels.it\/de\/urlaubsziele\/marken\" \/>\n<meta property=\"og:locale\" content=\"de_DE\" \/>\n<meta property=\"og:type\" content=\"article\" \/>\n<meta property=\"og:title\" content=\"All Inclusive Urlaub in den Marken | Die besten All Inclusive Hotels\" \/>\n<meta property=\"og:description\" content=\"Suchen Sie einen All Inclusive Urlaub in den Marken? Entdecken Sie die gr\u00f6\u00dfte Auswahl an All-Inclusive-Hotels in Italien!\" \/>\n<meta property=\"og:url\" content=\"https:\/\/www.allinclusivehotels.it\/de\/urlaubsziele\/marken\" \/>\n<meta property=\"og:site_name\" content=\"All Inclusive Hotels\" \/>\n<meta property=\"article:modified_time\" content=\"2022-07-01T09:30:39+00:00\" \/>\n<meta name=\"twitter:card\" content=\"summary_large_image\" \/>\n<meta name=\"twitter:label1\" content=\"Gesch\u00e4tzte Lesezeit\" \/>\n\t<meta name=\"twitter:data1\" content=\"2\u00a0Minuten\" \/>\n<script type=\"application\/ld+json\" class=\"yoast-schema-graph\">{\"@context\":\"https:\/\/schema.org\",\"@graph\":[{\"@type\":\"WebPage\",\"@id\":\"https:\/\/www.allinclusivehotels.it\/de\/urlaubsziele\/marken\",\"url\":\"https:\/\/www.allinclusivehotels.it\/de\/urlaubsziele\/marken\",\"name\":\"All Inclusive Urlaub in den Marken | Die besten All Inclusive Hotels\",\"isPartOf\":{\"@id\":\"https:\/\/www.allinclusivehotels.it\/de#website\"},\"datePublished\":\"2022-03-28T08:05:44+00:00\",\"dateModified\":\"2022-07-01T09:30:39+00:00\",\"description\":\"Suchen Sie einen All Inclusive Urlaub in den Marken? Entdecken Sie die gr\u00f6\u00dfte Auswahl an All-Inclusive-Hotels in Italien!\",\"breadcrumb\":{\"@id\":\"https:\/\/www.allinclusivehotels.it\/de\/urlaubsziele\/marken#breadcrumb\"},\"inLanguage\":\"de\",\"potentialAction\":[{\"@type\":\"ReadAction\",\"target\":[\"https:\/\/www.allinclusivehotels.it\/de\/urlaubsziele\/marken\"]}]},{\"@type\":\"BreadcrumbList\",\"@id\":\"https:\/\/www.allinclusivehotels.it\/de\/urlaubsziele\/marken#breadcrumb\",\"itemListElement\":[{\"@type\":\"ListItem\",\"position\":1,\"name\":\"Home\",\"item\":\"https:\/\/www.allinclusivehotels.it\/de\"},{\"@type\":\"ListItem\",\"position\":2,\"name\":\"Urlaubsziele\",\"item\":\"https:\/\/www.allinclusivehotels.it\/de\/urlaubsziele\"},{\"@type\":\"ListItem\",\"position\":3,\"name\":\"Marken\"}]},{\"@type\":\"WebSite\",\"@id\":\"https:\/\/www.allinclusivehotels.it\/de#website\",\"url\":\"https:\/\/www.allinclusivehotels.it\/de\",\"name\":\"All Inclusive Hotels\",\"description\":\"\",\"publisher\":{\"@id\":\"https:\/\/www.allinclusivehotels.it\/de#organization\"},\"potentialAction\":[{\"@type\":\"SearchAction\",\"target\":{\"@type\":\"EntryPoint\",\"urlTemplate\":\"https:\/\/www.allinclusivehotels.it\/de?s={search_term_string}\"},\"query-input\":{\"@type\":\"PropertyValueSpecification\",\"valueRequired\":true,\"valueName\":\"search_term_string\"}}],\"inLanguage\":\"de\"},{\"@type\":\"Organization\",\"@id\":\"https:\/\/www.allinclusivehotels.it\/de#organization\",\"name\":\"All Inclusive Hotels\",\"url\":\"https:\/\/www.allinclusivehotels.it\/de\",\"logo\":{\"@type\":\"ImageObject\",\"inLanguage\":\"de\",\"@id\":\"https:\/\/www.allinclusivehotels.it\/de#\/schema\/logo\/image\/\",\"url\":\"\",\"contentUrl\":\"\",\"caption\":\"All Inclusive Hotels\"},\"image\":{\"@id\":\"https:\/\/www.allinclusivehotels.it\/de#\/schema\/logo\/image\/\"}}]}<\/script>\n<!-- \/ Yoast SEO plugin. -->","yoast_head_json":{"title":"All Inclusive Urlaub in den Marken | Die besten All Inclusive Hotels","description":"Suchen Sie einen All Inclusive Urlaub in den Marken? Entdecken Sie die gr\u00f6\u00dfte Auswahl an All-Inclusive-Hotels in Italien!","robots":{"index":"index","follow":"follow","max-snippet":"max-snippet:-1","max-image-preview":"max-image-preview:large","max-video-preview":"max-video-preview:-1"},"canonical":"https:\/\/www.allinclusivehotels.it\/de\/urlaubsziele\/marken","og_locale":"de_DE","og_type":"article","og_title":"All Inclusive Urlaub in den Marken | Die besten All Inclusive Hotels","og_description":"Suchen Sie einen All Inclusive Urlaub in den Marken? Entdecken Sie die gr\u00f6\u00dfte Auswahl an All-Inclusive-Hotels in Italien!","og_url":"https:\/\/www.allinclusivehotels.it\/de\/urlaubsziele\/marken","og_site_name":"All Inclusive Hotels","article_modified_time":"2022-07-01T09:30:39+00:00","twitter_card":"summary_large_image","twitter_misc":{"Gesch\u00e4tzte Lesezeit":"2\u00a0Minuten"},"schema":{"@context":"https:\/\/schema.org","@graph":[{"@type":"WebPage","@id":"https:\/\/www.allinclusivehotels.it\/de\/urlaubsziele\/marken","url":"https:\/\/www.allinclusivehotels.it\/de\/urlaubsziele\/marken","name":"All Inclusive Urlaub in den Marken | Die besten All Inclusive Hotels","isPartOf":{"@id":"https:\/\/www.allinclusivehotels.it\/de#website"},"datePublished":"2022-03-28T08:05:44+00:00","dateModified":"2022-07-01T09:30:39+00:00","description":"Suchen Sie einen All Inclusive Urlaub in den Marken? Entdecken Sie die gr\u00f6\u00dfte Auswahl an All-Inclusive-Hotels in Italien!","breadcrumb":{"@id":"https:\/\/www.allinclusivehotels.it\/de\/urlaubsziele\/marken#breadcrumb"},"inLanguage":"de","potentialAction":[{"@type":"ReadAction","target":["https:\/\/www.allinclusivehotels.it\/de\/urlaubsziele\/marken"]}]},{"@type":"BreadcrumbList","@id":"https:\/\/www.allinclusivehotels.it\/de\/urlaubsziele\/marken#breadcrumb","itemListElement":[{"@type":"ListItem","position":1,"name":"Home","item":"https:\/\/www.allinclusivehotels.it\/de"},{"@type":"ListItem","position":2,"name":"Urlaubsziele","item":"https:\/\/www.allinclusivehotels.it\/de\/urlaubsziele"},{"@type":"ListItem","position":3,"name":"Marken"}]},{"@type":"WebSite","@id":"https:\/\/www.allinclusivehotels.it\/de#website","url":"https:\/\/www.allinclusivehotels.it\/de","name":"All Inclusive Hotels","description":"","publisher":{"@id":"https:\/\/www.allinclusivehotels.it\/de#organization"},"potentialAction":[{"@type":"SearchAction","target":{"@type":"EntryPoint","urlTemplate":"https:\/\/www.allinclusivehotels.it\/de?s={search_term_string}"},"query-input":{"@type":"PropertyValueSpecification","valueRequired":true,"valueName":"search_term_string"}}],"inLanguage":"de"},{"@type":"Organization","@id":"https:\/\/www.allinclusivehotels.it\/de#organization","name":"All Inclusive Hotels","url":"https:\/\/www.allinclusivehotels.it\/de","logo":{"@type":"ImageObject","inLanguage":"de","@id":"https:\/\/www.allinclusivehotels.it\/de#\/schema\/logo\/image\/","url":"","contentUrl":"","caption":"All Inclusive Hotels"},"image":{"@id":"https:\/\/www.allinclusivehotels.it\/de#\/schema\/logo\/image\/"}}]}},"_links":{"self":[{"href":"https:\/\/www.allinclusivehotels.it\/de\/wp-json\/wp\/v2\/pages\/16458","targetHints":{"allow":["GET"]}}],"collection":[{"href":"https:\/\/www.allinclusivehotels.it\/de\/wp-json\/wp\/v2\/pages"}],"about":[{"href":"https:\/\/www.allinclusivehotels.it\/de\/wp-json\/wp\/v2\/types\/page"}],"author":[{"embeddable":true,"href":"https:\/\/www.allinclusivehotels.it\/de\/wp-json\/wp\/v2\/users\/1"}],"replies":[{"embeddable":true,"href":"https:\/\/www.allinclusivehotels.it\/de\/wp-json\/wp\/v2\/comments?post=16458"}],"version-history":[{"count":3,"href":"https:\/\/www.allinclusivehotels.it\/de\/wp-json\/wp\/v2\/pages\/16458\/revisions"}],"predecessor-version":[{"id":21371,"href":"https:\/\/www.allinclusivehotels.it\/de\/wp-json\/wp\/v2\/pages\/16458\/revisions\/21371"}],"up":[{"embeddable":true,"href":"https:\/\/www.allinclusivehotels.it\/de\/wp-json\/wp\/v2\/pages\/16402"}],"wp:attachment":[{"href":"https:\/\/www.allinclusivehotels.it\/de\/wp-json\/wp\/v2\/media?parent=16458"}],"curies":[{"name":"wp","href":"https:\/\/api.w.org\/{rel}","templated":true}]}}