{"id":16456,"date":"2022-03-28T10:05:43","date_gmt":"2022-03-28T08:05:43","guid":{"rendered":"https:\/\/www.allinclusivehotels.it\/urlaubsziele\/veneto"},"modified":"2022-07-01T11:41:36","modified_gmt":"2022-07-01T09:41:36","slug":"veneto","status":"publish","type":"page","link":"https:\/\/www.allinclusivehotels.it\/de\/urlaubsziele\/veneto","title":{"rendered":"Veneto"},"content":{"rendered":"\n<p>Meer, Gebirge, See, Thermen, Kunstst\u00e4dte, Kulinarik, Po-Delta-Naturpark \u2013 im Veneto (Venetien) k\u00f6nnen Sie Urlaub machen, wie Sie wollen.<\/p>\n\n\n\n<p>Der Gardasee ist gut zum Entspannen und Wandern, und ebenso zum Segeln, Wind- und Kitesurfen.<\/p>\n\n\n\n<!--more-->\n\n\n\n<p>Noch mehr Wasser, Sonnenbr\u00e4une und Ausruhen gibt es an den Badeorten am Meer, wie <b>Jesolo,<\/b> <b>Bibione<\/b> und<b> Caorle<\/b>. <b>117 km<\/b> ausger\u00fcstete <b>Sandstr\u00e4nde<\/b> liegen im Veneto, perfekt auch f\u00fcr Kinder.<\/p>\n\n\n\n<p>Viele <b>ber\u00fchmte St\u00e4dte<\/b> mit noch mehr <b>Kunstsch\u00e4tzen<\/b> und <b>Baudenkm\u00e4lern<\/b>: das einzigartige <b>Venedig<\/b> mit seinen Kan\u00e4len,  Gondeln, Br\u00fccken, Gassen und Pal\u00e4sten; <b>Padua<\/b>, die Stadt des Heiligen Antonius und der Kapelle der Scrovegni; <b>Verona<\/b>, Schauplatz der Geschichte von Romeo und Julia.<\/p>\n\n\n\n<p>In den <b>Belluneser Dolomiten (UNESCO-Welterbe) <\/b>und in der <b>Hochebene von Asiago <\/b>sind<b> Outdoor-Aktivit\u00e4ten in herrlicher Landschaft keine Grenzen gesetzt <\/b>\u2013 Wandern, Klettern, Reiten oder Mountainbiken. F\u00fcr letzteres sind in der Hochebene von Asiago mehr als <b>500 km Strecken aller Schwierigkeitsgrade verzeichnet.<\/b><\/p>\n\n\n\n<p>Im <b>Winter<\/b> k\u00f6nnen Sie die Welt der Berge beim Snowboarden, Schneeschuhlaufen, Eisklettern, Langlaufen, Touren- und Abfahrtsskilaufen auskosten. 450 km Skipisten in den Bergen von Belluno und mehr als 500 km im Gebiet von Asiago stehen zur Verf\u00fcgung.<\/p>\n\n\n\n<p>Es fehlt auch nicht an Anlagen, die Kinder an den Winterport heranf\u00fchren, oder sie unterhalten, wenn die Eltern mal ohne sie was machen wollen. In <b>Sappada <\/b>in den Dolomiten bietet der 70.000 m\u00b2 gro\u00dfe <b>Spielpark Nevelandia <\/b>dem Nachwuchs<b> sausenden Spa\u00df<\/b> mit aufgeblasenen<\/p>\n\n\n\n<p>Gummiger\u00e4ten, Bob- und Schlittenbahnen. Gute Bedingungen und Einrichtungen f\u00fcr Kinder finden Sie auch im wundersch\u00f6nen <b>Civetta-Skigebiet<\/b>, zwischen <b>Marmolada<\/b> und <b>Cortina d&#8217;Ampezzo<\/b>,<b> <\/b> und in den <b>Monti Lessini <\/b>\u2013 Lessinische Berge,  n\u00f6rdlich von Verona &#8211; im Skigebiet Malga San Giorgio, mit \u00fcber 50 km Pisten.<\/p>\n","protected":false},"excerpt":{"rendered":"<p>Meer, Gebirge, See, Thermen, Kunstst\u00e4dte, Kulinarik, Po-Delta-Naturpark \u2013 im Veneto (Venetien) k\u00f6nnen Sie Urlaub machen, &hellip;<\/p>\n","protected":false},"author":1,"featured_media":0,"parent":16402,"menu_order":0,"comment_status":"closed","ping_status":"closed","template":"page-templates\/destinazione.php","meta":{"_acf_changed":false,"footnotes":""},"class_list":["post-16456","page","type-page","status-publish","hentry"],"acf":[],"yoast_head":"<!-- This site is optimized with the Yoast SEO plugin v27.0 - https:\/\/yoast.com\/product\/yoast-seo-wordpress\/ -->\n<title>All Inclusive Urlaub in den Venetien| Die besten All Inclusive Hotels<\/title>\n<meta name=\"description\" content=\"Suchen Sie einen All Inclusive Urlaub in den Venetien? Entdecken Sie die gr\u00f6\u00dfte Auswahl an All-Inclusive-Hotels in Italien!\" \/>\n<meta name=\"robots\" content=\"index, follow, max-snippet:-1, max-image-preview:large, max-video-preview:-1\" \/>\n<link rel=\"canonical\" href=\"https:\/\/www.allinclusivehotels.it\/de\/urlaubsziele\/veneto\" \/>\n<meta property=\"og:locale\" content=\"de_DE\" \/>\n<meta property=\"og:type\" content=\"article\" \/>\n<meta property=\"og:title\" content=\"All Inclusive Urlaub in den Venetien| Die besten All Inclusive Hotels\" \/>\n<meta property=\"og:description\" content=\"Suchen Sie einen All Inclusive Urlaub in den Venetien? Entdecken Sie die gr\u00f6\u00dfte Auswahl an All-Inclusive-Hotels in Italien!\" \/>\n<meta property=\"og:url\" content=\"https:\/\/www.allinclusivehotels.it\/de\/urlaubsziele\/veneto\" \/>\n<meta property=\"og:site_name\" content=\"All Inclusive Hotels\" \/>\n<meta property=\"article:modified_time\" content=\"2022-07-01T09:41:36+00:00\" \/>\n<meta name=\"twitter:card\" content=\"summary_large_image\" \/>\n<meta name=\"twitter:label1\" content=\"Gesch\u00e4tzte Lesezeit\" \/>\n\t<meta name=\"twitter:data1\" content=\"2\u00a0Minuten\" \/>\n<script type=\"application\/ld+json\" class=\"yoast-schema-graph\">{\"@context\":\"https:\/\/schema.org\",\"@graph\":[{\"@type\":\"WebPage\",\"@id\":\"https:\/\/www.allinclusivehotels.it\/de\/urlaubsziele\/veneto\",\"url\":\"https:\/\/www.allinclusivehotels.it\/de\/urlaubsziele\/veneto\",\"name\":\"All Inclusive Urlaub in den Venetien| Die besten All Inclusive Hotels\",\"isPartOf\":{\"@id\":\"https:\/\/www.allinclusivehotels.it\/de#website\"},\"datePublished\":\"2022-03-28T08:05:43+00:00\",\"dateModified\":\"2022-07-01T09:41:36+00:00\",\"description\":\"Suchen Sie einen All Inclusive Urlaub in den Venetien? Entdecken Sie die gr\u00f6\u00dfte Auswahl an All-Inclusive-Hotels in Italien!\",\"breadcrumb\":{\"@id\":\"https:\/\/www.allinclusivehotels.it\/de\/urlaubsziele\/veneto#breadcrumb\"},\"inLanguage\":\"de\",\"potentialAction\":[{\"@type\":\"ReadAction\",\"target\":[\"https:\/\/www.allinclusivehotels.it\/de\/urlaubsziele\/veneto\"]}]},{\"@type\":\"BreadcrumbList\",\"@id\":\"https:\/\/www.allinclusivehotels.it\/de\/urlaubsziele\/veneto#breadcrumb\",\"itemListElement\":[{\"@type\":\"ListItem\",\"position\":1,\"name\":\"Home\",\"item\":\"https:\/\/www.allinclusivehotels.it\/de\"},{\"@type\":\"ListItem\",\"position\":2,\"name\":\"Urlaubsziele\",\"item\":\"https:\/\/www.allinclusivehotels.it\/de\/urlaubsziele\"},{\"@type\":\"ListItem\",\"position\":3,\"name\":\"Veneto\"}]},{\"@type\":\"WebSite\",\"@id\":\"https:\/\/www.allinclusivehotels.it\/de#website\",\"url\":\"https:\/\/www.allinclusivehotels.it\/de\",\"name\":\"All Inclusive Hotels\",\"description\":\"\",\"publisher\":{\"@id\":\"https:\/\/www.allinclusivehotels.it\/de#organization\"},\"potentialAction\":[{\"@type\":\"SearchAction\",\"target\":{\"@type\":\"EntryPoint\",\"urlTemplate\":\"https:\/\/www.allinclusivehotels.it\/de?s={search_term_string}\"},\"query-input\":{\"@type\":\"PropertyValueSpecification\",\"valueRequired\":true,\"valueName\":\"search_term_string\"}}],\"inLanguage\":\"de\"},{\"@type\":\"Organization\",\"@id\":\"https:\/\/www.allinclusivehotels.it\/de#organization\",\"name\":\"All Inclusive Hotels\",\"url\":\"https:\/\/www.allinclusivehotels.it\/de\",\"logo\":{\"@type\":\"ImageObject\",\"inLanguage\":\"de\",\"@id\":\"https:\/\/www.allinclusivehotels.it\/de#\/schema\/logo\/image\/\",\"url\":\"\",\"contentUrl\":\"\",\"caption\":\"All Inclusive Hotels\"},\"image\":{\"@id\":\"https:\/\/www.allinclusivehotels.it\/de#\/schema\/logo\/image\/\"}}]}<\/script>\n<!-- \/ Yoast SEO plugin. -->","yoast_head_json":{"title":"All Inclusive Urlaub in den Venetien| Die besten All Inclusive Hotels","description":"Suchen Sie einen All Inclusive Urlaub in den Venetien? Entdecken Sie die gr\u00f6\u00dfte Auswahl an All-Inclusive-Hotels in Italien!","robots":{"index":"index","follow":"follow","max-snippet":"max-snippet:-1","max-image-preview":"max-image-preview:large","max-video-preview":"max-video-preview:-1"},"canonical":"https:\/\/www.allinclusivehotels.it\/de\/urlaubsziele\/veneto","og_locale":"de_DE","og_type":"article","og_title":"All Inclusive Urlaub in den Venetien| Die besten All Inclusive Hotels","og_description":"Suchen Sie einen All Inclusive Urlaub in den Venetien? Entdecken Sie die gr\u00f6\u00dfte Auswahl an All-Inclusive-Hotels in Italien!","og_url":"https:\/\/www.allinclusivehotels.it\/de\/urlaubsziele\/veneto","og_site_name":"All Inclusive Hotels","article_modified_time":"2022-07-01T09:41:36+00:00","twitter_card":"summary_large_image","twitter_misc":{"Gesch\u00e4tzte Lesezeit":"2\u00a0Minuten"},"schema":{"@context":"https:\/\/schema.org","@graph":[{"@type":"WebPage","@id":"https:\/\/www.allinclusivehotels.it\/de\/urlaubsziele\/veneto","url":"https:\/\/www.allinclusivehotels.it\/de\/urlaubsziele\/veneto","name":"All Inclusive Urlaub in den Venetien| Die besten All Inclusive Hotels","isPartOf":{"@id":"https:\/\/www.allinclusivehotels.it\/de#website"},"datePublished":"2022-03-28T08:05:43+00:00","dateModified":"2022-07-01T09:41:36+00:00","description":"Suchen Sie einen All Inclusive Urlaub in den Venetien? Entdecken Sie die gr\u00f6\u00dfte Auswahl an All-Inclusive-Hotels in Italien!","breadcrumb":{"@id":"https:\/\/www.allinclusivehotels.it\/de\/urlaubsziele\/veneto#breadcrumb"},"inLanguage":"de","potentialAction":[{"@type":"ReadAction","target":["https:\/\/www.allinclusivehotels.it\/de\/urlaubsziele\/veneto"]}]},{"@type":"BreadcrumbList","@id":"https:\/\/www.allinclusivehotels.it\/de\/urlaubsziele\/veneto#breadcrumb","itemListElement":[{"@type":"ListItem","position":1,"name":"Home","item":"https:\/\/www.allinclusivehotels.it\/de"},{"@type":"ListItem","position":2,"name":"Urlaubsziele","item":"https:\/\/www.allinclusivehotels.it\/de\/urlaubsziele"},{"@type":"ListItem","position":3,"name":"Veneto"}]},{"@type":"WebSite","@id":"https:\/\/www.allinclusivehotels.it\/de#website","url":"https:\/\/www.allinclusivehotels.it\/de","name":"All Inclusive Hotels","description":"","publisher":{"@id":"https:\/\/www.allinclusivehotels.it\/de#organization"},"potentialAction":[{"@type":"SearchAction","target":{"@type":"EntryPoint","urlTemplate":"https:\/\/www.allinclusivehotels.it\/de?s={search_term_string}"},"query-input":{"@type":"PropertyValueSpecification","valueRequired":true,"valueName":"search_term_string"}}],"inLanguage":"de"},{"@type":"Organization","@id":"https:\/\/www.allinclusivehotels.it\/de#organization","name":"All Inclusive Hotels","url":"https:\/\/www.allinclusivehotels.it\/de","logo":{"@type":"ImageObject","inLanguage":"de","@id":"https:\/\/www.allinclusivehotels.it\/de#\/schema\/logo\/image\/","url":"","contentUrl":"","caption":"All Inclusive Hotels"},"image":{"@id":"https:\/\/www.allinclusivehotels.it\/de#\/schema\/logo\/image\/"}}]}},"_links":{"self":[{"href":"https:\/\/www.allinclusivehotels.it\/de\/wp-json\/wp\/v2\/pages\/16456","targetHints":{"allow":["GET"]}}],"collection":[{"href":"https:\/\/www.allinclusivehotels.it\/de\/wp-json\/wp\/v2\/pages"}],"about":[{"href":"https:\/\/www.allinclusivehotels.it\/de\/wp-json\/wp\/v2\/types\/page"}],"author":[{"embeddable":true,"href":"https:\/\/www.allinclusivehotels.it\/de\/wp-json\/wp\/v2\/users\/1"}],"replies":[{"embeddable":true,"href":"https:\/\/www.allinclusivehotels.it\/de\/wp-json\/wp\/v2\/comments?post=16456"}],"version-history":[{"count":2,"href":"https:\/\/www.allinclusivehotels.it\/de\/wp-json\/wp\/v2\/pages\/16456\/revisions"}],"predecessor-version":[{"id":21386,"href":"https:\/\/www.allinclusivehotels.it\/de\/wp-json\/wp\/v2\/pages\/16456\/revisions\/21386"}],"up":[{"embeddable":true,"href":"https:\/\/www.allinclusivehotels.it\/de\/wp-json\/wp\/v2\/pages\/16402"}],"wp:attachment":[{"href":"https:\/\/www.allinclusivehotels.it\/de\/wp-json\/wp\/v2\/media?parent=16456"}],"curies":[{"name":"wp","href":"https:\/\/api.w.org\/{rel}","templated":true}]}}