{"id":16454,"date":"2022-03-28T10:05:43","date_gmt":"2022-03-28T08:05:43","guid":{"rendered":"https:\/\/www.allinclusivehotels.it\/urlaubsziele\/toskana"},"modified":"2022-07-01T11:40:36","modified_gmt":"2022-07-01T09:40:36","slug":"toskana","status":"publish","type":"page","link":"https:\/\/www.allinclusivehotels.it\/de\/urlaubsziele\/toskana","title":{"rendered":"Toskana"},"content":{"rendered":"\n<p>Die Toskana, Heimat des Dichters Dante Alighieri und des Universalgenies Leonardo da Vinci, ist eine der meistbesuchtesten Regionen Italiens, von Reisenden aus aller Welt. Auf den Gebieten der Kunst, der Geschichte, der Landschaft, der Lebensart und der K\u00fcche bietet sie Au\u00dfergew\u00f6hnliches, das Ihnen die <b>All-Inclusive-Hotels der Toskana <\/b>nahebringen werden.<\/p>\n\n\n\n<!--more-->\n\n\n\n<p>Wer ans Meer fahren will, findet <b>All-Inclusive-Hotels<\/b> in der Versilia \u2013 der n\u00f6rdliche Teil der toskanischen K\u00fcste, mit den Badeorten Viareggio und Tirrenia \u2013 wo es sichere familienfreundliche Str\u00e4nde und viele Lokale f\u00fcr junge Leute gibt.<\/p>\n\n\n\n<p>Weiter s\u00fcdlich, im Gebiet von Piombino, gibt es naturbelassene  K\u00fcstenabschnitte, wo man das Meer auf ganz andere, &#8220;urige&#8221; Art erlebt, etwa an den &#8220;wilden&#8221; Str\u00e4nden von Carbonifera oder Torre Mozza. Wenn ihnen das Meer so gef\u00e4llt, empfehlen wir Ihnen ein <b>All-Inclusive-Feriendorf. <\/b>Freuen Sie sich<b> <\/b>auf kulinarischen Genuss mit typischen toskanischen Spezialit\u00e4ten, wie <b>Tagliata <\/b>aus dem Fleisch des Chianina-Rinds oder <b>Caciucco<\/b>, ein Gericht mit verschiedenen Fischen und Meeresfr\u00fcchten, und ber\u00fchmte Weine, wie den <b>Brunello di Montalcino.<\/b><\/p>\n","protected":false},"excerpt":{"rendered":"<p>Die Toskana, Heimat des Dichters Dante Alighieri und des Universalgenies Leonardo da Vinci, ist eine &hellip;<\/p>\n","protected":false},"author":1,"featured_media":0,"parent":16402,"menu_order":0,"comment_status":"closed","ping_status":"closed","template":"page-templates\/destinazione.php","meta":{"_acf_changed":false,"footnotes":""},"class_list":["post-16454","page","type-page","status-publish","hentry"],"acf":[],"yoast_head":"<!-- This site is optimized with the Yoast SEO plugin v27.0 - https:\/\/yoast.com\/product\/yoast-seo-wordpress\/ -->\n<title>All Inclusive Urlaub in der Toskana | Die besten All Inclusive Hotels<\/title>\n<meta name=\"description\" content=\"Suchen Sie einen All Inclusive Urlaub in der Toskana? Entdecken Sie die gr\u00f6\u00dfte Auswahl an All-Inclusive-Hotels in Italien!\" \/>\n<meta name=\"robots\" content=\"index, follow, max-snippet:-1, max-image-preview:large, max-video-preview:-1\" \/>\n<link rel=\"canonical\" href=\"https:\/\/www.allinclusivehotels.it\/de\/urlaubsziele\/toskana\" \/>\n<meta property=\"og:locale\" content=\"de_DE\" \/>\n<meta property=\"og:type\" content=\"article\" \/>\n<meta property=\"og:title\" content=\"All Inclusive Urlaub in der Toskana | Die besten All Inclusive Hotels\" \/>\n<meta property=\"og:description\" content=\"Suchen Sie einen All Inclusive Urlaub in der Toskana? Entdecken Sie die gr\u00f6\u00dfte Auswahl an All-Inclusive-Hotels in Italien!\" \/>\n<meta property=\"og:url\" content=\"https:\/\/www.allinclusivehotels.it\/de\/urlaubsziele\/toskana\" \/>\n<meta property=\"og:site_name\" content=\"All Inclusive Hotels\" \/>\n<meta property=\"article:modified_time\" content=\"2022-07-01T09:40:36+00:00\" \/>\n<meta name=\"twitter:card\" content=\"summary_large_image\" \/>\n<meta name=\"twitter:label1\" content=\"Gesch\u00e4tzte Lesezeit\" \/>\n\t<meta name=\"twitter:data1\" content=\"1\u00a0Minute\" \/>\n<script type=\"application\/ld+json\" class=\"yoast-schema-graph\">{\"@context\":\"https:\/\/schema.org\",\"@graph\":[{\"@type\":\"WebPage\",\"@id\":\"https:\/\/www.allinclusivehotels.it\/de\/urlaubsziele\/toskana\",\"url\":\"https:\/\/www.allinclusivehotels.it\/de\/urlaubsziele\/toskana\",\"name\":\"All Inclusive Urlaub in der Toskana | Die besten All Inclusive Hotels\",\"isPartOf\":{\"@id\":\"https:\/\/www.allinclusivehotels.it\/de#website\"},\"datePublished\":\"2022-03-28T08:05:43+00:00\",\"dateModified\":\"2022-07-01T09:40:36+00:00\",\"description\":\"Suchen Sie einen All Inclusive Urlaub in der Toskana? Entdecken Sie die gr\u00f6\u00dfte Auswahl an All-Inclusive-Hotels in Italien!\",\"breadcrumb\":{\"@id\":\"https:\/\/www.allinclusivehotels.it\/de\/urlaubsziele\/toskana#breadcrumb\"},\"inLanguage\":\"de\",\"potentialAction\":[{\"@type\":\"ReadAction\",\"target\":[\"https:\/\/www.allinclusivehotels.it\/de\/urlaubsziele\/toskana\"]}]},{\"@type\":\"BreadcrumbList\",\"@id\":\"https:\/\/www.allinclusivehotels.it\/de\/urlaubsziele\/toskana#breadcrumb\",\"itemListElement\":[{\"@type\":\"ListItem\",\"position\":1,\"name\":\"Home\",\"item\":\"https:\/\/www.allinclusivehotels.it\/de\"},{\"@type\":\"ListItem\",\"position\":2,\"name\":\"Urlaubsziele\",\"item\":\"https:\/\/www.allinclusivehotels.it\/de\/urlaubsziele\"},{\"@type\":\"ListItem\",\"position\":3,\"name\":\"Toskana\"}]},{\"@type\":\"WebSite\",\"@id\":\"https:\/\/www.allinclusivehotels.it\/de#website\",\"url\":\"https:\/\/www.allinclusivehotels.it\/de\",\"name\":\"All Inclusive Hotels\",\"description\":\"\",\"publisher\":{\"@id\":\"https:\/\/www.allinclusivehotels.it\/de#organization\"},\"potentialAction\":[{\"@type\":\"SearchAction\",\"target\":{\"@type\":\"EntryPoint\",\"urlTemplate\":\"https:\/\/www.allinclusivehotels.it\/de?s={search_term_string}\"},\"query-input\":{\"@type\":\"PropertyValueSpecification\",\"valueRequired\":true,\"valueName\":\"search_term_string\"}}],\"inLanguage\":\"de\"},{\"@type\":\"Organization\",\"@id\":\"https:\/\/www.allinclusivehotels.it\/de#organization\",\"name\":\"All Inclusive Hotels\",\"url\":\"https:\/\/www.allinclusivehotels.it\/de\",\"logo\":{\"@type\":\"ImageObject\",\"inLanguage\":\"de\",\"@id\":\"https:\/\/www.allinclusivehotels.it\/de#\/schema\/logo\/image\/\",\"url\":\"\",\"contentUrl\":\"\",\"caption\":\"All Inclusive Hotels\"},\"image\":{\"@id\":\"https:\/\/www.allinclusivehotels.it\/de#\/schema\/logo\/image\/\"}}]}<\/script>\n<!-- \/ Yoast SEO plugin. -->","yoast_head_json":{"title":"All Inclusive Urlaub in der Toskana | Die besten All Inclusive Hotels","description":"Suchen Sie einen All Inclusive Urlaub in der Toskana? Entdecken Sie die gr\u00f6\u00dfte Auswahl an All-Inclusive-Hotels in Italien!","robots":{"index":"index","follow":"follow","max-snippet":"max-snippet:-1","max-image-preview":"max-image-preview:large","max-video-preview":"max-video-preview:-1"},"canonical":"https:\/\/www.allinclusivehotels.it\/de\/urlaubsziele\/toskana","og_locale":"de_DE","og_type":"article","og_title":"All Inclusive Urlaub in der Toskana | Die besten All Inclusive Hotels","og_description":"Suchen Sie einen All Inclusive Urlaub in der Toskana? Entdecken Sie die gr\u00f6\u00dfte Auswahl an All-Inclusive-Hotels in Italien!","og_url":"https:\/\/www.allinclusivehotels.it\/de\/urlaubsziele\/toskana","og_site_name":"All Inclusive Hotels","article_modified_time":"2022-07-01T09:40:36+00:00","twitter_card":"summary_large_image","twitter_misc":{"Gesch\u00e4tzte Lesezeit":"1\u00a0Minute"},"schema":{"@context":"https:\/\/schema.org","@graph":[{"@type":"WebPage","@id":"https:\/\/www.allinclusivehotels.it\/de\/urlaubsziele\/toskana","url":"https:\/\/www.allinclusivehotels.it\/de\/urlaubsziele\/toskana","name":"All Inclusive Urlaub in der Toskana | Die besten All Inclusive Hotels","isPartOf":{"@id":"https:\/\/www.allinclusivehotels.it\/de#website"},"datePublished":"2022-03-28T08:05:43+00:00","dateModified":"2022-07-01T09:40:36+00:00","description":"Suchen Sie einen All Inclusive Urlaub in der Toskana? Entdecken Sie die gr\u00f6\u00dfte Auswahl an All-Inclusive-Hotels in Italien!","breadcrumb":{"@id":"https:\/\/www.allinclusivehotels.it\/de\/urlaubsziele\/toskana#breadcrumb"},"inLanguage":"de","potentialAction":[{"@type":"ReadAction","target":["https:\/\/www.allinclusivehotels.it\/de\/urlaubsziele\/toskana"]}]},{"@type":"BreadcrumbList","@id":"https:\/\/www.allinclusivehotels.it\/de\/urlaubsziele\/toskana#breadcrumb","itemListElement":[{"@type":"ListItem","position":1,"name":"Home","item":"https:\/\/www.allinclusivehotels.it\/de"},{"@type":"ListItem","position":2,"name":"Urlaubsziele","item":"https:\/\/www.allinclusivehotels.it\/de\/urlaubsziele"},{"@type":"ListItem","position":3,"name":"Toskana"}]},{"@type":"WebSite","@id":"https:\/\/www.allinclusivehotels.it\/de#website","url":"https:\/\/www.allinclusivehotels.it\/de","name":"All Inclusive Hotels","description":"","publisher":{"@id":"https:\/\/www.allinclusivehotels.it\/de#organization"},"potentialAction":[{"@type":"SearchAction","target":{"@type":"EntryPoint","urlTemplate":"https:\/\/www.allinclusivehotels.it\/de?s={search_term_string}"},"query-input":{"@type":"PropertyValueSpecification","valueRequired":true,"valueName":"search_term_string"}}],"inLanguage":"de"},{"@type":"Organization","@id":"https:\/\/www.allinclusivehotels.it\/de#organization","name":"All Inclusive Hotels","url":"https:\/\/www.allinclusivehotels.it\/de","logo":{"@type":"ImageObject","inLanguage":"de","@id":"https:\/\/www.allinclusivehotels.it\/de#\/schema\/logo\/image\/","url":"","contentUrl":"","caption":"All Inclusive Hotels"},"image":{"@id":"https:\/\/www.allinclusivehotels.it\/de#\/schema\/logo\/image\/"}}]}},"_links":{"self":[{"href":"https:\/\/www.allinclusivehotels.it\/de\/wp-json\/wp\/v2\/pages\/16454","targetHints":{"allow":["GET"]}}],"collection":[{"href":"https:\/\/www.allinclusivehotels.it\/de\/wp-json\/wp\/v2\/pages"}],"about":[{"href":"https:\/\/www.allinclusivehotels.it\/de\/wp-json\/wp\/v2\/types\/page"}],"author":[{"embeddable":true,"href":"https:\/\/www.allinclusivehotels.it\/de\/wp-json\/wp\/v2\/users\/1"}],"replies":[{"embeddable":true,"href":"https:\/\/www.allinclusivehotels.it\/de\/wp-json\/wp\/v2\/comments?post=16454"}],"version-history":[{"count":3,"href":"https:\/\/www.allinclusivehotels.it\/de\/wp-json\/wp\/v2\/pages\/16454\/revisions"}],"predecessor-version":[{"id":21384,"href":"https:\/\/www.allinclusivehotels.it\/de\/wp-json\/wp\/v2\/pages\/16454\/revisions\/21384"}],"up":[{"embeddable":true,"href":"https:\/\/www.allinclusivehotels.it\/de\/wp-json\/wp\/v2\/pages\/16402"}],"wp:attachment":[{"href":"https:\/\/www.allinclusivehotels.it\/de\/wp-json\/wp\/v2\/media?parent=16454"}],"curies":[{"name":"wp","href":"https:\/\/api.w.org\/{rel}","templated":true}]}}