{"id":16452,"date":"2022-03-28T10:05:43","date_gmt":"2022-03-28T08:05:43","guid":{"rendered":"https:\/\/www.allinclusivehotels.it\/urlaubsziele\/sardinien"},"modified":"2022-07-01T11:37:05","modified_gmt":"2022-07-01T09:37:05","slug":"sardinien","status":"publish","type":"page","link":"https:\/\/www.allinclusivehotels.it\/de\/urlaubsziele\/sardinien","title":{"rendered":"Sardinien"},"content":{"rendered":"\n<h2 class=\"wp-block-heading\">Vom Meer umgebene Legende: Sardinien<\/h2>\n\n\n\n<p>Schon die Ankunft ist ein erhebendes Erlebnis, wenn am Horizont \u00fcber dem <b>smaragdblauen Meer<\/b> erst die <b>gr\u00fcnen Berge<\/b> der Insel sichtbar werden und dann beim N\u00e4herkommen die gro\u00dfen und kleinen Buchten mit <b>wei\u00dfem Sand<\/b>.<\/p>\n\n\n\n<!--more-->\n\n\n\n<p>Die Str\u00e4nde der sardischen K\u00fcste sind zusammen fast<b> 200 km lang.<\/b> Es gibt  gro\u00dfe, weite, wo der st\u00e4ndige Wind den Sand zu D\u00fcnen aufh\u00e4uft, auf denen die Vegetation der Macchia Mediterranea Fu\u00df zu fassen sucht, und kleine, in gesch\u00fctzten Buchten, wo das ruhige Wasser klarer ist als in einem Swimmingpool.<\/p>\n\n\n\n<h2 class=\"wp-block-heading\">Das Landesinnere<\/h2>\n\n\n\n<p>Sardinien ist im Kern ein Land der Hirten, von rauher wilder Sch\u00f6nheit. Am urt\u00fcmlichsten ist das Gebiet der <b>Barbagia <\/b>rund um das bis auf \u00fcber 1.800 m aufsteigende Bergmassiv des <b>Gennargentu. <\/b>Nur hier und da unterbricht ein kleiner alter Ort die Einsamkeit der Hochebenen und Berge.<\/p>\n\n\n\n<p>Menschen der Vorzeit haben Gigantengr\u00e4ber, Menhire und <b>Nuraghen \u2013 <\/b>gro\u00dfe<b>  <\/b>kegelf\u00f6rmige Bauten aus Felsbl\u00f6cken \u2013 hinterlassen.<\/p>\n\n\n\n<p>Sardinien bietet Str\u00e4nde wie man sie auf tropischen Inseln erwarten w\u00fcrde, geheimsivolle arch\u00e4ologische Relikte und beinahe menschenleere gebirgige Gegenden von spektakul\u00e4rer Sch\u00f6nheit.<\/p>\n\n\n\n<h2 class=\"wp-block-heading\">Einzigartige Insel \u2013 einzigartige K\u00fcche<\/h2>\n\n\n\n<p>Weizenmehl ist die Basis f\u00fcr das t\u00e4gliche Brot \u2013 die bekannteste Variante hei\u00dft <b>Carasau \u2013<\/b>,<b> <\/b>f\u00fcr Nudelgerichte wie <b>Malloreddus<\/b>, <b>Culurgiones,<\/b> die couscous-\u00e4hnliche <b>Fregola \u2013 <\/b>und, zusammen mit Mandeln, Rosinen und Honig<b> <\/b>f\u00fcr zahlreiche Arten von traditionellen <b>Keksen<\/b>, eine leckerer als die andere. Von den Hirten kommen frischer oder pikant gereifter <b>Schafsk\u00e4se <\/b>(Pecorino), Schaffleisch und das ber\u00fchmte <b>Porceddu<\/b>-Spanferkel.<\/p>\n\n\n\n<p>Das Meer steuert <b>Hummer <\/b>(Aragosta), <b>Bottarga (<\/b>Art Kaviar) Muscheln, <b>Seeigel<\/b> (Ricci di mare) und Fisch bei. Ber\u00fchmte Weine sind der aromatische <b>Vermentino di Gallura<\/b> (wei\u00df) und der kr\u00e4ftige<b> Cannonau <\/b>(rot). Und am <b>Mirto, <\/b>ein Myrrhe-Lik\u00f6r, f\u00fchrt oft kein Weg vorbei.<\/p>\n","protected":false},"excerpt":{"rendered":"<p>Vom Meer umgebene Legende: Sardinien Schon die Ankunft ist ein erhebendes Erlebnis, wenn am Horizont &hellip;<\/p>\n","protected":false},"author":1,"featured_media":0,"parent":16402,"menu_order":0,"comment_status":"closed","ping_status":"closed","template":"page-templates\/destinazione.php","meta":{"_acf_changed":false,"footnotes":""},"class_list":["post-16452","page","type-page","status-publish","hentry"],"acf":[],"yoast_head":"<!-- This site is optimized with the Yoast SEO plugin v27.0 - https:\/\/yoast.com\/product\/yoast-seo-wordpress\/ -->\n<title>All Inclusive Urlaub in Sardinien | Die besten All Inclusive Hotels<\/title>\n<meta name=\"description\" content=\"Suchen Sie einen All Inclusive Urlaub in Sardinien? Entdecken Sie die gr\u00f6\u00dfte Auswahl an All-Inclusive-Hotels in Italien!\" \/>\n<meta name=\"robots\" content=\"index, follow, max-snippet:-1, max-image-preview:large, max-video-preview:-1\" \/>\n<link rel=\"canonical\" href=\"https:\/\/www.allinclusivehotels.it\/de\/urlaubsziele\/sardinien\" \/>\n<meta property=\"og:locale\" content=\"de_DE\" \/>\n<meta property=\"og:type\" content=\"article\" \/>\n<meta property=\"og:title\" content=\"All Inclusive Urlaub in Sardinien | Die besten All Inclusive Hotels\" \/>\n<meta property=\"og:description\" content=\"Suchen Sie einen All Inclusive Urlaub in Sardinien? Entdecken Sie die gr\u00f6\u00dfte Auswahl an All-Inclusive-Hotels in Italien!\" \/>\n<meta property=\"og:url\" content=\"https:\/\/www.allinclusivehotels.it\/de\/urlaubsziele\/sardinien\" \/>\n<meta property=\"og:site_name\" content=\"All Inclusive Hotels\" \/>\n<meta property=\"article:modified_time\" content=\"2022-07-01T09:37:05+00:00\" \/>\n<meta name=\"twitter:card\" content=\"summary_large_image\" \/>\n<meta name=\"twitter:label1\" content=\"Gesch\u00e4tzte Lesezeit\" \/>\n\t<meta name=\"twitter:data1\" content=\"2\u00a0Minuten\" \/>\n<script type=\"application\/ld+json\" class=\"yoast-schema-graph\">{\"@context\":\"https:\/\/schema.org\",\"@graph\":[{\"@type\":\"WebPage\",\"@id\":\"https:\/\/www.allinclusivehotels.it\/de\/urlaubsziele\/sardinien\",\"url\":\"https:\/\/www.allinclusivehotels.it\/de\/urlaubsziele\/sardinien\",\"name\":\"All Inclusive Urlaub in Sardinien | Die besten All Inclusive Hotels\",\"isPartOf\":{\"@id\":\"https:\/\/www.allinclusivehotels.it\/de#website\"},\"datePublished\":\"2022-03-28T08:05:43+00:00\",\"dateModified\":\"2022-07-01T09:37:05+00:00\",\"description\":\"Suchen Sie einen All Inclusive Urlaub in Sardinien? Entdecken Sie die gr\u00f6\u00dfte Auswahl an All-Inclusive-Hotels in Italien!\",\"breadcrumb\":{\"@id\":\"https:\/\/www.allinclusivehotels.it\/de\/urlaubsziele\/sardinien#breadcrumb\"},\"inLanguage\":\"de\",\"potentialAction\":[{\"@type\":\"ReadAction\",\"target\":[\"https:\/\/www.allinclusivehotels.it\/de\/urlaubsziele\/sardinien\"]}]},{\"@type\":\"BreadcrumbList\",\"@id\":\"https:\/\/www.allinclusivehotels.it\/de\/urlaubsziele\/sardinien#breadcrumb\",\"itemListElement\":[{\"@type\":\"ListItem\",\"position\":1,\"name\":\"Home\",\"item\":\"https:\/\/www.allinclusivehotels.it\/de\"},{\"@type\":\"ListItem\",\"position\":2,\"name\":\"Urlaubsziele\",\"item\":\"https:\/\/www.allinclusivehotels.it\/de\/urlaubsziele\"},{\"@type\":\"ListItem\",\"position\":3,\"name\":\"Sardinien\"}]},{\"@type\":\"WebSite\",\"@id\":\"https:\/\/www.allinclusivehotels.it\/de#website\",\"url\":\"https:\/\/www.allinclusivehotels.it\/de\",\"name\":\"All Inclusive Hotels\",\"description\":\"\",\"publisher\":{\"@id\":\"https:\/\/www.allinclusivehotels.it\/de#organization\"},\"potentialAction\":[{\"@type\":\"SearchAction\",\"target\":{\"@type\":\"EntryPoint\",\"urlTemplate\":\"https:\/\/www.allinclusivehotels.it\/de?s={search_term_string}\"},\"query-input\":{\"@type\":\"PropertyValueSpecification\",\"valueRequired\":true,\"valueName\":\"search_term_string\"}}],\"inLanguage\":\"de\"},{\"@type\":\"Organization\",\"@id\":\"https:\/\/www.allinclusivehotels.it\/de#organization\",\"name\":\"All Inclusive Hotels\",\"url\":\"https:\/\/www.allinclusivehotels.it\/de\",\"logo\":{\"@type\":\"ImageObject\",\"inLanguage\":\"de\",\"@id\":\"https:\/\/www.allinclusivehotels.it\/de#\/schema\/logo\/image\/\",\"url\":\"\",\"contentUrl\":\"\",\"caption\":\"All Inclusive Hotels\"},\"image\":{\"@id\":\"https:\/\/www.allinclusivehotels.it\/de#\/schema\/logo\/image\/\"}}]}<\/script>\n<!-- \/ Yoast SEO plugin. -->","yoast_head_json":{"title":"All Inclusive Urlaub in Sardinien | Die besten All Inclusive Hotels","description":"Suchen Sie einen All Inclusive Urlaub in Sardinien? Entdecken Sie die gr\u00f6\u00dfte Auswahl an All-Inclusive-Hotels in Italien!","robots":{"index":"index","follow":"follow","max-snippet":"max-snippet:-1","max-image-preview":"max-image-preview:large","max-video-preview":"max-video-preview:-1"},"canonical":"https:\/\/www.allinclusivehotels.it\/de\/urlaubsziele\/sardinien","og_locale":"de_DE","og_type":"article","og_title":"All Inclusive Urlaub in Sardinien | Die besten All Inclusive Hotels","og_description":"Suchen Sie einen All Inclusive Urlaub in Sardinien? Entdecken Sie die gr\u00f6\u00dfte Auswahl an All-Inclusive-Hotels in Italien!","og_url":"https:\/\/www.allinclusivehotels.it\/de\/urlaubsziele\/sardinien","og_site_name":"All Inclusive Hotels","article_modified_time":"2022-07-01T09:37:05+00:00","twitter_card":"summary_large_image","twitter_misc":{"Gesch\u00e4tzte Lesezeit":"2\u00a0Minuten"},"schema":{"@context":"https:\/\/schema.org","@graph":[{"@type":"WebPage","@id":"https:\/\/www.allinclusivehotels.it\/de\/urlaubsziele\/sardinien","url":"https:\/\/www.allinclusivehotels.it\/de\/urlaubsziele\/sardinien","name":"All Inclusive Urlaub in Sardinien | Die besten All Inclusive Hotels","isPartOf":{"@id":"https:\/\/www.allinclusivehotels.it\/de#website"},"datePublished":"2022-03-28T08:05:43+00:00","dateModified":"2022-07-01T09:37:05+00:00","description":"Suchen Sie einen All Inclusive Urlaub in Sardinien? Entdecken Sie die gr\u00f6\u00dfte Auswahl an All-Inclusive-Hotels in Italien!","breadcrumb":{"@id":"https:\/\/www.allinclusivehotels.it\/de\/urlaubsziele\/sardinien#breadcrumb"},"inLanguage":"de","potentialAction":[{"@type":"ReadAction","target":["https:\/\/www.allinclusivehotels.it\/de\/urlaubsziele\/sardinien"]}]},{"@type":"BreadcrumbList","@id":"https:\/\/www.allinclusivehotels.it\/de\/urlaubsziele\/sardinien#breadcrumb","itemListElement":[{"@type":"ListItem","position":1,"name":"Home","item":"https:\/\/www.allinclusivehotels.it\/de"},{"@type":"ListItem","position":2,"name":"Urlaubsziele","item":"https:\/\/www.allinclusivehotels.it\/de\/urlaubsziele"},{"@type":"ListItem","position":3,"name":"Sardinien"}]},{"@type":"WebSite","@id":"https:\/\/www.allinclusivehotels.it\/de#website","url":"https:\/\/www.allinclusivehotels.it\/de","name":"All Inclusive Hotels","description":"","publisher":{"@id":"https:\/\/www.allinclusivehotels.it\/de#organization"},"potentialAction":[{"@type":"SearchAction","target":{"@type":"EntryPoint","urlTemplate":"https:\/\/www.allinclusivehotels.it\/de?s={search_term_string}"},"query-input":{"@type":"PropertyValueSpecification","valueRequired":true,"valueName":"search_term_string"}}],"inLanguage":"de"},{"@type":"Organization","@id":"https:\/\/www.allinclusivehotels.it\/de#organization","name":"All Inclusive Hotels","url":"https:\/\/www.allinclusivehotels.it\/de","logo":{"@type":"ImageObject","inLanguage":"de","@id":"https:\/\/www.allinclusivehotels.it\/de#\/schema\/logo\/image\/","url":"","contentUrl":"","caption":"All Inclusive Hotels"},"image":{"@id":"https:\/\/www.allinclusivehotels.it\/de#\/schema\/logo\/image\/"}}]}},"_links":{"self":[{"href":"https:\/\/www.allinclusivehotels.it\/de\/wp-json\/wp\/v2\/pages\/16452","targetHints":{"allow":["GET"]}}],"collection":[{"href":"https:\/\/www.allinclusivehotels.it\/de\/wp-json\/wp\/v2\/pages"}],"about":[{"href":"https:\/\/www.allinclusivehotels.it\/de\/wp-json\/wp\/v2\/types\/page"}],"author":[{"embeddable":true,"href":"https:\/\/www.allinclusivehotels.it\/de\/wp-json\/wp\/v2\/users\/1"}],"replies":[{"embeddable":true,"href":"https:\/\/www.allinclusivehotels.it\/de\/wp-json\/wp\/v2\/comments?post=16452"}],"version-history":[{"count":2,"href":"https:\/\/www.allinclusivehotels.it\/de\/wp-json\/wp\/v2\/pages\/16452\/revisions"}],"predecessor-version":[{"id":21379,"href":"https:\/\/www.allinclusivehotels.it\/de\/wp-json\/wp\/v2\/pages\/16452\/revisions\/21379"}],"up":[{"embeddable":true,"href":"https:\/\/www.allinclusivehotels.it\/de\/wp-json\/wp\/v2\/pages\/16402"}],"wp:attachment":[{"href":"https:\/\/www.allinclusivehotels.it\/de\/wp-json\/wp\/v2\/media?parent=16452"}],"curies":[{"name":"wp","href":"https:\/\/api.w.org\/{rel}","templated":true}]}}