{"id":16450,"date":"2022-03-28T10:05:42","date_gmt":"2022-03-28T08:05:42","guid":{"rendered":"https:\/\/www.allinclusivehotels.it\/urlaubsziele\/apulien"},"modified":"2022-07-01T11:16:06","modified_gmt":"2022-07-01T09:16:06","slug":"apulien","status":"publish","type":"page","link":"https:\/\/www.allinclusivehotels.it\/de\/urlaubsziele\/apulien","title":{"rendered":"Apulien"},"content":{"rendered":"\n<p>Was bringt einen Badegast, einen Kunstfreund, einen naturverliebten Entdecker und einen &#8220;Gastronauten&#8221; zusammen?<b> Apulien! <\/b>Eine vielseitige Region<b> <\/b>mit interessanten Zielen f\u00fcr einen Familienurlaub, eine romantische Reisen zu zweit oder f\u00fcr eine gemeinsame Unternehmung von Freund*innen. Apulien ist voller \u00dcberraschungen, zu jeder Jahreszeit.<\/p>\n\n\n\n<!--more-->\n\n\n\n<p>Der<b> Salento<\/b> \u2013 der  Absatz des italienischen Stiefels \u2013 bietet gut 200 km K\u00fcste, <b>naturnahe Str\u00e4nde,<\/b> wie in Marina d\u2019Ugento, Porto Selvaggio, Porto Cesareo, Torre dell\u2019Orso, und <b>historische Kunstst\u00e4dte<\/b> wie <b>Lecce<\/b>, &#8220;Florenz des S\u00fcdens&#8221;, mit seiner barocken Altstadt, und <b>Otranto, <\/b>Badeort mit Geschichtszeugnissen, wie dem  Schloss<b> Castello Aragonese.<\/b><\/p>\n\n\n\n<p>Absolut sehenswert auch <b>Ostuni, <\/b>die &#8220;wei\u00dfe Stadt&#8221;, n\u00f6rdlich von Brindisi, und das <b>Naturschutzgebiet von Torre Guaceto an der K\u00fcste.<\/b><\/p>\n\n\n\n<p>Der <b>Gargano <\/b>ist ein gr\u00fcn bewaldetes Kap, als <b>Nationalpark <\/b>unter Schtuz gestellt, mit romantischen Badebuchten bei den malerisch \u00fcber dem Meer gelegenen St\u00e4dtchen <b>Peschici<\/b> und <b>Vieste.<\/b><\/p>\n\n\n\n<p>Das <b>Landesinnere <\/b>pr\u00e4sentiert sich ganz anders. In der Hochebene des <b>Valle d&#8217;Itria wachsen<\/b> auf r\u00f6tlicher Erde Weinreben und Olivenb\u00e4ume besonders gut, und man sieht die eigenartigen<b>&#8220;Trulli&#8221;<\/b>, l\u00e4ndliche Steinh\u00e4user mit kegelf\u00f6rmigen Dach &#8211;  besonders viele im Ort <b>Alberobello, <\/b>UNESCO-Welterbe, wie auch<b> Castel del Monte,<\/b> eine Burg des Staufer-Kaisers Friedrich II.  Auch die alten St\u00e4dte <b>Fasano<\/b> und <b>Ceglie Messapica<\/b> sind einen Ausflug wert.<\/p>\n","protected":false},"excerpt":{"rendered":"<p>Was bringt einen Badegast, einen Kunstfreund, einen naturverliebten Entdecker und einen &#8220;Gastronauten&#8221; zusammen? Apulien! Eine &hellip;<\/p>\n","protected":false},"author":1,"featured_media":0,"parent":16402,"menu_order":0,"comment_status":"closed","ping_status":"closed","template":"page-templates\/destinazione.php","meta":{"_acf_changed":false,"footnotes":""},"class_list":["post-16450","page","type-page","status-publish","hentry"],"acf":[],"yoast_head":"<!-- This site is optimized with the Yoast SEO plugin v27.0 - https:\/\/yoast.com\/product\/yoast-seo-wordpress\/ -->\n<title>All Inclusive Urlaub in Apulien | Die besten All Inclusive Hotels<\/title>\n<meta name=\"description\" content=\"Suchen Sie einen All Inclusive Urlaub in Apulien? Entdecken Sie die gr\u00f6\u00dfte Auswahl an All-Inclusive-Hotels in Italien!\" \/>\n<meta name=\"robots\" content=\"index, follow, max-snippet:-1, max-image-preview:large, max-video-preview:-1\" \/>\n<link rel=\"canonical\" href=\"https:\/\/www.allinclusivehotels.it\/de\/urlaubsziele\/apulien\" \/>\n<meta property=\"og:locale\" content=\"de_DE\" \/>\n<meta property=\"og:type\" content=\"article\" \/>\n<meta property=\"og:title\" content=\"All Inclusive Urlaub in Apulien | Die besten All Inclusive Hotels\" \/>\n<meta property=\"og:description\" content=\"Suchen Sie einen All Inclusive Urlaub in Apulien? Entdecken Sie die gr\u00f6\u00dfte Auswahl an All-Inclusive-Hotels in Italien!\" \/>\n<meta property=\"og:url\" content=\"https:\/\/www.allinclusivehotels.it\/de\/urlaubsziele\/apulien\" \/>\n<meta property=\"og:site_name\" content=\"All Inclusive Hotels\" \/>\n<meta property=\"article:modified_time\" content=\"2022-07-01T09:16:06+00:00\" \/>\n<meta name=\"twitter:card\" content=\"summary_large_image\" \/>\n<meta name=\"twitter:label1\" content=\"Gesch\u00e4tzte Lesezeit\" \/>\n\t<meta name=\"twitter:data1\" content=\"2\u00a0Minuten\" \/>\n<script type=\"application\/ld+json\" class=\"yoast-schema-graph\">{\"@context\":\"https:\/\/schema.org\",\"@graph\":[{\"@type\":\"WebPage\",\"@id\":\"https:\/\/www.allinclusivehotels.it\/de\/urlaubsziele\/apulien\",\"url\":\"https:\/\/www.allinclusivehotels.it\/de\/urlaubsziele\/apulien\",\"name\":\"All Inclusive Urlaub in Apulien | Die besten All Inclusive Hotels\",\"isPartOf\":{\"@id\":\"https:\/\/www.allinclusivehotels.it\/de#website\"},\"datePublished\":\"2022-03-28T08:05:42+00:00\",\"dateModified\":\"2022-07-01T09:16:06+00:00\",\"description\":\"Suchen Sie einen All Inclusive Urlaub in Apulien? Entdecken Sie die gr\u00f6\u00dfte Auswahl an All-Inclusive-Hotels in Italien!\",\"breadcrumb\":{\"@id\":\"https:\/\/www.allinclusivehotels.it\/de\/urlaubsziele\/apulien#breadcrumb\"},\"inLanguage\":\"de\",\"potentialAction\":[{\"@type\":\"ReadAction\",\"target\":[\"https:\/\/www.allinclusivehotels.it\/de\/urlaubsziele\/apulien\"]}]},{\"@type\":\"BreadcrumbList\",\"@id\":\"https:\/\/www.allinclusivehotels.it\/de\/urlaubsziele\/apulien#breadcrumb\",\"itemListElement\":[{\"@type\":\"ListItem\",\"position\":1,\"name\":\"Home\",\"item\":\"https:\/\/www.allinclusivehotels.it\/de\"},{\"@type\":\"ListItem\",\"position\":2,\"name\":\"Urlaubsziele\",\"item\":\"https:\/\/www.allinclusivehotels.it\/de\/urlaubsziele\"},{\"@type\":\"ListItem\",\"position\":3,\"name\":\"Apulien\"}]},{\"@type\":\"WebSite\",\"@id\":\"https:\/\/www.allinclusivehotels.it\/de#website\",\"url\":\"https:\/\/www.allinclusivehotels.it\/de\",\"name\":\"All Inclusive Hotels\",\"description\":\"\",\"publisher\":{\"@id\":\"https:\/\/www.allinclusivehotels.it\/de#organization\"},\"potentialAction\":[{\"@type\":\"SearchAction\",\"target\":{\"@type\":\"EntryPoint\",\"urlTemplate\":\"https:\/\/www.allinclusivehotels.it\/de?s={search_term_string}\"},\"query-input\":{\"@type\":\"PropertyValueSpecification\",\"valueRequired\":true,\"valueName\":\"search_term_string\"}}],\"inLanguage\":\"de\"},{\"@type\":\"Organization\",\"@id\":\"https:\/\/www.allinclusivehotels.it\/de#organization\",\"name\":\"All Inclusive Hotels\",\"url\":\"https:\/\/www.allinclusivehotels.it\/de\",\"logo\":{\"@type\":\"ImageObject\",\"inLanguage\":\"de\",\"@id\":\"https:\/\/www.allinclusivehotels.it\/de#\/schema\/logo\/image\/\",\"url\":\"\",\"contentUrl\":\"\",\"caption\":\"All Inclusive Hotels\"},\"image\":{\"@id\":\"https:\/\/www.allinclusivehotels.it\/de#\/schema\/logo\/image\/\"}}]}<\/script>\n<!-- \/ Yoast SEO plugin. -->","yoast_head_json":{"title":"All Inclusive Urlaub in Apulien | Die besten All Inclusive Hotels","description":"Suchen Sie einen All Inclusive Urlaub in Apulien? Entdecken Sie die gr\u00f6\u00dfte Auswahl an All-Inclusive-Hotels in Italien!","robots":{"index":"index","follow":"follow","max-snippet":"max-snippet:-1","max-image-preview":"max-image-preview:large","max-video-preview":"max-video-preview:-1"},"canonical":"https:\/\/www.allinclusivehotels.it\/de\/urlaubsziele\/apulien","og_locale":"de_DE","og_type":"article","og_title":"All Inclusive Urlaub in Apulien | Die besten All Inclusive Hotels","og_description":"Suchen Sie einen All Inclusive Urlaub in Apulien? Entdecken Sie die gr\u00f6\u00dfte Auswahl an All-Inclusive-Hotels in Italien!","og_url":"https:\/\/www.allinclusivehotels.it\/de\/urlaubsziele\/apulien","og_site_name":"All Inclusive Hotels","article_modified_time":"2022-07-01T09:16:06+00:00","twitter_card":"summary_large_image","twitter_misc":{"Gesch\u00e4tzte Lesezeit":"2\u00a0Minuten"},"schema":{"@context":"https:\/\/schema.org","@graph":[{"@type":"WebPage","@id":"https:\/\/www.allinclusivehotels.it\/de\/urlaubsziele\/apulien","url":"https:\/\/www.allinclusivehotels.it\/de\/urlaubsziele\/apulien","name":"All Inclusive Urlaub in Apulien | Die besten All Inclusive Hotels","isPartOf":{"@id":"https:\/\/www.allinclusivehotels.it\/de#website"},"datePublished":"2022-03-28T08:05:42+00:00","dateModified":"2022-07-01T09:16:06+00:00","description":"Suchen Sie einen All Inclusive Urlaub in Apulien? Entdecken Sie die gr\u00f6\u00dfte Auswahl an All-Inclusive-Hotels in Italien!","breadcrumb":{"@id":"https:\/\/www.allinclusivehotels.it\/de\/urlaubsziele\/apulien#breadcrumb"},"inLanguage":"de","potentialAction":[{"@type":"ReadAction","target":["https:\/\/www.allinclusivehotels.it\/de\/urlaubsziele\/apulien"]}]},{"@type":"BreadcrumbList","@id":"https:\/\/www.allinclusivehotels.it\/de\/urlaubsziele\/apulien#breadcrumb","itemListElement":[{"@type":"ListItem","position":1,"name":"Home","item":"https:\/\/www.allinclusivehotels.it\/de"},{"@type":"ListItem","position":2,"name":"Urlaubsziele","item":"https:\/\/www.allinclusivehotels.it\/de\/urlaubsziele"},{"@type":"ListItem","position":3,"name":"Apulien"}]},{"@type":"WebSite","@id":"https:\/\/www.allinclusivehotels.it\/de#website","url":"https:\/\/www.allinclusivehotels.it\/de","name":"All Inclusive Hotels","description":"","publisher":{"@id":"https:\/\/www.allinclusivehotels.it\/de#organization"},"potentialAction":[{"@type":"SearchAction","target":{"@type":"EntryPoint","urlTemplate":"https:\/\/www.allinclusivehotels.it\/de?s={search_term_string}"},"query-input":{"@type":"PropertyValueSpecification","valueRequired":true,"valueName":"search_term_string"}}],"inLanguage":"de"},{"@type":"Organization","@id":"https:\/\/www.allinclusivehotels.it\/de#organization","name":"All Inclusive Hotels","url":"https:\/\/www.allinclusivehotels.it\/de","logo":{"@type":"ImageObject","inLanguage":"de","@id":"https:\/\/www.allinclusivehotels.it\/de#\/schema\/logo\/image\/","url":"","contentUrl":"","caption":"All Inclusive Hotels"},"image":{"@id":"https:\/\/www.allinclusivehotels.it\/de#\/schema\/logo\/image\/"}}]}},"_links":{"self":[{"href":"https:\/\/www.allinclusivehotels.it\/de\/wp-json\/wp\/v2\/pages\/16450","targetHints":{"allow":["GET"]}}],"collection":[{"href":"https:\/\/www.allinclusivehotels.it\/de\/wp-json\/wp\/v2\/pages"}],"about":[{"href":"https:\/\/www.allinclusivehotels.it\/de\/wp-json\/wp\/v2\/types\/page"}],"author":[{"embeddable":true,"href":"https:\/\/www.allinclusivehotels.it\/de\/wp-json\/wp\/v2\/users\/1"}],"replies":[{"embeddable":true,"href":"https:\/\/www.allinclusivehotels.it\/de\/wp-json\/wp\/v2\/comments?post=16450"}],"version-history":[{"count":3,"href":"https:\/\/www.allinclusivehotels.it\/de\/wp-json\/wp\/v2\/pages\/16450\/revisions"}],"predecessor-version":[{"id":21355,"href":"https:\/\/www.allinclusivehotels.it\/de\/wp-json\/wp\/v2\/pages\/16450\/revisions\/21355"}],"up":[{"embeddable":true,"href":"https:\/\/www.allinclusivehotels.it\/de\/wp-json\/wp\/v2\/pages\/16402"}],"wp:attachment":[{"href":"https:\/\/www.allinclusivehotels.it\/de\/wp-json\/wp\/v2\/media?parent=16450"}],"curies":[{"name":"wp","href":"https:\/\/api.w.org\/{rel}","templated":true}]}}