{"id":16448,"date":"2022-03-28T10:05:42","date_gmt":"2022-03-28T08:05:42","guid":{"rendered":"https:\/\/www.allinclusivehotels.it\/urlaubsziele\/emilia-romagna"},"modified":"2022-07-01T11:22:48","modified_gmt":"2022-07-01T09:22:48","slug":"emilia-romagna","status":"publish","type":"page","link":"https:\/\/www.allinclusivehotels.it\/de\/urlaubsziele\/emilia-romagna","title":{"rendered":"Emilia Romagna"},"content":{"rendered":"\n<h2 class=\"wp-block-heading\">Mekka der Gastfreundlichkeit<\/h2>\n\n\n\n<p>An der K\u00fcste der Region <b>Emilia Romagna, <\/b>seit<b> <\/b>(mindestens) 70 Jahren eine der bedeutendsten Urlaubsdestinationen Europas, hat sich eine ausdifferenzierte Hotellerie entwickelt, mit einer riesigen Zahl moderner Betriebe, die jeder Art von Kundschaft und deren unterschiedlichen Anspr\u00fcchen entgegenkommen.<\/p>\n\n\n\n<p>So gibt es etwa <b>&#8220;Family Hotels&#8221;<\/b>, wo Wiegen, Gitterbetten, Wickeltisch, Flaschenw\u00e4rmer, Babywanne, gesicherte Steckdosen und Schlummerlicht im Zimmer sind; im Restaurant Hochst\u00fchle und Babykost.<\/p>\n\n\n\n<!--more-->\n\n\n\n<p>Miniclub mit qualifizierten Betreuer*innen, Animation am Strand und im Hotel, flache Pools, eigenes Men\u00fc und flexible Essenszeiten sorgen f\u00fcr fr\u00f6hliche Kinder und entspannte Eltern.<\/p>\n\n\n\n<h2 class=\"wp-block-heading\">Rad- und Sporthotels<\/h2>\n\n\n\n<p>Unter den <b>All-Inclusive-Hotels der Emilia Romagna<\/b> sind nicht wenige, die spezifische Serviceleistungen f\u00fcr Radsportler bieten, wie Leihr\u00e4der und kompetente F\u00fchrer, die Sie auf anspruchsvollen Touren durch das bergige Hinterland begleiten.<\/p>\n\n\n\n<p>Die Beschaffenheit und das Klima der Adria bieten gute Bedingungen zum Segeln, Windsurfen und Kitesegeln. In den <b>All-Inclusive-Hotels der Emilia Romagna <\/b>sind<b> <\/b>Liebhaber dieser Sportarten gut aufgehoben.<\/p>\n\n\n\n<h2 class=\"wp-block-heading\">Der Gast im Zentrum der Aufmerksamkeit<\/h2>\n\n\n\n<p>Schon lange vor der Entwicklung des Tourismus waren die Romagnoler daf\u00fcr bekannt, dass jeder Gast f\u00fcr sie eine willkommene Gelegenheit zu fr\u00f6hlichem Essen in Gesellschaft war.<\/p>\n\n\n\n<p>Diese Gastfreundlichkeit, das Bestreben alles zu tun, damit der Gast sich wohlf\u00fchlt, wird in den <b>All-Inclusive-Hotels der Romagna<\/b> ganz besonders gepflegt.<\/p>\n","protected":false},"excerpt":{"rendered":"<p>Mekka der Gastfreundlichkeit An der K\u00fcste der Region Emilia Romagna, seit (mindestens) 70 Jahren eine &hellip;<\/p>\n","protected":false},"author":1,"featured_media":0,"parent":16402,"menu_order":0,"comment_status":"closed","ping_status":"closed","template":"page-templates\/destinazione.php","meta":{"_acf_changed":false,"footnotes":""},"class_list":["post-16448","page","type-page","status-publish","hentry"],"acf":[],"yoast_head":"<!-- This site is optimized with the Yoast SEO plugin v27.0 - https:\/\/yoast.com\/product\/yoast-seo-wordpress\/ -->\n<title>All Inclusive Urlaub an der Adriak\u00fcste | Die besten All Inclusive Hotels<\/title>\n<meta name=\"description\" content=\"Suchen Sie einen All Inclusive Urlaub in der Romagna? Entdecken Sie die gr\u00f6\u00dfte Auswahl an All-Inclusive-Hotels in Italien!\" \/>\n<meta name=\"robots\" content=\"index, follow, max-snippet:-1, max-image-preview:large, max-video-preview:-1\" \/>\n<link rel=\"canonical\" href=\"https:\/\/www.allinclusivehotels.it\/de\/urlaubsziele\/emilia-romagna\" \/>\n<meta property=\"og:locale\" content=\"de_DE\" \/>\n<meta property=\"og:type\" content=\"article\" \/>\n<meta property=\"og:title\" content=\"All Inclusive Urlaub an der Adriak\u00fcste | Die besten All Inclusive Hotels\" \/>\n<meta property=\"og:description\" content=\"Suchen Sie einen All Inclusive Urlaub in der Romagna? Entdecken Sie die gr\u00f6\u00dfte Auswahl an All-Inclusive-Hotels in Italien!\" \/>\n<meta property=\"og:url\" content=\"https:\/\/www.allinclusivehotels.it\/de\/urlaubsziele\/emilia-romagna\" \/>\n<meta property=\"og:site_name\" content=\"All Inclusive Hotels\" \/>\n<meta property=\"article:modified_time\" content=\"2022-07-01T09:22:48+00:00\" \/>\n<meta name=\"twitter:card\" content=\"summary_large_image\" \/>\n<meta name=\"twitter:label1\" content=\"Gesch\u00e4tzte Lesezeit\" \/>\n\t<meta name=\"twitter:data1\" content=\"2\u00a0Minuten\" \/>\n<script type=\"application\/ld+json\" class=\"yoast-schema-graph\">{\"@context\":\"https:\/\/schema.org\",\"@graph\":[{\"@type\":\"WebPage\",\"@id\":\"https:\/\/www.allinclusivehotels.it\/de\/urlaubsziele\/emilia-romagna\",\"url\":\"https:\/\/www.allinclusivehotels.it\/de\/urlaubsziele\/emilia-romagna\",\"name\":\"All Inclusive Urlaub an der Adriak\u00fcste | Die besten All Inclusive Hotels\",\"isPartOf\":{\"@id\":\"https:\/\/www.allinclusivehotels.it\/de#website\"},\"datePublished\":\"2022-03-28T08:05:42+00:00\",\"dateModified\":\"2022-07-01T09:22:48+00:00\",\"description\":\"Suchen Sie einen All Inclusive Urlaub in der Romagna? Entdecken Sie die gr\u00f6\u00dfte Auswahl an All-Inclusive-Hotels in Italien!\",\"breadcrumb\":{\"@id\":\"https:\/\/www.allinclusivehotels.it\/de\/urlaubsziele\/emilia-romagna#breadcrumb\"},\"inLanguage\":\"de\",\"potentialAction\":[{\"@type\":\"ReadAction\",\"target\":[\"https:\/\/www.allinclusivehotels.it\/de\/urlaubsziele\/emilia-romagna\"]}]},{\"@type\":\"BreadcrumbList\",\"@id\":\"https:\/\/www.allinclusivehotels.it\/de\/urlaubsziele\/emilia-romagna#breadcrumb\",\"itemListElement\":[{\"@type\":\"ListItem\",\"position\":1,\"name\":\"Home\",\"item\":\"https:\/\/www.allinclusivehotels.it\/de\"},{\"@type\":\"ListItem\",\"position\":2,\"name\":\"Urlaubsziele\",\"item\":\"https:\/\/www.allinclusivehotels.it\/de\/urlaubsziele\"},{\"@type\":\"ListItem\",\"position\":3,\"name\":\"Emilia Romagna\"}]},{\"@type\":\"WebSite\",\"@id\":\"https:\/\/www.allinclusivehotels.it\/de#website\",\"url\":\"https:\/\/www.allinclusivehotels.it\/de\",\"name\":\"All Inclusive Hotels\",\"description\":\"\",\"publisher\":{\"@id\":\"https:\/\/www.allinclusivehotels.it\/de#organization\"},\"potentialAction\":[{\"@type\":\"SearchAction\",\"target\":{\"@type\":\"EntryPoint\",\"urlTemplate\":\"https:\/\/www.allinclusivehotels.it\/de?s={search_term_string}\"},\"query-input\":{\"@type\":\"PropertyValueSpecification\",\"valueRequired\":true,\"valueName\":\"search_term_string\"}}],\"inLanguage\":\"de\"},{\"@type\":\"Organization\",\"@id\":\"https:\/\/www.allinclusivehotels.it\/de#organization\",\"name\":\"All Inclusive Hotels\",\"url\":\"https:\/\/www.allinclusivehotels.it\/de\",\"logo\":{\"@type\":\"ImageObject\",\"inLanguage\":\"de\",\"@id\":\"https:\/\/www.allinclusivehotels.it\/de#\/schema\/logo\/image\/\",\"url\":\"\",\"contentUrl\":\"\",\"caption\":\"All Inclusive Hotels\"},\"image\":{\"@id\":\"https:\/\/www.allinclusivehotels.it\/de#\/schema\/logo\/image\/\"}}]}<\/script>\n<!-- \/ Yoast SEO plugin. -->","yoast_head_json":{"title":"All Inclusive Urlaub an der Adriak\u00fcste | Die besten All Inclusive Hotels","description":"Suchen Sie einen All Inclusive Urlaub in der Romagna? Entdecken Sie die gr\u00f6\u00dfte Auswahl an All-Inclusive-Hotels in Italien!","robots":{"index":"index","follow":"follow","max-snippet":"max-snippet:-1","max-image-preview":"max-image-preview:large","max-video-preview":"max-video-preview:-1"},"canonical":"https:\/\/www.allinclusivehotels.it\/de\/urlaubsziele\/emilia-romagna","og_locale":"de_DE","og_type":"article","og_title":"All Inclusive Urlaub an der Adriak\u00fcste | Die besten All Inclusive Hotels","og_description":"Suchen Sie einen All Inclusive Urlaub in der Romagna? Entdecken Sie die gr\u00f6\u00dfte Auswahl an All-Inclusive-Hotels in Italien!","og_url":"https:\/\/www.allinclusivehotels.it\/de\/urlaubsziele\/emilia-romagna","og_site_name":"All Inclusive Hotels","article_modified_time":"2022-07-01T09:22:48+00:00","twitter_card":"summary_large_image","twitter_misc":{"Gesch\u00e4tzte Lesezeit":"2\u00a0Minuten"},"schema":{"@context":"https:\/\/schema.org","@graph":[{"@type":"WebPage","@id":"https:\/\/www.allinclusivehotels.it\/de\/urlaubsziele\/emilia-romagna","url":"https:\/\/www.allinclusivehotels.it\/de\/urlaubsziele\/emilia-romagna","name":"All Inclusive Urlaub an der Adriak\u00fcste | Die besten All Inclusive Hotels","isPartOf":{"@id":"https:\/\/www.allinclusivehotels.it\/de#website"},"datePublished":"2022-03-28T08:05:42+00:00","dateModified":"2022-07-01T09:22:48+00:00","description":"Suchen Sie einen All Inclusive Urlaub in der Romagna? Entdecken Sie die gr\u00f6\u00dfte Auswahl an All-Inclusive-Hotels in Italien!","breadcrumb":{"@id":"https:\/\/www.allinclusivehotels.it\/de\/urlaubsziele\/emilia-romagna#breadcrumb"},"inLanguage":"de","potentialAction":[{"@type":"ReadAction","target":["https:\/\/www.allinclusivehotels.it\/de\/urlaubsziele\/emilia-romagna"]}]},{"@type":"BreadcrumbList","@id":"https:\/\/www.allinclusivehotels.it\/de\/urlaubsziele\/emilia-romagna#breadcrumb","itemListElement":[{"@type":"ListItem","position":1,"name":"Home","item":"https:\/\/www.allinclusivehotels.it\/de"},{"@type":"ListItem","position":2,"name":"Urlaubsziele","item":"https:\/\/www.allinclusivehotels.it\/de\/urlaubsziele"},{"@type":"ListItem","position":3,"name":"Emilia Romagna"}]},{"@type":"WebSite","@id":"https:\/\/www.allinclusivehotels.it\/de#website","url":"https:\/\/www.allinclusivehotels.it\/de","name":"All Inclusive Hotels","description":"","publisher":{"@id":"https:\/\/www.allinclusivehotels.it\/de#organization"},"potentialAction":[{"@type":"SearchAction","target":{"@type":"EntryPoint","urlTemplate":"https:\/\/www.allinclusivehotels.it\/de?s={search_term_string}"},"query-input":{"@type":"PropertyValueSpecification","valueRequired":true,"valueName":"search_term_string"}}],"inLanguage":"de"},{"@type":"Organization","@id":"https:\/\/www.allinclusivehotels.it\/de#organization","name":"All Inclusive Hotels","url":"https:\/\/www.allinclusivehotels.it\/de","logo":{"@type":"ImageObject","inLanguage":"de","@id":"https:\/\/www.allinclusivehotels.it\/de#\/schema\/logo\/image\/","url":"","contentUrl":"","caption":"All Inclusive Hotels"},"image":{"@id":"https:\/\/www.allinclusivehotels.it\/de#\/schema\/logo\/image\/"}}]}},"_links":{"self":[{"href":"https:\/\/www.allinclusivehotels.it\/de\/wp-json\/wp\/v2\/pages\/16448","targetHints":{"allow":["GET"]}}],"collection":[{"href":"https:\/\/www.allinclusivehotels.it\/de\/wp-json\/wp\/v2\/pages"}],"about":[{"href":"https:\/\/www.allinclusivehotels.it\/de\/wp-json\/wp\/v2\/types\/page"}],"author":[{"embeddable":true,"href":"https:\/\/www.allinclusivehotels.it\/de\/wp-json\/wp\/v2\/users\/1"}],"replies":[{"embeddable":true,"href":"https:\/\/www.allinclusivehotels.it\/de\/wp-json\/wp\/v2\/comments?post=16448"}],"version-history":[{"count":3,"href":"https:\/\/www.allinclusivehotels.it\/de\/wp-json\/wp\/v2\/pages\/16448\/revisions"}],"predecessor-version":[{"id":21362,"href":"https:\/\/www.allinclusivehotels.it\/de\/wp-json\/wp\/v2\/pages\/16448\/revisions\/21362"}],"up":[{"embeddable":true,"href":"https:\/\/www.allinclusivehotels.it\/de\/wp-json\/wp\/v2\/pages\/16402"}],"wp:attachment":[{"href":"https:\/\/www.allinclusivehotels.it\/de\/wp-json\/wp\/v2\/media?parent=16448"}],"curies":[{"name":"wp","href":"https:\/\/api.w.org\/{rel}","templated":true}]}}