{"id":16446,"date":"2022-03-28T10:05:41","date_gmt":"2022-03-28T08:05:41","guid":{"rendered":"https:\/\/www.allinclusivehotels.it\/urlaubsziele\/abruzzen"},"modified":"2022-07-01T11:13:56","modified_gmt":"2022-07-01T09:13:56","slug":"abruzzen","status":"publish","type":"page","link":"https:\/\/www.allinclusivehotels.it\/de\/urlaubsziele\/abruzzen","title":{"rendered":"Abruzzen"},"content":{"rendered":"\n<h2 class=\"wp-block-heading\">Meer, Berge, Natur<\/h2>\n\n\n\n<p>Die <b>Abruzzen<\/b> sind eine wundervolle Region, reich an allem, auch an Naturparks und Schutzgebieten. <b>Drei Nationalparks<\/b> liegen in dieser Region  (Parco Nazionale d\u2019Abruzzo, Gran Sasso \u2013 Monti della Laga, Majella), ein <b>Regionalpark <\/b>(Sirente \u2013 Velino) und eine Reihe von kleineren <b>Naturschutzgebieten.<\/b><\/p>\n\n\n\n<!--more-->\n\n\n\n<p>Das <b>Meer <\/b>ist eines der <b>saubersten<\/b> in Italien und auch besonders <b>&#8220;badefreundlich&#8221;<\/b>, mit Sandstr\u00e4nden, flachem Wasser im Uferbereich, sanften Buchten. Perfekt f\u00fcr Familien mit Kindern, auch hinsichtlich der Ausr\u00fcstung und des Services an den Badestr\u00e4nden. Nur ganz im S\u00fcden der Region wird die K\u00fcste felsig \u2013 und noch sch\u00f6ner.<\/p>\n\n\n\n<p>Die Str\u00e4nde liegen am Fu\u00df sanfter gr\u00fcner<b> H\u00fcgel<\/b>, die mit Olivenb\u00e4umen und Reben bepflanzt sind. Dahinter erkennt man die Sihouetten der hohen Berge &#8211; <b>Gran Sasso, Maiella,  Monti della<\/b> <b>Laga<\/b> \u2013 ein Gebiet, wo die Natur ungeb\u00e4ndigt, wild und sch\u00f6n ist, und ein Paradies f\u00fcr Outdoor-Freunde.<\/p>\n\n\n\n<h2 class=\"wp-block-heading\">Herausragende K\u00fcche, Qualit\u00e4tshotellerie<\/h2>\n\n\n\n<p>Es liegt auf der Hand, dass ein so reich gesegnetes Territorium auch besondere <b>Ess-Traditionen<\/b> hervorbringt. Hinsichtlich <b>typischer Erzeugnisse <\/b>und <b>kulinarischer Spezialit\u00e4ten<\/b> scheut die <b>Abruzzen-Region<\/b> keinen Vergleich. Wir sind im Land der<b> Maccheroni alla Chitarra, <\/b>der <b>Fischsuppe <\/b>(die in Giulianova anders ist als in Vasto), <b>Scrippelle \u2018mbusse <\/b>(Teigrollen mit K\u00e4se in Fleischbr\u00fche), <b>Pappici (<\/b>herzhaftes Pasta-Gericht), <b>Sapece<\/b> (gebratener marinierter Hai)  \u2013 <b>fruchtbares Land trifft fischreiches Meer!<\/b><\/p>\n\n\n\n<p>So essen Sie in den <b>All-Inclusive-Hotels der Abruzzen.<\/b><\/p>\n\n\n\n<p>Unser <b>Hotelverbund <\/b>will <b>Typisches<\/b> und <b>Au\u00dfergew\u00f6hnliches<\/b> bieten, <b>All-Inclusive-Pakete<\/b>, die sorglosen komfortablen Urlaub verbinden  mit der Freude daran, die Reize eines anderen Landes kennenzulernen \u2013 seine Natur, Geschichte und Kultur, Traditionen und K\u00fcche.<\/p>\n\n\n\n<p>Sich darum k\u00fcmmern, dass die G\u00e4ste <b>eine rundum sch\u00f6ne und interessante Zeit erleben <\/b>\u2013 das wird zurecht von <b>Qualit\u00e4tshotels <\/b>erwartet.<\/p>\n","protected":false},"excerpt":{"rendered":"<p>Meer, Berge, Natur Die Abruzzen sind eine wundervolle Region, reich an allem, auch an Naturparks &hellip;<\/p>\n","protected":false},"author":1,"featured_media":0,"parent":16402,"menu_order":0,"comment_status":"closed","ping_status":"closed","template":"page-templates\/destinazione.php","meta":{"_acf_changed":false,"footnotes":""},"class_list":["post-16446","page","type-page","status-publish","hentry"],"acf":[],"yoast_head":"<!-- This site is optimized with the Yoast SEO plugin v27.0 - https:\/\/yoast.com\/product\/yoast-seo-wordpress\/ -->\n<title>All Inclusive Urlaub in den Abruzzen | Die besten All Inclusive Hotels<\/title>\n<meta name=\"description\" content=\"Suchen Sie einen All Inclusive Urlaub in den Abruzzen? Entdecken Sie die gr\u00f6\u00dfte Auswahl an All-Inclusive-Hotels in Italien!\" \/>\n<meta name=\"robots\" content=\"index, follow, max-snippet:-1, max-image-preview:large, max-video-preview:-1\" \/>\n<link rel=\"canonical\" href=\"https:\/\/www.allinclusivehotels.it\/de\/urlaubsziele\/abruzzen\" \/>\n<meta property=\"og:locale\" content=\"de_DE\" \/>\n<meta property=\"og:type\" content=\"article\" \/>\n<meta property=\"og:title\" content=\"All Inclusive Urlaub in den Abruzzen | Die besten All Inclusive Hotels\" \/>\n<meta property=\"og:description\" content=\"Suchen Sie einen All Inclusive Urlaub in den Abruzzen? Entdecken Sie die gr\u00f6\u00dfte Auswahl an All-Inclusive-Hotels in Italien!\" \/>\n<meta property=\"og:url\" content=\"https:\/\/www.allinclusivehotels.it\/de\/urlaubsziele\/abruzzen\" \/>\n<meta property=\"og:site_name\" content=\"All Inclusive Hotels\" \/>\n<meta property=\"article:modified_time\" content=\"2022-07-01T09:13:56+00:00\" \/>\n<meta name=\"twitter:card\" content=\"summary_large_image\" \/>\n<meta name=\"twitter:label1\" content=\"Gesch\u00e4tzte Lesezeit\" \/>\n\t<meta name=\"twitter:data1\" content=\"2\u00a0Minuten\" \/>\n<script type=\"application\/ld+json\" class=\"yoast-schema-graph\">{\"@context\":\"https:\/\/schema.org\",\"@graph\":[{\"@type\":\"WebPage\",\"@id\":\"https:\/\/www.allinclusivehotels.it\/de\/urlaubsziele\/abruzzen\",\"url\":\"https:\/\/www.allinclusivehotels.it\/de\/urlaubsziele\/abruzzen\",\"name\":\"All Inclusive Urlaub in den Abruzzen | Die besten All Inclusive Hotels\",\"isPartOf\":{\"@id\":\"https:\/\/www.allinclusivehotels.it\/de#website\"},\"datePublished\":\"2022-03-28T08:05:41+00:00\",\"dateModified\":\"2022-07-01T09:13:56+00:00\",\"description\":\"Suchen Sie einen All Inclusive Urlaub in den Abruzzen? Entdecken Sie die gr\u00f6\u00dfte Auswahl an All-Inclusive-Hotels in Italien!\",\"breadcrumb\":{\"@id\":\"https:\/\/www.allinclusivehotels.it\/de\/urlaubsziele\/abruzzen#breadcrumb\"},\"inLanguage\":\"de\",\"potentialAction\":[{\"@type\":\"ReadAction\",\"target\":[\"https:\/\/www.allinclusivehotels.it\/de\/urlaubsziele\/abruzzen\"]}]},{\"@type\":\"BreadcrumbList\",\"@id\":\"https:\/\/www.allinclusivehotels.it\/de\/urlaubsziele\/abruzzen#breadcrumb\",\"itemListElement\":[{\"@type\":\"ListItem\",\"position\":1,\"name\":\"Home\",\"item\":\"https:\/\/www.allinclusivehotels.it\/de\"},{\"@type\":\"ListItem\",\"position\":2,\"name\":\"Urlaubsziele\",\"item\":\"https:\/\/www.allinclusivehotels.it\/de\/urlaubsziele\"},{\"@type\":\"ListItem\",\"position\":3,\"name\":\"Abruzzen\"}]},{\"@type\":\"WebSite\",\"@id\":\"https:\/\/www.allinclusivehotels.it\/de#website\",\"url\":\"https:\/\/www.allinclusivehotels.it\/de\",\"name\":\"All Inclusive Hotels\",\"description\":\"\",\"publisher\":{\"@id\":\"https:\/\/www.allinclusivehotels.it\/de#organization\"},\"potentialAction\":[{\"@type\":\"SearchAction\",\"target\":{\"@type\":\"EntryPoint\",\"urlTemplate\":\"https:\/\/www.allinclusivehotels.it\/de?s={search_term_string}\"},\"query-input\":{\"@type\":\"PropertyValueSpecification\",\"valueRequired\":true,\"valueName\":\"search_term_string\"}}],\"inLanguage\":\"de\"},{\"@type\":\"Organization\",\"@id\":\"https:\/\/www.allinclusivehotels.it\/de#organization\",\"name\":\"All Inclusive Hotels\",\"url\":\"https:\/\/www.allinclusivehotels.it\/de\",\"logo\":{\"@type\":\"ImageObject\",\"inLanguage\":\"de\",\"@id\":\"https:\/\/www.allinclusivehotels.it\/de#\/schema\/logo\/image\/\",\"url\":\"\",\"contentUrl\":\"\",\"caption\":\"All Inclusive Hotels\"},\"image\":{\"@id\":\"https:\/\/www.allinclusivehotels.it\/de#\/schema\/logo\/image\/\"}}]}<\/script>\n<!-- \/ Yoast SEO plugin. -->","yoast_head_json":{"title":"All Inclusive Urlaub in den Abruzzen | Die besten All Inclusive Hotels","description":"Suchen Sie einen All Inclusive Urlaub in den Abruzzen? Entdecken Sie die gr\u00f6\u00dfte Auswahl an All-Inclusive-Hotels in Italien!","robots":{"index":"index","follow":"follow","max-snippet":"max-snippet:-1","max-image-preview":"max-image-preview:large","max-video-preview":"max-video-preview:-1"},"canonical":"https:\/\/www.allinclusivehotels.it\/de\/urlaubsziele\/abruzzen","og_locale":"de_DE","og_type":"article","og_title":"All Inclusive Urlaub in den Abruzzen | Die besten All Inclusive Hotels","og_description":"Suchen Sie einen All Inclusive Urlaub in den Abruzzen? Entdecken Sie die gr\u00f6\u00dfte Auswahl an All-Inclusive-Hotels in Italien!","og_url":"https:\/\/www.allinclusivehotels.it\/de\/urlaubsziele\/abruzzen","og_site_name":"All Inclusive Hotels","article_modified_time":"2022-07-01T09:13:56+00:00","twitter_card":"summary_large_image","twitter_misc":{"Gesch\u00e4tzte Lesezeit":"2\u00a0Minuten"},"schema":{"@context":"https:\/\/schema.org","@graph":[{"@type":"WebPage","@id":"https:\/\/www.allinclusivehotels.it\/de\/urlaubsziele\/abruzzen","url":"https:\/\/www.allinclusivehotels.it\/de\/urlaubsziele\/abruzzen","name":"All Inclusive Urlaub in den Abruzzen | Die besten All Inclusive Hotels","isPartOf":{"@id":"https:\/\/www.allinclusivehotels.it\/de#website"},"datePublished":"2022-03-28T08:05:41+00:00","dateModified":"2022-07-01T09:13:56+00:00","description":"Suchen Sie einen All Inclusive Urlaub in den Abruzzen? Entdecken Sie die gr\u00f6\u00dfte Auswahl an All-Inclusive-Hotels in Italien!","breadcrumb":{"@id":"https:\/\/www.allinclusivehotels.it\/de\/urlaubsziele\/abruzzen#breadcrumb"},"inLanguage":"de","potentialAction":[{"@type":"ReadAction","target":["https:\/\/www.allinclusivehotels.it\/de\/urlaubsziele\/abruzzen"]}]},{"@type":"BreadcrumbList","@id":"https:\/\/www.allinclusivehotels.it\/de\/urlaubsziele\/abruzzen#breadcrumb","itemListElement":[{"@type":"ListItem","position":1,"name":"Home","item":"https:\/\/www.allinclusivehotels.it\/de"},{"@type":"ListItem","position":2,"name":"Urlaubsziele","item":"https:\/\/www.allinclusivehotels.it\/de\/urlaubsziele"},{"@type":"ListItem","position":3,"name":"Abruzzen"}]},{"@type":"WebSite","@id":"https:\/\/www.allinclusivehotels.it\/de#website","url":"https:\/\/www.allinclusivehotels.it\/de","name":"All Inclusive Hotels","description":"","publisher":{"@id":"https:\/\/www.allinclusivehotels.it\/de#organization"},"potentialAction":[{"@type":"SearchAction","target":{"@type":"EntryPoint","urlTemplate":"https:\/\/www.allinclusivehotels.it\/de?s={search_term_string}"},"query-input":{"@type":"PropertyValueSpecification","valueRequired":true,"valueName":"search_term_string"}}],"inLanguage":"de"},{"@type":"Organization","@id":"https:\/\/www.allinclusivehotels.it\/de#organization","name":"All Inclusive Hotels","url":"https:\/\/www.allinclusivehotels.it\/de","logo":{"@type":"ImageObject","inLanguage":"de","@id":"https:\/\/www.allinclusivehotels.it\/de#\/schema\/logo\/image\/","url":"","contentUrl":"","caption":"All Inclusive Hotels"},"image":{"@id":"https:\/\/www.allinclusivehotels.it\/de#\/schema\/logo\/image\/"}}]}},"_links":{"self":[{"href":"https:\/\/www.allinclusivehotels.it\/de\/wp-json\/wp\/v2\/pages\/16446","targetHints":{"allow":["GET"]}}],"collection":[{"href":"https:\/\/www.allinclusivehotels.it\/de\/wp-json\/wp\/v2\/pages"}],"about":[{"href":"https:\/\/www.allinclusivehotels.it\/de\/wp-json\/wp\/v2\/types\/page"}],"author":[{"embeddable":true,"href":"https:\/\/www.allinclusivehotels.it\/de\/wp-json\/wp\/v2\/users\/1"}],"replies":[{"embeddable":true,"href":"https:\/\/www.allinclusivehotels.it\/de\/wp-json\/wp\/v2\/comments?post=16446"}],"version-history":[{"count":3,"href":"https:\/\/www.allinclusivehotels.it\/de\/wp-json\/wp\/v2\/pages\/16446\/revisions"}],"predecessor-version":[{"id":21352,"href":"https:\/\/www.allinclusivehotels.it\/de\/wp-json\/wp\/v2\/pages\/16446\/revisions\/21352"}],"up":[{"embeddable":true,"href":"https:\/\/www.allinclusivehotels.it\/de\/wp-json\/wp\/v2\/pages\/16402"}],"wp:attachment":[{"href":"https:\/\/www.allinclusivehotels.it\/de\/wp-json\/wp\/v2\/media?parent=16446"}],"curies":[{"name":"wp","href":"https:\/\/api.w.org\/{rel}","templated":true}]}}