{"id":16444,"date":"2022-03-28T10:05:41","date_gmt":"2022-03-28T08:05:41","guid":{"rendered":"https:\/\/www.allinclusivehotels.it\/urlaubsziele\/alba-adriatica"},"modified":"2022-07-01T11:14:57","modified_gmt":"2022-07-01T09:14:57","slug":"alba-adriatica","status":"publish","type":"page","link":"https:\/\/www.allinclusivehotels.it\/de\/urlaubsziele\/alba-adriatica","title":{"rendered":"Alba Adriatica"},"content":{"rendered":"\n<p>Viel Gr\u00fcn, Palmen, bl\u00fchender Oleander, silberner Strand \u2013 <b>Alba Adriatica<\/b> ist ein wahres Schmuckst\u00fcck. Das St\u00e4dtchen  ist eine der<b> &#8220;sieben Schwestern&#8221;<\/b>, wie sich die zur Provinz Teramo (Region Abruzzen) geh\u00f6renden Badeorte an der Adria nennen. Sie erhalten seit Jahren die<b> &#8220;Blaue Flagge&#8221; f\u00fcr die Sauberkeit der Str\u00e4nde und des Meerwassers.<\/b><\/p>\n\n\n\n<p>Der Sandstrand von <b>Alba Adriatica<\/b> hat eine besonders helle F\u00e4rbung \u2013 <b>Spiaggia d&#8217;Argento,<\/b> Silberstrand genannt \u2013,  ist sehr breit,  und das Wasser ist flach.<\/p>\n\n\n\n<!--more-->\n\n\n\n<p>Au\u00dfer baden  kann man auch windsurfen oder segeln. Ein sch\u00f6ner Radweg f\u00fchrt 25 km weit am Meer entlang. 3 km lang ist die Strandpromenade, auf der man wunderbar unter Palmen, Pinien und Oleandern spazieren gehen kann. Abends belebt sie sich mit Verkaufsst\u00e4nden und Musik.<\/p>\n\n\n\n<p>Wer es gern ein wenig wilder hat, wird sich an den <b>naturbelassenen Strandabschnitten<\/b> wohlf\u00fchlen: zwischen Giulianova und Roseto degli Abruzzi oder in Pineto, mit seinen <b>Mittelmeer-Pinien.<\/b><\/p>\n\n\n\n<p>Viel nasses Vergn\u00fcgen erwartet Erwachsene und Kinder im <b>Wasserpark Ondablu<\/b> in Tortoreto (Provinz Teramo), 120.000 m\u00b2 Badespa\u00df und Spiele, auch f\u00fcr kleine Kinder.<\/p>\n\n\n\n<p>Diverse Events beleben den Sommer in Alba Adriatica, zum Beispiel der &#8220;Sommer-Karneval&#8221; mit Umzug auf der Strandpromenade im August, Antiquit\u00e4tenm\u00e4rkte, und Sportturniere \u2013 Beachvolley, Beachrugby und Beachtennis \u2013 in der Arena am freien Strand, zwischen Juli und August.<\/p>\n\n\n\n<p>Wenn Sie in Alba  Adriatica sind, gehen Sie auch mal in die Altstadt; es gibt dort ehemalige Sommer-Residenzen von Adelsfamilien, die <b>&#8220;Ville gentilizie&#8221;,<\/b> mit architektonischem Reiz.<\/p>\n","protected":false},"excerpt":{"rendered":"<p>Viel Gr\u00fcn, Palmen, bl\u00fchender Oleander, silberner Strand \u2013 Alba Adriatica ist ein wahres Schmuckst\u00fcck. Das &hellip;<\/p>\n","protected":false},"author":1,"featured_media":0,"parent":16402,"menu_order":0,"comment_status":"closed","ping_status":"closed","template":"page-templates\/destinazione.php","meta":{"_acf_changed":false,"footnotes":""},"class_list":["post-16444","page","type-page","status-publish","hentry"],"acf":[],"yoast_head":"<!-- This site is optimized with the Yoast SEO plugin v27.0 - https:\/\/yoast.com\/product\/yoast-seo-wordpress\/ -->\n<title>Alba Adriatica - All Inclusive Hotels<\/title>\n<meta name=\"robots\" content=\"index, follow, max-snippet:-1, max-image-preview:large, max-video-preview:-1\" \/>\n<link rel=\"canonical\" href=\"https:\/\/www.allinclusivehotels.it\/de\/urlaubsziele\/alba-adriatica\" \/>\n<meta property=\"og:locale\" content=\"de_DE\" \/>\n<meta property=\"og:type\" content=\"article\" \/>\n<meta property=\"og:title\" content=\"Alba Adriatica - All Inclusive Hotels\" \/>\n<meta property=\"og:description\" content=\"Viel Gr\u00fcn, Palmen, bl\u00fchender Oleander, silberner Strand \u2013 Alba Adriatica ist ein wahres Schmuckst\u00fcck. Das &hellip;\" \/>\n<meta property=\"og:url\" content=\"https:\/\/www.allinclusivehotels.it\/de\/urlaubsziele\/alba-adriatica\" \/>\n<meta property=\"og:site_name\" content=\"All Inclusive Hotels\" \/>\n<meta property=\"article:modified_time\" content=\"2022-07-01T09:14:57+00:00\" \/>\n<meta name=\"twitter:card\" content=\"summary_large_image\" \/>\n<meta name=\"twitter:label1\" content=\"Gesch\u00e4tzte Lesezeit\" \/>\n\t<meta name=\"twitter:data1\" content=\"2\u00a0Minuten\" \/>\n<script type=\"application\/ld+json\" class=\"yoast-schema-graph\">{\"@context\":\"https:\/\/schema.org\",\"@graph\":[{\"@type\":\"WebPage\",\"@id\":\"https:\/\/www.allinclusivehotels.it\/de\/urlaubsziele\/alba-adriatica\",\"url\":\"https:\/\/www.allinclusivehotels.it\/de\/urlaubsziele\/alba-adriatica\",\"name\":\"Alba Adriatica - All Inclusive Hotels\",\"isPartOf\":{\"@id\":\"https:\/\/www.allinclusivehotels.it\/de#website\"},\"datePublished\":\"2022-03-28T08:05:41+00:00\",\"dateModified\":\"2022-07-01T09:14:57+00:00\",\"breadcrumb\":{\"@id\":\"https:\/\/www.allinclusivehotels.it\/de\/urlaubsziele\/alba-adriatica#breadcrumb\"},\"inLanguage\":\"de\",\"potentialAction\":[{\"@type\":\"ReadAction\",\"target\":[\"https:\/\/www.allinclusivehotels.it\/de\/urlaubsziele\/alba-adriatica\"]}]},{\"@type\":\"BreadcrumbList\",\"@id\":\"https:\/\/www.allinclusivehotels.it\/de\/urlaubsziele\/alba-adriatica#breadcrumb\",\"itemListElement\":[{\"@type\":\"ListItem\",\"position\":1,\"name\":\"Home\",\"item\":\"https:\/\/www.allinclusivehotels.it\/de\"},{\"@type\":\"ListItem\",\"position\":2,\"name\":\"Urlaubsziele\",\"item\":\"https:\/\/www.allinclusivehotels.it\/de\/urlaubsziele\"},{\"@type\":\"ListItem\",\"position\":3,\"name\":\"Alba Adriatica\"}]},{\"@type\":\"WebSite\",\"@id\":\"https:\/\/www.allinclusivehotels.it\/de#website\",\"url\":\"https:\/\/www.allinclusivehotels.it\/de\",\"name\":\"All Inclusive Hotels\",\"description\":\"\",\"publisher\":{\"@id\":\"https:\/\/www.allinclusivehotels.it\/de#organization\"},\"potentialAction\":[{\"@type\":\"SearchAction\",\"target\":{\"@type\":\"EntryPoint\",\"urlTemplate\":\"https:\/\/www.allinclusivehotels.it\/de?s={search_term_string}\"},\"query-input\":{\"@type\":\"PropertyValueSpecification\",\"valueRequired\":true,\"valueName\":\"search_term_string\"}}],\"inLanguage\":\"de\"},{\"@type\":\"Organization\",\"@id\":\"https:\/\/www.allinclusivehotels.it\/de#organization\",\"name\":\"All Inclusive Hotels\",\"url\":\"https:\/\/www.allinclusivehotels.it\/de\",\"logo\":{\"@type\":\"ImageObject\",\"inLanguage\":\"de\",\"@id\":\"https:\/\/www.allinclusivehotels.it\/de#\/schema\/logo\/image\/\",\"url\":\"\",\"contentUrl\":\"\",\"caption\":\"All Inclusive Hotels\"},\"image\":{\"@id\":\"https:\/\/www.allinclusivehotels.it\/de#\/schema\/logo\/image\/\"}}]}<\/script>\n<!-- \/ Yoast SEO plugin. -->","yoast_head_json":{"title":"Alba Adriatica - All Inclusive Hotels","robots":{"index":"index","follow":"follow","max-snippet":"max-snippet:-1","max-image-preview":"max-image-preview:large","max-video-preview":"max-video-preview:-1"},"canonical":"https:\/\/www.allinclusivehotels.it\/de\/urlaubsziele\/alba-adriatica","og_locale":"de_DE","og_type":"article","og_title":"Alba Adriatica - All Inclusive Hotels","og_description":"Viel Gr\u00fcn, Palmen, bl\u00fchender Oleander, silberner Strand \u2013 Alba Adriatica ist ein wahres Schmuckst\u00fcck. Das &hellip;","og_url":"https:\/\/www.allinclusivehotels.it\/de\/urlaubsziele\/alba-adriatica","og_site_name":"All Inclusive Hotels","article_modified_time":"2022-07-01T09:14:57+00:00","twitter_card":"summary_large_image","twitter_misc":{"Gesch\u00e4tzte Lesezeit":"2\u00a0Minuten"},"schema":{"@context":"https:\/\/schema.org","@graph":[{"@type":"WebPage","@id":"https:\/\/www.allinclusivehotels.it\/de\/urlaubsziele\/alba-adriatica","url":"https:\/\/www.allinclusivehotels.it\/de\/urlaubsziele\/alba-adriatica","name":"Alba Adriatica - All Inclusive Hotels","isPartOf":{"@id":"https:\/\/www.allinclusivehotels.it\/de#website"},"datePublished":"2022-03-28T08:05:41+00:00","dateModified":"2022-07-01T09:14:57+00:00","breadcrumb":{"@id":"https:\/\/www.allinclusivehotels.it\/de\/urlaubsziele\/alba-adriatica#breadcrumb"},"inLanguage":"de","potentialAction":[{"@type":"ReadAction","target":["https:\/\/www.allinclusivehotels.it\/de\/urlaubsziele\/alba-adriatica"]}]},{"@type":"BreadcrumbList","@id":"https:\/\/www.allinclusivehotels.it\/de\/urlaubsziele\/alba-adriatica#breadcrumb","itemListElement":[{"@type":"ListItem","position":1,"name":"Home","item":"https:\/\/www.allinclusivehotels.it\/de"},{"@type":"ListItem","position":2,"name":"Urlaubsziele","item":"https:\/\/www.allinclusivehotels.it\/de\/urlaubsziele"},{"@type":"ListItem","position":3,"name":"Alba Adriatica"}]},{"@type":"WebSite","@id":"https:\/\/www.allinclusivehotels.it\/de#website","url":"https:\/\/www.allinclusivehotels.it\/de","name":"All Inclusive Hotels","description":"","publisher":{"@id":"https:\/\/www.allinclusivehotels.it\/de#organization"},"potentialAction":[{"@type":"SearchAction","target":{"@type":"EntryPoint","urlTemplate":"https:\/\/www.allinclusivehotels.it\/de?s={search_term_string}"},"query-input":{"@type":"PropertyValueSpecification","valueRequired":true,"valueName":"search_term_string"}}],"inLanguage":"de"},{"@type":"Organization","@id":"https:\/\/www.allinclusivehotels.it\/de#organization","name":"All Inclusive Hotels","url":"https:\/\/www.allinclusivehotels.it\/de","logo":{"@type":"ImageObject","inLanguage":"de","@id":"https:\/\/www.allinclusivehotels.it\/de#\/schema\/logo\/image\/","url":"","contentUrl":"","caption":"All Inclusive Hotels"},"image":{"@id":"https:\/\/www.allinclusivehotels.it\/de#\/schema\/logo\/image\/"}}]}},"_links":{"self":[{"href":"https:\/\/www.allinclusivehotels.it\/de\/wp-json\/wp\/v2\/pages\/16444","targetHints":{"allow":["GET"]}}],"collection":[{"href":"https:\/\/www.allinclusivehotels.it\/de\/wp-json\/wp\/v2\/pages"}],"about":[{"href":"https:\/\/www.allinclusivehotels.it\/de\/wp-json\/wp\/v2\/types\/page"}],"author":[{"embeddable":true,"href":"https:\/\/www.allinclusivehotels.it\/de\/wp-json\/wp\/v2\/users\/1"}],"replies":[{"embeddable":true,"href":"https:\/\/www.allinclusivehotels.it\/de\/wp-json\/wp\/v2\/comments?post=16444"}],"version-history":[{"count":2,"href":"https:\/\/www.allinclusivehotels.it\/de\/wp-json\/wp\/v2\/pages\/16444\/revisions"}],"predecessor-version":[{"id":21353,"href":"https:\/\/www.allinclusivehotels.it\/de\/wp-json\/wp\/v2\/pages\/16444\/revisions\/21353"}],"up":[{"embeddable":true,"href":"https:\/\/www.allinclusivehotels.it\/de\/wp-json\/wp\/v2\/pages\/16402"}],"wp:attachment":[{"href":"https:\/\/www.allinclusivehotels.it\/de\/wp-json\/wp\/v2\/media?parent=16444"}],"curies":[{"name":"wp","href":"https:\/\/api.w.org\/{rel}","templated":true}]}}