{"id":16440,"date":"2022-03-28T10:05:40","date_gmt":"2022-03-28T08:05:40","guid":{"rendered":"https:\/\/www.allinclusivehotels.it\/urlaubsziele\/tortoreto-lido"},"modified":"2022-07-01T11:40:00","modified_gmt":"2022-07-01T09:40:00","slug":"tortoreto-lido","status":"publish","type":"page","link":"https:\/\/www.allinclusivehotels.it\/de\/urlaubsziele\/tortoreto-lido","title":{"rendered":"Tortoreto Lido"},"content":{"rendered":"\n<p><b>Tortoreto Lido<\/b>, in der <b>Provinz Teramo<\/b>, ist einer der beliebtesten Badeorte an der <b>K\u00fcste der Region Abruzzen<\/b>. Die Natur hat dem Ort ein sanft abfallendes Meer und breite Str\u00e4nde aus feinstem Sand gegeben. Seit mehr als 20 Jahren wird er mit der<b> Blauen Flagge<\/b> f\u00fcr sauberes Wasser und gut organisierte Str\u00e4nde pr\u00e4miert, und vom Kinder\u00e4zteverband wurde der Strand mit der <b>Gr\u00fcnen Flagge <\/b>als besonders <b>kinderfreundlich<\/b> ausgezeichnet.  Neben dem 4 km langen Strandboulevard  mit Palmen und Gr\u00fcnanlagen verl\u00e4uft ein sch\u00f6ner und praktischer Radweg.<\/p>\n\n\n\n<!--more-->\n\n\n\n<p>Damit w\u00e4ren wir bei der dritten <b>Flagge \u2013 gelb!, <\/b>mit der sich Tortoreto schm\u00fccken darf, als besonders <b>fahrradfreundliche Gemeinde<\/b>. Es liegt am Fern-Radweg <b>Corridoio Verde dell&#8217; Adriatico,<\/b> der herrliche Aussichten bietet.<\/p>\n\n\n\n<p>Im Hinterland des Ortes laden malerische kleine St\u00e4dtchen zu <b>kunsthistorischen<\/b> und <b>wein-kulinarischen <\/b>Entdeckungen ein.<\/p>\n\n\n\n<p>Im alten <b>Tortoreto &#8220;alto&#8221;, <\/b>auf einem H\u00fcgel wenige km vom Meer, bekommen Sie einen ersten Eindruck.<\/p>\n\n\n\n<p>Intensives errfrischendes Vergn\u00fcgen finden Erwachsene und Kinder, auch kleine, im 120.000 m\u00b2 gro\u00dfen <b>Wasserpark Ondablu<\/b> in Tortoreto.<\/p>\n","protected":false},"excerpt":{"rendered":"<p>Tortoreto Lido, in der Provinz Teramo, ist einer der beliebtesten Badeorte an der K\u00fcste der &hellip;<\/p>\n","protected":false},"author":1,"featured_media":0,"parent":16402,"menu_order":0,"comment_status":"closed","ping_status":"closed","template":"page-templates\/destinazione.php","meta":{"_acf_changed":false,"footnotes":""},"class_list":["post-16440","page","type-page","status-publish","hentry"],"acf":[],"yoast_head":"<!-- This site is optimized with the Yoast SEO plugin v27.0 - https:\/\/yoast.com\/product\/yoast-seo-wordpress\/ -->\n<title>Tortoreto Lido - All Inclusive Hotels<\/title>\n<meta name=\"robots\" content=\"index, follow, max-snippet:-1, max-image-preview:large, max-video-preview:-1\" \/>\n<link rel=\"canonical\" href=\"https:\/\/www.allinclusivehotels.it\/de\/urlaubsziele\/tortoreto-lido\" \/>\n<meta property=\"og:locale\" content=\"de_DE\" \/>\n<meta property=\"og:type\" content=\"article\" \/>\n<meta property=\"og:title\" content=\"Tortoreto Lido - All Inclusive Hotels\" \/>\n<meta property=\"og:description\" content=\"Tortoreto Lido, in der Provinz Teramo, ist einer der beliebtesten Badeorte an der K\u00fcste der &hellip;\" \/>\n<meta property=\"og:url\" content=\"https:\/\/www.allinclusivehotels.it\/de\/urlaubsziele\/tortoreto-lido\" \/>\n<meta property=\"og:site_name\" content=\"All Inclusive Hotels\" \/>\n<meta property=\"article:modified_time\" content=\"2022-07-01T09:40:00+00:00\" \/>\n<meta name=\"twitter:card\" content=\"summary_large_image\" \/>\n<meta name=\"twitter:label1\" content=\"Gesch\u00e4tzte Lesezeit\" \/>\n\t<meta name=\"twitter:data1\" content=\"1\u00a0Minute\" \/>\n<script type=\"application\/ld+json\" class=\"yoast-schema-graph\">{\"@context\":\"https:\/\/schema.org\",\"@graph\":[{\"@type\":\"WebPage\",\"@id\":\"https:\/\/www.allinclusivehotels.it\/de\/urlaubsziele\/tortoreto-lido\",\"url\":\"https:\/\/www.allinclusivehotels.it\/de\/urlaubsziele\/tortoreto-lido\",\"name\":\"Tortoreto Lido - All Inclusive Hotels\",\"isPartOf\":{\"@id\":\"https:\/\/www.allinclusivehotels.it\/de#website\"},\"datePublished\":\"2022-03-28T08:05:40+00:00\",\"dateModified\":\"2022-07-01T09:40:00+00:00\",\"breadcrumb\":{\"@id\":\"https:\/\/www.allinclusivehotels.it\/de\/urlaubsziele\/tortoreto-lido#breadcrumb\"},\"inLanguage\":\"de\",\"potentialAction\":[{\"@type\":\"ReadAction\",\"target\":[\"https:\/\/www.allinclusivehotels.it\/de\/urlaubsziele\/tortoreto-lido\"]}]},{\"@type\":\"BreadcrumbList\",\"@id\":\"https:\/\/www.allinclusivehotels.it\/de\/urlaubsziele\/tortoreto-lido#breadcrumb\",\"itemListElement\":[{\"@type\":\"ListItem\",\"position\":1,\"name\":\"Home\",\"item\":\"https:\/\/www.allinclusivehotels.it\/de\"},{\"@type\":\"ListItem\",\"position\":2,\"name\":\"Urlaubsziele\",\"item\":\"https:\/\/www.allinclusivehotels.it\/de\/urlaubsziele\"},{\"@type\":\"ListItem\",\"position\":3,\"name\":\"Tortoreto Lido\"}]},{\"@type\":\"WebSite\",\"@id\":\"https:\/\/www.allinclusivehotels.it\/de#website\",\"url\":\"https:\/\/www.allinclusivehotels.it\/de\",\"name\":\"All Inclusive Hotels\",\"description\":\"\",\"publisher\":{\"@id\":\"https:\/\/www.allinclusivehotels.it\/de#organization\"},\"potentialAction\":[{\"@type\":\"SearchAction\",\"target\":{\"@type\":\"EntryPoint\",\"urlTemplate\":\"https:\/\/www.allinclusivehotels.it\/de?s={search_term_string}\"},\"query-input\":{\"@type\":\"PropertyValueSpecification\",\"valueRequired\":true,\"valueName\":\"search_term_string\"}}],\"inLanguage\":\"de\"},{\"@type\":\"Organization\",\"@id\":\"https:\/\/www.allinclusivehotels.it\/de#organization\",\"name\":\"All Inclusive Hotels\",\"url\":\"https:\/\/www.allinclusivehotels.it\/de\",\"logo\":{\"@type\":\"ImageObject\",\"inLanguage\":\"de\",\"@id\":\"https:\/\/www.allinclusivehotels.it\/de#\/schema\/logo\/image\/\",\"url\":\"\",\"contentUrl\":\"\",\"caption\":\"All Inclusive Hotels\"},\"image\":{\"@id\":\"https:\/\/www.allinclusivehotels.it\/de#\/schema\/logo\/image\/\"}}]}<\/script>\n<!-- \/ Yoast SEO plugin. -->","yoast_head_json":{"title":"Tortoreto Lido - All Inclusive Hotels","robots":{"index":"index","follow":"follow","max-snippet":"max-snippet:-1","max-image-preview":"max-image-preview:large","max-video-preview":"max-video-preview:-1"},"canonical":"https:\/\/www.allinclusivehotels.it\/de\/urlaubsziele\/tortoreto-lido","og_locale":"de_DE","og_type":"article","og_title":"Tortoreto Lido - All Inclusive Hotels","og_description":"Tortoreto Lido, in der Provinz Teramo, ist einer der beliebtesten Badeorte an der K\u00fcste der &hellip;","og_url":"https:\/\/www.allinclusivehotels.it\/de\/urlaubsziele\/tortoreto-lido","og_site_name":"All Inclusive Hotels","article_modified_time":"2022-07-01T09:40:00+00:00","twitter_card":"summary_large_image","twitter_misc":{"Gesch\u00e4tzte Lesezeit":"1\u00a0Minute"},"schema":{"@context":"https:\/\/schema.org","@graph":[{"@type":"WebPage","@id":"https:\/\/www.allinclusivehotels.it\/de\/urlaubsziele\/tortoreto-lido","url":"https:\/\/www.allinclusivehotels.it\/de\/urlaubsziele\/tortoreto-lido","name":"Tortoreto Lido - All Inclusive Hotels","isPartOf":{"@id":"https:\/\/www.allinclusivehotels.it\/de#website"},"datePublished":"2022-03-28T08:05:40+00:00","dateModified":"2022-07-01T09:40:00+00:00","breadcrumb":{"@id":"https:\/\/www.allinclusivehotels.it\/de\/urlaubsziele\/tortoreto-lido#breadcrumb"},"inLanguage":"de","potentialAction":[{"@type":"ReadAction","target":["https:\/\/www.allinclusivehotels.it\/de\/urlaubsziele\/tortoreto-lido"]}]},{"@type":"BreadcrumbList","@id":"https:\/\/www.allinclusivehotels.it\/de\/urlaubsziele\/tortoreto-lido#breadcrumb","itemListElement":[{"@type":"ListItem","position":1,"name":"Home","item":"https:\/\/www.allinclusivehotels.it\/de"},{"@type":"ListItem","position":2,"name":"Urlaubsziele","item":"https:\/\/www.allinclusivehotels.it\/de\/urlaubsziele"},{"@type":"ListItem","position":3,"name":"Tortoreto Lido"}]},{"@type":"WebSite","@id":"https:\/\/www.allinclusivehotels.it\/de#website","url":"https:\/\/www.allinclusivehotels.it\/de","name":"All Inclusive Hotels","description":"","publisher":{"@id":"https:\/\/www.allinclusivehotels.it\/de#organization"},"potentialAction":[{"@type":"SearchAction","target":{"@type":"EntryPoint","urlTemplate":"https:\/\/www.allinclusivehotels.it\/de?s={search_term_string}"},"query-input":{"@type":"PropertyValueSpecification","valueRequired":true,"valueName":"search_term_string"}}],"inLanguage":"de"},{"@type":"Organization","@id":"https:\/\/www.allinclusivehotels.it\/de#organization","name":"All Inclusive Hotels","url":"https:\/\/www.allinclusivehotels.it\/de","logo":{"@type":"ImageObject","inLanguage":"de","@id":"https:\/\/www.allinclusivehotels.it\/de#\/schema\/logo\/image\/","url":"","contentUrl":"","caption":"All Inclusive Hotels"},"image":{"@id":"https:\/\/www.allinclusivehotels.it\/de#\/schema\/logo\/image\/"}}]}},"_links":{"self":[{"href":"https:\/\/www.allinclusivehotels.it\/de\/wp-json\/wp\/v2\/pages\/16440","targetHints":{"allow":["GET"]}}],"collection":[{"href":"https:\/\/www.allinclusivehotels.it\/de\/wp-json\/wp\/v2\/pages"}],"about":[{"href":"https:\/\/www.allinclusivehotels.it\/de\/wp-json\/wp\/v2\/types\/page"}],"author":[{"embeddable":true,"href":"https:\/\/www.allinclusivehotels.it\/de\/wp-json\/wp\/v2\/users\/1"}],"replies":[{"embeddable":true,"href":"https:\/\/www.allinclusivehotels.it\/de\/wp-json\/wp\/v2\/comments?post=16440"}],"version-history":[{"count":2,"href":"https:\/\/www.allinclusivehotels.it\/de\/wp-json\/wp\/v2\/pages\/16440\/revisions"}],"predecessor-version":[{"id":21383,"href":"https:\/\/www.allinclusivehotels.it\/de\/wp-json\/wp\/v2\/pages\/16440\/revisions\/21383"}],"up":[{"embeddable":true,"href":"https:\/\/www.allinclusivehotels.it\/de\/wp-json\/wp\/v2\/pages\/16402"}],"wp:attachment":[{"href":"https:\/\/www.allinclusivehotels.it\/de\/wp-json\/wp\/v2\/media?parent=16440"}],"curies":[{"name":"wp","href":"https:\/\/api.w.org\/{rel}","templated":true}]}}