{"id":16438,"date":"2022-03-28T10:05:40","date_gmt":"2022-03-28T08:05:40","guid":{"rendered":"https:\/\/www.allinclusivehotels.it\/urlaubsziele\/senigallia"},"modified":"2022-07-01T11:37:49","modified_gmt":"2022-07-01T09:37:49","slug":"senigallia","status":"publish","type":"page","link":"https:\/\/www.allinclusivehotels.it\/de\/urlaubsziele\/senigallia","title":{"rendered":"Senigallia"},"content":{"rendered":"\n<h2 class=\"wp-block-heading\">Str\u00e4nde wie Samt und Gourmet-Gerichte<\/h2>\n\n\n\n<p><b>Senigallia<\/b> ist einer der herausragenden Badeorte an der K\u00fcste der Region Marken, dank dem sauberen, nehrmals mit der <b>europ\u00e4ischen Blauen Flagge<\/b> ausgezeichneten Meer und dem <b>&#8220;Samtstrand&#8221; <\/b>aus feinem warmen Sand, der sich besonders angenehm unter den F\u00fc\u00dfen anf\u00fchlt.<\/p>\n\n\n\n<!--more-->\n\n\n\n<p>Ein <b>All-Inclusive-Urlaub<\/b> in Senigallia beinhaltet auch das Kennenlernen einer <b>herausragenden lokalen Gastronomie<\/b> mit traditionellen Spezialit\u00e4ten, die der Globalisierung widerstanden haben: Brodetto alla Senigalliese \u2013 bei geringer Hitze gekochte Suppe mit 13 Fischarten, gef\u00fcllte Cannelloni-Nudeln, Vincisgrassi \u2013 \u00fcberbackene Teigwaren  mit speziellem Ragout und B\u00e9chamelsauce, Spanferkel, K\u00e4se-Pizza und andere, zu denen hervorragende Weine wie <b>Verdicchio<\/b> oder <b>Lacrima di Morro d&#8217;Alba<\/b> genossen werden.<\/p>\n\n\n\n<h2 class=\"wp-block-heading\">Historische Altstadt und Herzogsland<\/h2>\n\n\n\n<p>Die Altstadt von Senigallia ist voller Baudenkm\u00e4ler und von au\u00dfergew\u00f6hnlicher Sch\u00f6nheit: das Schloss <b>Rocca Roveresca, <\/b>die pr\u00e4chtigen Pl\u00e4tze <b>Foro Annonario <\/b>und <b>Piazza Roma<\/b>, der Herzogspalast, und die Laubeng\u00e4nge <b>Portici Ercolani<\/b>. Zusammen mit Pesaro, Urbino und Gubbio, den anderen wichtigen St\u00e4dten des ehemaligen <b>Herzogtums Urbino,  <\/b>nimmt<b> Senigallia <\/b>am Projekt <b>La Terra del Duca <\/b>teil, um gemeinsam das Erbe der Renaissance-Zeit zu pflegen, mit Umz\u00fcgen, historischen Inszenierungen, Renaissance-Banketten, Ausstellungen und vielem mehr.<\/p>\n\n\n\n<h2 class=\"wp-block-heading\">Paradies f\u00fcr Radurlauber<\/h2>\n\n\n\n<p>Senigallia und sein Umland eignet sich hervorragend f\u00fcr faszinierende Radtouren, gem\u00fctlich oder sportlich, durch sch\u00f6ne H\u00fcgellandschaft mit alten Burgen und charaktervollen St\u00e4dtchen wie <b>Corinaldo, Jesi, Piticchio, Nidastore und Morro d&#8217;Alba. <\/b>In den <b>All-Inclusive-Hotel<\/b>s erhalten Sie Beratung zu den sch\u00f6nsten Routen.<\/p>\n\n\n\n<h2 class=\"wp-block-heading\">Familien-Urlaub<\/h2>\n\n\n\n<p>Ein <b>All-Inclusive-Hotel <\/b>in Senigallia ist sicher eine gute Unterkunft f\u00fcr Urlaub mit Kindern, da grunds\u00e4tzlich spezifische Leistungen f\u00fcr sie vorgesehen sind: Animtion und Miniclub im Hotel und am Strand, personalisierte Men\u00fcs und flexible Essenszeiten, leckere Snacks, Kinderausr\u00fcstung in den Zimmern, Babyk\u00fcche f\u00fcr die Brei-Zubereitung und vieles mehr.<\/p>\n\n\n\n<p>Und <b>Senigallia<\/b> schm\u00fcckt sich seit Jahren mit der<b> &#8220;Gr\u00fcnen Flagge&#8221; <\/b>die vom italienischen Kinder\u00e4rzteverband  an <b>kinderfreundliche Badeorte<\/b> vergeben wird. Konkret hei\u00dft das klares seichtes Wasser in Ufern\u00e4he, sauberer Sand, Platz zwischen den Sonnenschirmen, Rettungsdienst, Babypflege- und Stillzonen, Spielbereiche und mehr.<\/p>\n","protected":false},"excerpt":{"rendered":"<p>Str\u00e4nde wie Samt und Gourmet-Gerichte Senigallia ist einer der herausragenden Badeorte an der K\u00fcste der &hellip;<\/p>\n","protected":false},"author":1,"featured_media":0,"parent":16402,"menu_order":0,"comment_status":"closed","ping_status":"closed","template":"page-templates\/destinazione.php","meta":{"_acf_changed":false,"footnotes":""},"class_list":["post-16438","page","type-page","status-publish","hentry"],"acf":[],"yoast_head":"<!-- This site is optimized with the Yoast SEO plugin v27.0 - https:\/\/yoast.com\/product\/yoast-seo-wordpress\/ -->\n<title>Senigallia - All Inclusive Hotels<\/title>\n<meta name=\"robots\" content=\"index, follow, max-snippet:-1, max-image-preview:large, max-video-preview:-1\" \/>\n<link rel=\"canonical\" href=\"https:\/\/www.allinclusivehotels.it\/de\/urlaubsziele\/senigallia\" \/>\n<meta property=\"og:locale\" content=\"de_DE\" \/>\n<meta property=\"og:type\" content=\"article\" \/>\n<meta property=\"og:title\" content=\"Senigallia - All Inclusive Hotels\" \/>\n<meta property=\"og:description\" content=\"Str\u00e4nde wie Samt und Gourmet-Gerichte Senigallia ist einer der herausragenden Badeorte an der K\u00fcste der &hellip;\" \/>\n<meta property=\"og:url\" content=\"https:\/\/www.allinclusivehotels.it\/de\/urlaubsziele\/senigallia\" \/>\n<meta property=\"og:site_name\" content=\"All Inclusive Hotels\" \/>\n<meta property=\"article:modified_time\" content=\"2022-07-01T09:37:49+00:00\" \/>\n<meta name=\"twitter:card\" content=\"summary_large_image\" \/>\n<meta name=\"twitter:label1\" content=\"Gesch\u00e4tzte Lesezeit\" \/>\n\t<meta name=\"twitter:data1\" content=\"2\u00a0Minuten\" \/>\n<script type=\"application\/ld+json\" class=\"yoast-schema-graph\">{\"@context\":\"https:\/\/schema.org\",\"@graph\":[{\"@type\":\"WebPage\",\"@id\":\"https:\/\/www.allinclusivehotels.it\/de\/urlaubsziele\/senigallia\",\"url\":\"https:\/\/www.allinclusivehotels.it\/de\/urlaubsziele\/senigallia\",\"name\":\"Senigallia - All Inclusive Hotels\",\"isPartOf\":{\"@id\":\"https:\/\/www.allinclusivehotels.it\/de#website\"},\"datePublished\":\"2022-03-28T08:05:40+00:00\",\"dateModified\":\"2022-07-01T09:37:49+00:00\",\"breadcrumb\":{\"@id\":\"https:\/\/www.allinclusivehotels.it\/de\/urlaubsziele\/senigallia#breadcrumb\"},\"inLanguage\":\"de\",\"potentialAction\":[{\"@type\":\"ReadAction\",\"target\":[\"https:\/\/www.allinclusivehotels.it\/de\/urlaubsziele\/senigallia\"]}]},{\"@type\":\"BreadcrumbList\",\"@id\":\"https:\/\/www.allinclusivehotels.it\/de\/urlaubsziele\/senigallia#breadcrumb\",\"itemListElement\":[{\"@type\":\"ListItem\",\"position\":1,\"name\":\"Home\",\"item\":\"https:\/\/www.allinclusivehotels.it\/de\"},{\"@type\":\"ListItem\",\"position\":2,\"name\":\"Urlaubsziele\",\"item\":\"https:\/\/www.allinclusivehotels.it\/de\/urlaubsziele\"},{\"@type\":\"ListItem\",\"position\":3,\"name\":\"Senigallia\"}]},{\"@type\":\"WebSite\",\"@id\":\"https:\/\/www.allinclusivehotels.it\/de#website\",\"url\":\"https:\/\/www.allinclusivehotels.it\/de\",\"name\":\"All Inclusive Hotels\",\"description\":\"\",\"publisher\":{\"@id\":\"https:\/\/www.allinclusivehotels.it\/de#organization\"},\"potentialAction\":[{\"@type\":\"SearchAction\",\"target\":{\"@type\":\"EntryPoint\",\"urlTemplate\":\"https:\/\/www.allinclusivehotels.it\/de?s={search_term_string}\"},\"query-input\":{\"@type\":\"PropertyValueSpecification\",\"valueRequired\":true,\"valueName\":\"search_term_string\"}}],\"inLanguage\":\"de\"},{\"@type\":\"Organization\",\"@id\":\"https:\/\/www.allinclusivehotels.it\/de#organization\",\"name\":\"All Inclusive Hotels\",\"url\":\"https:\/\/www.allinclusivehotels.it\/de\",\"logo\":{\"@type\":\"ImageObject\",\"inLanguage\":\"de\",\"@id\":\"https:\/\/www.allinclusivehotels.it\/de#\/schema\/logo\/image\/\",\"url\":\"\",\"contentUrl\":\"\",\"caption\":\"All Inclusive Hotels\"},\"image\":{\"@id\":\"https:\/\/www.allinclusivehotels.it\/de#\/schema\/logo\/image\/\"}}]}<\/script>\n<!-- \/ Yoast SEO plugin. -->","yoast_head_json":{"title":"Senigallia - All Inclusive Hotels","robots":{"index":"index","follow":"follow","max-snippet":"max-snippet:-1","max-image-preview":"max-image-preview:large","max-video-preview":"max-video-preview:-1"},"canonical":"https:\/\/www.allinclusivehotels.it\/de\/urlaubsziele\/senigallia","og_locale":"de_DE","og_type":"article","og_title":"Senigallia - All Inclusive Hotels","og_description":"Str\u00e4nde wie Samt und Gourmet-Gerichte Senigallia ist einer der herausragenden Badeorte an der K\u00fcste der &hellip;","og_url":"https:\/\/www.allinclusivehotels.it\/de\/urlaubsziele\/senigallia","og_site_name":"All Inclusive Hotels","article_modified_time":"2022-07-01T09:37:49+00:00","twitter_card":"summary_large_image","twitter_misc":{"Gesch\u00e4tzte Lesezeit":"2\u00a0Minuten"},"schema":{"@context":"https:\/\/schema.org","@graph":[{"@type":"WebPage","@id":"https:\/\/www.allinclusivehotels.it\/de\/urlaubsziele\/senigallia","url":"https:\/\/www.allinclusivehotels.it\/de\/urlaubsziele\/senigallia","name":"Senigallia - All Inclusive Hotels","isPartOf":{"@id":"https:\/\/www.allinclusivehotels.it\/de#website"},"datePublished":"2022-03-28T08:05:40+00:00","dateModified":"2022-07-01T09:37:49+00:00","breadcrumb":{"@id":"https:\/\/www.allinclusivehotels.it\/de\/urlaubsziele\/senigallia#breadcrumb"},"inLanguage":"de","potentialAction":[{"@type":"ReadAction","target":["https:\/\/www.allinclusivehotels.it\/de\/urlaubsziele\/senigallia"]}]},{"@type":"BreadcrumbList","@id":"https:\/\/www.allinclusivehotels.it\/de\/urlaubsziele\/senigallia#breadcrumb","itemListElement":[{"@type":"ListItem","position":1,"name":"Home","item":"https:\/\/www.allinclusivehotels.it\/de"},{"@type":"ListItem","position":2,"name":"Urlaubsziele","item":"https:\/\/www.allinclusivehotels.it\/de\/urlaubsziele"},{"@type":"ListItem","position":3,"name":"Senigallia"}]},{"@type":"WebSite","@id":"https:\/\/www.allinclusivehotels.it\/de#website","url":"https:\/\/www.allinclusivehotels.it\/de","name":"All Inclusive Hotels","description":"","publisher":{"@id":"https:\/\/www.allinclusivehotels.it\/de#organization"},"potentialAction":[{"@type":"SearchAction","target":{"@type":"EntryPoint","urlTemplate":"https:\/\/www.allinclusivehotels.it\/de?s={search_term_string}"},"query-input":{"@type":"PropertyValueSpecification","valueRequired":true,"valueName":"search_term_string"}}],"inLanguage":"de"},{"@type":"Organization","@id":"https:\/\/www.allinclusivehotels.it\/de#organization","name":"All Inclusive Hotels","url":"https:\/\/www.allinclusivehotels.it\/de","logo":{"@type":"ImageObject","inLanguage":"de","@id":"https:\/\/www.allinclusivehotels.it\/de#\/schema\/logo\/image\/","url":"","contentUrl":"","caption":"All Inclusive Hotels"},"image":{"@id":"https:\/\/www.allinclusivehotels.it\/de#\/schema\/logo\/image\/"}}]}},"_links":{"self":[{"href":"https:\/\/www.allinclusivehotels.it\/de\/wp-json\/wp\/v2\/pages\/16438","targetHints":{"allow":["GET"]}}],"collection":[{"href":"https:\/\/www.allinclusivehotels.it\/de\/wp-json\/wp\/v2\/pages"}],"about":[{"href":"https:\/\/www.allinclusivehotels.it\/de\/wp-json\/wp\/v2\/types\/page"}],"author":[{"embeddable":true,"href":"https:\/\/www.allinclusivehotels.it\/de\/wp-json\/wp\/v2\/users\/1"}],"replies":[{"embeddable":true,"href":"https:\/\/www.allinclusivehotels.it\/de\/wp-json\/wp\/v2\/comments?post=16438"}],"version-history":[{"count":2,"href":"https:\/\/www.allinclusivehotels.it\/de\/wp-json\/wp\/v2\/pages\/16438\/revisions"}],"predecessor-version":[{"id":21380,"href":"https:\/\/www.allinclusivehotels.it\/de\/wp-json\/wp\/v2\/pages\/16438\/revisions\/21380"}],"up":[{"embeddable":true,"href":"https:\/\/www.allinclusivehotels.it\/de\/wp-json\/wp\/v2\/pages\/16402"}],"wp:attachment":[{"href":"https:\/\/www.allinclusivehotels.it\/de\/wp-json\/wp\/v2\/media?parent=16438"}],"curies":[{"name":"wp","href":"https:\/\/api.w.org\/{rel}","templated":true}]}}