{"id":16436,"date":"2022-03-28T10:05:39","date_gmt":"2022-03-28T08:05:39","guid":{"rendered":"https:\/\/www.allinclusivehotels.it\/urlaubsziele\/san-mauro-mare"},"modified":"2022-07-01T11:35:53","modified_gmt":"2022-07-01T09:35:53","slug":"san-mauro-mare","status":"publish","type":"page","link":"https:\/\/www.allinclusivehotels.it\/de\/urlaubsziele\/san-mauro-mare","title":{"rendered":"San Mauro Mare"},"content":{"rendered":"\n<p>Der kleine ruhige Badeort <b>San Mauro Mare<\/b> (Provinz Forl\u00ec-Cesena) liegt zwischen Rimini und Cesenatico an der Adriak\u00fcste der Romagna. F\u00fcr das saubere Wasser und die<b> Qualit\u00e4t der Badeeinrichtungen<\/b> wird er seit Jahren mit der <b>Blauen Flagge<\/b> ausgezeichnet. Gepflegte Gr\u00fcnanlagen, Strandb\u00e4der mit allem Komfort, Beachvolley- und Beachtennispl\u00e4tzen, organisierter Morgengymnastik und Aquafitness,  Schwimm- und Segelschule machen den Aufenthalt angenehm und abwechslungsreich.<\/p>\n\n\n\n<!--more-->\n\n\n\n<p>San Mauro Mare geh\u00f6rt zum 7 km landeinw\u00e4rts liegenden San Mauro <b>Pascoli<\/b>, nach dem ber\u00fchmten Dichter Giovanni Pascoli (1855-1912) benannt, der dort  lebte, auch in der schlossartigen <b>Villa Torlonia <\/b>(17.-18. Jahrhundert) au\u00dferhalb des Ortes. Im Ortszentrum ist dem Poeten in der &#8220;Casa Pascoli&#8221; ein kleines Museum gewidmet.<\/p>\n\n\n\n<p>Wir empfehlen, die im Sommer angebotenen <b>&#8220;Itinerari Pascoliani&#8221;<\/b> zu nutzen, gef\u00fchrte Besichtigungen der Kulturst\u00e4tten einschlie\u00dflich Verkostungen typischer Produkte der Gegend \u2013 natives Oliven\u00f6l, Qualit\u00e4tsweine, verschiedene K\u00e4sesorten, S\u00fc\u00dfigkeiten und andere.<\/p>\n\n\n\n<p>Wer am ersten Juli-Wochenende in San Mauro ist, sollte den charakteristischen Jahrmarkt <b>&#8220;Fiera della Conchiglia&#8221;<\/b> nicht vers\u00e4umen; im August das <b>&#8220;Concerto all&#8217;alba&#8221;<\/b>, Konzert zum Sonnenaufgang direkt am Strand. Im Juli und August findet auch der <b>&#8220;Giardino della Poesia&#8221; (<\/b>Poesie-Garten) statt \u2013 Theater- und Musikveranstaltungen in den Pascoli-St\u00e4tten.<\/p>\n\n\n\n<p>Ausflugsziele in der N\u00e4he von San Mauro sind zum Beispiel <b>Cesenatico<\/b> (8 km) mit der sch\u00f6nen Altstadt am von Leonardo da Vinci entworfenen Hafenkanal, der Vergn\u00fcgungspark <b>Mirabilandia<\/b> (20 km) bei Ravenna, Themenpark <b>Italia in Miniatura<\/b> (14 km) und M\u00e4rchenpark <b>Fiabilandia<\/b> (25 km), beide Rimini, und in Riccione (30 km) der Themen Park <b>Oltremare<\/b> und das Spa\u00dfbad <b>Aquafan.<\/b><\/p>\n","protected":false},"excerpt":{"rendered":"<p>Der kleine ruhige Badeort San Mauro Mare (Provinz Forl\u00ec-Cesena) liegt zwischen Rimini und Cesenatico an &hellip;<\/p>\n","protected":false},"author":1,"featured_media":0,"parent":16402,"menu_order":0,"comment_status":"closed","ping_status":"closed","template":"page-templates\/destinazione.php","meta":{"_acf_changed":false,"footnotes":""},"class_list":["post-16436","page","type-page","status-publish","hentry"],"acf":[],"yoast_head":"<!-- This site is optimized with the Yoast SEO plugin v27.0 - https:\/\/yoast.com\/product\/yoast-seo-wordpress\/ -->\n<title>San Mauro Mare - All Inclusive Hotels<\/title>\n<meta name=\"robots\" content=\"index, follow, max-snippet:-1, max-image-preview:large, max-video-preview:-1\" \/>\n<link rel=\"canonical\" href=\"https:\/\/www.allinclusivehotels.it\/de\/urlaubsziele\/san-mauro-mare\" \/>\n<meta property=\"og:locale\" content=\"de_DE\" \/>\n<meta property=\"og:type\" content=\"article\" \/>\n<meta property=\"og:title\" content=\"San Mauro Mare - All Inclusive Hotels\" \/>\n<meta property=\"og:description\" content=\"Der kleine ruhige Badeort San Mauro Mare (Provinz Forl\u00ec-Cesena) liegt zwischen Rimini und Cesenatico an &hellip;\" \/>\n<meta property=\"og:url\" content=\"https:\/\/www.allinclusivehotels.it\/de\/urlaubsziele\/san-mauro-mare\" \/>\n<meta property=\"og:site_name\" content=\"All Inclusive Hotels\" \/>\n<meta property=\"article:modified_time\" content=\"2022-07-01T09:35:53+00:00\" \/>\n<meta name=\"twitter:card\" content=\"summary_large_image\" \/>\n<meta name=\"twitter:label1\" content=\"Gesch\u00e4tzte Lesezeit\" \/>\n\t<meta name=\"twitter:data1\" content=\"2\u00a0Minuten\" \/>\n<script type=\"application\/ld+json\" class=\"yoast-schema-graph\">{\"@context\":\"https:\/\/schema.org\",\"@graph\":[{\"@type\":\"WebPage\",\"@id\":\"https:\/\/www.allinclusivehotels.it\/de\/urlaubsziele\/san-mauro-mare\",\"url\":\"https:\/\/www.allinclusivehotels.it\/de\/urlaubsziele\/san-mauro-mare\",\"name\":\"San Mauro Mare - All Inclusive Hotels\",\"isPartOf\":{\"@id\":\"https:\/\/www.allinclusivehotels.it\/de#website\"},\"datePublished\":\"2022-03-28T08:05:39+00:00\",\"dateModified\":\"2022-07-01T09:35:53+00:00\",\"breadcrumb\":{\"@id\":\"https:\/\/www.allinclusivehotels.it\/de\/urlaubsziele\/san-mauro-mare#breadcrumb\"},\"inLanguage\":\"de\",\"potentialAction\":[{\"@type\":\"ReadAction\",\"target\":[\"https:\/\/www.allinclusivehotels.it\/de\/urlaubsziele\/san-mauro-mare\"]}]},{\"@type\":\"BreadcrumbList\",\"@id\":\"https:\/\/www.allinclusivehotels.it\/de\/urlaubsziele\/san-mauro-mare#breadcrumb\",\"itemListElement\":[{\"@type\":\"ListItem\",\"position\":1,\"name\":\"Home\",\"item\":\"https:\/\/www.allinclusivehotels.it\/de\"},{\"@type\":\"ListItem\",\"position\":2,\"name\":\"Urlaubsziele\",\"item\":\"https:\/\/www.allinclusivehotels.it\/de\/urlaubsziele\"},{\"@type\":\"ListItem\",\"position\":3,\"name\":\"San Mauro Mare\"}]},{\"@type\":\"WebSite\",\"@id\":\"https:\/\/www.allinclusivehotels.it\/de#website\",\"url\":\"https:\/\/www.allinclusivehotels.it\/de\",\"name\":\"All Inclusive Hotels\",\"description\":\"\",\"publisher\":{\"@id\":\"https:\/\/www.allinclusivehotels.it\/de#organization\"},\"potentialAction\":[{\"@type\":\"SearchAction\",\"target\":{\"@type\":\"EntryPoint\",\"urlTemplate\":\"https:\/\/www.allinclusivehotels.it\/de?s={search_term_string}\"},\"query-input\":{\"@type\":\"PropertyValueSpecification\",\"valueRequired\":true,\"valueName\":\"search_term_string\"}}],\"inLanguage\":\"de\"},{\"@type\":\"Organization\",\"@id\":\"https:\/\/www.allinclusivehotels.it\/de#organization\",\"name\":\"All Inclusive Hotels\",\"url\":\"https:\/\/www.allinclusivehotels.it\/de\",\"logo\":{\"@type\":\"ImageObject\",\"inLanguage\":\"de\",\"@id\":\"https:\/\/www.allinclusivehotels.it\/de#\/schema\/logo\/image\/\",\"url\":\"\",\"contentUrl\":\"\",\"caption\":\"All Inclusive Hotels\"},\"image\":{\"@id\":\"https:\/\/www.allinclusivehotels.it\/de#\/schema\/logo\/image\/\"}}]}<\/script>\n<!-- \/ Yoast SEO plugin. -->","yoast_head_json":{"title":"San Mauro Mare - All Inclusive Hotels","robots":{"index":"index","follow":"follow","max-snippet":"max-snippet:-1","max-image-preview":"max-image-preview:large","max-video-preview":"max-video-preview:-1"},"canonical":"https:\/\/www.allinclusivehotels.it\/de\/urlaubsziele\/san-mauro-mare","og_locale":"de_DE","og_type":"article","og_title":"San Mauro Mare - All Inclusive Hotels","og_description":"Der kleine ruhige Badeort San Mauro Mare (Provinz Forl\u00ec-Cesena) liegt zwischen Rimini und Cesenatico an &hellip;","og_url":"https:\/\/www.allinclusivehotels.it\/de\/urlaubsziele\/san-mauro-mare","og_site_name":"All Inclusive Hotels","article_modified_time":"2022-07-01T09:35:53+00:00","twitter_card":"summary_large_image","twitter_misc":{"Gesch\u00e4tzte Lesezeit":"2\u00a0Minuten"},"schema":{"@context":"https:\/\/schema.org","@graph":[{"@type":"WebPage","@id":"https:\/\/www.allinclusivehotels.it\/de\/urlaubsziele\/san-mauro-mare","url":"https:\/\/www.allinclusivehotels.it\/de\/urlaubsziele\/san-mauro-mare","name":"San Mauro Mare - All Inclusive Hotels","isPartOf":{"@id":"https:\/\/www.allinclusivehotels.it\/de#website"},"datePublished":"2022-03-28T08:05:39+00:00","dateModified":"2022-07-01T09:35:53+00:00","breadcrumb":{"@id":"https:\/\/www.allinclusivehotels.it\/de\/urlaubsziele\/san-mauro-mare#breadcrumb"},"inLanguage":"de","potentialAction":[{"@type":"ReadAction","target":["https:\/\/www.allinclusivehotels.it\/de\/urlaubsziele\/san-mauro-mare"]}]},{"@type":"BreadcrumbList","@id":"https:\/\/www.allinclusivehotels.it\/de\/urlaubsziele\/san-mauro-mare#breadcrumb","itemListElement":[{"@type":"ListItem","position":1,"name":"Home","item":"https:\/\/www.allinclusivehotels.it\/de"},{"@type":"ListItem","position":2,"name":"Urlaubsziele","item":"https:\/\/www.allinclusivehotels.it\/de\/urlaubsziele"},{"@type":"ListItem","position":3,"name":"San Mauro Mare"}]},{"@type":"WebSite","@id":"https:\/\/www.allinclusivehotels.it\/de#website","url":"https:\/\/www.allinclusivehotels.it\/de","name":"All Inclusive Hotels","description":"","publisher":{"@id":"https:\/\/www.allinclusivehotels.it\/de#organization"},"potentialAction":[{"@type":"SearchAction","target":{"@type":"EntryPoint","urlTemplate":"https:\/\/www.allinclusivehotels.it\/de?s={search_term_string}"},"query-input":{"@type":"PropertyValueSpecification","valueRequired":true,"valueName":"search_term_string"}}],"inLanguage":"de"},{"@type":"Organization","@id":"https:\/\/www.allinclusivehotels.it\/de#organization","name":"All Inclusive Hotels","url":"https:\/\/www.allinclusivehotels.it\/de","logo":{"@type":"ImageObject","inLanguage":"de","@id":"https:\/\/www.allinclusivehotels.it\/de#\/schema\/logo\/image\/","url":"","contentUrl":"","caption":"All Inclusive Hotels"},"image":{"@id":"https:\/\/www.allinclusivehotels.it\/de#\/schema\/logo\/image\/"}}]}},"_links":{"self":[{"href":"https:\/\/www.allinclusivehotels.it\/de\/wp-json\/wp\/v2\/pages\/16436","targetHints":{"allow":["GET"]}}],"collection":[{"href":"https:\/\/www.allinclusivehotels.it\/de\/wp-json\/wp\/v2\/pages"}],"about":[{"href":"https:\/\/www.allinclusivehotels.it\/de\/wp-json\/wp\/v2\/types\/page"}],"author":[{"embeddable":true,"href":"https:\/\/www.allinclusivehotels.it\/de\/wp-json\/wp\/v2\/users\/1"}],"replies":[{"embeddable":true,"href":"https:\/\/www.allinclusivehotels.it\/de\/wp-json\/wp\/v2\/comments?post=16436"}],"version-history":[{"count":2,"href":"https:\/\/www.allinclusivehotels.it\/de\/wp-json\/wp\/v2\/pages\/16436\/revisions"}],"predecessor-version":[{"id":21378,"href":"https:\/\/www.allinclusivehotels.it\/de\/wp-json\/wp\/v2\/pages\/16436\/revisions\/21378"}],"up":[{"embeddable":true,"href":"https:\/\/www.allinclusivehotels.it\/de\/wp-json\/wp\/v2\/pages\/16402"}],"wp:attachment":[{"href":"https:\/\/www.allinclusivehotels.it\/de\/wp-json\/wp\/v2\/media?parent=16436"}],"curies":[{"name":"wp","href":"https:\/\/api.w.org\/{rel}","templated":true}]}}