{"id":16434,"date":"2022-03-28T10:05:39","date_gmt":"2022-03-28T08:05:39","guid":{"rendered":"https:\/\/www.allinclusivehotels.it\/urlaubsziele\/rimini"},"modified":"2022-07-01T11:35:10","modified_gmt":"2022-07-01T09:35:10","slug":"rimini","status":"publish","type":"page","link":"https:\/\/www.allinclusivehotels.it\/de\/urlaubsziele\/rimini","title":{"rendered":"Rimini"},"content":{"rendered":"\n<h2 class=\"wp-block-heading\">Herz der romagnolischen Adria<\/h2>\n\n\n\n<p><b>Rimini <\/b>ist der Inbegriff und das Symbol all dessen, was das nat\u00fcrliche und das menschengemachte <b>touristische Angebot <\/b>der <b>Adriak\u00fcste der Romagna <\/b>ausmacht<b>. <\/b>Wer Rimini h\u00f6rt, denkt an <b>sonnenbeschienene Str\u00e4nd<\/b>e, endlose Sonnenschirm-Reihen,<b> modernste Ausstattung<\/b>, jede erdenkliche Art von <b>Vergn\u00fcgungen<\/b>, unkomplizierte bek\u00f6mmliche <b>K\u00fcche, die allen schmeckt<\/b>, unbegrenzte <b>Shopping-M\u00f6glichkeiten<\/b>, zahllose <b>Bars,<\/b> in denen das Leben pulsiert, <b>malerisches bergiges Hinterland <\/b>voller Burgen und mittelalterlicher St\u00e4dtchen, ideales Terrain f\u00fcr <b>Rennrad-Touren.<\/b><\/p>\n\n\n\n<!--more-->\n\n\n\n<h2 class=\"wp-block-heading\">Spaziergang in der Altstadt<\/h2>\n\n\n\n<p>Nicht so bekannt ist die Altstadt von Rimini mit beeindruckenden Relikten aus der <b>R\u00f6merzeit<\/b>, wie der Augustus-Bogen, die Tiberius-Br\u00fccke und die Domus (Haus) eines Chirurgen.<\/p>\n\n\n\n<p>Das alte <b>Fischerviertel Borgo San Giuliano<\/b> mit seinen kleinen Gassen, blumenbestandenen Innenh\u00f6fen und <b>Wandgem\u00e4lden<\/b>, die an den Regisseur <b>Federico Fellini,<\/b> Sohn dieser Stadt, erinnern, ist eine romantische Ecke.<\/p>\n\n\n\n<h2 class=\"wp-block-heading\">Qualit\u00e4ts-Hotellerie mit Herz<\/h2>\n\n\n\n<p>Die <b>All-Inclusive-Hotels von Rimini <\/b>spiegeln die Gro\u00dfz\u00fcgigkeit der Gegend wider. Die warmherzige, aufmerksame Gastfreundlichkeit und die in den Paketangebotenen Leistungen erf\u00fcllen die W\u00fcnsche von Familien mit Kindern, Paaren, Sportlern und Aktivurlaubern. <b>Radsportler<\/b> beispielsweise k\u00f6nnen auf spezifische Dienste wie gef\u00fchrte Touren und sportgerechte Ern\u00e4hrung z\u00e4hlen, ihre nicht-radelnden Begleiter*innen dagegen auf ein vielf\u00e4ltiges Programm von Ausfl\u00fcgen und Shopping-Touren.<\/p>\n\n\n\n<h2 class=\"wp-block-heading\">Hotels f\u00fcr Feinschmecker<\/h2>\n\n\n\n<p>Der <b>K\u00fcche<\/b> wird in den <b>All-Inclusive-Hotels<\/b> sehr gro\u00dfe Bedutung beigemessen. Die traditionellen Gerichte der Romagna sind von der Landwirtschaft oder vom Meer gepr\u00e4gt:, unsere K\u00f6che verstehen meisterhaft, sie zuzubereiten: von hausgemachten frischen Teigwaren wie Lasagne und Tagliatelle bis zu frischem <b>Fischen aus der Adria &#8211;<\/b> Schollen, Tintenfischen, Calamari, Brassen, Sardellen und andere. Der Gast hast nur die Qual der Wahl.<\/p>\n","protected":false},"excerpt":{"rendered":"<p>Herz der romagnolischen Adria Rimini ist der Inbegriff und das Symbol all dessen, was das &hellip;<\/p>\n","protected":false},"author":1,"featured_media":0,"parent":16402,"menu_order":0,"comment_status":"closed","ping_status":"closed","template":"page-templates\/destinazione.php","meta":{"_acf_changed":false,"footnotes":""},"class_list":["post-16434","page","type-page","status-publish","hentry"],"acf":[],"yoast_head":"<!-- This site is optimized with the Yoast SEO plugin v27.6 - https:\/\/yoast.com\/product\/yoast-seo-wordpress\/ -->\n<title>Rimini - All Inclusive Hotels<\/title>\n<meta name=\"robots\" content=\"index, follow, max-snippet:-1, max-image-preview:large, max-video-preview:-1\" \/>\n<link rel=\"canonical\" href=\"https:\/\/www.allinclusivehotels.it\/de\/urlaubsziele\/rimini\" \/>\n<meta property=\"og:locale\" content=\"de_DE\" \/>\n<meta property=\"og:type\" content=\"article\" \/>\n<meta property=\"og:title\" content=\"Rimini - All Inclusive Hotels\" \/>\n<meta property=\"og:description\" content=\"Herz der romagnolischen Adria Rimini ist der Inbegriff und das Symbol all dessen, was das &hellip;\" \/>\n<meta property=\"og:url\" content=\"https:\/\/www.allinclusivehotels.it\/de\/urlaubsziele\/rimini\" \/>\n<meta property=\"og:site_name\" content=\"All Inclusive Hotels\" \/>\n<meta property=\"article:modified_time\" content=\"2022-07-01T09:35:10+00:00\" \/>\n<meta name=\"twitter:card\" content=\"summary_large_image\" \/>\n<meta name=\"twitter:label1\" content=\"Gesch\u00e4tzte Lesezeit\" \/>\n\t<meta name=\"twitter:data1\" content=\"2\u00a0Minuten\" \/>\n<script type=\"application\/ld+json\" class=\"yoast-schema-graph\">{\"@context\":\"https:\\\/\\\/schema.org\",\"@graph\":[{\"@type\":\"WebPage\",\"@id\":\"https:\\\/\\\/www.allinclusivehotels.it\\\/de\\\/urlaubsziele\\\/rimini\",\"url\":\"https:\\\/\\\/www.allinclusivehotels.it\\\/de\\\/urlaubsziele\\\/rimini\",\"name\":\"Rimini - All Inclusive Hotels\",\"isPartOf\":{\"@id\":\"https:\\\/\\\/www.allinclusivehotels.it\\\/de#website\"},\"datePublished\":\"2022-03-28T08:05:39+00:00\",\"dateModified\":\"2022-07-01T09:35:10+00:00\",\"breadcrumb\":{\"@id\":\"https:\\\/\\\/www.allinclusivehotels.it\\\/de\\\/urlaubsziele\\\/rimini#breadcrumb\"},\"inLanguage\":\"de\",\"potentialAction\":[{\"@type\":\"ReadAction\",\"target\":[\"https:\\\/\\\/www.allinclusivehotels.it\\\/de\\\/urlaubsziele\\\/rimini\"]}]},{\"@type\":\"BreadcrumbList\",\"@id\":\"https:\\\/\\\/www.allinclusivehotels.it\\\/de\\\/urlaubsziele\\\/rimini#breadcrumb\",\"itemListElement\":[{\"@type\":\"ListItem\",\"position\":1,\"name\":\"Home\",\"item\":\"https:\\\/\\\/www.allinclusivehotels.it\\\/de\"},{\"@type\":\"ListItem\",\"position\":2,\"name\":\"Urlaubsziele\",\"item\":\"https:\\\/\\\/www.allinclusivehotels.it\\\/de\\\/urlaubsziele\"},{\"@type\":\"ListItem\",\"position\":3,\"name\":\"Rimini\"}]},{\"@type\":\"WebSite\",\"@id\":\"https:\\\/\\\/www.allinclusivehotels.it\\\/de#website\",\"url\":\"https:\\\/\\\/www.allinclusivehotels.it\\\/de\",\"name\":\"All Inclusive Hotels\",\"description\":\"\",\"publisher\":{\"@id\":\"https:\\\/\\\/www.allinclusivehotels.it\\\/de#organization\"},\"potentialAction\":[{\"@type\":\"SearchAction\",\"target\":{\"@type\":\"EntryPoint\",\"urlTemplate\":\"https:\\\/\\\/www.allinclusivehotels.it\\\/de?s={search_term_string}\"},\"query-input\":{\"@type\":\"PropertyValueSpecification\",\"valueRequired\":true,\"valueName\":\"search_term_string\"}}],\"inLanguage\":\"de\"},{\"@type\":\"Organization\",\"@id\":\"https:\\\/\\\/www.allinclusivehotels.it\\\/de#organization\",\"name\":\"All Inclusive Hotels\",\"url\":\"https:\\\/\\\/www.allinclusivehotels.it\\\/de\",\"logo\":{\"@type\":\"ImageObject\",\"inLanguage\":\"de\",\"@id\":\"https:\\\/\\\/www.allinclusivehotels.it\\\/de#\\\/schema\\\/logo\\\/image\\\/\",\"url\":\"\",\"contentUrl\":\"\",\"caption\":\"All Inclusive Hotels\"},\"image\":{\"@id\":\"https:\\\/\\\/www.allinclusivehotels.it\\\/de#\\\/schema\\\/logo\\\/image\\\/\"}}]}<\/script>\n<!-- \/ Yoast SEO plugin. -->","yoast_head_json":{"title":"Rimini - All Inclusive Hotels","robots":{"index":"index","follow":"follow","max-snippet":"max-snippet:-1","max-image-preview":"max-image-preview:large","max-video-preview":"max-video-preview:-1"},"canonical":"https:\/\/www.allinclusivehotels.it\/de\/urlaubsziele\/rimini","og_locale":"de_DE","og_type":"article","og_title":"Rimini - All Inclusive Hotels","og_description":"Herz der romagnolischen Adria Rimini ist der Inbegriff und das Symbol all dessen, was das &hellip;","og_url":"https:\/\/www.allinclusivehotels.it\/de\/urlaubsziele\/rimini","og_site_name":"All Inclusive Hotels","article_modified_time":"2022-07-01T09:35:10+00:00","twitter_card":"summary_large_image","twitter_misc":{"Gesch\u00e4tzte Lesezeit":"2\u00a0Minuten"},"schema":{"@context":"https:\/\/schema.org","@graph":[{"@type":"WebPage","@id":"https:\/\/www.allinclusivehotels.it\/de\/urlaubsziele\/rimini","url":"https:\/\/www.allinclusivehotels.it\/de\/urlaubsziele\/rimini","name":"Rimini - All Inclusive Hotels","isPartOf":{"@id":"https:\/\/www.allinclusivehotels.it\/de#website"},"datePublished":"2022-03-28T08:05:39+00:00","dateModified":"2022-07-01T09:35:10+00:00","breadcrumb":{"@id":"https:\/\/www.allinclusivehotels.it\/de\/urlaubsziele\/rimini#breadcrumb"},"inLanguage":"de","potentialAction":[{"@type":"ReadAction","target":["https:\/\/www.allinclusivehotels.it\/de\/urlaubsziele\/rimini"]}]},{"@type":"BreadcrumbList","@id":"https:\/\/www.allinclusivehotels.it\/de\/urlaubsziele\/rimini#breadcrumb","itemListElement":[{"@type":"ListItem","position":1,"name":"Home","item":"https:\/\/www.allinclusivehotels.it\/de"},{"@type":"ListItem","position":2,"name":"Urlaubsziele","item":"https:\/\/www.allinclusivehotels.it\/de\/urlaubsziele"},{"@type":"ListItem","position":3,"name":"Rimini"}]},{"@type":"WebSite","@id":"https:\/\/www.allinclusivehotels.it\/de#website","url":"https:\/\/www.allinclusivehotels.it\/de","name":"All Inclusive Hotels","description":"","publisher":{"@id":"https:\/\/www.allinclusivehotels.it\/de#organization"},"potentialAction":[{"@type":"SearchAction","target":{"@type":"EntryPoint","urlTemplate":"https:\/\/www.allinclusivehotels.it\/de?s={search_term_string}"},"query-input":{"@type":"PropertyValueSpecification","valueRequired":true,"valueName":"search_term_string"}}],"inLanguage":"de"},{"@type":"Organization","@id":"https:\/\/www.allinclusivehotels.it\/de#organization","name":"All Inclusive Hotels","url":"https:\/\/www.allinclusivehotels.it\/de","logo":{"@type":"ImageObject","inLanguage":"de","@id":"https:\/\/www.allinclusivehotels.it\/de#\/schema\/logo\/image\/","url":"","contentUrl":"","caption":"All Inclusive Hotels"},"image":{"@id":"https:\/\/www.allinclusivehotels.it\/de#\/schema\/logo\/image\/"}}]}},"_links":{"self":[{"href":"https:\/\/www.allinclusivehotels.it\/de\/wp-json\/wp\/v2\/pages\/16434","targetHints":{"allow":["GET"]}}],"collection":[{"href":"https:\/\/www.allinclusivehotels.it\/de\/wp-json\/wp\/v2\/pages"}],"about":[{"href":"https:\/\/www.allinclusivehotels.it\/de\/wp-json\/wp\/v2\/types\/page"}],"author":[{"embeddable":true,"href":"https:\/\/www.allinclusivehotels.it\/de\/wp-json\/wp\/v2\/users\/1"}],"replies":[{"embeddable":true,"href":"https:\/\/www.allinclusivehotels.it\/de\/wp-json\/wp\/v2\/comments?post=16434"}],"version-history":[{"count":2,"href":"https:\/\/www.allinclusivehotels.it\/de\/wp-json\/wp\/v2\/pages\/16434\/revisions"}],"predecessor-version":[{"id":21377,"href":"https:\/\/www.allinclusivehotels.it\/de\/wp-json\/wp\/v2\/pages\/16434\/revisions\/21377"}],"up":[{"embeddable":true,"href":"https:\/\/www.allinclusivehotels.it\/de\/wp-json\/wp\/v2\/pages\/16402"}],"wp:attachment":[{"href":"https:\/\/www.allinclusivehotels.it\/de\/wp-json\/wp\/v2\/media?parent=16434"}],"curies":[{"name":"wp","href":"https:\/\/api.w.org\/{rel}","templated":true}]}}