{"id":16432,"date":"2022-03-28T10:05:38","date_gmt":"2022-03-28T08:05:38","guid":{"rendered":"https:\/\/www.allinclusivehotels.it\/urlaubsziele\/riccione"},"modified":"2022-07-01T11:34:13","modified_gmt":"2022-07-01T09:34:13","slug":"riccione","status":"publish","type":"page","link":"https:\/\/www.allinclusivehotels.it\/de\/urlaubsziele\/riccione","title":{"rendered":"Riccione"},"content":{"rendered":"\n<h2 class=\"wp-block-heading\">Perle der Adria<\/h2>\n\n\n\n<p>Die Stadt <b>Riccione<\/b>, ein Aush\u00e4ngeschild der Tourismusregion romagnolische Adria, ist schick, gepflegt und modern. Der zentrale Boulevard <b>Viale Ceccarini <\/b>mit seinen Modeboutiquen und Caf\u00e9s ist ein Mythos, und <b>Viale Dante<\/b> steht ihm wenig nach. Elegante Jugendstil-Villen in Strandn\u00e4he bezeugen, dass die Attraktivit\u00e4t des Ortes schon l\u00e4nger besteht. <b>25 barrierefreie \u00d6ko-Strandb\u00e4der <\/b>mit ausgefallenen Service-Leistungen, Radwege, modernste Sportanlagen und trendige Lokale sind die Reize von heute.<\/p>\n\n\n\n<!--more-->\n\n\n\n<h2 class=\"wp-block-heading\">Thermen, Freizeitparks, Clubs<\/h2>\n\n\n\n<p>Die <b>Thermen von Riccione<\/b> sind der richtige Ort, um sich mit Kuranwendungen, Massagen und Sch\u00f6nheitsbehandlungen aufp\u00e4ppeln und verw\u00f6hnen zu lassen.<\/p>\n\n\n\n<p><b>Wasserparks, Themenparks, Vergn\u00fcgungsparks <\/b>garantieren <b>Spa\u00df am Tag<\/b>: Spa\u00dfbad <b>Aquafan<\/b>, meerbezogener Themenpark <b>Oltremare<\/b> mit Delfinshow, Rutschbahn im<b> Beach Village<\/b> am Meer, Lunapark <b>Ricciolandia. <\/b>Und f\u00fcr den <b>Spa\u00df in der Nacht<\/b> stehen die <b>namhaften Diskotheken<\/b> Byblos, Pasci\u00e0, Cocoric\u00f2, Prince, Peter Pan und Villa delle Rose bereit, und auch die <b>Strandlokale in der &#8220;Zona Marano&#8221; bieten Trinken, Essen und Musik unterm Sternenhimmel.<\/b><\/p>\n\n\n\n<h2 class=\"wp-block-heading\">F\u00fcrsorgliche Gastgeber<\/h2>\n\n\n\n<p>In den <b>All-Inclusive-Hotels von Riccione<\/b>  k\u00f6nnen die G\u00e4ste mit gutem Service und einem warmherzigen, entgegenkommenden Umgang rechnen. Es gibt <b>ma\u00dfgeschneiderte Paketangebote <\/b>f\u00fcr Familien, f\u00fcr Rennrad-Touren im wundersch\u00f6nen bergigen Hinterland, und auch f\u00fcr Tennis- und Wasserportler mit Segeln, Wind- und Kitesurfen.<\/p>\n","protected":false},"excerpt":{"rendered":"<p>Perle der Adria Die Stadt Riccione, ein Aush\u00e4ngeschild der Tourismusregion romagnolische Adria, ist schick, gepflegt &hellip;<\/p>\n","protected":false},"author":1,"featured_media":0,"parent":16402,"menu_order":0,"comment_status":"closed","ping_status":"closed","template":"page-templates\/destinazione.php","meta":{"_acf_changed":false,"footnotes":""},"class_list":["post-16432","page","type-page","status-publish","hentry"],"acf":[],"yoast_head":"<!-- This site is optimized with the Yoast SEO plugin v27.0 - https:\/\/yoast.com\/product\/yoast-seo-wordpress\/ -->\n<title>Riccione - All Inclusive Hotels<\/title>\n<meta name=\"robots\" content=\"index, follow, max-snippet:-1, max-image-preview:large, max-video-preview:-1\" \/>\n<link rel=\"canonical\" href=\"https:\/\/www.allinclusivehotels.it\/de\/urlaubsziele\/riccione\" \/>\n<meta property=\"og:locale\" content=\"de_DE\" \/>\n<meta property=\"og:type\" content=\"article\" \/>\n<meta property=\"og:title\" content=\"Riccione - All Inclusive Hotels\" \/>\n<meta property=\"og:description\" content=\"Perle der Adria Die Stadt Riccione, ein Aush\u00e4ngeschild der Tourismusregion romagnolische Adria, ist schick, gepflegt &hellip;\" \/>\n<meta property=\"og:url\" content=\"https:\/\/www.allinclusivehotels.it\/de\/urlaubsziele\/riccione\" \/>\n<meta property=\"og:site_name\" content=\"All Inclusive Hotels\" \/>\n<meta property=\"article:modified_time\" content=\"2022-07-01T09:34:13+00:00\" \/>\n<meta name=\"twitter:card\" content=\"summary_large_image\" \/>\n<meta name=\"twitter:label1\" content=\"Gesch\u00e4tzte Lesezeit\" \/>\n\t<meta name=\"twitter:data1\" content=\"2\u00a0Minuten\" \/>\n<script type=\"application\/ld+json\" class=\"yoast-schema-graph\">{\"@context\":\"https:\/\/schema.org\",\"@graph\":[{\"@type\":\"WebPage\",\"@id\":\"https:\/\/www.allinclusivehotels.it\/de\/urlaubsziele\/riccione\",\"url\":\"https:\/\/www.allinclusivehotels.it\/de\/urlaubsziele\/riccione\",\"name\":\"Riccione - All Inclusive Hotels\",\"isPartOf\":{\"@id\":\"https:\/\/www.allinclusivehotels.it\/de#website\"},\"datePublished\":\"2022-03-28T08:05:38+00:00\",\"dateModified\":\"2022-07-01T09:34:13+00:00\",\"breadcrumb\":{\"@id\":\"https:\/\/www.allinclusivehotels.it\/de\/urlaubsziele\/riccione#breadcrumb\"},\"inLanguage\":\"de\",\"potentialAction\":[{\"@type\":\"ReadAction\",\"target\":[\"https:\/\/www.allinclusivehotels.it\/de\/urlaubsziele\/riccione\"]}]},{\"@type\":\"BreadcrumbList\",\"@id\":\"https:\/\/www.allinclusivehotels.it\/de\/urlaubsziele\/riccione#breadcrumb\",\"itemListElement\":[{\"@type\":\"ListItem\",\"position\":1,\"name\":\"Home\",\"item\":\"https:\/\/www.allinclusivehotels.it\/de\"},{\"@type\":\"ListItem\",\"position\":2,\"name\":\"Urlaubsziele\",\"item\":\"https:\/\/www.allinclusivehotels.it\/de\/urlaubsziele\"},{\"@type\":\"ListItem\",\"position\":3,\"name\":\"Riccione\"}]},{\"@type\":\"WebSite\",\"@id\":\"https:\/\/www.allinclusivehotels.it\/de#website\",\"url\":\"https:\/\/www.allinclusivehotels.it\/de\",\"name\":\"All Inclusive Hotels\",\"description\":\"\",\"publisher\":{\"@id\":\"https:\/\/www.allinclusivehotels.it\/de#organization\"},\"potentialAction\":[{\"@type\":\"SearchAction\",\"target\":{\"@type\":\"EntryPoint\",\"urlTemplate\":\"https:\/\/www.allinclusivehotels.it\/de?s={search_term_string}\"},\"query-input\":{\"@type\":\"PropertyValueSpecification\",\"valueRequired\":true,\"valueName\":\"search_term_string\"}}],\"inLanguage\":\"de\"},{\"@type\":\"Organization\",\"@id\":\"https:\/\/www.allinclusivehotels.it\/de#organization\",\"name\":\"All Inclusive Hotels\",\"url\":\"https:\/\/www.allinclusivehotels.it\/de\",\"logo\":{\"@type\":\"ImageObject\",\"inLanguage\":\"de\",\"@id\":\"https:\/\/www.allinclusivehotels.it\/de#\/schema\/logo\/image\/\",\"url\":\"\",\"contentUrl\":\"\",\"caption\":\"All Inclusive Hotels\"},\"image\":{\"@id\":\"https:\/\/www.allinclusivehotels.it\/de#\/schema\/logo\/image\/\"}}]}<\/script>\n<!-- \/ Yoast SEO plugin. -->","yoast_head_json":{"title":"Riccione - All Inclusive Hotels","robots":{"index":"index","follow":"follow","max-snippet":"max-snippet:-1","max-image-preview":"max-image-preview:large","max-video-preview":"max-video-preview:-1"},"canonical":"https:\/\/www.allinclusivehotels.it\/de\/urlaubsziele\/riccione","og_locale":"de_DE","og_type":"article","og_title":"Riccione - All Inclusive Hotels","og_description":"Perle der Adria Die Stadt Riccione, ein Aush\u00e4ngeschild der Tourismusregion romagnolische Adria, ist schick, gepflegt &hellip;","og_url":"https:\/\/www.allinclusivehotels.it\/de\/urlaubsziele\/riccione","og_site_name":"All Inclusive Hotels","article_modified_time":"2022-07-01T09:34:13+00:00","twitter_card":"summary_large_image","twitter_misc":{"Gesch\u00e4tzte Lesezeit":"2\u00a0Minuten"},"schema":{"@context":"https:\/\/schema.org","@graph":[{"@type":"WebPage","@id":"https:\/\/www.allinclusivehotels.it\/de\/urlaubsziele\/riccione","url":"https:\/\/www.allinclusivehotels.it\/de\/urlaubsziele\/riccione","name":"Riccione - All Inclusive Hotels","isPartOf":{"@id":"https:\/\/www.allinclusivehotels.it\/de#website"},"datePublished":"2022-03-28T08:05:38+00:00","dateModified":"2022-07-01T09:34:13+00:00","breadcrumb":{"@id":"https:\/\/www.allinclusivehotels.it\/de\/urlaubsziele\/riccione#breadcrumb"},"inLanguage":"de","potentialAction":[{"@type":"ReadAction","target":["https:\/\/www.allinclusivehotels.it\/de\/urlaubsziele\/riccione"]}]},{"@type":"BreadcrumbList","@id":"https:\/\/www.allinclusivehotels.it\/de\/urlaubsziele\/riccione#breadcrumb","itemListElement":[{"@type":"ListItem","position":1,"name":"Home","item":"https:\/\/www.allinclusivehotels.it\/de"},{"@type":"ListItem","position":2,"name":"Urlaubsziele","item":"https:\/\/www.allinclusivehotels.it\/de\/urlaubsziele"},{"@type":"ListItem","position":3,"name":"Riccione"}]},{"@type":"WebSite","@id":"https:\/\/www.allinclusivehotels.it\/de#website","url":"https:\/\/www.allinclusivehotels.it\/de","name":"All Inclusive Hotels","description":"","publisher":{"@id":"https:\/\/www.allinclusivehotels.it\/de#organization"},"potentialAction":[{"@type":"SearchAction","target":{"@type":"EntryPoint","urlTemplate":"https:\/\/www.allinclusivehotels.it\/de?s={search_term_string}"},"query-input":{"@type":"PropertyValueSpecification","valueRequired":true,"valueName":"search_term_string"}}],"inLanguage":"de"},{"@type":"Organization","@id":"https:\/\/www.allinclusivehotels.it\/de#organization","name":"All Inclusive Hotels","url":"https:\/\/www.allinclusivehotels.it\/de","logo":{"@type":"ImageObject","inLanguage":"de","@id":"https:\/\/www.allinclusivehotels.it\/de#\/schema\/logo\/image\/","url":"","contentUrl":"","caption":"All Inclusive Hotels"},"image":{"@id":"https:\/\/www.allinclusivehotels.it\/de#\/schema\/logo\/image\/"}}]}},"_links":{"self":[{"href":"https:\/\/www.allinclusivehotels.it\/de\/wp-json\/wp\/v2\/pages\/16432","targetHints":{"allow":["GET"]}}],"collection":[{"href":"https:\/\/www.allinclusivehotels.it\/de\/wp-json\/wp\/v2\/pages"}],"about":[{"href":"https:\/\/www.allinclusivehotels.it\/de\/wp-json\/wp\/v2\/types\/page"}],"author":[{"embeddable":true,"href":"https:\/\/www.allinclusivehotels.it\/de\/wp-json\/wp\/v2\/users\/1"}],"replies":[{"embeddable":true,"href":"https:\/\/www.allinclusivehotels.it\/de\/wp-json\/wp\/v2\/comments?post=16432"}],"version-history":[{"count":2,"href":"https:\/\/www.allinclusivehotels.it\/de\/wp-json\/wp\/v2\/pages\/16432\/revisions"}],"predecessor-version":[{"id":21376,"href":"https:\/\/www.allinclusivehotels.it\/de\/wp-json\/wp\/v2\/pages\/16432\/revisions\/21376"}],"up":[{"embeddable":true,"href":"https:\/\/www.allinclusivehotels.it\/de\/wp-json\/wp\/v2\/pages\/16402"}],"wp:attachment":[{"href":"https:\/\/www.allinclusivehotels.it\/de\/wp-json\/wp\/v2\/media?parent=16432"}],"curies":[{"name":"wp","href":"https:\/\/api.w.org\/{rel}","templated":true}]}}