{"id":16426,"date":"2022-03-28T10:05:37","date_gmt":"2022-03-28T08:05:37","guid":{"rendered":"https:\/\/www.allinclusivehotels.it\/urlaubsziele\/marina-romea"},"modified":"2022-07-01T11:29:48","modified_gmt":"2022-07-01T09:29:48","slug":"marina-romea","status":"publish","type":"page","link":"https:\/\/www.allinclusivehotels.it\/de\/urlaubsziele\/marina-romea","title":{"rendered":"Marina Romea"},"content":{"rendered":"\n<h2 class=\"wp-block-heading\">Goldener Strand \u2013 blaues Meer \u2013 gr\u00fcne Pinien<\/h2>\n\n\n\n<p>Zum <b>Strand <\/b>von Marina Romea gelangt man auf <b>sch\u00f6nen Fu\u00dfwegen durch Pinienwald<\/b>; er besteht aus Sand, ist breit und<b> f\u00e4llt ganz sanft ins klare Meer ab<\/b>. Ob Sie den Komfort und den Service der Strandb\u00e4der nutzen oder sich lieber an den freien Abschnitten aufhalten, beste Bedingungen f\u00fcr fr\u00f6hliches Baden, Platz zum Liegen und Spielen sind f\u00fcr alle gegeben \u2013 <b>junge Leute, Kinder und Senioren.<\/b><\/p>\n\n\n\n<!--more-->\n\n\n\n<p>Auf der R\u00fcckseite der Landzunge, ein paar Schritte vom offenen Meer entfernt, befindet sich die seichte <b>Brackwasser-Lagune Pialassa Baiona<\/b>, Teil des <b>Po-Delta-Naturparks<\/b>. Nicht wenige Menschen kommen allein wegen der stimmungsvollen Sonnenaufg\u00e4nge und -unterg\u00e4nge, die man in dieser eingenartigen Landschaft erleben kann, andere um beim &#8220;Birdwatching&#8221; seltene Wasserv\u00f6gel zu beobachten.<\/p>\n\n\n\n<p>Jeder hofft, einem Schwarm der seltenen rosa Flamingos zu begegnen. Eine ihrer flaumigen rosa Federn zu finden, l\u00e4sst die Augen leuchten. Man nimmt ein sch\u00f6nes Andenken mit nach Hause und macht vielleicht einen Haarschmuck daraus.<\/p>\n\n\n\n<p>Marina Romea bietet viele M\u00f6glichkeiten zu <b>sportlichen Aktivit\u00e4ten im Kontakt mit der Natur: Reiten, einfache Radtouren, entspannende Spazierg\u00e4nge, Kanu- und Bootsfahrten, <\/b>bei denen man die charakteristische Flora, Tiere und urt\u00fcmliche Fischerh\u00fctten entdecken kann.<\/p>\n\n\n\n<h2 class=\"wp-block-heading\">Kunst und Kultur um die Ecke<\/h2>\n\n\n\n<p>In nur 20 Minuten erreichen Sie die alte Stadt <b>Ravenna <\/b>mit ihren weltber\u00fchmten Kunstsch\u00e4tzen. Lassen Sie die byzantinischen Mosaike und die majest\u00e4tischen alten Bauwerke auf sich wirken. <b>Lehrreiche Unterhaltung f\u00fcr Kinder, Museen, Kuriosit\u00e4ten, das Grab des Dichters Dante und kulturelle Veranstaltungen<\/b> bereichern Ihren Ausflug in die Stadt. Der Glanz der <b>ehemaligen Hauptstadt des Westr\u00f6mischen Reiches <\/b>strahlt immer noch.<\/p>\n\n\n\n<h2 class=\"wp-block-heading\">Spa\u00df muss sein!<\/h2>\n\n\n\n<p>Der Mensch will sich vergn\u00fcgen, Spannung und Abenteuer erleben.<\/p>\n\n\n\n<p>Der <b>Vergn\u00fcgungspark Mirabilandia<\/b> bietet ihm dazu alles, was die Technik heute hergibt. Vor allem Jugendliche suchen den <b>Adrenalinschub<\/b> und sind von den wilden Bahnen begeistert. Es gibt aber auch zahlreiche <b>sch\u00f6ne Anlagen f\u00fcr kleinere Kinde<\/b>r \u2013 und die Eltern freuen sich mit ihnen.<\/p>\n","protected":false},"excerpt":{"rendered":"<p>Goldener Strand \u2013 blaues Meer \u2013 gr\u00fcne Pinien Zum Strand von Marina Romea gelangt man &hellip;<\/p>\n","protected":false},"author":1,"featured_media":0,"parent":16402,"menu_order":0,"comment_status":"closed","ping_status":"closed","template":"page-templates\/destinazione.php","meta":{"_acf_changed":false,"footnotes":""},"class_list":["post-16426","page","type-page","status-publish","hentry"],"acf":[],"yoast_head":"<!-- This site is optimized with the Yoast SEO plugin v27.0 - https:\/\/yoast.com\/product\/yoast-seo-wordpress\/ -->\n<title>Marina Romea - All Inclusive Hotels<\/title>\n<meta name=\"robots\" content=\"index, follow, max-snippet:-1, max-image-preview:large, max-video-preview:-1\" \/>\n<link rel=\"canonical\" href=\"https:\/\/www.allinclusivehotels.it\/de\/urlaubsziele\/marina-romea\" \/>\n<meta property=\"og:locale\" content=\"de_DE\" \/>\n<meta property=\"og:type\" content=\"article\" \/>\n<meta property=\"og:title\" content=\"Marina Romea - All Inclusive Hotels\" \/>\n<meta property=\"og:description\" content=\"Goldener Strand \u2013 blaues Meer \u2013 gr\u00fcne Pinien Zum Strand von Marina Romea gelangt man &hellip;\" \/>\n<meta property=\"og:url\" content=\"https:\/\/www.allinclusivehotels.it\/de\/urlaubsziele\/marina-romea\" \/>\n<meta property=\"og:site_name\" content=\"All Inclusive Hotels\" \/>\n<meta property=\"article:modified_time\" content=\"2022-07-01T09:29:48+00:00\" \/>\n<meta name=\"twitter:card\" content=\"summary_large_image\" \/>\n<meta name=\"twitter:label1\" content=\"Gesch\u00e4tzte Lesezeit\" \/>\n\t<meta name=\"twitter:data1\" content=\"2\u00a0Minuten\" \/>\n<script type=\"application\/ld+json\" class=\"yoast-schema-graph\">{\"@context\":\"https:\/\/schema.org\",\"@graph\":[{\"@type\":\"WebPage\",\"@id\":\"https:\/\/www.allinclusivehotels.it\/de\/urlaubsziele\/marina-romea\",\"url\":\"https:\/\/www.allinclusivehotels.it\/de\/urlaubsziele\/marina-romea\",\"name\":\"Marina Romea - All Inclusive Hotels\",\"isPartOf\":{\"@id\":\"https:\/\/www.allinclusivehotels.it\/de#website\"},\"datePublished\":\"2022-03-28T08:05:37+00:00\",\"dateModified\":\"2022-07-01T09:29:48+00:00\",\"breadcrumb\":{\"@id\":\"https:\/\/www.allinclusivehotels.it\/de\/urlaubsziele\/marina-romea#breadcrumb\"},\"inLanguage\":\"de\",\"potentialAction\":[{\"@type\":\"ReadAction\",\"target\":[\"https:\/\/www.allinclusivehotels.it\/de\/urlaubsziele\/marina-romea\"]}]},{\"@type\":\"BreadcrumbList\",\"@id\":\"https:\/\/www.allinclusivehotels.it\/de\/urlaubsziele\/marina-romea#breadcrumb\",\"itemListElement\":[{\"@type\":\"ListItem\",\"position\":1,\"name\":\"Home\",\"item\":\"https:\/\/www.allinclusivehotels.it\/de\"},{\"@type\":\"ListItem\",\"position\":2,\"name\":\"Urlaubsziele\",\"item\":\"https:\/\/www.allinclusivehotels.it\/de\/urlaubsziele\"},{\"@type\":\"ListItem\",\"position\":3,\"name\":\"Marina Romea\"}]},{\"@type\":\"WebSite\",\"@id\":\"https:\/\/www.allinclusivehotels.it\/de#website\",\"url\":\"https:\/\/www.allinclusivehotels.it\/de\",\"name\":\"All Inclusive Hotels\",\"description\":\"\",\"publisher\":{\"@id\":\"https:\/\/www.allinclusivehotels.it\/de#organization\"},\"potentialAction\":[{\"@type\":\"SearchAction\",\"target\":{\"@type\":\"EntryPoint\",\"urlTemplate\":\"https:\/\/www.allinclusivehotels.it\/de?s={search_term_string}\"},\"query-input\":{\"@type\":\"PropertyValueSpecification\",\"valueRequired\":true,\"valueName\":\"search_term_string\"}}],\"inLanguage\":\"de\"},{\"@type\":\"Organization\",\"@id\":\"https:\/\/www.allinclusivehotels.it\/de#organization\",\"name\":\"All Inclusive Hotels\",\"url\":\"https:\/\/www.allinclusivehotels.it\/de\",\"logo\":{\"@type\":\"ImageObject\",\"inLanguage\":\"de\",\"@id\":\"https:\/\/www.allinclusivehotels.it\/de#\/schema\/logo\/image\/\",\"url\":\"\",\"contentUrl\":\"\",\"caption\":\"All Inclusive Hotels\"},\"image\":{\"@id\":\"https:\/\/www.allinclusivehotels.it\/de#\/schema\/logo\/image\/\"}}]}<\/script>\n<!-- \/ Yoast SEO plugin. -->","yoast_head_json":{"title":"Marina Romea - All Inclusive Hotels","robots":{"index":"index","follow":"follow","max-snippet":"max-snippet:-1","max-image-preview":"max-image-preview:large","max-video-preview":"max-video-preview:-1"},"canonical":"https:\/\/www.allinclusivehotels.it\/de\/urlaubsziele\/marina-romea","og_locale":"de_DE","og_type":"article","og_title":"Marina Romea - All Inclusive Hotels","og_description":"Goldener Strand \u2013 blaues Meer \u2013 gr\u00fcne Pinien Zum Strand von Marina Romea gelangt man &hellip;","og_url":"https:\/\/www.allinclusivehotels.it\/de\/urlaubsziele\/marina-romea","og_site_name":"All Inclusive Hotels","article_modified_time":"2022-07-01T09:29:48+00:00","twitter_card":"summary_large_image","twitter_misc":{"Gesch\u00e4tzte Lesezeit":"2\u00a0Minuten"},"schema":{"@context":"https:\/\/schema.org","@graph":[{"@type":"WebPage","@id":"https:\/\/www.allinclusivehotels.it\/de\/urlaubsziele\/marina-romea","url":"https:\/\/www.allinclusivehotels.it\/de\/urlaubsziele\/marina-romea","name":"Marina Romea - All Inclusive Hotels","isPartOf":{"@id":"https:\/\/www.allinclusivehotels.it\/de#website"},"datePublished":"2022-03-28T08:05:37+00:00","dateModified":"2022-07-01T09:29:48+00:00","breadcrumb":{"@id":"https:\/\/www.allinclusivehotels.it\/de\/urlaubsziele\/marina-romea#breadcrumb"},"inLanguage":"de","potentialAction":[{"@type":"ReadAction","target":["https:\/\/www.allinclusivehotels.it\/de\/urlaubsziele\/marina-romea"]}]},{"@type":"BreadcrumbList","@id":"https:\/\/www.allinclusivehotels.it\/de\/urlaubsziele\/marina-romea#breadcrumb","itemListElement":[{"@type":"ListItem","position":1,"name":"Home","item":"https:\/\/www.allinclusivehotels.it\/de"},{"@type":"ListItem","position":2,"name":"Urlaubsziele","item":"https:\/\/www.allinclusivehotels.it\/de\/urlaubsziele"},{"@type":"ListItem","position":3,"name":"Marina Romea"}]},{"@type":"WebSite","@id":"https:\/\/www.allinclusivehotels.it\/de#website","url":"https:\/\/www.allinclusivehotels.it\/de","name":"All Inclusive Hotels","description":"","publisher":{"@id":"https:\/\/www.allinclusivehotels.it\/de#organization"},"potentialAction":[{"@type":"SearchAction","target":{"@type":"EntryPoint","urlTemplate":"https:\/\/www.allinclusivehotels.it\/de?s={search_term_string}"},"query-input":{"@type":"PropertyValueSpecification","valueRequired":true,"valueName":"search_term_string"}}],"inLanguage":"de"},{"@type":"Organization","@id":"https:\/\/www.allinclusivehotels.it\/de#organization","name":"All Inclusive Hotels","url":"https:\/\/www.allinclusivehotels.it\/de","logo":{"@type":"ImageObject","inLanguage":"de","@id":"https:\/\/www.allinclusivehotels.it\/de#\/schema\/logo\/image\/","url":"","contentUrl":"","caption":"All Inclusive Hotels"},"image":{"@id":"https:\/\/www.allinclusivehotels.it\/de#\/schema\/logo\/image\/"}}]}},"_links":{"self":[{"href":"https:\/\/www.allinclusivehotels.it\/de\/wp-json\/wp\/v2\/pages\/16426","targetHints":{"allow":["GET"]}}],"collection":[{"href":"https:\/\/www.allinclusivehotels.it\/de\/wp-json\/wp\/v2\/pages"}],"about":[{"href":"https:\/\/www.allinclusivehotels.it\/de\/wp-json\/wp\/v2\/types\/page"}],"author":[{"embeddable":true,"href":"https:\/\/www.allinclusivehotels.it\/de\/wp-json\/wp\/v2\/users\/1"}],"replies":[{"embeddable":true,"href":"https:\/\/www.allinclusivehotels.it\/de\/wp-json\/wp\/v2\/comments?post=16426"}],"version-history":[{"count":2,"href":"https:\/\/www.allinclusivehotels.it\/de\/wp-json\/wp\/v2\/pages\/16426\/revisions"}],"predecessor-version":[{"id":21370,"href":"https:\/\/www.allinclusivehotels.it\/de\/wp-json\/wp\/v2\/pages\/16426\/revisions\/21370"}],"up":[{"embeddable":true,"href":"https:\/\/www.allinclusivehotels.it\/de\/wp-json\/wp\/v2\/pages\/16402"}],"wp:attachment":[{"href":"https:\/\/www.allinclusivehotels.it\/de\/wp-json\/wp\/v2\/media?parent=16426"}],"curies":[{"name":"wp","href":"https:\/\/api.w.org\/{rel}","templated":true}]}}