{"id":16424,"date":"2022-03-28T10:05:36","date_gmt":"2022-03-28T08:05:36","guid":{"rendered":"https:\/\/www.allinclusivehotels.it\/urlaubsziele\/lido-di-classe"},"modified":"2022-07-01T11:27:37","modified_gmt":"2022-07-01T09:27:37","slug":"lido-di-classe","status":"publish","type":"page","link":"https:\/\/www.allinclusivehotels.it\/de\/urlaubsziele\/lido-di-classe","title":{"rendered":"Lido di Classe"},"content":{"rendered":"\n<h2 class=\"wp-block-heading\">Baden in der Natur<\/h2>\n\n\n\n<p>Lido di Classe ist einer von sieben gem\u00fctlichen &#8220;Lido&#8221;-Orten an der K\u00fcste der Provinz Ravenna. Der helle Sand des breiten Strandes formt D\u00fcnen, das saubere Wasser ist flach, man kann weit ins Meer hinein laufen \u2013 eine ideale Umgebung zum Baden und Entspannen, insbesondere f\u00fcr Familien mit Kindern. Ein 5 km langer<b> naturbelassener freier Strand<\/b><\/p>\n\n\n\n<p>l\u00e4dt zu entspannenden Spazierg\u00e4ngen ein; das Rauschen der Wellen und die salzige Meeresluft lassen die Seele baumeln. Lido di Classe wurde mehrfach mit der europ\u00e4ischen <b>&#8220;Blauen Flagge&#8221; <\/b>und der<b> &#8220;Gr\u00fcnen Flagge&#8221;<\/b> des italienischen Kinder\u00e4rzte-Verbands ausgezeichnet.<\/p>\n\n\n\n<!--more-->\n\n\n\n<p>Die D\u00fcnen grenzen an einen herrlichen <b>alten Pinienwald, <\/b>mit Wegen, auf denen man beim Laufen oder Radfahren den Schatten und den harzigen Duft genie\u00dfen kann. Auf <b>Radwegen<\/b> kann man auch die Umgebung erkunden. Nahe bei Lido di Savio liegt die <b>M\u00fcndung des Fl\u00fcsschens Bevano, ein wertvolles Naturschutzgebiet, Teil des Po-Delta-Naturparks<\/b>. Es werden Fl\u00fcge in Ultraleicht-Flugzeugen angeboten, um es von oben zu betrachten.<\/p>\n\n\n\n<h2 class=\"wp-block-heading\">Lebhaftes Ortszentrum und Freizeitpark<\/h2>\n\n\n\n<p>Die <b>Ortsmitte von Lido di Savio<\/b>, mit Fu\u00dfg\u00e4ngerzone, Gesch\u00e4ften, Eisdielen, einladenden Lokalen und Gr\u00fcnanlagen l\u00e4dt zu einem angenehmen, entspannten <b>Stadtbummel<\/b> ein.<\/p>\n\n\n\n<p>Zehn Autominuten entfernt bietet der gigantische <b>Vergn\u00fcgungspark<\/b> <b>Mirabilandia<\/b> mit spektakul\u00e4ren Attraktionen und Vorf\u00fchrungen jede Menge Spa\u00df.<\/p>\n\n\n\n<h2 class=\"wp-block-heading\">Kunst, Kultur und Thermen<\/h2>\n\n\n\n<p>Die nahe<b> <\/b>Stadt<b> Ravenna <\/b>hat eine enorme Dichte an alten Baudenkm\u00e4lern und Kunstwerken, die von der UNESCO als Weltkulturerbe delariert wurden. Die weltber\u00fchmten <b>Mosaike <\/b>kann man auch noch am sp\u00e4ten Abend bewundern, so dass Sie der Kultur nicht mal einen Tag am Strand opfern m\u00fcssen.<\/p>\n\n\n\n<p>Wer einmal so richtig den K\u00f6rper verw\u00f6hnen und die Gesundheit boostern will, kann die Angebote der nahen <b>Thermen von Punta Marina<\/b> wahrnehmen und unter vielen Behandlungen, Massagen und Wellness-Programmen w\u00e4hlen.<\/p>\n","protected":false},"excerpt":{"rendered":"<p>Baden in der Natur Lido di Classe ist einer von sieben gem\u00fctlichen &#8220;Lido&#8221;-Orten an der &hellip;<\/p>\n","protected":false},"author":1,"featured_media":0,"parent":16402,"menu_order":0,"comment_status":"closed","ping_status":"closed","template":"page-templates\/destinazione.php","meta":{"_acf_changed":false,"footnotes":""},"class_list":["post-16424","page","type-page","status-publish","hentry"],"acf":[],"yoast_head":"<!-- This site is optimized with the Yoast SEO plugin v27.0 - https:\/\/yoast.com\/product\/yoast-seo-wordpress\/ -->\n<title>Lido di Classe - All Inclusive Hotels<\/title>\n<meta name=\"robots\" content=\"index, follow, max-snippet:-1, max-image-preview:large, max-video-preview:-1\" \/>\n<link rel=\"canonical\" href=\"https:\/\/www.allinclusivehotels.it\/de\/urlaubsziele\/lido-di-classe\" \/>\n<meta property=\"og:locale\" content=\"de_DE\" \/>\n<meta property=\"og:type\" content=\"article\" \/>\n<meta property=\"og:title\" content=\"Lido di Classe - All Inclusive Hotels\" \/>\n<meta property=\"og:description\" content=\"Baden in der Natur Lido di Classe ist einer von sieben gem\u00fctlichen &#8220;Lido&#8221;-Orten an der &hellip;\" \/>\n<meta property=\"og:url\" content=\"https:\/\/www.allinclusivehotels.it\/de\/urlaubsziele\/lido-di-classe\" \/>\n<meta property=\"og:site_name\" content=\"All Inclusive Hotels\" \/>\n<meta property=\"article:modified_time\" content=\"2022-07-01T09:27:37+00:00\" \/>\n<meta name=\"twitter:card\" content=\"summary_large_image\" \/>\n<meta name=\"twitter:label1\" content=\"Gesch\u00e4tzte Lesezeit\" \/>\n\t<meta name=\"twitter:data1\" content=\"2\u00a0Minuten\" \/>\n<script type=\"application\/ld+json\" class=\"yoast-schema-graph\">{\"@context\":\"https:\/\/schema.org\",\"@graph\":[{\"@type\":\"WebPage\",\"@id\":\"https:\/\/www.allinclusivehotels.it\/de\/urlaubsziele\/lido-di-classe\",\"url\":\"https:\/\/www.allinclusivehotels.it\/de\/urlaubsziele\/lido-di-classe\",\"name\":\"Lido di Classe - All Inclusive Hotels\",\"isPartOf\":{\"@id\":\"https:\/\/www.allinclusivehotels.it\/de#website\"},\"datePublished\":\"2022-03-28T08:05:36+00:00\",\"dateModified\":\"2022-07-01T09:27:37+00:00\",\"breadcrumb\":{\"@id\":\"https:\/\/www.allinclusivehotels.it\/de\/urlaubsziele\/lido-di-classe#breadcrumb\"},\"inLanguage\":\"de\",\"potentialAction\":[{\"@type\":\"ReadAction\",\"target\":[\"https:\/\/www.allinclusivehotels.it\/de\/urlaubsziele\/lido-di-classe\"]}]},{\"@type\":\"BreadcrumbList\",\"@id\":\"https:\/\/www.allinclusivehotels.it\/de\/urlaubsziele\/lido-di-classe#breadcrumb\",\"itemListElement\":[{\"@type\":\"ListItem\",\"position\":1,\"name\":\"Home\",\"item\":\"https:\/\/www.allinclusivehotels.it\/de\"},{\"@type\":\"ListItem\",\"position\":2,\"name\":\"Urlaubsziele\",\"item\":\"https:\/\/www.allinclusivehotels.it\/de\/urlaubsziele\"},{\"@type\":\"ListItem\",\"position\":3,\"name\":\"Lido di Classe\"}]},{\"@type\":\"WebSite\",\"@id\":\"https:\/\/www.allinclusivehotels.it\/de#website\",\"url\":\"https:\/\/www.allinclusivehotels.it\/de\",\"name\":\"All Inclusive Hotels\",\"description\":\"\",\"publisher\":{\"@id\":\"https:\/\/www.allinclusivehotels.it\/de#organization\"},\"potentialAction\":[{\"@type\":\"SearchAction\",\"target\":{\"@type\":\"EntryPoint\",\"urlTemplate\":\"https:\/\/www.allinclusivehotels.it\/de?s={search_term_string}\"},\"query-input\":{\"@type\":\"PropertyValueSpecification\",\"valueRequired\":true,\"valueName\":\"search_term_string\"}}],\"inLanguage\":\"de\"},{\"@type\":\"Organization\",\"@id\":\"https:\/\/www.allinclusivehotels.it\/de#organization\",\"name\":\"All Inclusive Hotels\",\"url\":\"https:\/\/www.allinclusivehotels.it\/de\",\"logo\":{\"@type\":\"ImageObject\",\"inLanguage\":\"de\",\"@id\":\"https:\/\/www.allinclusivehotels.it\/de#\/schema\/logo\/image\/\",\"url\":\"\",\"contentUrl\":\"\",\"caption\":\"All Inclusive Hotels\"},\"image\":{\"@id\":\"https:\/\/www.allinclusivehotels.it\/de#\/schema\/logo\/image\/\"}}]}<\/script>\n<!-- \/ Yoast SEO plugin. -->","yoast_head_json":{"title":"Lido di Classe - All Inclusive Hotels","robots":{"index":"index","follow":"follow","max-snippet":"max-snippet:-1","max-image-preview":"max-image-preview:large","max-video-preview":"max-video-preview:-1"},"canonical":"https:\/\/www.allinclusivehotels.it\/de\/urlaubsziele\/lido-di-classe","og_locale":"de_DE","og_type":"article","og_title":"Lido di Classe - All Inclusive Hotels","og_description":"Baden in der Natur Lido di Classe ist einer von sieben gem\u00fctlichen &#8220;Lido&#8221;-Orten an der &hellip;","og_url":"https:\/\/www.allinclusivehotels.it\/de\/urlaubsziele\/lido-di-classe","og_site_name":"All Inclusive Hotels","article_modified_time":"2022-07-01T09:27:37+00:00","twitter_card":"summary_large_image","twitter_misc":{"Gesch\u00e4tzte Lesezeit":"2\u00a0Minuten"},"schema":{"@context":"https:\/\/schema.org","@graph":[{"@type":"WebPage","@id":"https:\/\/www.allinclusivehotels.it\/de\/urlaubsziele\/lido-di-classe","url":"https:\/\/www.allinclusivehotels.it\/de\/urlaubsziele\/lido-di-classe","name":"Lido di Classe - All Inclusive Hotels","isPartOf":{"@id":"https:\/\/www.allinclusivehotels.it\/de#website"},"datePublished":"2022-03-28T08:05:36+00:00","dateModified":"2022-07-01T09:27:37+00:00","breadcrumb":{"@id":"https:\/\/www.allinclusivehotels.it\/de\/urlaubsziele\/lido-di-classe#breadcrumb"},"inLanguage":"de","potentialAction":[{"@type":"ReadAction","target":["https:\/\/www.allinclusivehotels.it\/de\/urlaubsziele\/lido-di-classe"]}]},{"@type":"BreadcrumbList","@id":"https:\/\/www.allinclusivehotels.it\/de\/urlaubsziele\/lido-di-classe#breadcrumb","itemListElement":[{"@type":"ListItem","position":1,"name":"Home","item":"https:\/\/www.allinclusivehotels.it\/de"},{"@type":"ListItem","position":2,"name":"Urlaubsziele","item":"https:\/\/www.allinclusivehotels.it\/de\/urlaubsziele"},{"@type":"ListItem","position":3,"name":"Lido di Classe"}]},{"@type":"WebSite","@id":"https:\/\/www.allinclusivehotels.it\/de#website","url":"https:\/\/www.allinclusivehotels.it\/de","name":"All Inclusive Hotels","description":"","publisher":{"@id":"https:\/\/www.allinclusivehotels.it\/de#organization"},"potentialAction":[{"@type":"SearchAction","target":{"@type":"EntryPoint","urlTemplate":"https:\/\/www.allinclusivehotels.it\/de?s={search_term_string}"},"query-input":{"@type":"PropertyValueSpecification","valueRequired":true,"valueName":"search_term_string"}}],"inLanguage":"de"},{"@type":"Organization","@id":"https:\/\/www.allinclusivehotels.it\/de#organization","name":"All Inclusive Hotels","url":"https:\/\/www.allinclusivehotels.it\/de","logo":{"@type":"ImageObject","inLanguage":"de","@id":"https:\/\/www.allinclusivehotels.it\/de#\/schema\/logo\/image\/","url":"","contentUrl":"","caption":"All Inclusive Hotels"},"image":{"@id":"https:\/\/www.allinclusivehotels.it\/de#\/schema\/logo\/image\/"}}]}},"_links":{"self":[{"href":"https:\/\/www.allinclusivehotels.it\/de\/wp-json\/wp\/v2\/pages\/16424","targetHints":{"allow":["GET"]}}],"collection":[{"href":"https:\/\/www.allinclusivehotels.it\/de\/wp-json\/wp\/v2\/pages"}],"about":[{"href":"https:\/\/www.allinclusivehotels.it\/de\/wp-json\/wp\/v2\/types\/page"}],"author":[{"embeddable":true,"href":"https:\/\/www.allinclusivehotels.it\/de\/wp-json\/wp\/v2\/users\/1"}],"replies":[{"embeddable":true,"href":"https:\/\/www.allinclusivehotels.it\/de\/wp-json\/wp\/v2\/comments?post=16424"}],"version-history":[{"count":2,"href":"https:\/\/www.allinclusivehotels.it\/de\/wp-json\/wp\/v2\/pages\/16424\/revisions"}],"predecessor-version":[{"id":21367,"href":"https:\/\/www.allinclusivehotels.it\/de\/wp-json\/wp\/v2\/pages\/16424\/revisions\/21367"}],"up":[{"embeddable":true,"href":"https:\/\/www.allinclusivehotels.it\/de\/wp-json\/wp\/v2\/pages\/16402"}],"wp:attachment":[{"href":"https:\/\/www.allinclusivehotels.it\/de\/wp-json\/wp\/v2\/media?parent=16424"}],"curies":[{"name":"wp","href":"https:\/\/api.w.org\/{rel}","templated":true}]}}