{"id":16422,"date":"2022-03-28T10:05:36","date_gmt":"2022-03-28T08:05:36","guid":{"rendered":"https:\/\/www.allinclusivehotels.it\/urlaubsziele\/jesolo"},"modified":"2022-07-01T11:26:46","modified_gmt":"2022-07-01T09:26:46","slug":"jesolo","status":"publish","type":"page","link":"https:\/\/www.allinclusivehotels.it\/de\/urlaubsziele\/jesolo","title":{"rendered":"Jesolo"},"content":{"rendered":"\n<h2 class=\"wp-block-heading\">Strand-Relax, Pinienwald und Spa\u00df<\/h2>\n\n\n\n<p><b>Jesolo<\/b>, die Perle der<b> oberen Adria,<\/b> wenige Kilometer von <b>Venedig,<\/b> verk\u00f6rpert das Konzept &#8220;Strandurlaub&#8221; wie kaum ein anderer Ort. Der von schattigem gr\u00fcnen <b>Pinienwald<\/b> ges\u00e4umte, <b>15 km lange Sandstrand <\/b>ist Ziel von  jungen und alten Sonnenhungrigen, Erholungssuchenden, Familien, Vergn\u00fcgungslustigen und Sportlern, denen ein modernes Gast- und Freizeitgewerbe (fast) jeden Wunsch erf\u00fcllt.<\/p>\n\n\n\n<!--more-->\n\n\n\n<h2 class=\"wp-block-heading\">Blaue Flagge, Komfort, Sport<\/h2>\n\n\n\n<p>Seit Jahren wird die Badequalit\u00e4t der Str\u00e4nde und der Einrichtungen mit der europ\u00e4ischen Blauen Flagge pr\u00e4miert,  Ausstattung und Service der Strandb\u00e4der gelten als vorbildlich, auch hinsichtlich der Sicherheit und des Umweltschutzes.<\/p>\n\n\n\n<p>Dazu kommen ein gr\u00fcnes Stadtbild, das zu entspannenden Spazierg\u00e4ngen zwischen den <b>Ortsteilen Centro, Faro und Pineta <\/b>einl\u00e4dt, und <b>nat\u00fcrliche Landschaften<\/b>. Sch\u00f6ne Fahrradwege f\u00fchren l\u00e4ngs der Fl\u00fcsse <b>Sile<\/b> und <b>Piave<\/b> ins Hinterland<\/p>\n\n\n\n<p>Die <b>All-Inclusive-Hotels von Jesolo <\/b>stehen <b>Radurlaubern<\/b> mit spezifischer Ausr\u00fcstung, Routen-Beratung und F\u00fchrern zur Seite.<\/p>\n\n\n\n<p>Die Sportm\u00f6glichkeiten in Jesolo sind beinahe unbegrenzt; neben Einrichtungen und Schulen f\u00fcr Wassersport wie <b>Segeln<\/b>, <b>Windsurf,<\/b> <b>Kanu und Tauchen<\/b> gibt es an Land beispielsweise <b>Minigolfpl\u00e4tze<\/b> und den <b>Golf Club Jesolo<\/b>.<\/p>\n\n\n\n<h2 class=\"wp-block-heading\">Freizeitparks f\u00fcr Familien<\/h2>\n\n\n\n<p>F\u00fcr junge Leute und Familien mit Kindern, die nach <b>Jesolo<\/b> fahren, ist ein Besuch des <b>Wasserparks<\/b> <b>Aqualandia<\/b> beinahe ein Muss. Die Gestaltung der 80.000 m\u00b2 gro\u00dfen Anlage ist einer Karibikinsel nachempfunden. In der &#8220;Shark Bay&#8221; lockt ein tropischer Strand mit wei\u00dfem Sand vor Palmen, Felsen und St\u00e4nden, die Erfrischungen anbieten. F\u00fcr kleine Kinder gibt es im &#8220;Funnyland&#8221;  viel Spannendes und Lustiges zu erproben. Die h\u00f6chste Wasser-Rutschbahn und der h\u00f6chste Bungee-Sprungturm Europas bieten Gr\u00f6\u00dferen starke Emotionen.<\/p>\n\n\n\n<p>In der Halle des <b>Tropicarium Park <\/b>kann man seltsame und aufregende Tiere aus aller Welt bewundern.<\/p>\n\n\n\n<p>Das <b>Sea Life<\/b> ist ein interessantes spektakul\u00e4r gestaltetes Aquarium mit Fischen aus allen Meeren der Welt. Man kann zum Beispiel in einem durchsichtigen Tunnel unter Haien und Rochen laufen. Ein anderer Bereich ist speziell den in der Lagune von Venedig lebenden Fischen gewidmet.<\/p>\n","protected":false},"excerpt":{"rendered":"<p>Strand-Relax, Pinienwald und Spa\u00df Jesolo, die Perle der oberen Adria, wenige Kilometer von Venedig, verk\u00f6rpert &hellip;<\/p>\n","protected":false},"author":1,"featured_media":0,"parent":16402,"menu_order":0,"comment_status":"closed","ping_status":"closed","template":"page-templates\/destinazione.php","meta":{"_acf_changed":false,"footnotes":""},"class_list":["post-16422","page","type-page","status-publish","hentry"],"acf":[],"yoast_head":"<!-- This site is optimized with the Yoast SEO plugin v27.0 - https:\/\/yoast.com\/product\/yoast-seo-wordpress\/ -->\n<title>Jesolo - All Inclusive Hotels<\/title>\n<meta name=\"robots\" content=\"index, follow, max-snippet:-1, max-image-preview:large, max-video-preview:-1\" \/>\n<link rel=\"canonical\" href=\"https:\/\/www.allinclusivehotels.it\/de\/urlaubsziele\/jesolo\" \/>\n<meta property=\"og:locale\" content=\"de_DE\" \/>\n<meta property=\"og:type\" content=\"article\" \/>\n<meta property=\"og:title\" content=\"Jesolo - All Inclusive Hotels\" \/>\n<meta property=\"og:description\" content=\"Strand-Relax, Pinienwald und Spa\u00df Jesolo, die Perle der oberen Adria, wenige Kilometer von Venedig, verk\u00f6rpert &hellip;\" \/>\n<meta property=\"og:url\" content=\"https:\/\/www.allinclusivehotels.it\/de\/urlaubsziele\/jesolo\" \/>\n<meta property=\"og:site_name\" content=\"All Inclusive Hotels\" \/>\n<meta property=\"article:modified_time\" content=\"2022-07-01T09:26:46+00:00\" \/>\n<meta name=\"twitter:card\" content=\"summary_large_image\" \/>\n<meta name=\"twitter:label1\" content=\"Gesch\u00e4tzte Lesezeit\" \/>\n\t<meta name=\"twitter:data1\" content=\"2\u00a0Minuten\" \/>\n<script type=\"application\/ld+json\" class=\"yoast-schema-graph\">{\"@context\":\"https:\/\/schema.org\",\"@graph\":[{\"@type\":\"WebPage\",\"@id\":\"https:\/\/www.allinclusivehotels.it\/de\/urlaubsziele\/jesolo\",\"url\":\"https:\/\/www.allinclusivehotels.it\/de\/urlaubsziele\/jesolo\",\"name\":\"Jesolo - All Inclusive Hotels\",\"isPartOf\":{\"@id\":\"https:\/\/www.allinclusivehotels.it\/de#website\"},\"datePublished\":\"2022-03-28T08:05:36+00:00\",\"dateModified\":\"2022-07-01T09:26:46+00:00\",\"breadcrumb\":{\"@id\":\"https:\/\/www.allinclusivehotels.it\/de\/urlaubsziele\/jesolo#breadcrumb\"},\"inLanguage\":\"de\",\"potentialAction\":[{\"@type\":\"ReadAction\",\"target\":[\"https:\/\/www.allinclusivehotels.it\/de\/urlaubsziele\/jesolo\"]}]},{\"@type\":\"BreadcrumbList\",\"@id\":\"https:\/\/www.allinclusivehotels.it\/de\/urlaubsziele\/jesolo#breadcrumb\",\"itemListElement\":[{\"@type\":\"ListItem\",\"position\":1,\"name\":\"Home\",\"item\":\"https:\/\/www.allinclusivehotels.it\/de\"},{\"@type\":\"ListItem\",\"position\":2,\"name\":\"Urlaubsziele\",\"item\":\"https:\/\/www.allinclusivehotels.it\/de\/urlaubsziele\"},{\"@type\":\"ListItem\",\"position\":3,\"name\":\"Jesolo\"}]},{\"@type\":\"WebSite\",\"@id\":\"https:\/\/www.allinclusivehotels.it\/de#website\",\"url\":\"https:\/\/www.allinclusivehotels.it\/de\",\"name\":\"All Inclusive Hotels\",\"description\":\"\",\"publisher\":{\"@id\":\"https:\/\/www.allinclusivehotels.it\/de#organization\"},\"potentialAction\":[{\"@type\":\"SearchAction\",\"target\":{\"@type\":\"EntryPoint\",\"urlTemplate\":\"https:\/\/www.allinclusivehotels.it\/de?s={search_term_string}\"},\"query-input\":{\"@type\":\"PropertyValueSpecification\",\"valueRequired\":true,\"valueName\":\"search_term_string\"}}],\"inLanguage\":\"de\"},{\"@type\":\"Organization\",\"@id\":\"https:\/\/www.allinclusivehotels.it\/de#organization\",\"name\":\"All Inclusive Hotels\",\"url\":\"https:\/\/www.allinclusivehotels.it\/de\",\"logo\":{\"@type\":\"ImageObject\",\"inLanguage\":\"de\",\"@id\":\"https:\/\/www.allinclusivehotels.it\/de#\/schema\/logo\/image\/\",\"url\":\"\",\"contentUrl\":\"\",\"caption\":\"All Inclusive Hotels\"},\"image\":{\"@id\":\"https:\/\/www.allinclusivehotels.it\/de#\/schema\/logo\/image\/\"}}]}<\/script>\n<!-- \/ Yoast SEO plugin. -->","yoast_head_json":{"title":"Jesolo - All Inclusive Hotels","robots":{"index":"index","follow":"follow","max-snippet":"max-snippet:-1","max-image-preview":"max-image-preview:large","max-video-preview":"max-video-preview:-1"},"canonical":"https:\/\/www.allinclusivehotels.it\/de\/urlaubsziele\/jesolo","og_locale":"de_DE","og_type":"article","og_title":"Jesolo - All Inclusive Hotels","og_description":"Strand-Relax, Pinienwald und Spa\u00df Jesolo, die Perle der oberen Adria, wenige Kilometer von Venedig, verk\u00f6rpert &hellip;","og_url":"https:\/\/www.allinclusivehotels.it\/de\/urlaubsziele\/jesolo","og_site_name":"All Inclusive Hotels","article_modified_time":"2022-07-01T09:26:46+00:00","twitter_card":"summary_large_image","twitter_misc":{"Gesch\u00e4tzte Lesezeit":"2\u00a0Minuten"},"schema":{"@context":"https:\/\/schema.org","@graph":[{"@type":"WebPage","@id":"https:\/\/www.allinclusivehotels.it\/de\/urlaubsziele\/jesolo","url":"https:\/\/www.allinclusivehotels.it\/de\/urlaubsziele\/jesolo","name":"Jesolo - All Inclusive Hotels","isPartOf":{"@id":"https:\/\/www.allinclusivehotels.it\/de#website"},"datePublished":"2022-03-28T08:05:36+00:00","dateModified":"2022-07-01T09:26:46+00:00","breadcrumb":{"@id":"https:\/\/www.allinclusivehotels.it\/de\/urlaubsziele\/jesolo#breadcrumb"},"inLanguage":"de","potentialAction":[{"@type":"ReadAction","target":["https:\/\/www.allinclusivehotels.it\/de\/urlaubsziele\/jesolo"]}]},{"@type":"BreadcrumbList","@id":"https:\/\/www.allinclusivehotels.it\/de\/urlaubsziele\/jesolo#breadcrumb","itemListElement":[{"@type":"ListItem","position":1,"name":"Home","item":"https:\/\/www.allinclusivehotels.it\/de"},{"@type":"ListItem","position":2,"name":"Urlaubsziele","item":"https:\/\/www.allinclusivehotels.it\/de\/urlaubsziele"},{"@type":"ListItem","position":3,"name":"Jesolo"}]},{"@type":"WebSite","@id":"https:\/\/www.allinclusivehotels.it\/de#website","url":"https:\/\/www.allinclusivehotels.it\/de","name":"All Inclusive Hotels","description":"","publisher":{"@id":"https:\/\/www.allinclusivehotels.it\/de#organization"},"potentialAction":[{"@type":"SearchAction","target":{"@type":"EntryPoint","urlTemplate":"https:\/\/www.allinclusivehotels.it\/de?s={search_term_string}"},"query-input":{"@type":"PropertyValueSpecification","valueRequired":true,"valueName":"search_term_string"}}],"inLanguage":"de"},{"@type":"Organization","@id":"https:\/\/www.allinclusivehotels.it\/de#organization","name":"All Inclusive Hotels","url":"https:\/\/www.allinclusivehotels.it\/de","logo":{"@type":"ImageObject","inLanguage":"de","@id":"https:\/\/www.allinclusivehotels.it\/de#\/schema\/logo\/image\/","url":"","contentUrl":"","caption":"All Inclusive Hotels"},"image":{"@id":"https:\/\/www.allinclusivehotels.it\/de#\/schema\/logo\/image\/"}}]}},"_links":{"self":[{"href":"https:\/\/www.allinclusivehotels.it\/de\/wp-json\/wp\/v2\/pages\/16422","targetHints":{"allow":["GET"]}}],"collection":[{"href":"https:\/\/www.allinclusivehotels.it\/de\/wp-json\/wp\/v2\/pages"}],"about":[{"href":"https:\/\/www.allinclusivehotels.it\/de\/wp-json\/wp\/v2\/types\/page"}],"author":[{"embeddable":true,"href":"https:\/\/www.allinclusivehotels.it\/de\/wp-json\/wp\/v2\/users\/1"}],"replies":[{"embeddable":true,"href":"https:\/\/www.allinclusivehotels.it\/de\/wp-json\/wp\/v2\/comments?post=16422"}],"version-history":[{"count":2,"href":"https:\/\/www.allinclusivehotels.it\/de\/wp-json\/wp\/v2\/pages\/16422\/revisions"}],"predecessor-version":[{"id":21366,"href":"https:\/\/www.allinclusivehotels.it\/de\/wp-json\/wp\/v2\/pages\/16422\/revisions\/21366"}],"up":[{"embeddable":true,"href":"https:\/\/www.allinclusivehotels.it\/de\/wp-json\/wp\/v2\/pages\/16402"}],"wp:attachment":[{"href":"https:\/\/www.allinclusivehotels.it\/de\/wp-json\/wp\/v2\/media?parent=16422"}],"curies":[{"name":"wp","href":"https:\/\/api.w.org\/{rel}","templated":true}]}}