{"id":16420,"date":"2022-03-28T10:05:35","date_gmt":"2022-03-28T08:05:35","guid":{"rendered":"https:\/\/www.allinclusivehotels.it\/urlaubsziele\/giulianova"},"modified":"2022-07-01T11:25:47","modified_gmt":"2022-07-01T09:25:47","slug":"giulianova","status":"publish","type":"page","link":"https:\/\/www.allinclusivehotels.it\/de\/urlaubsziele\/giulianova","title":{"rendered":"Giulianova"},"content":{"rendered":"\n<p><b>Giulianova,<\/b> ein Badeort an der Adriak\u00fcste in der Provinz Teramo, Region Abruzzen, besitzt alle Zutaten f\u00fcr einen perfekten Urlaub: <b>Natur, Kunst, Kultur und Relax.<\/b> <b>Goldfarbene Sandstr\u00e4nde<\/b>, seit Jahren mit der <b>Blauen Flagge<\/b> ausgezeichnet, sind das besondere Merkmal von Giulianova und seinen Nachbarorten Martinsicuro, Tortoreto, Alba Adriatica, Roseto degli Abruzzi, Pineto und Silvi \u2013 zusammen die &#8220;sieben Schwestern&#8221;.<\/p>\n\n\n\n<!--more-->\n\n\n\n<p>Wer auf &#8220;Wildes&#8221; steht, findet einige Strandabschnitte in nat\u00fcrlichem Zustand, zwischen Giulianova und Roseto degli Abruzzi, und bei Pineto, wo man <b>majest\u00e4tische Pinienb\u00e4ume <\/b>bewundern kann, charakteristisch f\u00fcr die <b>urspr\u00fcngliche Vegetation der Mittelmeerk\u00fcsten.<\/b><\/p>\n\n\n\n<p>Giulianova hat auch einen alten Stadtkern mit kunstvollen historischen Bauwerken, wie den<b> Renaissance-Dom San Flaviano<\/b>, die <b>Kapelle der einflussreichen Familie De Bartolomei<\/b>, die <b>Wallfahrtskirche Madonna dello Splendore <\/b>und den <b>Wehrturm &#8220;Il Bianco&#8221;<\/b> \u2013 der Wei\u00dfe, einziges Relikt der mittelalterlichen Stadtbefestigung. Wie in vielen alten St\u00e4dten hat die Atmosph\u00e4re etwas Anheimelndes, und geborgen f\u00fchlen werden Sie sich auch in den <b>All-Inclusive-Hotels von Giulianova;<\/b> viele von ihnen sind Familienbetriebe, in denen Tradition und Modernit\u00e4t in harmonischer Beziehung stehen.<\/p>\n\n\n\n<p>Vom <b>Strand in Giulianova <\/b>aus sind Sie schnell im Hochgebirge der Abruzzen. Das bekannte <b>Massiv des Gran Sasso<\/b> gipfelt im Corno Grande mit 2.914 m H\u00f6he und ist im Winter ein beliebtes Skigebiet, im Sommer ein Mekka f\u00fcr Bergsteiger und Wanderer.<\/p>\n\n\n\n<p>Ein anderer Gebirgszug der Abruzzen mit ganz eigenem Charakter ist die Kette der <b>Monti della Laga. <\/b>Nicht der typische Kalkstein des Apennins tritt hier an die Oberfl\u00e4che, sondern  Sandstein und Mergel, weniger wasserl\u00f6slich und -durchl\u00e4ssig. Die Berge sind daher runder geformt und reich an B\u00e4chen und Wasserf\u00e4llen. Wanderwege durchqueren sch\u00f6ne W\u00e4lder und grasige Hochebenen voller Blumen \u2013 Orte der Stille.<\/p>\n\n\n\n<p>Sie k\u00f6nnen es auch anders herum machen: statt in Giulianova Lido am Meer zu wohnen und in die Berge zu fahren, k\u00f6nnen Sie Ihr Urlaubsquartier im Gebirge nehmen.<\/p>\n","protected":false},"excerpt":{"rendered":"<p>Giulianova, ein Badeort an der Adriak\u00fcste in der Provinz Teramo, Region Abruzzen, besitzt alle Zutaten &hellip;<\/p>\n","protected":false},"author":1,"featured_media":0,"parent":16402,"menu_order":0,"comment_status":"closed","ping_status":"closed","template":"page-templates\/destinazione.php","meta":{"_acf_changed":false,"footnotes":""},"class_list":["post-16420","page","type-page","status-publish","hentry"],"acf":[],"yoast_head":"<!-- This site is optimized with the Yoast SEO plugin v27.0 - https:\/\/yoast.com\/product\/yoast-seo-wordpress\/ -->\n<title>Giulianova - All Inclusive Hotels<\/title>\n<meta name=\"robots\" content=\"index, follow, max-snippet:-1, max-image-preview:large, max-video-preview:-1\" \/>\n<link rel=\"canonical\" href=\"https:\/\/www.allinclusivehotels.it\/de\/urlaubsziele\/giulianova\" \/>\n<meta property=\"og:locale\" content=\"de_DE\" \/>\n<meta property=\"og:type\" content=\"article\" \/>\n<meta property=\"og:title\" content=\"Giulianova - All Inclusive Hotels\" \/>\n<meta property=\"og:description\" content=\"Giulianova, ein Badeort an der Adriak\u00fcste in der Provinz Teramo, Region Abruzzen, besitzt alle Zutaten &hellip;\" \/>\n<meta property=\"og:url\" content=\"https:\/\/www.allinclusivehotels.it\/de\/urlaubsziele\/giulianova\" \/>\n<meta property=\"og:site_name\" content=\"All Inclusive Hotels\" \/>\n<meta property=\"article:modified_time\" content=\"2022-07-01T09:25:47+00:00\" \/>\n<meta name=\"twitter:card\" content=\"summary_large_image\" \/>\n<meta name=\"twitter:label1\" content=\"Gesch\u00e4tzte Lesezeit\" \/>\n\t<meta name=\"twitter:data1\" content=\"2\u00a0Minuten\" \/>\n<script type=\"application\/ld+json\" class=\"yoast-schema-graph\">{\"@context\":\"https:\/\/schema.org\",\"@graph\":[{\"@type\":\"WebPage\",\"@id\":\"https:\/\/www.allinclusivehotels.it\/de\/urlaubsziele\/giulianova\",\"url\":\"https:\/\/www.allinclusivehotels.it\/de\/urlaubsziele\/giulianova\",\"name\":\"Giulianova - All Inclusive Hotels\",\"isPartOf\":{\"@id\":\"https:\/\/www.allinclusivehotels.it\/de#website\"},\"datePublished\":\"2022-03-28T08:05:35+00:00\",\"dateModified\":\"2022-07-01T09:25:47+00:00\",\"breadcrumb\":{\"@id\":\"https:\/\/www.allinclusivehotels.it\/de\/urlaubsziele\/giulianova#breadcrumb\"},\"inLanguage\":\"de\",\"potentialAction\":[{\"@type\":\"ReadAction\",\"target\":[\"https:\/\/www.allinclusivehotels.it\/de\/urlaubsziele\/giulianova\"]}]},{\"@type\":\"BreadcrumbList\",\"@id\":\"https:\/\/www.allinclusivehotels.it\/de\/urlaubsziele\/giulianova#breadcrumb\",\"itemListElement\":[{\"@type\":\"ListItem\",\"position\":1,\"name\":\"Home\",\"item\":\"https:\/\/www.allinclusivehotels.it\/de\"},{\"@type\":\"ListItem\",\"position\":2,\"name\":\"Urlaubsziele\",\"item\":\"https:\/\/www.allinclusivehotels.it\/de\/urlaubsziele\"},{\"@type\":\"ListItem\",\"position\":3,\"name\":\"Giulianova\"}]},{\"@type\":\"WebSite\",\"@id\":\"https:\/\/www.allinclusivehotels.it\/de#website\",\"url\":\"https:\/\/www.allinclusivehotels.it\/de\",\"name\":\"All Inclusive Hotels\",\"description\":\"\",\"publisher\":{\"@id\":\"https:\/\/www.allinclusivehotels.it\/de#organization\"},\"potentialAction\":[{\"@type\":\"SearchAction\",\"target\":{\"@type\":\"EntryPoint\",\"urlTemplate\":\"https:\/\/www.allinclusivehotels.it\/de?s={search_term_string}\"},\"query-input\":{\"@type\":\"PropertyValueSpecification\",\"valueRequired\":true,\"valueName\":\"search_term_string\"}}],\"inLanguage\":\"de\"},{\"@type\":\"Organization\",\"@id\":\"https:\/\/www.allinclusivehotels.it\/de#organization\",\"name\":\"All Inclusive Hotels\",\"url\":\"https:\/\/www.allinclusivehotels.it\/de\",\"logo\":{\"@type\":\"ImageObject\",\"inLanguage\":\"de\",\"@id\":\"https:\/\/www.allinclusivehotels.it\/de#\/schema\/logo\/image\/\",\"url\":\"\",\"contentUrl\":\"\",\"caption\":\"All Inclusive Hotels\"},\"image\":{\"@id\":\"https:\/\/www.allinclusivehotels.it\/de#\/schema\/logo\/image\/\"}}]}<\/script>\n<!-- \/ Yoast SEO plugin. -->","yoast_head_json":{"title":"Giulianova - All Inclusive Hotels","robots":{"index":"index","follow":"follow","max-snippet":"max-snippet:-1","max-image-preview":"max-image-preview:large","max-video-preview":"max-video-preview:-1"},"canonical":"https:\/\/www.allinclusivehotels.it\/de\/urlaubsziele\/giulianova","og_locale":"de_DE","og_type":"article","og_title":"Giulianova - All Inclusive Hotels","og_description":"Giulianova, ein Badeort an der Adriak\u00fcste in der Provinz Teramo, Region Abruzzen, besitzt alle Zutaten &hellip;","og_url":"https:\/\/www.allinclusivehotels.it\/de\/urlaubsziele\/giulianova","og_site_name":"All Inclusive Hotels","article_modified_time":"2022-07-01T09:25:47+00:00","twitter_card":"summary_large_image","twitter_misc":{"Gesch\u00e4tzte Lesezeit":"2\u00a0Minuten"},"schema":{"@context":"https:\/\/schema.org","@graph":[{"@type":"WebPage","@id":"https:\/\/www.allinclusivehotels.it\/de\/urlaubsziele\/giulianova","url":"https:\/\/www.allinclusivehotels.it\/de\/urlaubsziele\/giulianova","name":"Giulianova - All Inclusive Hotels","isPartOf":{"@id":"https:\/\/www.allinclusivehotels.it\/de#website"},"datePublished":"2022-03-28T08:05:35+00:00","dateModified":"2022-07-01T09:25:47+00:00","breadcrumb":{"@id":"https:\/\/www.allinclusivehotels.it\/de\/urlaubsziele\/giulianova#breadcrumb"},"inLanguage":"de","potentialAction":[{"@type":"ReadAction","target":["https:\/\/www.allinclusivehotels.it\/de\/urlaubsziele\/giulianova"]}]},{"@type":"BreadcrumbList","@id":"https:\/\/www.allinclusivehotels.it\/de\/urlaubsziele\/giulianova#breadcrumb","itemListElement":[{"@type":"ListItem","position":1,"name":"Home","item":"https:\/\/www.allinclusivehotels.it\/de"},{"@type":"ListItem","position":2,"name":"Urlaubsziele","item":"https:\/\/www.allinclusivehotels.it\/de\/urlaubsziele"},{"@type":"ListItem","position":3,"name":"Giulianova"}]},{"@type":"WebSite","@id":"https:\/\/www.allinclusivehotels.it\/de#website","url":"https:\/\/www.allinclusivehotels.it\/de","name":"All Inclusive Hotels","description":"","publisher":{"@id":"https:\/\/www.allinclusivehotels.it\/de#organization"},"potentialAction":[{"@type":"SearchAction","target":{"@type":"EntryPoint","urlTemplate":"https:\/\/www.allinclusivehotels.it\/de?s={search_term_string}"},"query-input":{"@type":"PropertyValueSpecification","valueRequired":true,"valueName":"search_term_string"}}],"inLanguage":"de"},{"@type":"Organization","@id":"https:\/\/www.allinclusivehotels.it\/de#organization","name":"All Inclusive Hotels","url":"https:\/\/www.allinclusivehotels.it\/de","logo":{"@type":"ImageObject","inLanguage":"de","@id":"https:\/\/www.allinclusivehotels.it\/de#\/schema\/logo\/image\/","url":"","contentUrl":"","caption":"All Inclusive Hotels"},"image":{"@id":"https:\/\/www.allinclusivehotels.it\/de#\/schema\/logo\/image\/"}}]}},"_links":{"self":[{"href":"https:\/\/www.allinclusivehotels.it\/de\/wp-json\/wp\/v2\/pages\/16420","targetHints":{"allow":["GET"]}}],"collection":[{"href":"https:\/\/www.allinclusivehotels.it\/de\/wp-json\/wp\/v2\/pages"}],"about":[{"href":"https:\/\/www.allinclusivehotels.it\/de\/wp-json\/wp\/v2\/types\/page"}],"author":[{"embeddable":true,"href":"https:\/\/www.allinclusivehotels.it\/de\/wp-json\/wp\/v2\/users\/1"}],"replies":[{"embeddable":true,"href":"https:\/\/www.allinclusivehotels.it\/de\/wp-json\/wp\/v2\/comments?post=16420"}],"version-history":[{"count":2,"href":"https:\/\/www.allinclusivehotels.it\/de\/wp-json\/wp\/v2\/pages\/16420\/revisions"}],"predecessor-version":[{"id":21365,"href":"https:\/\/www.allinclusivehotels.it\/de\/wp-json\/wp\/v2\/pages\/16420\/revisions\/21365"}],"up":[{"embeddable":true,"href":"https:\/\/www.allinclusivehotels.it\/de\/wp-json\/wp\/v2\/pages\/16402"}],"wp:attachment":[{"href":"https:\/\/www.allinclusivehotels.it\/de\/wp-json\/wp\/v2\/media?parent=16420"}],"curies":[{"name":"wp","href":"https:\/\/api.w.org\/{rel}","templated":true}]}}