{"id":16414,"date":"2022-03-28T10:05:34","date_gmt":"2022-03-28T08:05:34","guid":{"rendered":"https:\/\/www.allinclusivehotels.it\/urlaubsziele\/cesenatico"},"modified":"2022-07-01T11:21:49","modified_gmt":"2022-07-01T09:21:49","slug":"cesenatico","status":"publish","type":"page","link":"https:\/\/www.allinclusivehotels.it\/de\/urlaubsziele\/cesenatico","title":{"rendered":"Cesenatico"},"content":{"rendered":"\n<h2 class=\"wp-block-heading\">Ein St\u00e4dtchen mit Charakter<\/h2>\n\n\n\n<p><b>Cesenatico<\/b>, eine wahre Perle an der <b>Adriak\u00fcste der Romagna<\/b>, ist zugleich ein modernes Seebad, das die Bed\u00fcrfnisse Erholungssuchender erf\u00fcllt, und ein traditionsreicher Fischerei- und Handelshafen. Die sch\u00f6ne Altstadt liegt beiderseits des Anfang des 14. Jahrhunderts nach einem Plan von <b>Leonardo da Vinci<\/b> entstandenen Hafenkanals, der das &#8220;schwimmende&#8221; <b>Schiffahrtsmuseum<\/b> mit historischen Booten beherbergt. An ihm liegen die sehenswerte <b>Piazzetta delle Conserve<\/b> mit historischen Eiskellern und viele einladende Lokale, darunter renommierte Fisch-Restaurants.<\/p>\n\n\n\n<!--more-->\n\n\n\n<h2 class=\"wp-block-heading\">Weihnachtsstimmung am Hafen<\/h2>\n\n\n\n<p>Nicht nur im Sommer kann es interessant sein, die Angebote der <b>All-Inclusive-Hotels<\/b> f\u00fcr einen Aufenthalt in <b>Cesenatico<\/b> zu nutzen. Zur Weihnachtszeit verwandelt sich der Hafenkanal durch die ber\u00fchmte &#8220;Schifferkrippe&#8221; in einen m\u00e4rchenhaften Ort: auf den historischen Booten stehen lebensgro\u00dfe Figuren, au\u00dfer Maria und Josef auch ortstypische Gestalten wie Fischer, Zimmerleute, Piadina-B\u00e4ckerinnen und Puppenspieler. Im dunklen Wasser spiegeln sich die Lichter, am Kai locken Marktst\u00e4nde.<\/p>\n\n\n\n<h2 class=\"wp-block-heading\">Badekleidung und Rennrad<\/h2>\n\n\n\n<p>7 km flacher Sandstrand  mit modernen Service-Einrichtungen stehen in <b>Cesenatico<\/b> mit den Ortsteilen <b>Zadina, Valverde und Villamarina<\/b> zur Verf\u00fcgung der Badeg\u00e4ste. Ideale Bedingungen auch f\u00fcr Kinder \u2013 und deren Eltern. Die <b>All-Inclusive-Hotels <\/b>kommen Familien mit preisg\u00fcnstigen Angeboten entgegen.<\/p>\n\n\n\n<p>Aber <b>Cesenatico<\/b> ist auch ein toller Ort f\u00fcr Rennradfahrer, die zuhauf hierherkommen, um Training und Urlaub zu verbinden. Zahlreiche Routen auf verkehrsarmen Stra\u00dfen f\u00fchren zu den Bergen im Landesinneren. Im Mai findet das ber\u00fchmte Amateur-Rennen<b> &#8220;Nove Colli&#8221;<\/b> statt.<\/p>\n","protected":false},"excerpt":{"rendered":"<p>Ein St\u00e4dtchen mit Charakter Cesenatico, eine wahre Perle an der Adriak\u00fcste der Romagna, ist zugleich &hellip;<\/p>\n","protected":false},"author":1,"featured_media":0,"parent":16402,"menu_order":0,"comment_status":"closed","ping_status":"closed","template":"page-templates\/destinazione.php","meta":{"_acf_changed":false,"footnotes":""},"class_list":["post-16414","page","type-page","status-publish","hentry"],"acf":[],"yoast_head":"<!-- This site is optimized with the Yoast SEO plugin v27.0 - https:\/\/yoast.com\/product\/yoast-seo-wordpress\/ -->\n<title>Cesenatico - All Inclusive Hotels<\/title>\n<meta name=\"robots\" content=\"index, follow, max-snippet:-1, max-image-preview:large, max-video-preview:-1\" \/>\n<link rel=\"canonical\" href=\"https:\/\/www.allinclusivehotels.it\/de\/urlaubsziele\/cesenatico\" \/>\n<meta property=\"og:locale\" content=\"de_DE\" \/>\n<meta property=\"og:type\" content=\"article\" \/>\n<meta property=\"og:title\" content=\"Cesenatico - All Inclusive Hotels\" \/>\n<meta property=\"og:description\" content=\"Ein St\u00e4dtchen mit Charakter Cesenatico, eine wahre Perle an der Adriak\u00fcste der Romagna, ist zugleich &hellip;\" \/>\n<meta property=\"og:url\" content=\"https:\/\/www.allinclusivehotels.it\/de\/urlaubsziele\/cesenatico\" \/>\n<meta property=\"og:site_name\" content=\"All Inclusive Hotels\" \/>\n<meta property=\"article:modified_time\" content=\"2022-07-01T09:21:49+00:00\" \/>\n<meta name=\"twitter:card\" content=\"summary_large_image\" \/>\n<meta name=\"twitter:label1\" content=\"Gesch\u00e4tzte Lesezeit\" \/>\n\t<meta name=\"twitter:data1\" content=\"2\u00a0Minuten\" \/>\n<script type=\"application\/ld+json\" class=\"yoast-schema-graph\">{\"@context\":\"https:\/\/schema.org\",\"@graph\":[{\"@type\":\"WebPage\",\"@id\":\"https:\/\/www.allinclusivehotels.it\/de\/urlaubsziele\/cesenatico\",\"url\":\"https:\/\/www.allinclusivehotels.it\/de\/urlaubsziele\/cesenatico\",\"name\":\"Cesenatico - All Inclusive Hotels\",\"isPartOf\":{\"@id\":\"https:\/\/www.allinclusivehotels.it\/de#website\"},\"datePublished\":\"2022-03-28T08:05:34+00:00\",\"dateModified\":\"2022-07-01T09:21:49+00:00\",\"breadcrumb\":{\"@id\":\"https:\/\/www.allinclusivehotels.it\/de\/urlaubsziele\/cesenatico#breadcrumb\"},\"inLanguage\":\"de\",\"potentialAction\":[{\"@type\":\"ReadAction\",\"target\":[\"https:\/\/www.allinclusivehotels.it\/de\/urlaubsziele\/cesenatico\"]}]},{\"@type\":\"BreadcrumbList\",\"@id\":\"https:\/\/www.allinclusivehotels.it\/de\/urlaubsziele\/cesenatico#breadcrumb\",\"itemListElement\":[{\"@type\":\"ListItem\",\"position\":1,\"name\":\"Home\",\"item\":\"https:\/\/www.allinclusivehotels.it\/de\"},{\"@type\":\"ListItem\",\"position\":2,\"name\":\"Urlaubsziele\",\"item\":\"https:\/\/www.allinclusivehotels.it\/de\/urlaubsziele\"},{\"@type\":\"ListItem\",\"position\":3,\"name\":\"Cesenatico\"}]},{\"@type\":\"WebSite\",\"@id\":\"https:\/\/www.allinclusivehotels.it\/de#website\",\"url\":\"https:\/\/www.allinclusivehotels.it\/de\",\"name\":\"All Inclusive Hotels\",\"description\":\"\",\"publisher\":{\"@id\":\"https:\/\/www.allinclusivehotels.it\/de#organization\"},\"potentialAction\":[{\"@type\":\"SearchAction\",\"target\":{\"@type\":\"EntryPoint\",\"urlTemplate\":\"https:\/\/www.allinclusivehotels.it\/de?s={search_term_string}\"},\"query-input\":{\"@type\":\"PropertyValueSpecification\",\"valueRequired\":true,\"valueName\":\"search_term_string\"}}],\"inLanguage\":\"de\"},{\"@type\":\"Organization\",\"@id\":\"https:\/\/www.allinclusivehotels.it\/de#organization\",\"name\":\"All Inclusive Hotels\",\"url\":\"https:\/\/www.allinclusivehotels.it\/de\",\"logo\":{\"@type\":\"ImageObject\",\"inLanguage\":\"de\",\"@id\":\"https:\/\/www.allinclusivehotels.it\/de#\/schema\/logo\/image\/\",\"url\":\"\",\"contentUrl\":\"\",\"caption\":\"All Inclusive Hotels\"},\"image\":{\"@id\":\"https:\/\/www.allinclusivehotels.it\/de#\/schema\/logo\/image\/\"}}]}<\/script>\n<!-- \/ Yoast SEO plugin. -->","yoast_head_json":{"title":"Cesenatico - All Inclusive Hotels","robots":{"index":"index","follow":"follow","max-snippet":"max-snippet:-1","max-image-preview":"max-image-preview:large","max-video-preview":"max-video-preview:-1"},"canonical":"https:\/\/www.allinclusivehotels.it\/de\/urlaubsziele\/cesenatico","og_locale":"de_DE","og_type":"article","og_title":"Cesenatico - All Inclusive Hotels","og_description":"Ein St\u00e4dtchen mit Charakter Cesenatico, eine wahre Perle an der Adriak\u00fcste der Romagna, ist zugleich &hellip;","og_url":"https:\/\/www.allinclusivehotels.it\/de\/urlaubsziele\/cesenatico","og_site_name":"All Inclusive Hotels","article_modified_time":"2022-07-01T09:21:49+00:00","twitter_card":"summary_large_image","twitter_misc":{"Gesch\u00e4tzte Lesezeit":"2\u00a0Minuten"},"schema":{"@context":"https:\/\/schema.org","@graph":[{"@type":"WebPage","@id":"https:\/\/www.allinclusivehotels.it\/de\/urlaubsziele\/cesenatico","url":"https:\/\/www.allinclusivehotels.it\/de\/urlaubsziele\/cesenatico","name":"Cesenatico - All Inclusive Hotels","isPartOf":{"@id":"https:\/\/www.allinclusivehotels.it\/de#website"},"datePublished":"2022-03-28T08:05:34+00:00","dateModified":"2022-07-01T09:21:49+00:00","breadcrumb":{"@id":"https:\/\/www.allinclusivehotels.it\/de\/urlaubsziele\/cesenatico#breadcrumb"},"inLanguage":"de","potentialAction":[{"@type":"ReadAction","target":["https:\/\/www.allinclusivehotels.it\/de\/urlaubsziele\/cesenatico"]}]},{"@type":"BreadcrumbList","@id":"https:\/\/www.allinclusivehotels.it\/de\/urlaubsziele\/cesenatico#breadcrumb","itemListElement":[{"@type":"ListItem","position":1,"name":"Home","item":"https:\/\/www.allinclusivehotels.it\/de"},{"@type":"ListItem","position":2,"name":"Urlaubsziele","item":"https:\/\/www.allinclusivehotels.it\/de\/urlaubsziele"},{"@type":"ListItem","position":3,"name":"Cesenatico"}]},{"@type":"WebSite","@id":"https:\/\/www.allinclusivehotels.it\/de#website","url":"https:\/\/www.allinclusivehotels.it\/de","name":"All Inclusive Hotels","description":"","publisher":{"@id":"https:\/\/www.allinclusivehotels.it\/de#organization"},"potentialAction":[{"@type":"SearchAction","target":{"@type":"EntryPoint","urlTemplate":"https:\/\/www.allinclusivehotels.it\/de?s={search_term_string}"},"query-input":{"@type":"PropertyValueSpecification","valueRequired":true,"valueName":"search_term_string"}}],"inLanguage":"de"},{"@type":"Organization","@id":"https:\/\/www.allinclusivehotels.it\/de#organization","name":"All Inclusive Hotels","url":"https:\/\/www.allinclusivehotels.it\/de","logo":{"@type":"ImageObject","inLanguage":"de","@id":"https:\/\/www.allinclusivehotels.it\/de#\/schema\/logo\/image\/","url":"","contentUrl":"","caption":"All Inclusive Hotels"},"image":{"@id":"https:\/\/www.allinclusivehotels.it\/de#\/schema\/logo\/image\/"}}]}},"_links":{"self":[{"href":"https:\/\/www.allinclusivehotels.it\/de\/wp-json\/wp\/v2\/pages\/16414","targetHints":{"allow":["GET"]}}],"collection":[{"href":"https:\/\/www.allinclusivehotels.it\/de\/wp-json\/wp\/v2\/pages"}],"about":[{"href":"https:\/\/www.allinclusivehotels.it\/de\/wp-json\/wp\/v2\/types\/page"}],"author":[{"embeddable":true,"href":"https:\/\/www.allinclusivehotels.it\/de\/wp-json\/wp\/v2\/users\/1"}],"replies":[{"embeddable":true,"href":"https:\/\/www.allinclusivehotels.it\/de\/wp-json\/wp\/v2\/comments?post=16414"}],"version-history":[{"count":2,"href":"https:\/\/www.allinclusivehotels.it\/de\/wp-json\/wp\/v2\/pages\/16414\/revisions"}],"predecessor-version":[{"id":21361,"href":"https:\/\/www.allinclusivehotels.it\/de\/wp-json\/wp\/v2\/pages\/16414\/revisions\/21361"}],"up":[{"embeddable":true,"href":"https:\/\/www.allinclusivehotels.it\/de\/wp-json\/wp\/v2\/pages\/16402"}],"wp:attachment":[{"href":"https:\/\/www.allinclusivehotels.it\/de\/wp-json\/wp\/v2\/media?parent=16414"}],"curies":[{"name":"wp","href":"https:\/\/api.w.org\/{rel}","templated":true}]}}