{"id":16412,"date":"2022-03-28T10:05:33","date_gmt":"2022-03-28T08:05:33","guid":{"rendered":"https:\/\/www.allinclusivehotels.it\/urlaubsziele\/cervia"},"modified":"2022-07-01T11:21:09","modified_gmt":"2022-07-01T09:21:09","slug":"cervia","status":"publish","type":"page","link":"https:\/\/www.allinclusivehotels.it\/de\/urlaubsziele\/cervia","title":{"rendered":"Cervia"},"content":{"rendered":"\n<h2 class=\"wp-block-heading\">Die Stadt des Salzes<\/h2>\n\n\n\n<p><b>Cervia<\/b> ist ein kleiner, naturnaher Badeort an der romagnolischen Adriak\u00fcste, der sich f\u00fcr ruhigen, erholsamen Urlaub empfiehlt und gleizeitig eine Menge M\u00f6glichkeiten f\u00fcr Unterhaltung und Sport bietet.<\/p>\n\n\n\n<p>Seit der Antike ist Cervia ein bedeutendes Zentrum der Salzgewinnung. Die <b>Saline Camillone<\/b> ist bis heute in Betrieb, das &#8220;wei\u00dfe Gold&#8221; wird wie fr\u00fcher per Hand geerntet. Die Lagerh\u00e4user <b>&#8220;Magazzini del Sale&#8221; <\/b>und das <b>MUSA<\/b>  &#8211; Salzmuseum \u2013 geben interessante Einblicke in das alte Gewerbe.<\/p>\n\n\n\n<!--more-->\n\n\n\n<h2 class=\"wp-block-heading\">Die Altstadt<\/h2>\n\n\n\n<p>Das <b>historische &#8220;Borgo&#8221;<\/b> ist wirklich einen Besuch wert. Die niedrigen Fischer- und Salinenarbeiterh\u00e4user sind in einem <b>gro\u00dfen Viereck<\/b> angeordnet, ihre W\u00e4nde formen nach au\u00dfen eine Art Stadtmauer. Innen liegen die h\u00f6heren Geb\u00e4ude der weltlichen und kirchlichen Macht. Eine echte Perle ist die belebte Piazzetta Pisacana mit ihren Verkaufsst\u00e4nden und Lokalen.<\/p>\n\n\n\n<h2 class=\"wp-block-heading\">Der Park der Salinen<\/h2>\n\n\n\n<p>Ein All-Inclusive-Urlaub in <b>Cervia <\/b>beinhaltet auch beeindruckende Naturerlebnisse. Die <b>alten Salinen<\/b> sind Teil des <b>Po-Delta-Naturparks<\/b> und als Feuchtgebiet von internationaler Bedeutung gesch\u00fctzt;   sogar rosa Flamingos gibt es hier.<\/p>\n\n\n\n<p>Eine weitere Attraktion ist die <b>Casa delle Farfalle<\/b> \u2013 Haus der Schmetterlinge \u2013 mit bezaubernden tropischen Kreaturen, die frei in einem gro\u00dfen Gew\u00e4chshaus umherfliegen.<\/p>\n\n\n\n<h2 class=\"wp-block-heading\">Mirabilandia<\/h2>\n\n\n\n<p>Eine ganz andere Art von Erlebnissen bietet ganz in der N\u00e4he der riesige Vergn\u00fcgungspark <b>Mirabilandia<\/b> mit zahllosen, teils atemberaubenden Attraktionen, aber auch Anlagen f\u00fcr kleinere Kinder. Viele <b>All-Inclusive-Hotels in Cervia <\/b>machen <b>Pauschalangebote, die den Besuch des Freizeitparks beinhalten.<\/b><\/p>\n\n\n\n<p>Ausgleichende Ruhe finden Sie in schattigen, duftenden Pinienw\u00e4ldern, die den sch\u00f6nen sonnigen Sandstrand s\u00e4umen, in Thermen und Wellnessanlagen, beim Sport im Wasser und an Land, und in den komfortablen<b> All-Inclusive-Hotels<\/b>, wo Sie kompetent und freundlich umsorgt werden. Sicher finden Sie dort ein g\u00fcnstiges Paketangebot, das genau zu Ihren W\u00fcnschen passt.<\/p>\n","protected":false},"excerpt":{"rendered":"<p>Die Stadt des Salzes Cervia ist ein kleiner, naturnaher Badeort an der romagnolischen Adriak\u00fcste, der &hellip;<\/p>\n","protected":false},"author":1,"featured_media":0,"parent":16402,"menu_order":0,"comment_status":"closed","ping_status":"closed","template":"page-templates\/destinazione.php","meta":{"_acf_changed":false,"footnotes":""},"class_list":["post-16412","page","type-page","status-publish","hentry"],"acf":[],"yoast_head":"<!-- This site is optimized with the Yoast SEO plugin v27.0 - https:\/\/yoast.com\/product\/yoast-seo-wordpress\/ -->\n<title>Cervia - All Inclusive Hotels<\/title>\n<meta name=\"robots\" content=\"index, follow, max-snippet:-1, max-image-preview:large, max-video-preview:-1\" \/>\n<link rel=\"canonical\" href=\"https:\/\/www.allinclusivehotels.it\/de\/urlaubsziele\/cervia\" \/>\n<meta property=\"og:locale\" content=\"de_DE\" \/>\n<meta property=\"og:type\" content=\"article\" \/>\n<meta property=\"og:title\" content=\"Cervia - All Inclusive Hotels\" \/>\n<meta property=\"og:description\" content=\"Die Stadt des Salzes Cervia ist ein kleiner, naturnaher Badeort an der romagnolischen Adriak\u00fcste, der &hellip;\" \/>\n<meta property=\"og:url\" content=\"https:\/\/www.allinclusivehotels.it\/de\/urlaubsziele\/cervia\" \/>\n<meta property=\"og:site_name\" content=\"All Inclusive Hotels\" \/>\n<meta property=\"article:modified_time\" content=\"2022-07-01T09:21:09+00:00\" \/>\n<meta name=\"twitter:card\" content=\"summary_large_image\" \/>\n<meta name=\"twitter:label1\" content=\"Gesch\u00e4tzte Lesezeit\" \/>\n\t<meta name=\"twitter:data1\" content=\"2\u00a0Minuten\" \/>\n<script type=\"application\/ld+json\" class=\"yoast-schema-graph\">{\"@context\":\"https:\/\/schema.org\",\"@graph\":[{\"@type\":\"WebPage\",\"@id\":\"https:\/\/www.allinclusivehotels.it\/de\/urlaubsziele\/cervia\",\"url\":\"https:\/\/www.allinclusivehotels.it\/de\/urlaubsziele\/cervia\",\"name\":\"Cervia - All Inclusive Hotels\",\"isPartOf\":{\"@id\":\"https:\/\/www.allinclusivehotels.it\/de#website\"},\"datePublished\":\"2022-03-28T08:05:33+00:00\",\"dateModified\":\"2022-07-01T09:21:09+00:00\",\"breadcrumb\":{\"@id\":\"https:\/\/www.allinclusivehotels.it\/de\/urlaubsziele\/cervia#breadcrumb\"},\"inLanguage\":\"de\",\"potentialAction\":[{\"@type\":\"ReadAction\",\"target\":[\"https:\/\/www.allinclusivehotels.it\/de\/urlaubsziele\/cervia\"]}]},{\"@type\":\"BreadcrumbList\",\"@id\":\"https:\/\/www.allinclusivehotels.it\/de\/urlaubsziele\/cervia#breadcrumb\",\"itemListElement\":[{\"@type\":\"ListItem\",\"position\":1,\"name\":\"Home\",\"item\":\"https:\/\/www.allinclusivehotels.it\/de\"},{\"@type\":\"ListItem\",\"position\":2,\"name\":\"Urlaubsziele\",\"item\":\"https:\/\/www.allinclusivehotels.it\/de\/urlaubsziele\"},{\"@type\":\"ListItem\",\"position\":3,\"name\":\"Cervia\"}]},{\"@type\":\"WebSite\",\"@id\":\"https:\/\/www.allinclusivehotels.it\/de#website\",\"url\":\"https:\/\/www.allinclusivehotels.it\/de\",\"name\":\"All Inclusive Hotels\",\"description\":\"\",\"publisher\":{\"@id\":\"https:\/\/www.allinclusivehotels.it\/de#organization\"},\"potentialAction\":[{\"@type\":\"SearchAction\",\"target\":{\"@type\":\"EntryPoint\",\"urlTemplate\":\"https:\/\/www.allinclusivehotels.it\/de?s={search_term_string}\"},\"query-input\":{\"@type\":\"PropertyValueSpecification\",\"valueRequired\":true,\"valueName\":\"search_term_string\"}}],\"inLanguage\":\"de\"},{\"@type\":\"Organization\",\"@id\":\"https:\/\/www.allinclusivehotels.it\/de#organization\",\"name\":\"All Inclusive Hotels\",\"url\":\"https:\/\/www.allinclusivehotels.it\/de\",\"logo\":{\"@type\":\"ImageObject\",\"inLanguage\":\"de\",\"@id\":\"https:\/\/www.allinclusivehotels.it\/de#\/schema\/logo\/image\/\",\"url\":\"\",\"contentUrl\":\"\",\"caption\":\"All Inclusive Hotels\"},\"image\":{\"@id\":\"https:\/\/www.allinclusivehotels.it\/de#\/schema\/logo\/image\/\"}}]}<\/script>\n<!-- \/ Yoast SEO plugin. -->","yoast_head_json":{"title":"Cervia - All Inclusive Hotels","robots":{"index":"index","follow":"follow","max-snippet":"max-snippet:-1","max-image-preview":"max-image-preview:large","max-video-preview":"max-video-preview:-1"},"canonical":"https:\/\/www.allinclusivehotels.it\/de\/urlaubsziele\/cervia","og_locale":"de_DE","og_type":"article","og_title":"Cervia - All Inclusive Hotels","og_description":"Die Stadt des Salzes Cervia ist ein kleiner, naturnaher Badeort an der romagnolischen Adriak\u00fcste, der &hellip;","og_url":"https:\/\/www.allinclusivehotels.it\/de\/urlaubsziele\/cervia","og_site_name":"All Inclusive Hotels","article_modified_time":"2022-07-01T09:21:09+00:00","twitter_card":"summary_large_image","twitter_misc":{"Gesch\u00e4tzte Lesezeit":"2\u00a0Minuten"},"schema":{"@context":"https:\/\/schema.org","@graph":[{"@type":"WebPage","@id":"https:\/\/www.allinclusivehotels.it\/de\/urlaubsziele\/cervia","url":"https:\/\/www.allinclusivehotels.it\/de\/urlaubsziele\/cervia","name":"Cervia - All Inclusive Hotels","isPartOf":{"@id":"https:\/\/www.allinclusivehotels.it\/de#website"},"datePublished":"2022-03-28T08:05:33+00:00","dateModified":"2022-07-01T09:21:09+00:00","breadcrumb":{"@id":"https:\/\/www.allinclusivehotels.it\/de\/urlaubsziele\/cervia#breadcrumb"},"inLanguage":"de","potentialAction":[{"@type":"ReadAction","target":["https:\/\/www.allinclusivehotels.it\/de\/urlaubsziele\/cervia"]}]},{"@type":"BreadcrumbList","@id":"https:\/\/www.allinclusivehotels.it\/de\/urlaubsziele\/cervia#breadcrumb","itemListElement":[{"@type":"ListItem","position":1,"name":"Home","item":"https:\/\/www.allinclusivehotels.it\/de"},{"@type":"ListItem","position":2,"name":"Urlaubsziele","item":"https:\/\/www.allinclusivehotels.it\/de\/urlaubsziele"},{"@type":"ListItem","position":3,"name":"Cervia"}]},{"@type":"WebSite","@id":"https:\/\/www.allinclusivehotels.it\/de#website","url":"https:\/\/www.allinclusivehotels.it\/de","name":"All Inclusive Hotels","description":"","publisher":{"@id":"https:\/\/www.allinclusivehotels.it\/de#organization"},"potentialAction":[{"@type":"SearchAction","target":{"@type":"EntryPoint","urlTemplate":"https:\/\/www.allinclusivehotels.it\/de?s={search_term_string}"},"query-input":{"@type":"PropertyValueSpecification","valueRequired":true,"valueName":"search_term_string"}}],"inLanguage":"de"},{"@type":"Organization","@id":"https:\/\/www.allinclusivehotels.it\/de#organization","name":"All Inclusive Hotels","url":"https:\/\/www.allinclusivehotels.it\/de","logo":{"@type":"ImageObject","inLanguage":"de","@id":"https:\/\/www.allinclusivehotels.it\/de#\/schema\/logo\/image\/","url":"","contentUrl":"","caption":"All Inclusive Hotels"},"image":{"@id":"https:\/\/www.allinclusivehotels.it\/de#\/schema\/logo\/image\/"}}]}},"_links":{"self":[{"href":"https:\/\/www.allinclusivehotels.it\/de\/wp-json\/wp\/v2\/pages\/16412","targetHints":{"allow":["GET"]}}],"collection":[{"href":"https:\/\/www.allinclusivehotels.it\/de\/wp-json\/wp\/v2\/pages"}],"about":[{"href":"https:\/\/www.allinclusivehotels.it\/de\/wp-json\/wp\/v2\/types\/page"}],"author":[{"embeddable":true,"href":"https:\/\/www.allinclusivehotels.it\/de\/wp-json\/wp\/v2\/users\/1"}],"replies":[{"embeddable":true,"href":"https:\/\/www.allinclusivehotels.it\/de\/wp-json\/wp\/v2\/comments?post=16412"}],"version-history":[{"count":2,"href":"https:\/\/www.allinclusivehotels.it\/de\/wp-json\/wp\/v2\/pages\/16412\/revisions"}],"predecessor-version":[{"id":21360,"href":"https:\/\/www.allinclusivehotels.it\/de\/wp-json\/wp\/v2\/pages\/16412\/revisions\/21360"}],"up":[{"embeddable":true,"href":"https:\/\/www.allinclusivehotels.it\/de\/wp-json\/wp\/v2\/pages\/16402"}],"wp:attachment":[{"href":"https:\/\/www.allinclusivehotels.it\/de\/wp-json\/wp\/v2\/media?parent=16412"}],"curies":[{"name":"wp","href":"https:\/\/api.w.org\/{rel}","templated":true}]}}