{"id":16410,"date":"2022-03-28T10:05:33","date_gmt":"2022-03-28T08:05:33","guid":{"rendered":"https:\/\/www.allinclusivehotels.it\/urlaubsziele\/cattolica"},"modified":"2022-07-01T11:20:14","modified_gmt":"2022-07-01T09:20:14","slug":"cattolica","status":"publish","type":"page","link":"https:\/\/www.allinclusivehotels.it\/de\/urlaubsziele\/cattolica","title":{"rendered":"Cattolica"},"content":{"rendered":"\n<h2 class=\"wp-block-heading\">K\u00f6nigin der Adria<\/h2>\n\n\n\n<p><b>Cattolica, das erste Seebad der Emilia Romagna,<\/b> liegt ganz im S\u00fcden dieser Region, rund 20 km von Rimini, an der Grenze zu den Marken.<\/p>\n\n\n\n<p>Die anmutige Lage an einer Bucht und der mehrfach f\u00fcr seine Sauberkeit mit der <b>Blauen Flagge<\/b> ausgezeichnete Strand haben ihr den Titel <b>Regina dell&#8217;Adriatico \u2013<\/b> K\u00f6nigin der Adria \u2013 eingebracht.<\/p>\n\n\n\n<!--more-->\n\n\n\n<p>Von Mai bis Oktober herrscht ein reger Zustrom von Urlaubsg\u00e4sten, sowohl aus Nord- und Mittelitalien, als auch aus anderen L\u00e4ndern. Au\u00dfer dem Strand sch\u00e4tzen sie an <b>Cattolica<\/b> die ruhige entspannte Atmosph\u00e4re, die moderne und effiziente Infrastruktur, den sch\u00f6nen Fischerei- und Sporthafen und das gro\u00dfz\u00fcgig-elegante Stadtbild: Alleen mit einladenden L\u00e4den und Lokalen, weite Pl\u00e4tze und h\u00fcbsche Brunnen.<\/p>\n\n\n\n<h2 class=\"wp-block-heading\">Gesellige Ereignisse<\/h2>\n\n\n\n<p>Die ansprechende Architektur ist die Kulisse einer Reihe von Veranstaltungen und Festen f\u00fcr Gro\u00df und Klein, wie <b>Cattolica in Fiore<\/b> \u2013 bl\u00fchendes Cattolica \u2013 Anfang Mai, wenn Stra\u00dfen und Pl\u00e4tze in einen bunte duftenden Garten verwandelt werden; <b>Porto in Festa<\/b>  &#8211; Hafenfest \u2013 im Hochsommer, ein lebhaftes Volksfest am Kai und am Strand;<\/p>\n\n\n\n<p>oder die <b>Rustide<\/b>, traditionelle Fisch-Grillfeste, die einen verf\u00fchrerischen Duft verstr\u00f6men.<\/p>\n\n\n\n<h2 class=\"wp-block-heading\">Das Aquarium<\/h2>\n\n\n\n<p>Cattolica beherbergt das gr\u00f6\u00dfte Aquarium der Adriak\u00fcste  (das zweitgr\u00f6\u00dfte Italiens). Die moderne Anlage mit multimedialer Ausstattung  erm\u00f6glicht eine Reise zu den Abgr\u00fcnden des Meeres mit ihren phantastischen Kreaturen.<\/p>\n\n\n\n<h2 class=\"wp-block-heading\">Hochwertige Paketangebote<\/h2>\n\n\n\n<p>V\u00f6llig klar, dass Cattolica ein attraktives Urlaubsziel f\u00fcr Familien mit Kindern ist, und dar\u00fcber hinaus f\u00fcr alle, die sich einen ruhigen, vergn\u00fcglichen und sicheren Badeurlaub w\u00fcnschen.  <b>All-Inclusive-Hotels<\/b> mit ihrer breiten Palette von Einrichtungen und Serviceleistungen <b>gehobener Qualit\u00e4t <\/b>bieten Urlaubspakete f\u00fcr Familien mit Kindern, f\u00fcr Wellness- und Spa-Fans, f\u00fcr Sportler und Aktivurlauber und f\u00fcr Gourmets, die kosten wollen, was die Gegend an Gutem hervorbringt.<\/p>\n","protected":false},"excerpt":{"rendered":"<p>K\u00f6nigin der Adria Cattolica, das erste Seebad der Emilia Romagna, liegt ganz im S\u00fcden dieser &hellip;<\/p>\n","protected":false},"author":1,"featured_media":0,"parent":16402,"menu_order":0,"comment_status":"closed","ping_status":"closed","template":"page-templates\/destinazione.php","meta":{"_acf_changed":false,"footnotes":""},"class_list":["post-16410","page","type-page","status-publish","hentry"],"acf":[],"yoast_head":"<!-- This site is optimized with the Yoast SEO plugin v27.0 - https:\/\/yoast.com\/product\/yoast-seo-wordpress\/ -->\n<title>Cattolica - All Inclusive Hotels<\/title>\n<meta name=\"robots\" content=\"index, follow, max-snippet:-1, max-image-preview:large, max-video-preview:-1\" \/>\n<link rel=\"canonical\" href=\"https:\/\/www.allinclusivehotels.it\/de\/urlaubsziele\/cattolica\" \/>\n<meta property=\"og:locale\" content=\"de_DE\" \/>\n<meta property=\"og:type\" content=\"article\" \/>\n<meta property=\"og:title\" content=\"Cattolica - All Inclusive Hotels\" \/>\n<meta property=\"og:description\" content=\"K\u00f6nigin der Adria Cattolica, das erste Seebad der Emilia Romagna, liegt ganz im S\u00fcden dieser &hellip;\" \/>\n<meta property=\"og:url\" content=\"https:\/\/www.allinclusivehotels.it\/de\/urlaubsziele\/cattolica\" \/>\n<meta property=\"og:site_name\" content=\"All Inclusive Hotels\" \/>\n<meta property=\"article:modified_time\" content=\"2022-07-01T09:20:14+00:00\" \/>\n<meta name=\"twitter:card\" content=\"summary_large_image\" \/>\n<meta name=\"twitter:label1\" content=\"Gesch\u00e4tzte Lesezeit\" \/>\n\t<meta name=\"twitter:data1\" content=\"2\u00a0Minuten\" \/>\n<script type=\"application\/ld+json\" class=\"yoast-schema-graph\">{\"@context\":\"https:\/\/schema.org\",\"@graph\":[{\"@type\":\"WebPage\",\"@id\":\"https:\/\/www.allinclusivehotels.it\/de\/urlaubsziele\/cattolica\",\"url\":\"https:\/\/www.allinclusivehotels.it\/de\/urlaubsziele\/cattolica\",\"name\":\"Cattolica - All Inclusive Hotels\",\"isPartOf\":{\"@id\":\"https:\/\/www.allinclusivehotels.it\/de#website\"},\"datePublished\":\"2022-03-28T08:05:33+00:00\",\"dateModified\":\"2022-07-01T09:20:14+00:00\",\"breadcrumb\":{\"@id\":\"https:\/\/www.allinclusivehotels.it\/de\/urlaubsziele\/cattolica#breadcrumb\"},\"inLanguage\":\"de\",\"potentialAction\":[{\"@type\":\"ReadAction\",\"target\":[\"https:\/\/www.allinclusivehotels.it\/de\/urlaubsziele\/cattolica\"]}]},{\"@type\":\"BreadcrumbList\",\"@id\":\"https:\/\/www.allinclusivehotels.it\/de\/urlaubsziele\/cattolica#breadcrumb\",\"itemListElement\":[{\"@type\":\"ListItem\",\"position\":1,\"name\":\"Home\",\"item\":\"https:\/\/www.allinclusivehotels.it\/de\"},{\"@type\":\"ListItem\",\"position\":2,\"name\":\"Urlaubsziele\",\"item\":\"https:\/\/www.allinclusivehotels.it\/de\/urlaubsziele\"},{\"@type\":\"ListItem\",\"position\":3,\"name\":\"Cattolica\"}]},{\"@type\":\"WebSite\",\"@id\":\"https:\/\/www.allinclusivehotels.it\/de#website\",\"url\":\"https:\/\/www.allinclusivehotels.it\/de\",\"name\":\"All Inclusive Hotels\",\"description\":\"\",\"publisher\":{\"@id\":\"https:\/\/www.allinclusivehotels.it\/de#organization\"},\"potentialAction\":[{\"@type\":\"SearchAction\",\"target\":{\"@type\":\"EntryPoint\",\"urlTemplate\":\"https:\/\/www.allinclusivehotels.it\/de?s={search_term_string}\"},\"query-input\":{\"@type\":\"PropertyValueSpecification\",\"valueRequired\":true,\"valueName\":\"search_term_string\"}}],\"inLanguage\":\"de\"},{\"@type\":\"Organization\",\"@id\":\"https:\/\/www.allinclusivehotels.it\/de#organization\",\"name\":\"All Inclusive Hotels\",\"url\":\"https:\/\/www.allinclusivehotels.it\/de\",\"logo\":{\"@type\":\"ImageObject\",\"inLanguage\":\"de\",\"@id\":\"https:\/\/www.allinclusivehotels.it\/de#\/schema\/logo\/image\/\",\"url\":\"\",\"contentUrl\":\"\",\"caption\":\"All Inclusive Hotels\"},\"image\":{\"@id\":\"https:\/\/www.allinclusivehotels.it\/de#\/schema\/logo\/image\/\"}}]}<\/script>\n<!-- \/ Yoast SEO plugin. -->","yoast_head_json":{"title":"Cattolica - All Inclusive Hotels","robots":{"index":"index","follow":"follow","max-snippet":"max-snippet:-1","max-image-preview":"max-image-preview:large","max-video-preview":"max-video-preview:-1"},"canonical":"https:\/\/www.allinclusivehotels.it\/de\/urlaubsziele\/cattolica","og_locale":"de_DE","og_type":"article","og_title":"Cattolica - All Inclusive Hotels","og_description":"K\u00f6nigin der Adria Cattolica, das erste Seebad der Emilia Romagna, liegt ganz im S\u00fcden dieser &hellip;","og_url":"https:\/\/www.allinclusivehotels.it\/de\/urlaubsziele\/cattolica","og_site_name":"All Inclusive Hotels","article_modified_time":"2022-07-01T09:20:14+00:00","twitter_card":"summary_large_image","twitter_misc":{"Gesch\u00e4tzte Lesezeit":"2\u00a0Minuten"},"schema":{"@context":"https:\/\/schema.org","@graph":[{"@type":"WebPage","@id":"https:\/\/www.allinclusivehotels.it\/de\/urlaubsziele\/cattolica","url":"https:\/\/www.allinclusivehotels.it\/de\/urlaubsziele\/cattolica","name":"Cattolica - All Inclusive Hotels","isPartOf":{"@id":"https:\/\/www.allinclusivehotels.it\/de#website"},"datePublished":"2022-03-28T08:05:33+00:00","dateModified":"2022-07-01T09:20:14+00:00","breadcrumb":{"@id":"https:\/\/www.allinclusivehotels.it\/de\/urlaubsziele\/cattolica#breadcrumb"},"inLanguage":"de","potentialAction":[{"@type":"ReadAction","target":["https:\/\/www.allinclusivehotels.it\/de\/urlaubsziele\/cattolica"]}]},{"@type":"BreadcrumbList","@id":"https:\/\/www.allinclusivehotels.it\/de\/urlaubsziele\/cattolica#breadcrumb","itemListElement":[{"@type":"ListItem","position":1,"name":"Home","item":"https:\/\/www.allinclusivehotels.it\/de"},{"@type":"ListItem","position":2,"name":"Urlaubsziele","item":"https:\/\/www.allinclusivehotels.it\/de\/urlaubsziele"},{"@type":"ListItem","position":3,"name":"Cattolica"}]},{"@type":"WebSite","@id":"https:\/\/www.allinclusivehotels.it\/de#website","url":"https:\/\/www.allinclusivehotels.it\/de","name":"All Inclusive Hotels","description":"","publisher":{"@id":"https:\/\/www.allinclusivehotels.it\/de#organization"},"potentialAction":[{"@type":"SearchAction","target":{"@type":"EntryPoint","urlTemplate":"https:\/\/www.allinclusivehotels.it\/de?s={search_term_string}"},"query-input":{"@type":"PropertyValueSpecification","valueRequired":true,"valueName":"search_term_string"}}],"inLanguage":"de"},{"@type":"Organization","@id":"https:\/\/www.allinclusivehotels.it\/de#organization","name":"All Inclusive Hotels","url":"https:\/\/www.allinclusivehotels.it\/de","logo":{"@type":"ImageObject","inLanguage":"de","@id":"https:\/\/www.allinclusivehotels.it\/de#\/schema\/logo\/image\/","url":"","contentUrl":"","caption":"All Inclusive Hotels"},"image":{"@id":"https:\/\/www.allinclusivehotels.it\/de#\/schema\/logo\/image\/"}}]}},"_links":{"self":[{"href":"https:\/\/www.allinclusivehotels.it\/de\/wp-json\/wp\/v2\/pages\/16410","targetHints":{"allow":["GET"]}}],"collection":[{"href":"https:\/\/www.allinclusivehotels.it\/de\/wp-json\/wp\/v2\/pages"}],"about":[{"href":"https:\/\/www.allinclusivehotels.it\/de\/wp-json\/wp\/v2\/types\/page"}],"author":[{"embeddable":true,"href":"https:\/\/www.allinclusivehotels.it\/de\/wp-json\/wp\/v2\/users\/1"}],"replies":[{"embeddable":true,"href":"https:\/\/www.allinclusivehotels.it\/de\/wp-json\/wp\/v2\/comments?post=16410"}],"version-history":[{"count":2,"href":"https:\/\/www.allinclusivehotels.it\/de\/wp-json\/wp\/v2\/pages\/16410\/revisions"}],"predecessor-version":[{"id":21359,"href":"https:\/\/www.allinclusivehotels.it\/de\/wp-json\/wp\/v2\/pages\/16410\/revisions\/21359"}],"up":[{"embeddable":true,"href":"https:\/\/www.allinclusivehotels.it\/de\/wp-json\/wp\/v2\/pages\/16402"}],"wp:attachment":[{"href":"https:\/\/www.allinclusivehotels.it\/de\/wp-json\/wp\/v2\/media?parent=16410"}],"curies":[{"name":"wp","href":"https:\/\/api.w.org\/{rel}","templated":true}]}}