{"id":16408,"date":"2022-03-28T10:05:32","date_gmt":"2022-03-28T08:05:32","guid":{"rendered":"https:\/\/www.allinclusivehotels.it\/urlaubsziele\/bibbona"},"modified":"2022-07-01T11:18:21","modified_gmt":"2022-07-01T09:18:21","slug":"bibbona","status":"publish","type":"page","link":"https:\/\/www.allinclusivehotels.it\/de\/urlaubsziele\/bibbona","title":{"rendered":"Bibbona"},"content":{"rendered":"\n<p>Das mittelalterliche St\u00e4dtchen <b>Bibbona<\/b> liegt im l\u00e4ndlichen <b>Maremma<\/b>-Gebiet an der K\u00fcste der <b>Toskana; <\/b>ein Gebiet das Naturfreunde begeistert und zugleich herrliche Badestr\u00e4nde hat.<\/p>\n\n\n\n<!--more-->\n\n\n\n<p>Enge Gassen, Treppen und Torb\u00f6gen pr\u00e4gen das Bild des St\u00e4dtchens, das wenige km vom Meer liegt. Die Str\u00e4nde werden seit Jahren f\u00fcr ihre kinder- und familienfreundliche Qualit\u00e4t mit der <b>&#8220;Gr\u00fcnen Flagge&#8221;<\/b> ausgezeichnet<\/p>\n\n\n\n<h2 class=\"wp-block-heading\">Marina di Bibbona und die Badestr\u00e4nde<\/h2>\n\n\n\n<p>Der Ortsteil <b>Marina di Bibbona, <\/b>ein beliebter Badeort, wird auch Marina del Forte (Festung) genannt, wegen der Festung von Bibbona, die 1785 zum Schutz vor Pirateneinf\u00e4llen errichtet wurde.<\/p>\n\n\n\n<p>Die Str\u00e4nde zeichnen sich durch feinen Sand, klares Wasser, <b>familienfreundliche Einrichtungen <\/b>und Sportangebote aus; letztere umfassen Surfen, Windsurfen, Kitesurfen, Segeln und Tauchen.<\/p>\n\n\n\n<p>Die <b>All-Inclusive-Hotels in Bibbona<\/b> bieten Ihnen alles was Sie brauchen, um Ihrer Lust auf Meer, Sport und Vergn\u00fcgen nachzugehen.<\/p>\n\n\n\n<p>Die K\u00fcste ist gepr\u00e4gt von D\u00fcnen und typischen Streifen von Macchia Mediterranea (charakteristischer Buschwald) zwischen dem Strand und dem dahinter liegenden Land, das dadurch vor Wind und Erosion gesch\u00fctzt wird.<\/p>\n\n\n\n<p>Bei Marina di Bibbona  (8 km entfernt) gibt es die <b>WWF-Naturoase von Bolgheri<\/b>, die Hirschen, St\u00f6rchen und anderen Zugv\u00f6geln Schutz gew\u00e4hrt.<\/p>\n\n\n\n<p>Bolgheri ist \u00fcbrigens ber\u00fchmt  f\u00fcr die Produktion  von Qualit\u00e4tsweinen mit DOC und DOCG G\u00fctesiegel; der bekannteste hei\u00dft &#8220;Sassicaia&#8221;. Nicht umsonst ist <b>Bibbona eine Station an der &#8220;Strada del Vino&#8221;<\/b> (Weinstra\u00dfe), die durch Rebkulturen und Olivenhaine an vielen renommierten Kellereien vorbei f\u00fchrt.<\/p>\n\n\n\n<h2 class=\"wp-block-heading\">Kunstsch\u00e4tze und Spuren der Geschichte<\/h2>\n\n\n\n<p>In Bibbona erz\u00e4hlen <b>Kunstwerke und geschichtliche Zeugnisse <\/b> von der Vergangenheit: religi\u00f6se Bauwerke, Funde aus der Zeit der Etrusker und der Villanovakultur, die bronzene Figur eines Ziegenbocks, die im Arch\u00e4ologischen Museum von Florenz aufbewahrt wird. Am Entwurf der Kirche Santa Maria della Piet\u00e0 soll Leonardo da Vinci beteiligt gewesen sein.<\/p>\n\n\n\n<h2 class=\"wp-block-heading\">Pinienw\u00e4lder und Naturpark<\/h2>\n\n\n\n<p>Marina di Bibbona liegt an einem <b>herrlichen alten Pinienwald<\/b>, der sich parallel zum Strand nach Norden bis nach Cecina zieht. Eine tolle Umgebung zum Spazierengehen, Radfahren, Reiten und Picknick machen.<\/p>\n\n\n\n<p>Absolut empfehlenswert ist ein Besuch des Naturschutzgebiets <b>Parco Macchia della Magona<\/b>. Das 1635 Hektar gro\u00dfe waldige Areal ist von Wanderwegen durchzogen; es gibt auch einen Platz zum Bogenschie\u00dfen.<\/p>\n\n\n\n<h2 class=\"wp-block-heading\">Radsport, gro\u00dfe Leidenschaft<\/h2>\n\n\n\n<p>Nicht umsonst ist hier die Heimat des <b>Stra\u00dfen-Weltmeisters Paolo Bettini,<\/b>   viele Rennradfreunde und Radwanderer sind in der Gegend von Bibbona unterwegs.<\/p>\n\n\n\n<p>Die &#8220;K\u00fcste der Etrusker&#8221; bietet daf\u00fcr beste Bedingungen, mit diversen Routen durch sch\u00f6ne Landschaft, sowohl f\u00fcr hartgesottene Rennradler als auch f\u00fcr weniger trainierte Beine<\/p>\n\n\n\n<p>F\u00fcr ambitionierte Mountainbiker gibt es den Wettkampf<b> &#8220;Granfondo Costa degli Etruschi&#8221;<\/b>, der in den W\u00e4ldern des Naturparks  Macchia della Magona stattfindet.<\/p>\n","protected":false},"excerpt":{"rendered":"<p>Das mittelalterliche St\u00e4dtchen Bibbona liegt im l\u00e4ndlichen Maremma-Gebiet an der K\u00fcste der Toskana; ein Gebiet &hellip;<\/p>\n","protected":false},"author":1,"featured_media":0,"parent":16402,"menu_order":0,"comment_status":"closed","ping_status":"closed","template":"page-templates\/destinazione.php","meta":{"_acf_changed":false,"footnotes":""},"class_list":["post-16408","page","type-page","status-publish","hentry"],"acf":[],"yoast_head":"<!-- This site is optimized with the Yoast SEO plugin v27.0 - https:\/\/yoast.com\/product\/yoast-seo-wordpress\/ -->\n<title>Bibbona - All Inclusive Hotels<\/title>\n<meta name=\"robots\" content=\"index, follow, max-snippet:-1, max-image-preview:large, max-video-preview:-1\" \/>\n<link rel=\"canonical\" href=\"https:\/\/www.allinclusivehotels.it\/de\/urlaubsziele\/bibbona\" \/>\n<meta property=\"og:locale\" content=\"de_DE\" \/>\n<meta property=\"og:type\" content=\"article\" \/>\n<meta property=\"og:title\" content=\"Bibbona - All Inclusive Hotels\" \/>\n<meta property=\"og:description\" content=\"Das mittelalterliche St\u00e4dtchen Bibbona liegt im l\u00e4ndlichen Maremma-Gebiet an der K\u00fcste der Toskana; ein Gebiet &hellip;\" \/>\n<meta property=\"og:url\" content=\"https:\/\/www.allinclusivehotels.it\/de\/urlaubsziele\/bibbona\" \/>\n<meta property=\"og:site_name\" content=\"All Inclusive Hotels\" \/>\n<meta property=\"article:modified_time\" content=\"2022-07-01T09:18:21+00:00\" \/>\n<meta name=\"twitter:card\" content=\"summary_large_image\" \/>\n<meta name=\"twitter:label1\" content=\"Gesch\u00e4tzte Lesezeit\" \/>\n\t<meta name=\"twitter:data1\" content=\"3\u00a0Minuten\" \/>\n<script type=\"application\/ld+json\" class=\"yoast-schema-graph\">{\"@context\":\"https:\/\/schema.org\",\"@graph\":[{\"@type\":\"WebPage\",\"@id\":\"https:\/\/www.allinclusivehotels.it\/de\/urlaubsziele\/bibbona\",\"url\":\"https:\/\/www.allinclusivehotels.it\/de\/urlaubsziele\/bibbona\",\"name\":\"Bibbona - All Inclusive Hotels\",\"isPartOf\":{\"@id\":\"https:\/\/www.allinclusivehotels.it\/de#website\"},\"datePublished\":\"2022-03-28T08:05:32+00:00\",\"dateModified\":\"2022-07-01T09:18:21+00:00\",\"breadcrumb\":{\"@id\":\"https:\/\/www.allinclusivehotels.it\/de\/urlaubsziele\/bibbona#breadcrumb\"},\"inLanguage\":\"de\",\"potentialAction\":[{\"@type\":\"ReadAction\",\"target\":[\"https:\/\/www.allinclusivehotels.it\/de\/urlaubsziele\/bibbona\"]}]},{\"@type\":\"BreadcrumbList\",\"@id\":\"https:\/\/www.allinclusivehotels.it\/de\/urlaubsziele\/bibbona#breadcrumb\",\"itemListElement\":[{\"@type\":\"ListItem\",\"position\":1,\"name\":\"Home\",\"item\":\"https:\/\/www.allinclusivehotels.it\/de\"},{\"@type\":\"ListItem\",\"position\":2,\"name\":\"Urlaubsziele\",\"item\":\"https:\/\/www.allinclusivehotels.it\/de\/urlaubsziele\"},{\"@type\":\"ListItem\",\"position\":3,\"name\":\"Bibbona\"}]},{\"@type\":\"WebSite\",\"@id\":\"https:\/\/www.allinclusivehotels.it\/de#website\",\"url\":\"https:\/\/www.allinclusivehotels.it\/de\",\"name\":\"All Inclusive Hotels\",\"description\":\"\",\"publisher\":{\"@id\":\"https:\/\/www.allinclusivehotels.it\/de#organization\"},\"potentialAction\":[{\"@type\":\"SearchAction\",\"target\":{\"@type\":\"EntryPoint\",\"urlTemplate\":\"https:\/\/www.allinclusivehotels.it\/de?s={search_term_string}\"},\"query-input\":{\"@type\":\"PropertyValueSpecification\",\"valueRequired\":true,\"valueName\":\"search_term_string\"}}],\"inLanguage\":\"de\"},{\"@type\":\"Organization\",\"@id\":\"https:\/\/www.allinclusivehotels.it\/de#organization\",\"name\":\"All Inclusive Hotels\",\"url\":\"https:\/\/www.allinclusivehotels.it\/de\",\"logo\":{\"@type\":\"ImageObject\",\"inLanguage\":\"de\",\"@id\":\"https:\/\/www.allinclusivehotels.it\/de#\/schema\/logo\/image\/\",\"url\":\"\",\"contentUrl\":\"\",\"caption\":\"All Inclusive Hotels\"},\"image\":{\"@id\":\"https:\/\/www.allinclusivehotels.it\/de#\/schema\/logo\/image\/\"}}]}<\/script>\n<!-- \/ Yoast SEO plugin. -->","yoast_head_json":{"title":"Bibbona - All Inclusive Hotels","robots":{"index":"index","follow":"follow","max-snippet":"max-snippet:-1","max-image-preview":"max-image-preview:large","max-video-preview":"max-video-preview:-1"},"canonical":"https:\/\/www.allinclusivehotels.it\/de\/urlaubsziele\/bibbona","og_locale":"de_DE","og_type":"article","og_title":"Bibbona - All Inclusive Hotels","og_description":"Das mittelalterliche St\u00e4dtchen Bibbona liegt im l\u00e4ndlichen Maremma-Gebiet an der K\u00fcste der Toskana; ein Gebiet &hellip;","og_url":"https:\/\/www.allinclusivehotels.it\/de\/urlaubsziele\/bibbona","og_site_name":"All Inclusive Hotels","article_modified_time":"2022-07-01T09:18:21+00:00","twitter_card":"summary_large_image","twitter_misc":{"Gesch\u00e4tzte Lesezeit":"3\u00a0Minuten"},"schema":{"@context":"https:\/\/schema.org","@graph":[{"@type":"WebPage","@id":"https:\/\/www.allinclusivehotels.it\/de\/urlaubsziele\/bibbona","url":"https:\/\/www.allinclusivehotels.it\/de\/urlaubsziele\/bibbona","name":"Bibbona - All Inclusive Hotels","isPartOf":{"@id":"https:\/\/www.allinclusivehotels.it\/de#website"},"datePublished":"2022-03-28T08:05:32+00:00","dateModified":"2022-07-01T09:18:21+00:00","breadcrumb":{"@id":"https:\/\/www.allinclusivehotels.it\/de\/urlaubsziele\/bibbona#breadcrumb"},"inLanguage":"de","potentialAction":[{"@type":"ReadAction","target":["https:\/\/www.allinclusivehotels.it\/de\/urlaubsziele\/bibbona"]}]},{"@type":"BreadcrumbList","@id":"https:\/\/www.allinclusivehotels.it\/de\/urlaubsziele\/bibbona#breadcrumb","itemListElement":[{"@type":"ListItem","position":1,"name":"Home","item":"https:\/\/www.allinclusivehotels.it\/de"},{"@type":"ListItem","position":2,"name":"Urlaubsziele","item":"https:\/\/www.allinclusivehotels.it\/de\/urlaubsziele"},{"@type":"ListItem","position":3,"name":"Bibbona"}]},{"@type":"WebSite","@id":"https:\/\/www.allinclusivehotels.it\/de#website","url":"https:\/\/www.allinclusivehotels.it\/de","name":"All Inclusive Hotels","description":"","publisher":{"@id":"https:\/\/www.allinclusivehotels.it\/de#organization"},"potentialAction":[{"@type":"SearchAction","target":{"@type":"EntryPoint","urlTemplate":"https:\/\/www.allinclusivehotels.it\/de?s={search_term_string}"},"query-input":{"@type":"PropertyValueSpecification","valueRequired":true,"valueName":"search_term_string"}}],"inLanguage":"de"},{"@type":"Organization","@id":"https:\/\/www.allinclusivehotels.it\/de#organization","name":"All Inclusive Hotels","url":"https:\/\/www.allinclusivehotels.it\/de","logo":{"@type":"ImageObject","inLanguage":"de","@id":"https:\/\/www.allinclusivehotels.it\/de#\/schema\/logo\/image\/","url":"","contentUrl":"","caption":"All Inclusive Hotels"},"image":{"@id":"https:\/\/www.allinclusivehotels.it\/de#\/schema\/logo\/image\/"}}]}},"_links":{"self":[{"href":"https:\/\/www.allinclusivehotels.it\/de\/wp-json\/wp\/v2\/pages\/16408","targetHints":{"allow":["GET"]}}],"collection":[{"href":"https:\/\/www.allinclusivehotels.it\/de\/wp-json\/wp\/v2\/pages"}],"about":[{"href":"https:\/\/www.allinclusivehotels.it\/de\/wp-json\/wp\/v2\/types\/page"}],"author":[{"embeddable":true,"href":"https:\/\/www.allinclusivehotels.it\/de\/wp-json\/wp\/v2\/users\/1"}],"replies":[{"embeddable":true,"href":"https:\/\/www.allinclusivehotels.it\/de\/wp-json\/wp\/v2\/comments?post=16408"}],"version-history":[{"count":2,"href":"https:\/\/www.allinclusivehotels.it\/de\/wp-json\/wp\/v2\/pages\/16408\/revisions"}],"predecessor-version":[{"id":21357,"href":"https:\/\/www.allinclusivehotels.it\/de\/wp-json\/wp\/v2\/pages\/16408\/revisions\/21357"}],"up":[{"embeddable":true,"href":"https:\/\/www.allinclusivehotels.it\/de\/wp-json\/wp\/v2\/pages\/16402"}],"wp:attachment":[{"href":"https:\/\/www.allinclusivehotels.it\/de\/wp-json\/wp\/v2\/media?parent=16408"}],"curies":[{"name":"wp","href":"https:\/\/api.w.org\/{rel}","templated":true}]}}