{"id":16402,"date":"2022-03-28T10:05:31","date_gmt":"2022-03-28T08:05:31","guid":{"rendered":"https:\/\/www.allinclusivehotels.it\/urlaubsziele"},"modified":"2022-07-01T11:12:57","modified_gmt":"2022-07-01T09:12:57","slug":"urlaubsziele","status":"publish","type":"page","link":"https:\/\/www.allinclusivehotels.it\/de\/urlaubsziele","title":{"rendered":"Urlaubsziele"},"content":{"rendered":"\n<p>Immer mehr Hotels in Italien werden Partner von  <b><i>All-Inclusive-Hotels<\/i><\/b><i>. <\/i>Die Marke findet Zuspruch beim Publikum, weil sie f\u00fcr gehobene Qualit\u00e4t, kompetenten Service und transparente Preise steht.<\/p>\n\n\n\n<p>In einem <i>All-Inclusive-Hotel <\/i>beginnt der Urlaub schon bevor Sie losfahren. Ob Familie, Paar, Single mit Kind, Sportler &#8230; Sie wissen im Voraus, was Ihnen geboten wird, und wieviel Sie daf\u00fcr ausgeben m\u00fcssen. Das ist nicht wenig, denn damit haben Sie den Kopf frei, um sich wirklich vergn\u00fcgen und erholen zu k\u00f6nnen. Ma\u00dfgeschneiderte Leistungspakete sorgen daf\u00fcr, dass da ist, was Sie daf\u00fcr brauchen. Und dazu geh\u00f6rt ganz sicher eine freundliche, unbeschwerte Atmosph\u00e4re.<\/p>\n\n\n\n<!--more-->\n\n\n\n<p>In den <i>All-Inclusive-Hotels<\/i> lassen wir uns vom Grundsatz leiten, <b>dass Ihnen eine entgegenkommende, warmherzige Aufnahme zusteht. <\/b>Der Gast steht im Mittelpunkt und verdient jede Aufmerksamkeit, die ihm hilft, einen gl\u00fccklichen Urlaub zu verbringen.<\/p>\n\n\n\n<h2 class=\"wp-block-heading\">Il Bel Paese<\/h2>\n\n\n\n<p>Das Sch\u00f6ne Land, so nennen die Italiener gerne ihr Land; zu Recht, wie zahllose Besucher aus aller Welt meinen. Wo gibt es eine gr\u00f6\u00dfere landschaftliche Vielfalt, wo mehr Kulturg\u00fcter? Und dann die K\u00fcche, der Wein, das sonnige Klima, die Geschichte, die Lebensart &#8230; Man muss einfach einmal in Italien gewesen sein.<\/p>\n\n\n\n<p>Bei <i>All-Inclusive-Hotels<\/i> finden Sie viele zeitgem\u00e4\u00dfe M\u00f6glichkeiten dazu.<\/p>\n\n\n\n<h2 class=\"wp-block-heading\">Leistungen nach Ma\u00df und maximaler Komfort zum besten Preis<\/h2>\n\n\n\n<p>Wer einen <b>All-Inclusive-Urlaub in Italien <\/b>w\u00e4hlt, erwartet Ausstattung und Dienstleistungen nach Ma\u00df,  Komfort, Unterhaltung, Wellness, Ruhe und Unbesorgtheit, zum bestm\u00f6glichen Preis. Dazu bieten die <b>All-Inclusive-Hotels Italia<\/b> auch Dienstleistungen und Arrangements, die Ihnen die Besonderheiten und Vorz\u00fcge des jeweiligen Gebiets nahebringen und den Urlaub interessanter machen.<\/p>\n\n\n\n<h2 class=\"wp-block-heading\">Meer oder Gebirge?<\/h2>\n\n\n\n<p>Unsere Hotels und Feriend\u00f6rfer liegen in den sch\u00f6nsten italienischen Urlaubsorten. Sie halten spezifische Paket-Angebote f\u00fcr Paare, Familien und Sportler bereit. <b>Nur bei All-Inclusive-Hotels Italia<\/b> finden Sie ein so breit gef\u00e4chertes Angebot an Unterk\u00fcnften in so vielen verschiedenen Gegenden, alle mit ganz besonderen Reizen. Gemeinsam haben sie die All-Inclusive-Bewirtung, die fachliche Kompetenz und die freundliche Art.<b> Von den Alpen bis zu den Buchten Sardiniens, von den Str\u00e4nden Venetiens \u00fcber die Romagna, Marken, Abruzzen, Apulien und Kalabrien bis Sizilien, und an der K\u00fcste der Toskana.<\/b><\/p>\n\n\n\n<h2 class=\"wp-block-heading\">Erholungsurlaub oder Entdeckungsreise?<\/h2>\n\n\n\n<p>Kein Widerspruch, ein All-Inclusive-Aufenthalt in einem unserer Hotels ist beides! Zum genussvollen Ausspannen kommen neue Eindr\u00fccke f\u00fcr die Augen, den Kopf und den Gaumen. Jedes Gebiet ist einzigartig, durch seine Natur, seine besondere Geschichte, Kultur und Traditionen, und seine kulinarischen Spezialit\u00e4ten.<\/p>\n\n\n\n<p>Sich mit Verstand und Herz darum k\u00fcmmern, dass die G\u00e4ste <b>eine rundum sch\u00f6ne und interessante Zeit erleben <\/b>\u2013 das wird zurecht von <b>Qualit\u00e4tshotels <\/b>erwartet.<\/p>\n","protected":false},"excerpt":{"rendered":"<p>Immer mehr Hotels in Italien werden Partner von All-Inclusive-Hotels. Die Marke findet Zuspruch beim Publikum, &hellip;<\/p>\n","protected":false},"author":1,"featured_media":0,"parent":0,"menu_order":0,"comment_status":"closed","ping_status":"closed","template":"page-templates\/lista_destinazioni.php","meta":{"_acf_changed":false,"footnotes":""},"class_list":["post-16402","page","type-page","status-publish","hentry"],"acf":[],"yoast_head":"<!-- This site is optimized with the Yoast SEO plugin v27.0 - https:\/\/yoast.com\/product\/yoast-seo-wordpress\/ -->\n<title>Die sch\u00f6nsten Urlaubsziele f\u00fcr All Inclusive Urlaub in Italien<\/title>\n<meta name=\"description\" content=\"Suchen Sie All Inclusive Hotels in Italien? Entdecken Sie die gr\u00f6\u00dfte Auswahl an All-Inclusive-Hotels in den sch\u00f6nsten Urlaubszielen\" \/>\n<meta name=\"robots\" content=\"index, follow, max-snippet:-1, max-image-preview:large, max-video-preview:-1\" \/>\n<link rel=\"canonical\" href=\"https:\/\/www.allinclusivehotels.it\/de\/urlaubsziele\" \/>\n<meta property=\"og:locale\" content=\"de_DE\" \/>\n<meta property=\"og:type\" content=\"article\" \/>\n<meta property=\"og:title\" content=\"Die sch\u00f6nsten Urlaubsziele f\u00fcr All Inclusive Urlaub in Italien\" \/>\n<meta property=\"og:description\" content=\"Suchen Sie All Inclusive Hotels in Italien? Entdecken Sie die gr\u00f6\u00dfte Auswahl an All-Inclusive-Hotels in den sch\u00f6nsten Urlaubszielen\" \/>\n<meta property=\"og:url\" content=\"https:\/\/www.allinclusivehotels.it\/de\/urlaubsziele\" \/>\n<meta property=\"og:site_name\" content=\"All Inclusive Hotels\" \/>\n<meta property=\"article:modified_time\" content=\"2022-07-01T09:12:57+00:00\" \/>\n<meta name=\"twitter:card\" content=\"summary_large_image\" \/>\n<meta name=\"twitter:label1\" content=\"Gesch\u00e4tzte Lesezeit\" \/>\n\t<meta name=\"twitter:data1\" content=\"3\u00a0Minuten\" \/>\n<script type=\"application\/ld+json\" class=\"yoast-schema-graph\">{\"@context\":\"https:\/\/schema.org\",\"@graph\":[{\"@type\":\"WebPage\",\"@id\":\"https:\/\/www.allinclusivehotels.it\/de\/urlaubsziele\",\"url\":\"https:\/\/www.allinclusivehotels.it\/de\/urlaubsziele\",\"name\":\"Die sch\u00f6nsten Urlaubsziele f\u00fcr All Inclusive Urlaub in Italien\",\"isPartOf\":{\"@id\":\"https:\/\/www.allinclusivehotels.it\/de#website\"},\"datePublished\":\"2022-03-28T08:05:31+00:00\",\"dateModified\":\"2022-07-01T09:12:57+00:00\",\"description\":\"Suchen Sie All Inclusive Hotels in Italien? Entdecken Sie die gr\u00f6\u00dfte Auswahl an All-Inclusive-Hotels in den sch\u00f6nsten Urlaubszielen\",\"breadcrumb\":{\"@id\":\"https:\/\/www.allinclusivehotels.it\/de\/urlaubsziele#breadcrumb\"},\"inLanguage\":\"de\",\"potentialAction\":[{\"@type\":\"ReadAction\",\"target\":[\"https:\/\/www.allinclusivehotels.it\/de\/urlaubsziele\"]}]},{\"@type\":\"BreadcrumbList\",\"@id\":\"https:\/\/www.allinclusivehotels.it\/de\/urlaubsziele#breadcrumb\",\"itemListElement\":[{\"@type\":\"ListItem\",\"position\":1,\"name\":\"Home\",\"item\":\"https:\/\/www.allinclusivehotels.it\/de\"},{\"@type\":\"ListItem\",\"position\":2,\"name\":\"Urlaubsziele\"}]},{\"@type\":\"WebSite\",\"@id\":\"https:\/\/www.allinclusivehotels.it\/de#website\",\"url\":\"https:\/\/www.allinclusivehotels.it\/de\",\"name\":\"All Inclusive Hotels\",\"description\":\"\",\"publisher\":{\"@id\":\"https:\/\/www.allinclusivehotels.it\/de#organization\"},\"potentialAction\":[{\"@type\":\"SearchAction\",\"target\":{\"@type\":\"EntryPoint\",\"urlTemplate\":\"https:\/\/www.allinclusivehotels.it\/de?s={search_term_string}\"},\"query-input\":{\"@type\":\"PropertyValueSpecification\",\"valueRequired\":true,\"valueName\":\"search_term_string\"}}],\"inLanguage\":\"de\"},{\"@type\":\"Organization\",\"@id\":\"https:\/\/www.allinclusivehotels.it\/de#organization\",\"name\":\"All Inclusive Hotels\",\"url\":\"https:\/\/www.allinclusivehotels.it\/de\",\"logo\":{\"@type\":\"ImageObject\",\"inLanguage\":\"de\",\"@id\":\"https:\/\/www.allinclusivehotels.it\/de#\/schema\/logo\/image\/\",\"url\":\"\",\"contentUrl\":\"\",\"caption\":\"All Inclusive Hotels\"},\"image\":{\"@id\":\"https:\/\/www.allinclusivehotels.it\/de#\/schema\/logo\/image\/\"}}]}<\/script>\n<!-- \/ Yoast SEO plugin. -->","yoast_head_json":{"title":"Die sch\u00f6nsten Urlaubsziele f\u00fcr All Inclusive Urlaub in Italien","description":"Suchen Sie All Inclusive Hotels in Italien? Entdecken Sie die gr\u00f6\u00dfte Auswahl an All-Inclusive-Hotels in den sch\u00f6nsten Urlaubszielen","robots":{"index":"index","follow":"follow","max-snippet":"max-snippet:-1","max-image-preview":"max-image-preview:large","max-video-preview":"max-video-preview:-1"},"canonical":"https:\/\/www.allinclusivehotels.it\/de\/urlaubsziele","og_locale":"de_DE","og_type":"article","og_title":"Die sch\u00f6nsten Urlaubsziele f\u00fcr All Inclusive Urlaub in Italien","og_description":"Suchen Sie All Inclusive Hotels in Italien? Entdecken Sie die gr\u00f6\u00dfte Auswahl an All-Inclusive-Hotels in den sch\u00f6nsten Urlaubszielen","og_url":"https:\/\/www.allinclusivehotels.it\/de\/urlaubsziele","og_site_name":"All Inclusive Hotels","article_modified_time":"2022-07-01T09:12:57+00:00","twitter_card":"summary_large_image","twitter_misc":{"Gesch\u00e4tzte Lesezeit":"3\u00a0Minuten"},"schema":{"@context":"https:\/\/schema.org","@graph":[{"@type":"WebPage","@id":"https:\/\/www.allinclusivehotels.it\/de\/urlaubsziele","url":"https:\/\/www.allinclusivehotels.it\/de\/urlaubsziele","name":"Die sch\u00f6nsten Urlaubsziele f\u00fcr All Inclusive Urlaub in Italien","isPartOf":{"@id":"https:\/\/www.allinclusivehotels.it\/de#website"},"datePublished":"2022-03-28T08:05:31+00:00","dateModified":"2022-07-01T09:12:57+00:00","description":"Suchen Sie All Inclusive Hotels in Italien? Entdecken Sie die gr\u00f6\u00dfte Auswahl an All-Inclusive-Hotels in den sch\u00f6nsten Urlaubszielen","breadcrumb":{"@id":"https:\/\/www.allinclusivehotels.it\/de\/urlaubsziele#breadcrumb"},"inLanguage":"de","potentialAction":[{"@type":"ReadAction","target":["https:\/\/www.allinclusivehotels.it\/de\/urlaubsziele"]}]},{"@type":"BreadcrumbList","@id":"https:\/\/www.allinclusivehotels.it\/de\/urlaubsziele#breadcrumb","itemListElement":[{"@type":"ListItem","position":1,"name":"Home","item":"https:\/\/www.allinclusivehotels.it\/de"},{"@type":"ListItem","position":2,"name":"Urlaubsziele"}]},{"@type":"WebSite","@id":"https:\/\/www.allinclusivehotels.it\/de#website","url":"https:\/\/www.allinclusivehotels.it\/de","name":"All Inclusive Hotels","description":"","publisher":{"@id":"https:\/\/www.allinclusivehotels.it\/de#organization"},"potentialAction":[{"@type":"SearchAction","target":{"@type":"EntryPoint","urlTemplate":"https:\/\/www.allinclusivehotels.it\/de?s={search_term_string}"},"query-input":{"@type":"PropertyValueSpecification","valueRequired":true,"valueName":"search_term_string"}}],"inLanguage":"de"},{"@type":"Organization","@id":"https:\/\/www.allinclusivehotels.it\/de#organization","name":"All Inclusive Hotels","url":"https:\/\/www.allinclusivehotels.it\/de","logo":{"@type":"ImageObject","inLanguage":"de","@id":"https:\/\/www.allinclusivehotels.it\/de#\/schema\/logo\/image\/","url":"","contentUrl":"","caption":"All Inclusive Hotels"},"image":{"@id":"https:\/\/www.allinclusivehotels.it\/de#\/schema\/logo\/image\/"}}]}},"_links":{"self":[{"href":"https:\/\/www.allinclusivehotels.it\/de\/wp-json\/wp\/v2\/pages\/16402","targetHints":{"allow":["GET"]}}],"collection":[{"href":"https:\/\/www.allinclusivehotels.it\/de\/wp-json\/wp\/v2\/pages"}],"about":[{"href":"https:\/\/www.allinclusivehotels.it\/de\/wp-json\/wp\/v2\/types\/page"}],"author":[{"embeddable":true,"href":"https:\/\/www.allinclusivehotels.it\/de\/wp-json\/wp\/v2\/users\/1"}],"replies":[{"embeddable":true,"href":"https:\/\/www.allinclusivehotels.it\/de\/wp-json\/wp\/v2\/comments?post=16402"}],"version-history":[{"count":6,"href":"https:\/\/www.allinclusivehotels.it\/de\/wp-json\/wp\/v2\/pages\/16402\/revisions"}],"predecessor-version":[{"id":21351,"href":"https:\/\/www.allinclusivehotels.it\/de\/wp-json\/wp\/v2\/pages\/16402\/revisions\/21351"}],"wp:attachment":[{"href":"https:\/\/www.allinclusivehotels.it\/de\/wp-json\/wp\/v2\/media?parent=16402"}],"curies":[{"name":"wp","href":"https:\/\/api.w.org\/{rel}","templated":true}]}}